{"id":224,"date":"2017-09-08T13:01:39","date_gmt":"2017-09-08T11:01:39","guid":{"rendered":"https:\/\/www.hsu-hh.de\/geiso\/?page_id=224"},"modified":"2025-05-15T13:41:50","modified_gmt":"2025-05-15T11:41:50","slug":"professuren","status":"publish","type":"page","link":"https:\/\/www.hsu-hh.de\/geiso\/startseite\/professuren","title":{"rendered":"F\u00e4chergruppen, Professuren und Arbeitsbereiche der Fakult\u00e4t"},"content":{"rendered":"\n<p>An der Fakult\u00e4t f\u00fcr Geistes- und Sozialwissenschaften lehren und forschen 32 Professor*innen, die insgesamt neun F\u00e4chergruppen zugeordnet sind.<\/p>\n\n\n\n<p><a href=\"https:\/\/www.hsu-hh.de\/geiso\/allgemeine-erziehungswissenschaft\">Allgemeine Erziehungswissenschaft<\/a><\/p>\n\n\n\n<p><a href=\"https:\/\/www.hsu-hh.de\/geiso\/berufs-und-wirtschaftspaedagogik\">Berufs- und Wirtschaftsp\u00e4dagogik<\/a><\/p>\n\n\n\n<p><a href=\"https:\/\/www.hsu-hh.de\/geiso\/erwachsenenbildung\">Erwachsenenbildung<\/a><\/p>\n\n\n\n<p><a href=\"https:\/\/www.hsu-hh.de\/geiso\/geschichtswissenschaft\">Geschichtswissenschaft<\/a><\/p>\n\n\n\n<p><a href=\"https:\/\/www.hsu-hh.de\/geiso\/methodenlehre\">Methodenlehre<\/a><\/p>\n\n\n\n<p><a href=\"https:\/\/www.hsu-hh.de\/geiso\/personalmanagement\">Personalmanagement<\/a><\/p>\n\n\n\n<p><a href=\"https:\/\/www.hsu-hh.de\/geiso\/psychologie\">Psychologie<\/a><\/p>\n\n\n\n<p><a href=\"https:\/\/www.hsu-hh.de\/geiso\/soziologie\">Theologie<\/a><\/p>\n\n\n\n<p><a href=\"https:\/\/www.hsu-hh.de\/geiso\/theologie\" data-type=\"page\" data-id=\"4203\">Soziologie<\/a><\/p>\n\n\n\n<div style=\"height:1em\" aria-hidden=\"true\" class=\"wp-block-spacer\"><\/div>\n\n\n\n<p><a href=\"https:\/\/www.hsu-hh.de\/geiso\/professuren-und-arbeitsbereiche-von-a-bis-z\">Professuren und Arbeitsbereiche von A bis Z<\/a><\/p>\n\n\n\n<p><\/p>\n\n\n\n<p><a href=\"https:\/\/www.hsu-hh.de\/geiso\/privatdozentinnen-professorinnen-nach-%c2%a7-17-absatz-1-des-hmbhg\">Privatdozent*innen\/ Professor*innen nach \u00a7 17, Absatz 1 des HmbHG<\/a><\/p>\n\n\n\n<p><a href=\"https:\/\/www.hsu-hh.de\/geiso\/ehemalige\">Emeritierte Professor*innen<\/a><\/p>\n","protected":false},"excerpt":{"rendered":"<p>An der Fakult\u00e4t f\u00fcr Geistes- und Sozialwissenschaften lehren und forschen 32 Professor*innen, die insgesamt neun F\u00e4chergruppen zugeordnet sind. Allgemeine Erziehungswissenschaft Berufs- und Wirtschaftsp\u00e4dagogik Erwachsenenbildung Geschichtswissenschaft Methodenlehre Personalmanagement Psychologie Theologie Soziologie [&hellip;]<\/p>\n","protected":false},"author":27,"featured_media":0,"parent":73,"menu_order":0,"comment_status":"closed","ping_status":"closed","template":"","meta":{"footnotes":""},"categories":[6],"tags":[64,60,62],"class_list":["post-224","page","type-page","status-publish","hentry","category-lehre","tag-arbeitsbereiche","tag-faechergruppen","tag-professuren"],"_links":{"self":[{"href":"https:\/\/www.hsu-hh.de\/geiso\/wp-json\/wp\/v2\/pages\/224","targetHints":{"allow":["GET"]}}],"collection":[{"href":"https:\/\/www.hsu-hh.de\/geiso\/wp-json\/wp\/v2\/pages"}],"about":[{"href":"https:\/\/www.hsu-hh.de\/geiso\/wp-json\/wp\/v2\/types\/page"}],"author":[{"embeddable":true,"href":"https:\/\/www.hsu-hh.de\/geiso\/wp-json\/wp\/v2\/users\/27"}],"replies":[{"embeddable":true,"href":"https:\/\/www.hsu-hh.de\/geiso\/wp-json\/wp\/v2\/comments?post=224"}],"version-history":[{"count":278,"href":"https:\/\/www.hsu-hh.de\/geiso\/wp-json\/wp\/v2\/pages\/224\/revisions"}],"predecessor-version":[{"id":4447,"href":"https:\/\/www.hsu-hh.de\/geiso\/wp-json\/wp\/v2\/pages\/224\/revisions\/4447"}],"up":[{"embeddable":true,"href":"https:\/\/www.hsu-hh.de\/geiso\/wp-json\/wp\/v2\/pages\/73"}],"wp:attachment":[{"href":"https:\/\/www.hsu-hh.de\/geiso\/wp-json\/wp\/v2\/media?parent=224"}],"wp:term":[{"taxonomy":"category","embeddable":true,"href":"https:\/\/www.hsu-hh.de\/geiso\/wp-json\/wp\/v2\/categories?post=224"},{"taxonomy":"post_tag","embeddable":true,"href":"https:\/\/www.hsu-hh.de\/geiso\/wp-json\/wp\/v2\/tags?post=224"}],"curies":[{"name":"wp","href":"https:\/\/api.w.org\/{rel}","templated":true}]}}