{"id":2232,"date":"2020-03-20T09:41:20","date_gmt":"2020-03-20T08:41:20","guid":{"rendered":"https:\/\/www.hsu-hh.de\/geiso\/?page_id=2232"},"modified":"2022-09-09T10:25:22","modified_gmt":"2022-09-09T08:25:22","slug":"forschungsnetzwerk-dokumentarische-methode-mitglieder","status":"publish","type":"page","link":"https:\/\/www.hsu-hh.de\/geiso\/forschungsnetzwerk-dokumentarische-methode-mitglieder","title":{"rendered":"Internationales Forschungsnetzwerk Dokumentarische Methode: Mitglieder"},"content":{"rendered":"<p><em>Mehr \u00fcber das Netzwerk lesen Sie <\/em><a href=\"https:\/\/www.hsu-hh.de\/geiso\/forschungsbereiche-dokumentarische-methode\"><em>hier<\/em><\/a><\/p>\n<p><strong>Deutschland<\/strong><\/p>\n<p>RWTH Aachen \/ Institut f\u00fcr Erziehungswissenschaft<\/p>\n<p><abbr title=\"Professor\">Prof.<\/abbr> <abbr title=\"Doktor\">Dr.<\/abbr> Sina-Mareen K\u00f6hler<\/p>\n<p>Professur f\u00fcr Erziehungswissenschaft mit dem Schwerpunkt Heterogenit\u00e4t<\/p>\n<p>URL:\u00a0 www.ezw.rwth-aachen.de\/cms\/EZW\/Das-Institut\/Professuren-i\/~ixkt\/Heterogenitaet-und-Inklusion\/<\/p>\n<p>Email-Adresse sina.koehler@rwth-aachen.de<\/p>\n<p>&#8212;<\/p>\n<p>Otto-Friedrich-Universit\u00e4t Bamberg<\/p>\n<p><abbr title=\"Professor\">Prof.<\/abbr> <abbr title=\"Doktor\">Dr.<\/abbr> Julia Franz<\/p>\n<p>Professur f\u00fcr Erwachsenenbildung und Weiterbildung<\/p>\n<p>URL: www.uni-bamberg.de\/erwachsenenbildung\/<\/p>\n<p>Email-Adresse: Julia.Franz@uni-bamberg.de<\/p>\n<p>&#8212;<\/p>\n<p>Otto-Friedrich-Universit\u00e4t Bamberg<\/p>\n<p><abbr title=\"Professor\">Prof.<\/abbr> <abbr title=\"Doktor\">Dr.<\/abbr> Annette Scheunpflug<\/p>\n<p>Professur f\u00fcr Allgemeine P\u00e4dagogik<\/p>\n<p>URL: www.uni-bamberg\/allgpaed<\/p>\n<p>Email-Adresse: Annette.Scheunpflug@uni-bamberg.de<\/p>\n<p>&#8212;-<\/p>\n<p>Evangelische Hochschule Berlin (ehb)<\/p>\n<p><abbr title=\"Doktor\">Dr.<\/abbr> Steffen Amling<\/p>\n<p>Forschungsreferent<\/p>\n<p>URL: https:\/\/www.eh-berlin.de\/hochschule\/organisation\/mitarbeiterinnen-in-lehre-und-verwaltung\/detail\/dr-steffen-amling<\/p>\n<p>Email-Adresse: amling@eh-berlin.de<\/p>\n<p>&#8212;-<\/p>\n<p>Institut f\u00fcr Informationsmanagement Bremen <abbr title=\"Gesellschaft mit beschr\u00e4nkter Haftung\">GmbH<\/abbr> (ifib)<\/p>\n<p><abbr title=\"Doktor\">Dr.<\/abbr> Stefan Welling<\/p>\n<p>URL: www.ifib.de<\/p>\n<p>Email-Adresse: welling@ifib.de<\/p>\n<p>&#8212;-<\/p>\n<p>Brandenburgisch Technische Universit\u00e4t Cottbus-Senftenberg<\/p>\n<p><abbr title=\"Professor\">Prof.<\/abbr> <abbr title=\"Doktor\">Dr.<\/abbr> Heike Radvan<\/p>\n<p>Professur f\u00fcr Methoden und Theorien Sozialer Arbeit<\/p>\n<p>URL: www.b-tu.de\/fg-methoden-theorien-sozialearbeit1\/<\/p>\n<p>Email-Adresse: radvan@b-tu.de<\/p>\n<p>&#8212;<\/p>\n<p>Fachhochschule Dortmund &#8211; University of Applied Sciences<\/p>\n<p><abbr title=\"Professor\">Prof.<\/abbr> <abbr title=\"Doktor\">Dr.<\/abbr> Claudia Streblow-Poser<\/p>\n<p>Professur f\u00fcr die Wissenschaft der Sozialen Arbeit<\/p>\n<p>URL: www.fh-dortmund.de\/streblow-poser<\/p>\n<p>Email-Adresse: claudia.streblow@fh-dortmund.de<\/p>\n<p>&#8212;<\/p>\n<p>Universit\u00e4t Duisburg-Essen \/ Fakult\u00e4t f\u00fcr Bildungswissenschaften<\/p>\n<p><abbr title=\"Professor\">Prof.<\/abbr> <abbr title=\"Doktor\">Dr.<\/abbr> Nicolle Pfaff<\/p>\n<p>AG Migrations- und Ungleichheitsforschung<\/p>\n<p>URL: https:\/\/www.uni-due.de\/biwi\/migrations-ungleichheitsforschung\/pfaff.shtml<\/p>\n<p>Email-Adresse: nicolle.pfaff@uni-due.de<\/p>\n<p>&#8212;<\/p>\n<p>Universit\u00e4t Duisburg-Essen \/ Fakult\u00e4t f\u00fcr Bildungswissenschaften<\/p>\n<p><abbr title=\"Professor\">Prof.<\/abbr> <abbr title=\"Doktor\">Dr.<\/abbr> Carolin Rotter<\/p>\n<p>Professur f\u00fcr P\u00e4dagogische Professionalit\u00e4t und Professionsforschung<\/p>\n<p>URL: www.uni-due.de\/biwi\/paedagogik\/professionsforschung\/rotter.php<\/p>\n<p>Email-Adresse: carolin.rotter@uni-due.de<\/p>\n<p>&#8212;<\/p>\n<p>Universit\u00e4t Duisburg-Essen \/ Institut f\u00fcr Soziologie<\/p>\n<p><abbr title=\"Professor\">Prof.<\/abbr> <abbr title=\"Doktor\">Dr.<\/abbr> Anja Wei\u00df<\/p>\n<p>Professur f\u00fcr Soziologie mit Schwerpunkt Makrosoziologie und Transnationale Prozesse<\/p>\n<p>URL: www.uni-due.de\/soziologie\/weiss.php<\/p>\n<p>Email-Adresse: anja.weiss@uni-due.de<\/p>\n<p>&#8212;<\/p>\n<p>Hochschule Emden-Leer \/ University of Applied Sciences<\/p>\n<p><abbr title=\"Professor\">Prof.<\/abbr> <abbr title=\"Doktor\">Dr.<\/abbr> phil. Fatma Herrmann<\/p>\n<p>Professur f\u00fcr Soziale Arbeit mit den Schwerpunkten kulturelle und \u00e4sthetische Bildung<\/p>\n<p>URL: www.hs-emden-leer.de<\/p>\n<p>Email-Adresse: fatma.herrmann@hs-emden-leer.de<\/p>\n<p>&#8212;<\/p>\n<p>Goethe-Universit\u00e4t Frankfurt am Main \/ Fachbereich Erziehungswissenschaften<\/p>\n<p><abbr title=\"Professor\">Prof.<\/abbr> <abbr title=\"Doktor\">Dr.<\/abbr> Barbara Asbrand<\/p>\n<p>Professur f\u00fcr Erziehungswissenschaft mit dem Schwerpunkt Allgemeine Didaktik und Schulentwicklung<\/p>\n<p>URL: www.uni-frankfurt.de\/85061381\/Prof__Dr__Barbara_Asbrand<\/p>\n<p>Email-Adresse: b.asbrand@em.uni-frankfurt.de<\/p>\n<p>&#8212;<\/p>\n<p>Hochschule f\u00fcr Musik Freiburg<\/p>\n<p><abbr title=\"Professor\">Prof.<\/abbr> <abbr title=\"Doktor\">Dr.<\/abbr> Thade Buchborn<\/p>\n<p>Professur f\u00fcr Musikp\u00e4dagogik<\/p>\n<p>URL: www.mh-freiburg.de\/lehrende\/person\/details\/buchborn\/<\/p>\n<p>Email-Adresse: t.buchborn@mh-freiburg.de<\/p>\n<p>&#8212;<\/p>\n<p>P\u00e4dagogische Hochschule Freiburg \/ Institut f\u00fcr Erziehungswissenschaft<\/p>\n<p><abbr title=\"Professor\">Prof.<\/abbr>\u00a0<abbr title=\"Doktor\">Dr.<\/abbr>\u00a0Bettina\u00a0Fritzsche<\/p>\n<p>Professur f\u00fcr Allgemeine Erziehungswissenschaft mit dem Schwerpunkt qual. Forschungsmethoden<\/p>\n<p>URL: www.ph-freiburg.de\/en\/ew\/homepages\/fritzsche\/zur-person.html<\/p>\n<p>Email-Adresse: bettina.fritzsche@ph-freiburg.de<\/p>\n<p>&#8212;<\/p>\n<p>Martin-Luther-Universit\u00e4t Halle-Wittenberg \/ Fakult\u00e4t f\u00fcr Erziehungswissenschaft<\/p>\n<p><abbr title=\"Professor\">Prof.<\/abbr> <abbr title=\"Doktor\">Dr.<\/abbr> Heinz-Hermann Kr\u00fcger<\/p>\n<p><abbr title=\"Professor\">Prof.<\/abbr> f\u00fcr Allgemeine Erziehungswissenschaft<\/p>\n<p>URL: https:\/\/paedagogik.uni-halle.de\/arbeitsbereich\/emeriti\/krueger\/<\/p>\n<p>Email-Adresse: hermann.krueger@paedagogik.uni-halle.de<\/p>\n<p>&#8212;<\/p>\n<p>Martin-Luther-Universit\u00e4t Halle-Wittenberg \/ Fakult\u00e4t f\u00fcr Erziehungswissenschaft<\/p>\n<p><abbr title=\"Professor\">Prof.<\/abbr> <abbr title=\"Doktor\">Dr.<\/abbr> Tanja Sturm<\/p>\n<p>Professur f\u00fcr Inklusive Bildung, Erziehung und Sozialisation<\/p>\n<p>URL: www.reha.uni-halle.de\/arbeitsbereiche\/1555886_3158427\/<\/p>\n<p>Email-Adresse: tanja.sturm@paedagogik.uni-halle.de<\/p>\n<p>&#8212;<\/p>\n<p>Universit\u00e4t Hamburg \/ Fakult\u00e4t f\u00fcr Erziehungswissenschaft<\/p>\n<p><abbr title=\"Professor\">Prof.<\/abbr> <abbr title=\"Doktor\">Dr.<\/abbr> Andreas Bonnet<\/p>\n<p>Professur f\u00fcr Erziehungswissenschaft u.b.B. der Didaktik der englischen Sprache und Literatur<\/p>\n<p>URL: www.ew.uni-hamburg.de\/ueber-die-fakultaet\/personen\/bonnet.html<\/p>\n<p>Email-Adresse: andreas.bonnet@uni-hamburg.de<\/p>\n<p>&#8212;<\/p>\n<p>Universit\u00e4t Hamburg \/ Fakult\u00e4t f\u00fcr Erziehungswissenschaft<\/p>\n<p><abbr title=\"Professor\">Prof.<\/abbr> <abbr title=\"Doktor\">Dr.<\/abbr> Dietmar H\u00f6ttecke<\/p>\n<p>Professur f\u00fcr Physikdidaktik<\/p>\n<p>URL: www.ew.uni-hamburg.de\/einrichtungen\/ew5\/didaktik-physik.html<\/p>\n<p>Email-Adresse: dietmar.hoettecke@uni-hamburg.de<\/p>\n<p>&#8212;<\/p>\n<p>Helmut-Schmidt-Universit\u00e4t Hamburg \/ Fakult\u00e4t f\u00fcr Geistes- und Sozialwissenschaft<\/p>\n<p><abbr title=\"Professor\">Prof.<\/abbr> <abbr title=\"Doktor\">Dr.<\/abbr> Arnd-Michael Nohl<\/p>\n<p>Professur f\u00fcr Erziehungswissenschaft, insbesondere systematische P\u00e4dagogik<\/p>\n<p>URL: www.hsu-hh.de\/systpaed\/<\/p>\n<p>Email-Adresse: nohl@hsu-hh.de<\/p>\n<p>&#8212;<\/p>\n<p>Universit\u00e4t Hamburg \/ Fakult\u00e4t f\u00fcr Erziehungswissenschaft<\/p>\n<p><abbr title=\"Professor\">Prof.<\/abbr> <abbr title=\"Doktor\">Dr.<\/abbr> Angelika Paseka<\/p>\n<p>Professur f\u00fcr Erziehungswissenschaft unter bes. Ber\u00fccksichtigung der Schulp\u00e4dagogik mit dem Schwerpunkt Professionsforschung und Professionsentwicklung<\/p>\n<p>URL: www.ew.uni-hamburg.de\/ueber-die-fakultaet\/personen\/paseka.html<\/p>\n<p>Email-Adresse: angelika.paseka@uni-hamburg.de<\/p>\n<p>&#8212;<\/p>\n<p>Stiftung Universit\u00e4t Hildesheim \/ Institut f\u00fcr Biologie und Chemie<\/p>\n<p><abbr title=\"Professor\">Prof.<\/abbr> <abbr title=\"Doktor\">Dr.<\/abbr> J\u00fcrgen Menthe<\/p>\n<p>Professur f\u00fcr Chemie und ihre Didaktik<\/p>\n<p>URL: www.uni-hildesheim.de\/fb4\/institute\/biologie\/abteilung-chemie\/das-team\/prof-dr-juergen-menthe\/<\/p>\n<p>Email-Adresse: menthe@uni-hildesheim.de<\/p>\n<p>&#8212;<\/p>\n<p>Christian-Albrechts-Universit\u00e4t zu Kiel \/ Institut f\u00fcr P\u00e4dagogik<\/p>\n<p><abbr title=\"Professor\">Prof.<\/abbr> <abbr title=\"Doktor\">Dr.<\/abbr> Anja Mensching<\/p>\n<p>Professur f\u00fcr P\u00e4dagogik mit dem Schwerpunkt Organisationsp\u00e4dagogik<\/p>\n<p>URL: www.organisationspaedagogik.uni-kiel.de<\/p>\n<p>Email-Adresse: mensching@paedagogik.uni-kiel.de<\/p>\n<p>&#8212;<\/p>\n<p>Technische Hochschule K\u00f6ln \/ Fakult\u00e4t f\u00fcr Angewandte Sozialwissenschaften<\/p>\n<p><abbr title=\"Professor\">Prof.<\/abbr> <abbr title=\"Doktor\">Dr.<\/abbr> Sonja Kubisch<\/p>\n<p>Professur f\u00fcr Wissenschaft der Sozialen Arbeit<\/p>\n<p>URL: www.th-koeln.de\/personen\/sonja.kubisch\/<\/p>\n<p>Email-Adresse: sonja.kubisch@th-koeln.de<\/p>\n<p>&#8212;<\/p>\n<p>Universit\u00e4t zu K\u00f6ln \/ Humanwissenschaftliche Fakult\u00e4t<\/p>\n<p><abbr title=\"Professor\">Prof.<\/abbr> <abbr title=\"Doktor\">Dr.<\/abbr> Matthias Martens<\/p>\n<p>Professur f\u00fcr empirische Schulforschung mit dem Schwerpunkt Unterrichtsentwicklung<\/p>\n<p>URL:\u00a0www.hf.uni-koeln.de\/40905<\/p>\n<p>Email-Adresse: m.martens@uni-koeln.de<\/p>\n<p>&#8212;<\/p>\n<p>Leuphana Universit\u00e4t L\u00fcneburg<\/p>\n<p><abbr title=\"Professor\">Prof.<\/abbr> <abbr title=\"Doktor\">Dr.<\/abbr> Simone Abels<\/p>\n<p>Professur f\u00fcr Didaktik der Naturwissenschaften<\/p>\n<p>URL: www.leuphana.de\/simone-abels.html<\/p>\n<p>Email-Adresse: simone.abels@leuphana.de<\/p>\n<p>&#8212;<\/p>\n<p>Philipps-Universit\u00e4t Marburg \/ Institut f\u00fcr Schulp\u00e4dagogik<\/p>\n<p><abbr title=\"Professor\">Prof.<\/abbr> <abbr title=\"Doktor\">Dr.<\/abbr> Uwe Hericks<\/p>\n<p>Professur f\u00fcr Allgemeine Didaktik, Schul- und Bildungstheorie<\/p>\n<p>URL: www.uni-marburg.de\/de\/fb21\/schulpaedagogik\/arbeitsgruppen\/ag-hericks\/personen\/prof-dr-uwe-hericks<\/p>\n<p>Email-Adresse: hericks@staff.uni-marburg.de<\/p>\n<p>&#8212;<\/p>\n<p>Universit\u00e4t der Bundeswehr M\u00fcnchen \/ Fakult\u00e4t f\u00fcr Humanwissenschaften<\/p>\n<p><abbr title=\"Professor\">Prof.<\/abbr> <abbr title=\"Doktor\">Dr.<\/abbr> Burkhard Sch\u00e4ffer<\/p>\n<p>Professur f\u00fcr Erwachsenenbildung\/Weiterbildung<\/p>\n<p>URL: www.unibw.de\/hum-bildungswissenschaft\/professuren\/ebwb\/personen\/univ-prof-dr-phil-burkhard-schaeffer-1<\/p>\n<p>Email-Adresse: burkhard.schaeffer@unibw.de<\/p>\n<p>&#8212;<\/p>\n<p>Fachhochschule Clara Hoffbauer Potsdam<\/p>\n<p><abbr title=\"Professor\">Prof.<\/abbr> <abbr title=\"Doktor\">Dr.<\/abbr> Marion Klein<\/p>\n<p>Professur f\u00fcr Soziale Arbeit<\/p>\n<p>URL: www.fhchp.de<\/p>\n<p>Email-Adresse: m.klein@fhchp.de<\/p>\n<p>&#8212;<\/p>\n<p>Hochschule der Medien Stuttgart<\/p>\n<p><abbr title=\"Professor\">Prof.<\/abbr> <abbr title=\"Doktor\">Dr.<\/abbr> Burkard Michel<\/p>\n<p>Professur f\u00fcr Werbung und Marktkommunikation<\/p>\n<p>URL: https:\/\/mw.hdm-stuttgart.de\/werbung-und-marktkommunikation\/testimonials\/prof-dr-burkard-michel\/<\/p>\n<p>Email-Adresse: michel@hdm-stuttgart.de<\/p>\n<p>&#8212;<\/p>\n<p>Universit\u00e4t Kassel<\/p>\n<p><abbr title=\"Professor\">Prof.<\/abbr> <abbr title=\"Doktor\">Dr.<\/abbr> Helge Martens (geb. Gresch)<\/p>\n<p>Professur f\u00fcr Didaktik der Biologie<\/p>\n<p>URL: <a href=\"https:\/\/www.uni-kassel.de\/fb10\/institute\/biologie\/fachgebiete\/didaktik-der-biologie\/startseite\" rel='nofollow'>https:\/\/www.uni-kassel.de\/fb10\/institute\/biologie\/fachgebiete\/didaktik-der-biologie\/startseite<\/a><\/p>\n<p>Email-Adresse:\u00a0 martens@uni-kassel.de<\/p>\n<p>&#8212;<\/p>\n<p>Priv. Universit\u00e4t Witten Herdecke<\/p>\n<p><abbr title=\"Professor\">Prof.<\/abbr> <abbr title=\"Doktor\">Dr.<\/abbr> Werner Vogd<\/p>\n<p>Professur f\u00fcr Soziologie<\/p>\n<p>URL: www.werner-vogd.de<\/p>\n<p>Email-Adresse: \u00a0werner.vogd@uni-wh.de<\/p>\n<p><strong>Italien<\/strong><\/p>\n<p>Freie Universit\u00e4t Bozen \/ Fakult\u00e4t f\u00fcr Bildungswissenschaften<\/p>\n<p><abbr title=\"Professor\">Prof.<\/abbr> <abbr title=\"Doktor\">Dr.<\/abbr> Iris Nentwig-Gesemann<\/p>\n<p>Professur f\u00fcr Allgemeine und Sozialp\u00e4dagogik \/ Fr\u00fchp\u00e4dagogik<\/p>\n<p>URL: www.unibz.it\/de\/faculties\/education\/academic-staff\/person\/41498-iris-nentwig-gesemann<\/p>\n<p>Email-Adresse: iris.nentwiggesemann@unibz.it<\/p>\n<p><strong>\u00d6sterreich<\/strong><\/p>\n<p>P\u00e4dagogische Hochschule Salzburg Stefan Zweig<\/p>\n<p><abbr title=\"Professor\">Prof.<\/abbr> <abbr title=\"Doktor\">Dr.<\/abbr> Mag. Doreen Cerny<\/p>\n<p>Hochschulprofessur f\u00fcr angewandte Erziehungswissenschaft<\/p>\n<p>URL: XXX<\/p>\n<p>Email-Adresse: Doreen Cerny@phsalzburg.at<\/p>\n<p>&#8212;<\/p>\n<p>Bertha von Suttner Privatuniversit\u00e4t St. P\u00f6lten<\/p>\n<p><abbr title=\"Professor\">Prof.<\/abbr> <abbr title=\"Doktor\">Dr.<\/abbr> Aglaja Przyborski<\/p>\n<p>Professur f\u00fcr Psychotherapie<\/p>\n<p>URL: www.suttneruni.at\/de\/startseite\/univ-prof-dr-aglaja-przyborski<\/p>\n<p>Email-Adresse: aglaja.przyborski@suttneruni.at<\/p>\n<p>&#8212;-<\/p>\n<p>Kirchliche\u00a0P\u00e4dagogische\u00a0Hochschule\u00a0Wien\/Krems<\/p>\n<p>HS-<abbr title=\"Professor\">Prof.<\/abbr>\u00a0Mag.\u00a0<abbr title=\"Doktor\">Dr.<\/abbr>\u00a0Thomas\u00a0Plotz<\/p>\n<p>Didaktik\u00a0der\u00a0Naturwissenschaften<\/p>\n<p>URL: https:\/\/www.ph-online.ac.at\/kphvie\/visitenkarte.show_vcard?pPersonenId=E683046CBDCAAB81&amp;pPersonenGruppe=3<br \/>\nURL: http:\/\/www.thomas-plotz.at<\/p>\n<p>Email-Adresse: thomas.plotz@kphvie.ac.at<\/p>\n<p><strong>Schweiz<\/strong><\/p>\n<p>Fachhochschule Nordwestschweiz (Standort Basel-Muttenz)<\/p>\n<p><abbr title=\"Professor\">Prof.<\/abbr> <abbr title=\"Doktor\">Dr.<\/abbr> Monika Wagner-Willi<\/p>\n<p>Professur f\u00fcr Inklusive Didaktik und Heterogenit\u00e4t<\/p>\n<p>URL: https:\/\/www.fhnw.ch\/de\/personen\/monika-wagner-willi<\/p>\n<p>Email-Adresse: monika.wagnerwilli@fhnw.ch<\/p>\n<p>&#8212;<\/p>\n<p>P\u00e4dagogische Hochschule Z\u00fcrich<\/p>\n<p><abbr title=\"Professor\">Prof.<\/abbr> <abbr title=\"Doktor\">Dr.<\/abbr> <abbr title=\"habilitatus\">habil.<\/abbr> Julia Kosin\u00e1r<\/p>\n<p>Leiterin Zentrum Lehrberufe und P\u00e4dagogische Professionalit\u00e4t<br \/>\nProrektorat Forschung<\/p>\n<p>URL: <a href=\"https:\/\/phzh.ch\/de\/Forschung\/forschungsschwerpunkte\/zentrum-lehrberufe-und-paedagogische-professionalitaet\/Personen\/\" rel='nofollow'>www.fhnw.ch\/ph\/ip-professionalisierung<\/a><\/p>\n<p>Email-Adresse: julia.kosinar@phzh.ch<\/p>\n<p><strong>T\u00fcrkei<\/strong><\/p>\n<p>Bo\u011fazi\u00e7i \u00dcniversitesi Istanbul<\/p>\n<p><abbr title=\"Doktor\">Dr.<\/abbr> Nazl\u0131 Somel<\/p>\n<p>URL: https:\/\/ed.boun.edu.tr\/tr\/people\/nazli-somel<\/p>\n<p>Email-Adresse: rahsan.somel@boun.edu.tr<\/p>\n<p>&#8212;<\/p>\n<p>Maltepe University Istanbul \/ Faculty of Education<\/p>\n<p>Assistant Professor G\u00f6k\u00e7e G\u00fcvercin<\/p>\n<p>Professur f\u00fcr Erziehungswissenschaft unter besonderer Ber\u00fccksichtigung der Didaktik der englischen Sprache und Literatur<\/p>\n<p>URL: https:\/\/www.maltepe.edu.tr\/<\/p>\n<p>Email-Adresse: gokceguvercin@maltepe.edu.tr<\/p>\n<p>&#8212;<\/p>\n<p>\u00c7ukurova University Sar\u0131\u00e7am\/Adana \/ Faculty of Medicine<\/p>\n<p>Assoc. <abbr title=\"Professor\">Prof.<\/abbr> <abbr title=\"Doktor\">Dr.<\/abbr> \u015e. Erhan Ba\u011fc\u0131<\/p>\n<p>Professur f\u00fcr &#8230;<\/p>\n<p>URL: https:\/\/tip.cu.edu.tr\/cu\/akademic\/main-branches-science-branches\/basic-medical-sciences\/department-of-medical-education<\/p>\n<p>Email-Adresse: ebagci@cu.edu.tr<\/p>\n<p><strong>Brasilien<\/strong><\/p>\n<p>Universidade de Brasilia \/ Faculty of Education<\/p>\n<p>Prof.in <abbr title=\"Doktor\">Dr.<\/abbr> Wivian Weller<\/p>\n<p>Professur f\u00fcr Bildungssoziologie und empirische Forschungsmethoden<\/p>\n<p>URL: www.fe.unb.br\/index.php?option=com_content&amp;view=article&amp;id=238&amp;catid=88&amp;Itemid=1547<\/p>\n<p>Email-Adresse: wivian@unb.br<\/p>\n<p>&#8212;<\/p>\n<p>Universidade de Brasilia \/ Faculty of Education<\/p>\n<p>Prof.in <abbr title=\"Doktor\">Dr.<\/abbr> Sinara Pollom Zardo<\/p>\n<p>Professur f\u00fcr Inklusive P\u00e4dagogik mit dem Schwerpunkt Sehbehinderung<\/p>\n<p>Email-Adresse:\u00a0sinarazardo@gmail.com<\/p>\n<p>&#8212;<\/p>\n<p>Universidade do Estado do Par\u00e1\u00a0 \/ Centro de Ci\u00eancias Sociais e da Educa\u00e7\u00e3o<\/p>\n<p>Prof.in <abbr title=\"Doktor\">Dr.<\/abbr> Luc\u00e9lia Bassalo<\/p>\n<p>Professur f\u00fcr Bildungssoziologie und qualitative Forschungsmethoden<\/p>\n<p>URL:\u00a0http:\/\/ccse.uepa.br\/ccse\/<\/p>\n<p>Email-Adresse:\u00a0lbassalo@uol.com.br<\/p>\n<p>&#8212;<\/p>\n<p>Federal University of Rio Grande<\/p>\n<p><abbr title=\"Professor\">Prof.<\/abbr> <abbr title=\"Doktor\">Dr.<\/abbr> Ricardo Severo<\/p>\n<p>Professur f\u00fcr Soziologie und empirische Forschungsmethoden<\/p>\n<p>URL: https:\/\/www.furg.br\/<\/p>\n<p>Email-Adresse: rgsevero@furg.br<\/p>\n<p><strong>Chile<\/strong><\/p>\n<p>Universidad de Concepci\u00f3n \/ Facultad de Educaci\u00f3n<\/p>\n<p><abbr title=\"Professor\">Prof.<\/abbr> <abbr title=\"Doktor\">Dr.<\/abbr> Daniel Tello Silva<\/p>\n<p>Professur f\u00fcr Research Methods und Educational Informatics<\/p>\n<p>URL: http:\/\/www.udec.cl<\/p>\n<p>Email-Addresse: dtello@udec.cl<\/p>\n","protected":false},"excerpt":{"rendered":"<p>Mehr \u00fcber das Netzwerk lesen Sie hier Deutschland RWTH Aachen \/ Institut f\u00fcr Erziehungswissenschaft Prof. Dr. Sina-Mareen K\u00f6hler Professur f\u00fcr Erziehungswissenschaft mit dem Schwerpunkt Heterogenit\u00e4t URL:\u00a0 www.ezw.rwth-aachen.de\/cms\/EZW\/Das-Institut\/Professuren-i\/~ixkt\/Heterogenitaet-und-Inklusion\/ Email-Adresse sina.koehler@rwth-aachen.de &#8212; [&hellip;]<\/p>\n","protected":false},"author":27,"featured_media":0,"parent":0,"menu_order":0,"comment_status":"closed","ping_status":"closed","template":"","meta":{"footnotes":""},"categories":[4],"tags":[],"class_list":["post-2232","page","type-page","status-publish","hentry","category-forschung"],"_links":{"self":[{"href":"https:\/\/www.hsu-hh.de\/geiso\/wp-json\/wp\/v2\/pages\/2232","targetHints":{"allow":["GET"]}}],"collection":[{"href":"https:\/\/www.hsu-hh.de\/geiso\/wp-json\/wp\/v2\/pages"}],"about":[{"href":"https:\/\/www.hsu-hh.de\/geiso\/wp-json\/wp\/v2\/types\/page"}],"author":[{"embeddable":true,"href":"https:\/\/www.hsu-hh.de\/geiso\/wp-json\/wp\/v2\/users\/27"}],"replies":[{"embeddable":true,"href":"https:\/\/www.hsu-hh.de\/geiso\/wp-json\/wp\/v2\/comments?post=2232"}],"version-history":[{"count":17,"href":"https:\/\/www.hsu-hh.de\/geiso\/wp-json\/wp\/v2\/pages\/2232\/revisions"}],"predecessor-version":[{"id":3203,"href":"https:\/\/www.hsu-hh.de\/geiso\/wp-json\/wp\/v2\/pages\/2232\/revisions\/3203"}],"wp:attachment":[{"href":"https:\/\/www.hsu-hh.de\/geiso\/wp-json\/wp\/v2\/media?parent=2232"}],"wp:term":[{"taxonomy":"category","embeddable":true,"href":"https:\/\/www.hsu-hh.de\/geiso\/wp-json\/wp\/v2\/categories?post=2232"},{"taxonomy":"post_tag","embeddable":true,"href":"https:\/\/www.hsu-hh.de\/geiso\/wp-json\/wp\/v2\/tags?post=2232"}],"curies":[{"name":"wp","href":"https:\/\/api.w.org\/{rel}","templated":true}]}}