{"id":2214,"date":"2020-03-20T09:35:17","date_gmt":"2020-03-20T08:35:17","guid":{"rendered":"https:\/\/www.hsu-hh.de\/geiso\/?page_id=2214"},"modified":"2021-12-20T15:57:34","modified_gmt":"2021-12-20T14:57:34","slug":"forschungsbereiche-dokumentarische-methode","status":"publish","type":"page","link":"https:\/\/www.hsu-hh.de\/geiso\/forschungsbereiche-dokumentarische-methode","title":{"rendered":"Internationales Forschungsnetzwerk Dokumentarische Methode \/ The International Research Network Documentary Method"},"content":{"rendered":"<div class=\"col-xs-12 downloads-item\">\n<div class=\"row border-line\">\n<div class=\"thumbnail-area\"><img decoding=\"async\" class=\"download-image\" src=\"\/wp-content\/themes\/hsu\/img\/dummy\/downloads_dummy.png\" alt=\"\" \/><\/div>\n<div class=\"text-area\"><span class=\"download-text\">NetzwerkDokMet_LinienKarteNamen_211217<\/span><\/div>\n<div class=\"download-area\"><a class=\"download-link\" href=\"https:\/\/www.hsu-hh.de\/geiso\/wp-content\/uploads\/sites\/497\/2021\/12\/NetzwerkDokMet_LinienKarteNamen_211217.pdf\"><span class=\"download-name\">pdf laden<\/span><span class=\"donwload-icon\"><img decoding=\"async\" class=\"download-icon\" src=\"\/wp-content\/themes\/hsu\/img\/icons\/download_icon.png\" alt=\"download icon\" \/><\/span><span class=\"download-size\">247 kB<\/span><\/a><\/div>\n<\/div>\n<\/div>\n<div class=\"content-block2\">\n<p><strong><br \/>\nInternationales Forschungsnetzwerk Dokumentarische Methode<\/strong><\/p>\n<p>Die Mitglieder des Internationalen Forschungsnetzwerks arbeiten seit vielen Jahren in Forschung und Lehre auf Basis der Dokumentarischen Methode, die inzwischen ein etabliertes Verfahren der qualitativen Sozialforschung ist. Die Methode folgt prinzipiell der Annahme, dass Menschen nicht nur entlang von theoretischem Wissen handeln, sondern ihre Praxis wesentlich von einem (zumeist implizit bleibenden) Handlungs- und Erfahrungswissen bedingt ist. Dieses implizite Wissen zu rekonstruieren und auf dem Wege der komparativen Analyse und Typenbildung zur empirieges\u00e4ttigten Theorieentwicklung beizutragen, ist das zentrale Potential der Dokumentarischen Methode.<\/p>\n<p>Die theoretischen und methodologischen Grundlagen der Methode gehen auf Arbeiten des Wissenssoziologen Karl Mannheim vor allem aus den 1920er Jahren zur\u00fcck und wurden von Harold Garfinkel, dem Begr\u00fcnder der Ethnomethodologie, in den 1950er und 1960er Jahren in einer spezifischen Richtung ausgearbeitet. Als eine empirische Methode, d.h. ein Forschungsverfahren zur qualitativen resp. rekonstruktiven Analyse, wurde die Dokumentarische Methode seit den 1980er Jahren von <a href=\"https:\/\/www.ewi-psy.fu-berlin.de\/einrichtungen\/arbeitsbereiche\/qualitativ\/mitarbeiter\/rbohnsack\/index.html\" rel='nofollow'>Ralf Bohnsack<\/a> entwickelt. An der Weiterentwicklung des Ansatzes waren und sind u.a. verschiedene Mitglieder des Forschungsnetzwerks beteiligt. Mittlerweile sind unz\u00e4hlige Forschungsarbeiten, die mit der Dokumentarischen Methode erstellt wurden, erschienen. Eine regelm\u00e4\u00dfig aktualisierte Bibliographie finden Sie <a href=\"https:\/\/www.hsu-hh.de\/geiso\/dokumentarische-methode-publikationsliste\">hier<\/a> .<\/p>\n<p>Das Forschungsnetzwerk verbindet Professuren in verschiedenen L\u00e4ndern. Es dient dem Austausch von Informationen und Publikationen wie auch der verbesserten Sichtbarkeit der Dokumentarischen Methode als einem wichtigen Verfahren der qualitativen Sozialforschung.<\/p>\n<p>Bei Fragen zum Netzwerk wenden Sie sich bitte an: <a href=\"https:\/\/www.hsu-hh.de\/systpaed\/\">Prof. Dr. Arnd-Michael Nohl<\/a><\/p>\n<p>Eine Liste der Mitglieder des Netzwerks finden Sie <a href=\"https:\/\/www.hsu-hh.de\/geiso\/forschungsnetzwerk-dokumentarische-methode-mitglieder\">hier<\/a><\/p>\n<\/div>\n<div class=\"content-block2\">\n<p>The members of the International Research Network have been working for many years in research and teaching based on the Documentary Method, which has become an established approach in qualitative social research. In principle, this method follows the assumption that people not only act according to theoretical knowledge, but that their practices are essentially structured by a (mostly tacit) knowledge of action and experience. The central potential of the Documentary Method is to reconstruct this tacit knowledge and to contribute to the development of empirically grounded theories through comparative analysis and type formation.<\/p>\n<p>The theoretical and methodological foundations of the Documentary Method go back to the works of sociologist of knowledge Karl Mannheim, mainly from the 1920s, and were elaborated in a specific direction by Harold Garfinkel, the founder of Ethnomethodology, in the 1950s and 1960s. As an empirical method, i.e. as a research approach for qualitative analysis, the Documentary Method has been developed since the 1980s by <a href=\"https:\/\/www.ewi-psy.fu-berlin.de\/einrichtungen\/arbeitsbereiche\/qualitativ\/mitarbeiter\/rbohnsack\/index.html\" rel='nofollow'>Ralf Bohnsack<\/a>. Various members of the research network have been and continue to be involved in the further development of the approach. In the meantime, innumerable research papers have been published that have been produced using the Documentary Method. A regularly updated bibliography can be found <a href=\"https:\/\/www.hsu-hh.de\/geiso\/dokumentarische-methode-publikationsliste\">here.<\/a><\/p>\n<p>The research network connects professorships in different countries. It serves the exchange of information and publications as well as the improved visibility of the Documentary Method as an important approach to qualitative social research.<\/p>\n<p>If you have questions about the network, please contact us: <a href=\"https:\/\/www.hsu-hh.de\/systpaed\/\">Prof. Dr. Arnd-Michael Nohl<\/a><\/p>\n<p>A list of the members of the network can be found <a href=\"https:\/\/www.hsu-hh.de\/geiso\/forschungsnetzwerk-dokumentarische-methode-mitglieder\">here.<\/a><strong><br \/>\n<\/strong><\/p>\n<\/div>\n","protected":false},"excerpt":{"rendered":"<p>NetzwerkDokMet_LinienKarteNamen_211217 pdf laden247 kB Internationales Forschungsnetzwerk Dokumentarische Methode Die Mitglieder des Internationalen Forschungsnetzwerks arbeiten seit vielen Jahren in Forschung und Lehre auf Basis der Dokumentarischen Methode, die inzwischen ein etabliertes [&hellip;]<\/p>\n","protected":false},"author":27,"featured_media":0,"parent":0,"menu_order":0,"comment_status":"closed","ping_status":"closed","template":"","meta":{"footnotes":""},"categories":[4],"tags":[],"class_list":["post-2214","page","type-page","status-publish","hentry","category-forschung"],"_links":{"self":[{"href":"https:\/\/www.hsu-hh.de\/geiso\/wp-json\/wp\/v2\/pages\/2214","targetHints":{"allow":["GET"]}}],"collection":[{"href":"https:\/\/www.hsu-hh.de\/geiso\/wp-json\/wp\/v2\/pages"}],"about":[{"href":"https:\/\/www.hsu-hh.de\/geiso\/wp-json\/wp\/v2\/types\/page"}],"author":[{"embeddable":true,"href":"https:\/\/www.hsu-hh.de\/geiso\/wp-json\/wp\/v2\/users\/27"}],"replies":[{"embeddable":true,"href":"https:\/\/www.hsu-hh.de\/geiso\/wp-json\/wp\/v2\/comments?post=2214"}],"version-history":[{"count":29,"href":"https:\/\/www.hsu-hh.de\/geiso\/wp-json\/wp\/v2\/pages\/2214\/revisions"}],"predecessor-version":[{"id":2947,"href":"https:\/\/www.hsu-hh.de\/geiso\/wp-json\/wp\/v2\/pages\/2214\/revisions\/2947"}],"wp:attachment":[{"href":"https:\/\/www.hsu-hh.de\/geiso\/wp-json\/wp\/v2\/media?parent=2214"}],"wp:term":[{"taxonomy":"category","embeddable":true,"href":"https:\/\/www.hsu-hh.de\/geiso\/wp-json\/wp\/v2\/categories?post=2214"},{"taxonomy":"post_tag","embeddable":true,"href":"https:\/\/www.hsu-hh.de\/geiso\/wp-json\/wp\/v2\/tags?post=2214"}],"curies":[{"name":"wp","href":"https:\/\/api.w.org\/{rel}","templated":true}]}}