{"id":1966,"date":"2019-09-13T12:57:31","date_gmt":"2019-09-13T10:57:31","guid":{"rendered":"https:\/\/www.hsu-hh.de\/geiso\/?page_id=1966"},"modified":"2024-11-07T10:05:07","modified_gmt":"2024-11-07T09:05:07","slug":"edv-koordination","status":"publish","type":"page","link":"https:\/\/www.hsu-hh.de\/geiso\/edv-koordination","title":{"rendered":"IT &#8211; Koordination"},"content":{"rendered":"<div>\n<p><img loading=\"lazy\" decoding=\"async\" class=\"alignnone wp-image-1018 size-news1-image\" src=\"https:\/\/www.hsu-hh.de\/geiso\/wp-content\/uploads\/sites\/497\/2017\/12\/DSC_0077-400x200.jpg\" alt=\"Fakult\u00e4tsverwaltung I\" width=\"400\" height=\"200\" data-credit=\"HSU\/Scheiblich\" \/><\/p>\n<p><a href=\"https:\/\/www.hsu-hh.de\/it-gws\/\">Die <abbr title=\"Informationstechnologie\">IT<\/abbr>-Koordination<\/a> unterst\u00fctzt die Mitglieder der Fakult\u00e4t f\u00fcr Geistes- und Sozialwissenschaften durch Information und Beratung bei der Planung und Anwendung der Datenverarbeitung an den <abbr title=\"Informationstechnologie\">IT<\/abbr>-Systemen der Fakult\u00e4t und bei der Nutzung der zentralen Systeme und Dienste des Rechenzentrums. Die technische Hilfe reicht von der Unterst\u00fctzung bei der Installation von Hard- und Software bis zur Mitwirkung bei der L\u00f6sung von Anwendungsproblemen.<\/p>\n<p>E-Mail: it-gws@hsu-hh.de<br \/>\n<abbr title=\"Doktor\">Dr.<\/abbr> Manuel Thiel<br \/>\nStephanie Ibscher<\/p>\n<\/div>\n","protected":false},"excerpt":{"rendered":"<p>Die IT-Koordination unterst\u00fctzt die Mitglieder der Fakult\u00e4t f\u00fcr Geistes- und Sozialwissenschaften durch Information und Beratung bei der Planung und Anwendung der Datenverarbeitung an den IT-Systemen der Fakult\u00e4t und bei der [&hellip;]<\/p>\n","protected":false},"author":27,"featured_media":0,"parent":0,"menu_order":0,"comment_status":"closed","ping_status":"closed","template":"","meta":{"footnotes":""},"categories":[4],"tags":[],"class_list":["post-1966","page","type-page","status-publish","hentry","category-forschung"],"_links":{"self":[{"href":"https:\/\/www.hsu-hh.de\/geiso\/wp-json\/wp\/v2\/pages\/1966","targetHints":{"allow":["GET"]}}],"collection":[{"href":"https:\/\/www.hsu-hh.de\/geiso\/wp-json\/wp\/v2\/pages"}],"about":[{"href":"https:\/\/www.hsu-hh.de\/geiso\/wp-json\/wp\/v2\/types\/page"}],"author":[{"embeddable":true,"href":"https:\/\/www.hsu-hh.de\/geiso\/wp-json\/wp\/v2\/users\/27"}],"replies":[{"embeddable":true,"href":"https:\/\/www.hsu-hh.de\/geiso\/wp-json\/wp\/v2\/comments?post=1966"}],"version-history":[{"count":20,"href":"https:\/\/www.hsu-hh.de\/geiso\/wp-json\/wp\/v2\/pages\/1966\/revisions"}],"predecessor-version":[{"id":4129,"href":"https:\/\/www.hsu-hh.de\/geiso\/wp-json\/wp\/v2\/pages\/1966\/revisions\/4129"}],"wp:attachment":[{"href":"https:\/\/www.hsu-hh.de\/geiso\/wp-json\/wp\/v2\/media?parent=1966"}],"wp:term":[{"taxonomy":"category","embeddable":true,"href":"https:\/\/www.hsu-hh.de\/geiso\/wp-json\/wp\/v2\/categories?post=1966"},{"taxonomy":"post_tag","embeddable":true,"href":"https:\/\/www.hsu-hh.de\/geiso\/wp-json\/wp\/v2\/tags?post=1966"}],"curies":[{"name":"wp","href":"https:\/\/api.w.org\/{rel}","templated":true}]}}