{"id":183,"date":"2017-08-24T16:58:52","date_gmt":"2017-08-24T14:58:52","guid":{"rendered":"https:\/\/www.hsu-hh.de\/geiso\/?page_id=183"},"modified":"2026-04-01T08:25:25","modified_gmt":"2026-04-01T06:25:25","slug":"dekanat","status":"publish","type":"page","link":"https:\/\/www.hsu-hh.de\/geiso\/dekanat","title":{"rendered":"Dekanat und Studiendekanate"},"content":{"rendered":"<div>\n<div>\n<div>\n<h2><strong>Dekanat<\/strong><\/h2>\n<p>Das Leitungsgremium der Fakult\u00e4t besteht aus Dekan*in und Prodekan*in. Der\/die Dekan*in vertritt die Fakult\u00e4t innerhalb der <abbr title=\"Helmut Schmidt Universit\u00e4t\">HSU<\/abbr>\/UniBw H und f\u00fchrt die laufenden Gesch\u00e4fte in eigener Zust\u00e4ndigkeit.<strong><br \/>\n<\/strong><\/p>\n<p>Dekan: <a href=\"https:\/\/www.hsu-hh.de\/nng\/team\/payk\"><abbr title=\"Universit\u00e4tsprofessor\">Univ.-Prof.<\/abbr> <abbr title=\"Doktor\">Dr.<\/abbr> Marcus Payk\u00a0<\/a><\/p>\n<p>Prodekan: <a href=\"https:\/\/www.hsu-hh.de\/idgbe\/prof-dr-esther-berner\/\">Univ.-Prof.in <abbr title=\"Doktor\">Dr.<\/abbr> Esther Berner<\/a><\/p>\n<h2><strong>Studiendekanate<\/strong><\/h2>\n<p>Studiendekan*innen nehmen im Rahmen der Gesamtverantwortung der Dekanin\/ des Dekans die mit Lehre und Studium zusammenh\u00e4ngenden Aufgaben wahr. Sie stehen den Studierenden auch beratend zur Seite.<\/p>\n<p>Studiendekan f\u00fcr den Studiengang Bildungs- und Erziehungswissenschaft: <a href=\"https:\/\/www.hsu-hh.de\/systpaed\/Team\"><abbr title=\"Universit\u00e4tsprofessor\">Univ.-Prof.<\/abbr> <abbr title=\"Doktor\">Dr.<\/abbr> Arnd-Michael Nohl<\/a><\/p>\n<p>Studiendekan f\u00fcr den Studiengang Geschichte: <a href=\"https:\/\/www.hsu-hh.de\/histec\/heinrich-hartmann\"><abbr title=\"Universit\u00e4tsprofessor\">Univ.-Prof.<\/abbr> Heinrich Hartmann<\/a><\/p>\n<p>Studiendekan\u00a0 f\u00fcr den Studiengang Psychologie: <a href=\"https:\/\/www.hsu-hh.de\/diffpsych\/team\/philipp-yorck-herzberg\"><abbr title=\"Universit\u00e4tsprofessor\">Univ.-Prof.<\/abbr> <abbr title=\"Doktor\">Dr.<\/abbr> Philipp Y. Herzberg<\/a><\/p>\n<h2><strong>Fakult\u00e4tsplanung<\/strong><\/h2>\n<p>Die <a href=\"https:\/\/www.hsu-hh.de\/geiso\/fakultaetsplanung\">Fakult\u00e4tsplanung<\/a> (<a href=\"mailto:fakultaetsplanung.geiso@hsu-hh.de\" rel='nofollow'>fakultaetsplanung.geiso@hsu-hh.de<\/a>) unterst\u00fctzt die Dekanin <abbr title=\"beziehungsweise\">bzw.<\/abbr> den Dekan, ist f\u00fcr die Lehr- und Pr\u00fcfungsplanung\u00a0 zust\u00e4ndig und ist Ansprechpartner auf Fakult\u00e4tsebene f\u00fcr das Campus Management System.<\/p>\n<p>Fakult\u00e4tsplanerin: <a href=\"https:\/\/www.hsu-hh.de\/geiso\/startseite\/te\/\">Eliane Tenten<\/a><\/p>\n<p>Studiengangskoordinatorin: <a href=\"https:\/\/www.hsu-hh.de\/geiso\/la\">Valentina Dimova<\/a><\/p>\n<h2>I<strong>T<\/strong><strong>-Koordination<\/strong><\/h2>\n<p>Die <a href=\"https:\/\/www.hsu-hh.de\/it-gws\/\"><abbr title=\"Informationstechnologie\">IT<\/abbr>-Koordination<\/a> unterst\u00fctzt die Mitglieder der Fakult\u00e4t f\u00fcr Geistes- und Sozialwissenschaften durch Information und Beratung bei der Planung und Anwendung der Datenverarbeitung an den <abbr title=\"Informationstechnologie\">IT<\/abbr>-Systemen der Fakult\u00e4t und bei der Nutzung der zentralen Systeme und Dienste des Rechenzentrums. Die technische Hilfe reicht von der Unterst\u00fctzung bei der Installation von Hard- und Software bis zur Mitwirkung bei der L\u00f6sung von Anwendungsproblemen.<\/p>\n<p><a href=\"https:\/\/www.hsu-hh.de\/it-gws\/team\"><abbr title=\"Doktor\">Dr.<\/abbr> Manuel Thiel<\/a><br \/>\n<a href=\"https:\/\/www.hsu-hh.de\/it-gws\/team\">Stephanie Ibscher<\/a><br \/>\n<a href=\"https:\/\/www.hsu-hh.de\/it-gws\/team\">Justin Piper<\/a><\/p>\n<h2><strong>Postanschrift<\/strong><\/h2>\n<p>Helmut-Schmidt-Universit\u00e4t \/Universit\u00e4t der Bundeswehr Hamburg<br \/>\nFakult\u00e4t f\u00fcr Geistes- und Sozialwissenschaften<br \/>\nPostfach 700822<br \/>\n22008 Hamburg<\/p>\n<h2>Besucheranschrift<\/h2>\n<p>Helmut-Schmidt-Universit\u00e4t \/Universit\u00e4t der Bundeswehr Hamburg<br \/>\nGeb\u00e4ude H1<br \/>\nHolstenhofweg 85<br \/>\n22043 Hamburg<\/p>\n<p><img loading=\"lazy\" decoding=\"async\" class=\"wp-image-1263 size-news1-image\" src=\"https:\/\/www.hsu-hh.de\/geiso\/wp-content\/uploads\/sites\/497\/2018\/01\/DSC_0003_3Spalter-400x200.jpg\" alt=\"Dekanat\" width=\"400\" height=\"200\" \/><\/p>\n<\/div>\n<\/div>\n<\/div>\n<p><a href=\"https:\/\/www.hsu-hh.de\/geiso\/anfahrt\">Anfahrt und Lagepl\u00e4ne<\/a><\/p>\n","protected":false},"excerpt":{"rendered":"<p>Dekanat Das Leitungsgremium der Fakult\u00e4t besteht aus Dekan*in und Prodekan*in. Der\/die Dekan*in vertritt die Fakult\u00e4t innerhalb der HSU\/UniBw H und f\u00fchrt die laufenden Gesch\u00e4fte in eigener Zust\u00e4ndigkeit. Dekan: Univ.-Prof. Dr. [&hellip;]<\/p>\n","protected":false},"author":27,"featured_media":0,"parent":0,"menu_order":0,"comment_status":"closed","ping_status":"closed","template":"","meta":{"footnotes":""},"categories":[8],"tags":[113,45,115],"class_list":["post-183","page","type-page","status-publish","hentry","category-team","tag-dekanat","tag-kontakt","tag-studiendekanate"],"_links":{"self":[{"href":"https:\/\/www.hsu-hh.de\/geiso\/wp-json\/wp\/v2\/pages\/183","targetHints":{"allow":["GET"]}}],"collection":[{"href":"https:\/\/www.hsu-hh.de\/geiso\/wp-json\/wp\/v2\/pages"}],"about":[{"href":"https:\/\/www.hsu-hh.de\/geiso\/wp-json\/wp\/v2\/types\/page"}],"author":[{"embeddable":true,"href":"https:\/\/www.hsu-hh.de\/geiso\/wp-json\/wp\/v2\/users\/27"}],"replies":[{"embeddable":true,"href":"https:\/\/www.hsu-hh.de\/geiso\/wp-json\/wp\/v2\/comments?post=183"}],"version-history":[{"count":133,"href":"https:\/\/www.hsu-hh.de\/geiso\/wp-json\/wp\/v2\/pages\/183\/revisions"}],"predecessor-version":[{"id":4660,"href":"https:\/\/www.hsu-hh.de\/geiso\/wp-json\/wp\/v2\/pages\/183\/revisions\/4660"}],"wp:attachment":[{"href":"https:\/\/www.hsu-hh.de\/geiso\/wp-json\/wp\/v2\/media?parent=183"}],"wp:term":[{"taxonomy":"category","embeddable":true,"href":"https:\/\/www.hsu-hh.de\/geiso\/wp-json\/wp\/v2\/categories?post=183"},{"taxonomy":"post_tag","embeddable":true,"href":"https:\/\/www.hsu-hh.de\/geiso\/wp-json\/wp\/v2\/tags?post=183"}],"curies":[{"name":"wp","href":"https:\/\/api.w.org\/{rel}","templated":true}]}}