{"id":177,"date":"2017-08-24T16:39:35","date_gmt":"2017-08-24T14:39:35","guid":{"rendered":"https:\/\/www.hsu-hh.de\/geiso\/?page_id=177"},"modified":"2026-03-03T14:51:34","modified_gmt":"2026-03-03T13:51:34","slug":"studierende","status":"publish","type":"page","link":"https:\/\/www.hsu-hh.de\/geiso\/startseite\/studierende","title":{"rendered":"Informationen f\u00fcr Studierende und Lehrende"},"content":{"rendered":"\n<h2 class=\"wp-block-heading\">Lehrangebot der Fakult\u00e4t<\/h2>\n\n\n\n<p>Hier finden Sie die aktuellen Modulhandb\u00fccher der an der Fakult\u00e4t <abbr title=\"Geistes-und Sozialwissenschaften\">GeiSo<\/abbr> angebotenen Studieng\u00e4nge, die Pr\u00fcfungsordnung f\u00fcr jeden Studiengang, das aktuelle Lehrangebot der Fakult\u00e4t und erste Informationen f\u00fcr Lehrbeauftragte.&nbsp; <br><a href=\"https:\/\/www.hsu-hh.de\/geiso\/dekanat\">Ansprechpartner*innen<\/a> sind, je nach Anliegen, die Modulverantwortlichen (siehe Modulhandb\u00fccher), die <a href=\"https:\/\/www.hsu-hh.de\/geiso\/dekanat\">Studiendekane<\/a> und die <a href=\"https:\/\/www.hsu-hh.de\/geiso\/fakultaetsplanung\" data-type=\"page\" data-id=\"3116\">Fakult\u00e4tsplanung\/Studiengangskoordination<\/a> (<a href=\"mailto:fakultaetsplanung.geiso@hsu-hh.de\" rel='nofollow'>fakultaetsplanung.geiso@hsu-hh.de<\/a>).<\/p>\n\n\n\n<p>Tagesaktuelle und verbindliche Informationen \u00fcber die Lehrveranstaltungen der Fakult\u00e4t finden Studierende und Lehrende im <a href=\"https:\/\/campus.hsu-hh.de\/qisserver\/rds?state=user&amp;type=0\" rel='nofollow'>Campus Portal der <abbr title=\"Helmut Schmidt Universit\u00e4t\">HSU<\/abbr><\/a> (Anmeldung erforderlich). Bitte wechseln Sie gegebenenfalls ins aktuelle Trimester und klicken Sie auf &#8222;Veranstaltungen&#8220;.<br><strong><br>Beginn und Ende der Lehrveranstaltungen im Herbsttrimester (<abbr title=\"Herbsttrimester\">HT<\/abbr>) 2025: 29. September 2025 &#8211; 19. Dezember 2025<br>Beginn und Ende der Lehrveranstaltungen im Wintertrimester (<abbr title=\"Wintertrimester\">WT<\/abbr>) 2026: 05. Januar 2026 &#8211; 27. M\u00e4rz 2026<\/strong><br><strong>Beginn und Ende der Lehrveranstaltungen im<\/strong> <strong>Fr\u00fchjahrstrimester (<abbr title=\"Fr\u00fchjahrstrimester\">FT<\/abbr>) 2026: 07. April 2026 &#8211; 29. Juni 2026<\/strong><br><strong>Beginn und Ende der Lehrveranstaltungen im Herbsttrimester (<abbr title=\"Herbsttrimester\">HT<\/abbr>) 2026: 28. September 2026 &#8211; 18. Dezember 2026<br>Beginn und Ende der Lehrveranstaltungen im Wintertrimester (<abbr title=\"Wintertrimester\">WT<\/abbr>) 2027: 04. Januar 2027 &#8211; 25. M\u00e4rz 202<\/strong>7<br><strong>Beginn und Ende der Lehrveranstaltungen im<\/strong> <strong>Fr\u00fchjahrstrimester (<abbr title=\"Fr\u00fchjahrstrimester\">FT<\/abbr>) 2027: 05. April 2027 &#8211; 25. Juni 202<\/strong>7<\/p>\n\n\n\n<div class=\"wp-block-columns is-layout-flex wp-container-core-columns-is-layout-9d6595d7 wp-block-columns-is-layout-flex\">\n<div class=\"wp-block-column is-layout-flow wp-block-column-is-layout-flow\" style=\"flex-basis:100%\">\n<p>Leitf\u00e4den zur Anmeldung zu Veranstaltungen sowie die Lehrplanung mit Inhaltsangaben zu den Lehrveranstaltungen finden Studierende im internen Dekanatsbereich der Fakult\u00e4t (Intranet, siehe unten). Bitte beachten Sie, dass sich Zeiten und R\u00e4ume der Lehrveranstaltungen und die Lehrveranstaltungen selbst sich noch bis zu Beginn des Trimesters ver\u00e4ndern k\u00f6nnen. Tagesaktuelle Informationen finden Sie nur im Campus Management System (nur f\u00fcr <abbr title=\"Helmut Schmidt Universit\u00e4t\">HSU<\/abbr> Angeh\u00f6rige zug\u00e4nglich).<\/p>\n<\/div>\n<\/div>\n\n\n\n<div class=\"wp-block-hsu-downloadblock\"><div class=\"thumbnail-area\"><img decoding=\"async\" src=\"\/wp-content\/themes\/hsu\/img\/dummy\/downloads_dummy.png\" alt=\"Download Symbol-Icon\" \/><\/div><div class=\"text-area\">Lehrplanung_<abbr title=\"Geistes-und Sozialwissenschaften\">GeiSo<\/abbr>_<abbr title=\"Bildungs- und Erziehungswissenschaften\">BuErz<\/abbr> <abbr title=\"Fr\u00fchjahrstrimester\">FT<\/abbr> 26 Stand_03.03.2026<\/div><div class=\"download-area\"><a class=\"download-link\" href=\"https:\/\/www.hsu-hh.de\/geiso\/wp-content\/uploads\/sites\/497\/2026\/03\/Lehrplanung_GeiSo_BuErz-FT-26-Stand_03.03.2026-1.pdf\"><span class=\"download-name\">pdf laden<\/span><span class=\"download-icon\"><img decoding=\"async\" class=\"download-icon\" alt=\"download icon\" src=\"\/wp-content\/themes\/hsu\/img\/icons\/download_icon.png\" \/><\/span><span class=\"download-size\">193 kB<\/span><\/a><\/div><\/div>\n\n\n\n<div class=\"wp-block-hsu-downloadblock\"><div class=\"thumbnail-area\"><img decoding=\"async\" src=\"\/wp-content\/themes\/hsu\/img\/dummy\/downloads_dummy.png\" alt=\"Download Symbol-Icon\" \/><\/div><div class=\"text-area\">Lehrplanung_<abbr title=\"Geistes-und Sozialwissenschaften\">GeiSo<\/abbr>_PSY <abbr title=\"Fr\u00fchjahrstrimester\">FT<\/abbr> 26 Stand_03.03.2026<\/div><div class=\"download-area\"><a class=\"download-link\" href=\"https:\/\/www.hsu-hh.de\/geiso\/wp-content\/uploads\/sites\/497\/2026\/03\/Lehrplanung_GeiSo_PSY-FT-26-Stand_03.03.2026-1.pdf\"><span class=\"download-name\">pdf laden<\/span><span class=\"download-icon\"><img decoding=\"async\" class=\"download-icon\" alt=\"download icon\" src=\"\/wp-content\/themes\/hsu\/img\/icons\/download_icon.png\" \/><\/span><span class=\"download-size\">162 kB<\/span><\/a><\/div><\/div>\n\n\n\n<div class=\"wp-block-hsu-downloadblock\"><div class=\"thumbnail-area\"><img decoding=\"async\" src=\"\/wp-content\/themes\/hsu\/img\/dummy\/downloads_dummy.png\" alt=\"Download Symbol-Icon\" \/><\/div><div class=\"text-area\">Lehrplanung_<abbr title=\"Geistes-und Sozialwissenschaften\">GeiSo<\/abbr>_GES <abbr title=\"Fr\u00fchjahrstrimester\">FT<\/abbr> 26 Stand_03.03.2026<\/div><div class=\"download-area\"><a class=\"download-link\" href=\"https:\/\/www.hsu-hh.de\/geiso\/wp-content\/uploads\/sites\/497\/2026\/03\/Lehrplanung_GeiSo_GES-FT-26-Stand_03.03.2026-1.pdf\"><span class=\"download-name\">pdf laden<\/span><span class=\"download-icon\"><img decoding=\"async\" class=\"download-icon\" alt=\"download icon\" src=\"\/wp-content\/themes\/hsu\/img\/icons\/download_icon.png\" \/><\/span><span class=\"download-size\">215 kB<\/span><\/a><\/div><\/div>\n\n\n\n<h2 class=\"wp-block-heading\">Intranet<\/h2>\n\n\n\n<p>Im internen Dekanatsbereich finden Studierende Informationen zur Anmeldung zu den Veranstaltungen und <a href=\"https:\/\/intranet.hsu-hh.de\/go\/cat\/14198\" data-type=\"link\" data-id=\"https:\/\/intranet.hsu-hh.de\/go\/cat\/14198\" rel='nofollow'>weitere Informationen zu den einzelnen Studieng\u00e4ngen der Fakult\u00e4t<\/a> (nur f\u00fcr Angeh\u00f6rige der <abbr title=\"Helmut Schmidt Universit\u00e4t\">HSU<\/abbr> zug\u00e4nglich).<\/p>\n\n\n<div>\n<h2>Modulhandb\u00fccher<\/h2>\n<h3>Studiengang Bildungs- und Erziehungswissenschaften<\/h3>\n<div class=\"col-xs-12 downloads-item\">\n<div class=\"row border-line\">\n<div class=\"thumbnail-area\"><img decoding=\"async\" class=\"download-image\" src=\"\/wp-content\/themes\/hsu\/img\/dummy\/downloads_dummy.png\" alt=\"\" \/><\/div>\n<div class=\"text-area\"><span class=\"download-text\">Modulhandbuch BA Studiengang Bildungs- und Erziehungswissenschaft ab <abbr title=\"Jahrgang\">Jg.<\/abbr> 2019 27.01.2026<\/span><\/div>\n<div class=\"download-area\"><a class=\"download-link\" href=\"https:\/\/www.hsu-hh.de\/geiso\/wp-content\/uploads\/sites\/497\/2026\/01\/Modulhandbuch-BA-BuErz-19-Stand-27.01.2026.pdf\"><span class=\"download-name\">pdf laden<\/span><span class=\"donwload-icon\"><img decoding=\"async\" class=\"download-icon\" src=\"\/wp-content\/themes\/hsu\/img\/icons\/download_icon.png\" alt=\"download icon\" \/><\/span><span class=\"download-size\">853 kB<\/span><\/a><\/div>\n<\/div>\n<\/div>\n<div class=\"col-xs-12 downloads-item\">\n<div class=\"row border-line\">\n<div class=\"thumbnail-area\"><img decoding=\"async\" class=\"download-image\" src=\"\/wp-content\/themes\/hsu\/img\/dummy\/downloads_dummy.png\" alt=\"\" \/><\/div>\n<div class=\"text-area\"><span class=\"download-text\">Modulhandbuch MA Studiengang Bildungs- und Erziehungswissenschaft ab <abbr title=\"Jahrgang\">Jg.<\/abbr> 2017 ( Beginn Master <abbr title=\"Wintertrimester\">WT<\/abbr> 2020) 27.01.2026<\/span><\/div>\n<div class=\"download-area\"><a class=\"download-link\" href=\"https:\/\/www.hsu-hh.de\/geiso\/wp-content\/uploads\/sites\/497\/2026\/01\/Modulhandbuch-MA-BuErz-19-Stand-27.01.2026.pdf\"><span class=\"download-name\">pdf laden<\/span><span class=\"donwload-icon\"><img decoding=\"async\" class=\"download-icon\" src=\"\/wp-content\/themes\/hsu\/img\/icons\/download_icon.png\" alt=\"download icon\" \/><\/span><span class=\"download-size\">687 kB<\/span><\/a><\/div>\n<\/div>\n<\/div>\n<div class=\"col-xs-12 downloads-item\">\n<div class=\"row border-line\">\n<div class=\"thumbnail-area\"><img decoding=\"async\" class=\"download-image\" src=\"\/wp-content\/themes\/hsu\/img\/dummy\/downloads_dummy.png\" alt=\"\" \/><\/div>\n<div class=\"text-area\"><span class=\"download-text\">Modulhandbuch BA und MA Studiengang Bildungs- und Erziehungswissenschaft ab <abbr title=\"Jahrgang\">Jg.<\/abbr> 2012 bis <abbr title=\"Jahrgang\">Jg.<\/abbr> 2018 f\u00fcr das BA- Studium und ab <abbr title=\"Jahrgang\">Jg.<\/abbr> 2010 bis <abbr title=\"Jahrgang\">Jg.<\/abbr> 2016 f\u00fcr das MA-Studium (Aufnahme des MA-Studiums ab <abbr title=\"Wintertrimester\">WT<\/abbr> 2013 und bis <abbr title=\"Wintertrimester\">WT<\/abbr> 2019)<\/span><\/div>\n<div class=\"download-area\"><a class=\"download-link\" href=\"https:\/\/www.hsu-hh.de\/geiso\/wp-content\/uploads\/sites\/497\/2019\/08\/Modulhandbuch-BA-MA-BuErz21.08.2019.pdf\"><span class=\"download-name\">pdf laden<\/span><span class=\"donwload-icon\"><img decoding=\"async\" class=\"download-icon\" src=\"\/wp-content\/themes\/hsu\/img\/icons\/download_icon.png\" alt=\"download icon\" \/><\/span><span class=\"download-size\">2 MB<\/span><\/a><\/div>\n<\/div>\n<\/div>\n<h3>Studiengang Geschichte<\/h3>\n<div class=\"col-xs-12 downloads-item\">\n<div class=\"row border-line\">\n<div class=\"thumbnail-area\"><img decoding=\"async\" class=\"download-image\" src=\"\/wp-content\/themes\/hsu\/img\/dummy\/downloads_dummy.png\" alt=\"\" \/><\/div>\n<div class=\"text-area\"><span class=\"download-text\">Modulhandbuch MA Studiengang Geschichte ab <abbr title=\"Jahrgang\">Jg.<\/abbr> 21 (Beginn Master <abbr title=\"Wintertrimester\">WT<\/abbr>24) Stand 27.01.2026<\/span><\/div>\n<div class=\"download-area\"><a class=\"download-link\" href=\"https:\/\/www.hsu-hh.de\/geiso\/wp-content\/uploads\/sites\/497\/2026\/01\/Modulhandbuch-MA-Geschichte-23-27.01.2026.pdf\"><span class=\"download-name\">pdf laden<\/span><span class=\"donwload-icon\"><img decoding=\"async\" class=\"download-icon\" src=\"\/wp-content\/themes\/hsu\/img\/icons\/download_icon.png\" alt=\"download icon\" \/><\/span><span class=\"download-size\">626 kB<\/span><\/a><\/div>\n<\/div>\n<\/div>\n<div class=\"col-xs-12 downloads-item\">\n<div class=\"row border-line\">\n<div class=\"thumbnail-area\"><img decoding=\"async\" class=\"download-image\" src=\"\/wp-content\/themes\/hsu\/img\/dummy\/downloads_dummy.png\" alt=\"\" \/><\/div>\n<div class=\"text-area\"><span class=\"download-text\">Modulhandbuch BA-Geschichte ab <abbr title=\"Jahrgang\">Jg.<\/abbr> 23 27.01.2026<\/span><\/div>\n<div class=\"download-area\"><a class=\"download-link\" href=\"https:\/\/www.hsu-hh.de\/geiso\/wp-content\/uploads\/sites\/497\/2026\/01\/Modulhandbuch-BA-Geschichte-23-27.01.2026.pdf\"><span class=\"download-name\">pdf laden<\/span><span class=\"donwload-icon\"><img decoding=\"async\" class=\"download-icon\" src=\"\/wp-content\/themes\/hsu\/img\/icons\/download_icon.png\" alt=\"download icon\" \/><\/span><span class=\"download-size\">1 MB<\/span><\/a><\/div>\n<\/div>\n<\/div>\n<div class=\"col-xs-12 downloads-item\">\n<div class=\"row border-line\">\n<div class=\"thumbnail-area\"><img decoding=\"async\" class=\"download-image\" src=\"\/wp-content\/themes\/hsu\/img\/dummy\/downloads_dummy.png\" alt=\"\" \/><\/div>\n<div class=\"text-area\"><span class=\"download-text\">Modulhandbuch MA Studiengang Geschichte ab <abbr title=\"Jahrgang\">Jg.<\/abbr> 2017<\/span><\/div>\n<div class=\"download-area\"><a class=\"download-link\" href=\"https:\/\/www.hsu-hh.de\/geiso\/wp-content\/uploads\/sites\/497\/2022\/08\/Modulhandbuch-MA-Geschichte-11.08.2022.pdf\"><span class=\"download-name\">pdf laden<\/span><span class=\"donwload-icon\"><img decoding=\"async\" class=\"download-icon\" src=\"\/wp-content\/themes\/hsu\/img\/icons\/download_icon.png\" alt=\"download icon\" \/><\/span><span class=\"download-size\">753 kB<\/span><\/a><\/div>\n<\/div>\n<\/div>\n<div class=\"col-xs-12 downloads-item\">\n<div class=\"row border-line\">\n<div class=\"thumbnail-area\"><img decoding=\"async\" class=\"download-image\" src=\"\/wp-content\/themes\/hsu\/img\/dummy\/downloads_dummy.png\" alt=\"\" \/><\/div>\n<div class=\"text-area\"><span class=\"download-text\">Modulhandbuch BA Studiengang Geschichte ab <abbr title=\"Jahrgang\">Jg.<\/abbr> 2019<\/span><\/div>\n<div class=\"download-area\"><a class=\"download-link\" href=\"https:\/\/www.hsu-hh.de\/geiso\/wp-content\/uploads\/sites\/497\/2022\/08\/Modulhandbuch-BA-Geschichte-11.08.2022.pdf\"><span class=\"download-name\">pdf laden<\/span><span class=\"donwload-icon\"><img decoding=\"async\" class=\"download-icon\" src=\"\/wp-content\/themes\/hsu\/img\/icons\/download_icon.png\" alt=\"download icon\" \/><\/span><span class=\"download-size\">1 MB<\/span><\/a><\/div>\n<\/div>\n<\/div>\n<div class=\"col-xs-12 downloads-item\">\n<div class=\"row border-line\">\n<div class=\"thumbnail-area\"><img decoding=\"async\" class=\"download-image\" src=\"\/wp-content\/themes\/hsu\/img\/dummy\/downloads_dummy.png\" alt=\"\" \/><\/div>\n<div class=\"text-area\"><span class=\"download-text\">Modulhandbuch BA Studiengang Geschichtswissenschaft ab <abbr title=\"Jahrgang\">Jg.<\/abbr> 2012 bis <abbr title=\"Jahrgang\">Jg.<\/abbr> 2018<br \/><\/span><\/div>\n<div class=\"download-area\"><a class=\"download-link\" href=\"https:\/\/www.hsu-hh.de\/geiso\/wp-content\/uploads\/sites\/497\/2019\/08\/Modulhandbuch_BA_Geschichte-31.01.2019.pdf\"><span class=\"download-name\">pdf laden<\/span><span class=\"donwload-icon\"><img decoding=\"async\" class=\"download-icon\" src=\"\/wp-content\/themes\/hsu\/img\/icons\/download_icon.png\" alt=\"download icon\" \/><\/span><span class=\"download-size\">1 MB<\/span><\/a><\/div>\n<\/div>\n<\/div>\n<div class=\"col-xs-12 downloads-item\">\n<div class=\"row border-line\">\n<div class=\"thumbnail-area\"><img decoding=\"async\" class=\"download-image\" src=\"\/wp-content\/themes\/hsu\/img\/dummy\/downloads_dummy.png\" alt=\"\" \/><\/div>\n<div class=\"text-area\"><span class=\"download-text\">Modulhandbuch MA Studiengang Geschichtswissenschaft ab <abbr title=\"Jahrgang\">Jg.<\/abbr> 2010 bis <abbr title=\"Jahrgang\">Jg.<\/abbr> 2016 (Aufnahme des MA-Studiums ab <abbr title=\"Wintertrimester\">WT<\/abbr> 2013 bis <abbr title=\"Wintertrimester\">WT<\/abbr> 2019)<\/span><\/div>\n<div class=\"download-area\"><a class=\"download-link\" href=\"https:\/\/www.hsu-hh.de\/geiso\/wp-content\/uploads\/sites\/497\/2019\/08\/Modulhandbuch-MA-Geschichte-02.02.2019.pdf\"><span class=\"download-name\">pdf laden<\/span><span class=\"donwload-icon\"><img decoding=\"async\" class=\"download-icon\" src=\"\/wp-content\/themes\/hsu\/img\/icons\/download_icon.png\" alt=\"download icon\" \/><\/span><span class=\"download-size\">659 KB<\/span><\/a><\/div>\n<\/div>\n<\/div>\n<h3>Studiengang Psychologie<\/h3>\n<div class=\"col-xs-12 downloads-item\">\n<div class=\"row border-line\">\n<div class=\"thumbnail-area\"><img decoding=\"async\" class=\"download-image\" src=\"\/wp-content\/themes\/hsu\/img\/dummy\/downloads_dummy.png\" alt=\"\" \/><\/div>\n<div class=\"text-area\"><span class=\"download-text\">Modulhandbuch Psychologie BA ab <abbr title=\"Herbsttrimester\">HT<\/abbr> 24 (<abbr title=\"Jahrgang\">Jg.<\/abbr> 24) u. MA ab <abbr title=\"Wintertrimester\">WT<\/abbr> 25 (<abbr title=\"Jahrgang\">Jg.<\/abbr> 22) Stand 04.02.2026<\/span><\/div>\n<div class=\"download-area\"><a class=\"download-link\" href=\"https:\/\/www.hsu-hh.de\/geiso\/wp-content\/uploads\/sites\/497\/2026\/02\/Mhb-Psychologie-ab-HT-24-Jg.-24-und-ab-WT-25-Jg.22-Stand-04.02.2026.pdf\"><span class=\"download-name\">pdf laden<\/span><span class=\"donwload-icon\"><img decoding=\"async\" class=\"download-icon\" src=\"\/wp-content\/themes\/hsu\/img\/icons\/download_icon.png\" alt=\"download icon\" \/><\/span><span class=\"download-size\">1 MB<\/span><\/a><\/div>\n<\/div>\n<\/div>\n<\/div>\n<div>\u00a0<\/div>\n<div>\n<div class=\"col-xs-12 downloads-item\">\n<div class=\"row border-line\">\n<div class=\"thumbnail-area\"><img decoding=\"async\" class=\"download-image\" src=\"\/wp-content\/themes\/hsu\/img\/dummy\/downloads_dummy.png\" alt=\"\" \/><\/div>\n<div class=\"text-area\"><span class=\"download-text\">Modulhandbuch Psychologie ab <abbr title=\"Jahrgang\">Jg.<\/abbr> 20 (ab Beginn BA <abbr title=\"Herbsttrimester\">HT<\/abbr> 20 + ab Beginn MA <abbr title=\"Wintertrimester\">WT<\/abbr> 23) Stand 28.06.2023<\/span><\/div>\n<div class=\"download-area\"><a class=\"download-link\" href=\"https:\/\/www.hsu-hh.de\/geiso\/wp-content\/uploads\/sites\/497\/2024\/02\/MhB-Psychologie-BA-ab-Jg.-20-MA-ab-Jg.-21-mit-Praktmodul-MA-PSY-Stand-28.06.2023.pdf\"><span class=\"download-name\">pdf laden<\/span><span class=\"donwload-icon\"><img decoding=\"async\" class=\"download-icon\" src=\"\/wp-content\/themes\/hsu\/img\/icons\/download_icon.png\" alt=\"download icon\" \/><\/span><span class=\"download-size\">1 MB<\/span><\/a><\/div>\n<\/div>\n<\/div>\n<div class=\"col-xs-12 downloads-item\">\n<div class=\"row border-line\">\n<div class=\"thumbnail-area\"><img decoding=\"async\" class=\"download-image\" src=\"\/wp-content\/themes\/hsu\/img\/dummy\/downloads_dummy.png\" alt=\"\" \/><\/div>\n<div class=\"text-area\"><span class=\"download-text\">Modulhandbuch Psychologie ab <abbr title=\"Jahrgang\">Jg.<\/abbr> 20 (Beginn BA <abbr title=\"Herbsttrimester\">HT<\/abbr> 20) <abbr title=\"Jahrgang\">Jg.<\/abbr>18 und <abbr title=\"Jahrgang\">Jg.<\/abbr> 19 (Beginn MA <abbr title=\"Wintertrimester\">WT<\/abbr> 21 und <abbr title=\"Wintertrimester\">WT<\/abbr> 22) Stand 08.12.2021<\/span><\/div>\n<div class=\"download-area\"><a class=\"download-link\" href=\"https:\/\/www.hsu-hh.de\/geiso\/wp-content\/uploads\/sites\/497\/2021\/12\/MhB-Psychologie-BA-ab-Jg.-20-MA-bis-Jg.19-Stand-08.12.2021.pdf\"><span class=\"download-name\">pdf laden<\/span><span class=\"donwload-icon\"><img decoding=\"async\" class=\"download-icon\" src=\"\/wp-content\/themes\/hsu\/img\/icons\/download_icon.png\" alt=\"download icon\" \/><\/span><span class=\"download-size\">1 MB<\/span><\/a><\/div>\n<\/div>\n<\/div>\n<div class=\"col-xs-12 downloads-item\">\n<div class=\"row border-line\">\n<div class=\"thumbnail-area\"><img decoding=\"async\" class=\"download-image\" src=\"\/wp-content\/themes\/hsu\/img\/dummy\/downloads_dummy.png\" alt=\"\" \/><\/div>\n<div class=\"text-area\"><span class=\"download-text\">Modulhandbuch BA und MA Studiengang Psychologie ab <abbr title=\"Jahrgang\">Jg.<\/abbr> 2012 bis <abbr title=\"Jahrgang\">Jg.<\/abbr> 2018 f\u00fcr das BA- Studium und ab <abbr title=\"Jahrgang\">Jg.<\/abbr> 2010 bis <abbr title=\"Jahrgang\">Jg.<\/abbr> 2016 f\u00fcr das MA-Studium (Aufnahme des MA-Studiums ab <abbr title=\"Wintertrimester\">WT<\/abbr> 2013 und bis <abbr title=\"Wintertrimester\">WT<\/abbr> 2019)<\/span><\/div>\n<div class=\"download-area\"><a class=\"download-link\" href=\"https:\/\/www.hsu-hh.de\/geiso\/wp-content\/uploads\/sites\/497\/2023\/07\/MHB-Psychologie-22.08.19-1.pdf\"><span class=\"download-name\">pdf laden<\/span><span class=\"donwload-icon\"><img decoding=\"async\" class=\"download-icon\" src=\"\/wp-content\/themes\/hsu\/img\/icons\/download_icon.png\" alt=\"download icon\" \/><\/span><span class=\"download-size\">1 MB<\/span><\/a><\/div>\n<\/div>\n<\/div>\n<div class=\"col-xs-12 downloads-item\">\n<div class=\"row border-line\">\n<div class=\"thumbnail-area\"><img decoding=\"async\" class=\"download-image\" src=\"\/wp-content\/themes\/hsu\/img\/dummy\/downloads_dummy.png\" alt=\"\" \/><\/div>\n<div class=\"text-area\"><span class=\"download-text\">Modulhandbuch BA und MA Studiengang Psychologie <abbr title=\"Jahrgang\">Jg.<\/abbr> 2019 f\u00fcr das BA-Studium und <abbr title=\"Jahrgang\">Jg.<\/abbr> 2017 f\u00fcr das MA-Studium (Aufnahme des MA-Studiums im <abbr title=\"Wintertrimester\">WT<\/abbr> 2020)<\/span><\/div>\n<div class=\"download-area\"><a class=\"download-link\" href=\"https:\/\/www.hsu-hh.de\/geiso\/wp-content\/uploads\/sites\/497\/2020\/01\/MHB-Psychologie-May-Ersatz-26.11.19.pdf\"><span class=\"download-name\">pdf laden<\/span><span class=\"donwload-icon\"><img decoding=\"async\" class=\"download-icon\" src=\"\/wp-content\/themes\/hsu\/img\/icons\/download_icon.png\" alt=\"download icon\" \/><\/span><span class=\"download-size\">1 MB<\/span><\/a><\/div>\n<\/div>\n<\/div>\n<\/div>\n<div>\n<h2><strong>Pr\u00fcfungsordnungen<\/strong><\/h2>\n<p>Allgemeine Pr\u00fcfungsordnung der Helmut-Schmidt-Universit\u00e4t <a href=\"https:\/\/www.hsu-hh.de\/asv\/pruefungsordnungen\">(APO)<\/a><\/p>\n<p>Fachspezifische Pr\u00fcfungsordnungen f\u00fcr den Studiengang Bildungs- und Erziehungswissenschaft <a href=\"https:\/\/www.hsu-hh.de\/asv\/studiengaenge\/\">(FSPO <abbr title=\"Bildungs- und Erziehungswissenschaften\">BuErz<\/abbr>)<\/a><\/p>\n<p>Fachspezifische Pr\u00fcfungsordnungen f\u00fcr den Studiengang Geschichte <a href=\"https:\/\/www.hsu-hh.de\/asv\/studiengaenge\/\">(FSPO Geschichte)<\/a><\/p>\n<p>Fachspezifische Pr\u00fcfungsordnung f\u00fcr den Studiengang Psychologie <a href=\"https:\/\/www.hsu-hh.de\/asv\/studiengaenge\/\">(FSPO Psychologie)<\/a><\/p>\n<p>Weitere Ordnungen, Regelungen, Richtlinien und Formulare finden Sie im <a href=\"https:\/\/intranet.hsu-hh.de\/ilias.php?baseClass=ilrepositorygui&amp;ref_id=12312\" rel='nofollow'>Pr\u00fcfungsamt <\/a>oder bei der <a href=\"https:\/\/www.hsu-hh.de\/asv\">akademischen Selbstverwaltung<\/a> der Helmut-Schmidt-Universit\u00e4t sowie im <a href=\"https:\/\/intranet.hsu-hh.de\/ilias.php?baseClass=ilDashboardGUI&amp;cmd=jumpToSelectedItems\" rel='nofollow'>Intranet<\/a>.<\/p>\n<\/div>\n<p><a href=\"https:\/\/www.hsu-hh.de\/geiso\/informationen-fuer-lehrbeauftragte\">Informationen f\u00fcr Lehrbeauftragte<\/a><\/p>\n<div><a href=\"https:\/\/www.hsu-hh.de\/geiso\/praktika\">Praktika<\/a><\/div>\n<div>\u00a0<\/div>\n<div><a href=\"https:\/\/www.hsu-hh.de\/geiso\/sonstige-einrichtungen\">sonstige Einrichtungen<\/a><\/div>\n<div>\u00a0<\/div>\n\n\n<p>Die Klausurtermine finden Sie auf der Seite&nbsp;des <a href=\"https:\/\/www.hsu-hh.de\/campusinfo\/klausurtermine\">Pr\u00fcfungsamtes.<\/a><\/p>\n\n\n\n<p><\/p>\n","protected":false},"excerpt":{"rendered":"<p>Lehrangebot der Fakult\u00e4t Hier finden Sie die aktuellen Modulhandb\u00fccher der an der Fakult\u00e4t GeiSo angebotenen Studieng\u00e4nge, die Pr\u00fcfungsordnung f\u00fcr jeden Studiengang, das aktuelle Lehrangebot der Fakult\u00e4t und erste Informationen f\u00fcr [&hellip;]<\/p>\n","protected":false},"author":27,"featured_media":0,"parent":73,"menu_order":0,"comment_status":"closed","ping_status":"closed","template":"","meta":{"footnotes":""},"categories":[6],"tags":[105,101,43,97,74,103,99,76],"class_list":["post-177","page","type-page","status-publish","hentry","category-lehre","tag-auslandssudium","tag-formulare","tag-lehrangebot","tag-lehrbeauftragten","tag-lehrende","tag-modulhandbuecher","tag-ordnungen","tag-studierende"],"_links":{"self":[{"href":"https:\/\/www.hsu-hh.de\/geiso\/wp-json\/wp\/v2\/pages\/177","targetHints":{"allow":["GET"]}}],"collection":[{"href":"https:\/\/www.hsu-hh.de\/geiso\/wp-json\/wp\/v2\/pages"}],"about":[{"href":"https:\/\/www.hsu-hh.de\/geiso\/wp-json\/wp\/v2\/types\/page"}],"author":[{"embeddable":true,"href":"https:\/\/www.hsu-hh.de\/geiso\/wp-json\/wp\/v2\/users\/27"}],"replies":[{"embeddable":true,"href":"https:\/\/www.hsu-hh.de\/geiso\/wp-json\/wp\/v2\/comments?post=177"}],"version-history":[{"count":381,"href":"https:\/\/www.hsu-hh.de\/geiso\/wp-json\/wp\/v2\/pages\/177\/revisions"}],"predecessor-version":[{"id":4639,"href":"https:\/\/www.hsu-hh.de\/geiso\/wp-json\/wp\/v2\/pages\/177\/revisions\/4639"}],"up":[{"embeddable":true,"href":"https:\/\/www.hsu-hh.de\/geiso\/wp-json\/wp\/v2\/pages\/73"}],"wp:attachment":[{"href":"https:\/\/www.hsu-hh.de\/geiso\/wp-json\/wp\/v2\/media?parent=177"}],"wp:term":[{"taxonomy":"category","embeddable":true,"href":"https:\/\/www.hsu-hh.de\/geiso\/wp-json\/wp\/v2\/categories?post=177"},{"taxonomy":"post_tag","embeddable":true,"href":"https:\/\/www.hsu-hh.de\/geiso\/wp-json\/wp\/v2\/tags?post=177"}],"curies":[{"name":"wp","href":"https:\/\/api.w.org\/{rel}","templated":true}]}}