{"id":164,"date":"2017-08-24T15:14:19","date_gmt":"2017-08-24T13:14:19","guid":{"rendered":"https:\/\/www.hsu-hh.de\/geiso\/?page_id=164"},"modified":"2024-08-01T09:54:38","modified_gmt":"2024-08-01T07:54:38","slug":"te","status":"publish","type":"page","link":"https:\/\/www.hsu-hh.de\/geiso\/startseite\/te","title":{"rendered":"Eliane Tenten, lic. \u00e8s lettres (M.A.)"},"content":{"rendered":"<div class=\"ansprechparter-container\">\n<div class=\"row ansprechpartner-item ansprechparter-header\">\n<div class=\"col-xs-8 col-lg-12\" style=\"margin-bottom: 30px\"><\/div>\n<div class=\"col-md-4 col-lg-3 col-xs-4 ansprechpartner-item img-circle center-block\" style=\"margin-bottom: 30px;float: right\"><\/div>\n<div class=\"col-md-12 col-lg-3 col-xs-12 ansprechpartner-item kontakt\" style=\"margin-bottom: 30px;float: right\">\n<div class=\"row\">\n<div class=\"col-xs-6 col-lg-12\">\n<div class=\"row\">\n<div class=\"col-xs-12 col-lg-4 row-text bold\">Raum:<\/div>\n<div class=\"col-xs-12 col-lg-8 row-text\">2305<\/div>\n<\/div>\n<\/div>\n<div class=\"col-xs-6 col-lg-12\">\n<div class=\"row\">\n<div class=\"col-xs-12 col-lg-4 row-text bold\">Telefon:<\/div>\n<div class=\"col-xs-12 col-lg-8 row-text\">+49-40-6541-3680<\/div>\n<\/div>\n<\/div>\n<div class=\"col-xs-6 col-lg-12\">\n<div class=\"row\">\n<div class=\"col-xs-12 col-md-12 row-text bold\">Email:<\/div>\n<div>\u00a0\u00a0\u00a0 fakultaetsplanung.geiso<\/div>\n<div><\/div>\n<div>\u00a0\u00a0\u00a0 @hsu-hh.de<\/div>\n<div><\/div>\n<div class=\"col-xs-12 col-md-12 row-text\">eliane.tenten@hsu-hh.de<\/div>\n<\/div>\n<p><strong>URL: <\/strong><a href=\"https:\/\/www.hsu-hh.de\/geiso\/fakultaetsplanung\">Fakult\u00e4tsplanung<\/a><\/p>\n<\/div>\n<\/div>\n<\/div>\n<div class=\"col-md-6 col-lg-3 col-xs-12 ansprechpartner-item anschrift \">\n<div class=\"row-headline\">Besucheranschrift<\/div>\n<div class=\"row-text\">\n<p>Helmut-Schmidt-Universit\u00e4t<br \/>\nGeb\u00e4ude H1<\/p>\n<p>Holstenhofweg 85<br \/>\n22039 Hamburg<\/p>\n<\/div>\n<\/div>\n<div class=\"col-md-6 col-lg-3 col-xs-12 ansprechpartner-item anschrift\">\n<div class=\"row-headline\">Postanschrift<\/div>\n<div class=\"row-text\">\n<p>Helmut-Schmidt-Universit\u00e4t<br \/>\nFakult\u00e4t f\u00fcr Geistes- und Sozialwissenschaften<br \/>\nDekanat<\/p>\n<\/div>\n<p>Postfach 700822<br \/>\n22008 Hamburg<\/p>\n<\/div>\n<\/div>\n<\/div>\n<div class=\"clearfix\"><\/div>\n","protected":false},"excerpt":{"rendered":"<p>Raum: 2305 Telefon: +49-40-6541-3680 Email: \u00a0\u00a0\u00a0 fakultaetsplanung.geiso \u00a0\u00a0\u00a0 @hsu-hh.de eliane.tenten@hsu-hh.de URL: Fakult\u00e4tsplanung Besucheranschrift Helmut-Schmidt-Universit\u00e4t Geb\u00e4ude H1 Holstenhofweg 85 22039 Hamburg Postanschrift Helmut-Schmidt-Universit\u00e4t Fakult\u00e4t f\u00fcr Geistes- und Sozialwissenschaften Dekanat Postfach 700822 [&hellip;]<\/p>\n","protected":false},"author":27,"featured_media":0,"parent":73,"menu_order":0,"comment_status":"closed","ping_status":"closed","template":"","meta":{"footnotes":""},"categories":[8],"tags":[38],"class_list":["post-164","page","type-page","status-publish","hentry","category-team","tag-tenten"],"_links":{"self":[{"href":"https:\/\/www.hsu-hh.de\/geiso\/wp-json\/wp\/v2\/pages\/164","targetHints":{"allow":["GET"]}}],"collection":[{"href":"https:\/\/www.hsu-hh.de\/geiso\/wp-json\/wp\/v2\/pages"}],"about":[{"href":"https:\/\/www.hsu-hh.de\/geiso\/wp-json\/wp\/v2\/types\/page"}],"author":[{"embeddable":true,"href":"https:\/\/www.hsu-hh.de\/geiso\/wp-json\/wp\/v2\/users\/27"}],"replies":[{"embeddable":true,"href":"https:\/\/www.hsu-hh.de\/geiso\/wp-json\/wp\/v2\/comments?post=164"}],"version-history":[{"count":22,"href":"https:\/\/www.hsu-hh.de\/geiso\/wp-json\/wp\/v2\/pages\/164\/revisions"}],"predecessor-version":[{"id":3971,"href":"https:\/\/www.hsu-hh.de\/geiso\/wp-json\/wp\/v2\/pages\/164\/revisions\/3971"}],"up":[{"embeddable":true,"href":"https:\/\/www.hsu-hh.de\/geiso\/wp-json\/wp\/v2\/pages\/73"}],"wp:attachment":[{"href":"https:\/\/www.hsu-hh.de\/geiso\/wp-json\/wp\/v2\/media?parent=164"}],"wp:term":[{"taxonomy":"category","embeddable":true,"href":"https:\/\/www.hsu-hh.de\/geiso\/wp-json\/wp\/v2\/categories?post=164"},{"taxonomy":"post_tag","embeddable":true,"href":"https:\/\/www.hsu-hh.de\/geiso\/wp-json\/wp\/v2\/tags?post=164"}],"curies":[{"name":"wp","href":"https:\/\/api.w.org\/{rel}","templated":true}]}}