{"id":159,"date":"2017-08-24T14:50:56","date_gmt":"2017-08-24T12:50:56","guid":{"rendered":"https:\/\/www.hsu-hh.de\/geiso\/?page_id=159"},"modified":"2017-11-23T15:02:55","modified_gmt":"2017-11-23T14:02:55","slug":"historiefakgeiso","status":"publish","type":"page","link":"https:\/\/www.hsu-hh.de\/geiso\/historiefakgeiso","title":{"rendered":"Historie der Fakult\u00e4t"},"content":{"rendered":"<p>Die Fakult\u00e4t f\u00fcr Geistes- und Sozialwissenschaft ging aus dem \u201eFachbereich P\u00e4dagogik\u201c hervor, der zusammen mit drei anderen Fachbereichen im Gr\u00fcndungsjahr 1972 der damaligen \u201eHochschule der Bundeswehr Hamburg\u201c ins Leben gerufen wurde.<\/p>\n<p>Anfangs beschr\u00e4nkte sich das Studienangebot auf den Studiengang P\u00e4dagogik, in dem mit dem Abschluss Diplomp\u00e4dagogik die beiden Schwerpunktrichtungen Erwachsenenbildung oder Berufs- und Betriebsp\u00e4dagogik studiert werden konnten. Im Jahr 1991 wurde der Magister-Studiengang Geschichtswissenschaft etabliert, der mit einem zweiten Hauptfach \u2013 wahlweise Erziehungswissenschaft oder Sozialwissenschaft \u2013 angeboten wurde. 2012 wurden die konsekutiven Studieng\u00e4nge Psychologie als grundst\u00e4ndiger, voll umf\u00e4nglich angelegter Bachelor of Science und breit angelegter Master of Science mit den Studienschwerpunkten Urteilen &amp; Entscheiden, Beratung &amp; Intervention sowie Leadership &amp; Human Factors eingerichtet.<\/p>\n<p>Im Zuge der Umstellung des Diplom- und Magister-Studiums \u00e4nderte der Fachbereich im Januar 2007 seinen Namen in \u201eFakult\u00e4t f\u00fcr Geistes- und Sozialwissenschaften\u201c. Der ehemalige Diplom-Studiengang P\u00e4dagogik wurde umbenannt in Bachelor- und Masterstudiengang Bildungs- und Erziehungswissenschaft und der fr\u00fchere Magisterstudiengang Geschichte wird seither als Bachelor- und Master- Studiengang Geschichtswissenschaft durchgef\u00fchrt.<\/p>\n","protected":false},"excerpt":{"rendered":"<p>Die Fakult\u00e4t f\u00fcr Geistes- und Sozialwissenschaft ging aus dem \u201eFachbereich P\u00e4dagogik\u201c hervor, der zusammen mit drei anderen Fachbereichen im Gr\u00fcndungsjahr 1972 der damaligen \u201eHochschule der Bundeswehr Hamburg\u201c ins Leben gerufen [&hellip;]<\/p>\n","protected":false},"author":27,"featured_media":0,"parent":0,"menu_order":0,"comment_status":"closed","ping_status":"closed","template":"","meta":{"footnotes":""},"categories":[10],"tags":[36],"class_list":["post-159","page","type-page","status-publish","hentry","category-ueber","tag-historie-der-fakultaet-geiso"],"_links":{"self":[{"href":"https:\/\/www.hsu-hh.de\/geiso\/wp-json\/wp\/v2\/pages\/159","targetHints":{"allow":["GET"]}}],"collection":[{"href":"https:\/\/www.hsu-hh.de\/geiso\/wp-json\/wp\/v2\/pages"}],"about":[{"href":"https:\/\/www.hsu-hh.de\/geiso\/wp-json\/wp\/v2\/types\/page"}],"author":[{"embeddable":true,"href":"https:\/\/www.hsu-hh.de\/geiso\/wp-json\/wp\/v2\/users\/27"}],"replies":[{"embeddable":true,"href":"https:\/\/www.hsu-hh.de\/geiso\/wp-json\/wp\/v2\/comments?post=159"}],"version-history":[{"count":2,"href":"https:\/\/www.hsu-hh.de\/geiso\/wp-json\/wp\/v2\/pages\/159\/revisions"}],"predecessor-version":[{"id":801,"href":"https:\/\/www.hsu-hh.de\/geiso\/wp-json\/wp\/v2\/pages\/159\/revisions\/801"}],"wp:attachment":[{"href":"https:\/\/www.hsu-hh.de\/geiso\/wp-json\/wp\/v2\/media?parent=159"}],"wp:term":[{"taxonomy":"category","embeddable":true,"href":"https:\/\/www.hsu-hh.de\/geiso\/wp-json\/wp\/v2\/categories?post=159"},{"taxonomy":"post_tag","embeddable":true,"href":"https:\/\/www.hsu-hh.de\/geiso\/wp-json\/wp\/v2\/tags?post=159"}],"curies":[{"name":"wp","href":"https:\/\/api.w.org\/{rel}","templated":true}]}}