{"id":73,"date":"2017-07-03T15:52:08","date_gmt":"2017-07-03T13:52:08","guid":{"rendered":"https:\/\/www.hsu-hh.de\/vorlage\/?page_id=73"},"modified":"2026-03-24T10:36:57","modified_gmt":"2026-03-24T09:36:57","slug":"startseite","status":"publish","type":"page","link":"https:\/\/www.hsu-hh.de\/fuf\/","title":{"rendered":"Freunde und F\u00f6rderer"},"content":{"rendered":"<p>Der Verein der Freunde und F\u00f6rderer der Helmut-Schmidt-Universit\u00e4t\/Universit\u00e4t der Bundeswehr Hamburg e. V. ist die F\u00f6rderergesellschaft der <abbr title=\"Helmut Schmidt Universit\u00e4t\">HSU<\/abbr>. Die Gesellschaft hat sich die Unterst\u00fctzung der wissenschaftlichen Arbeit der Hochschule, vor allem des wissenschaftlichen Nachwuchses, zum Ziel gesetzt. Mehrere hundert Mitglieder, darunter eine Reihe von Firmen und Institutionen, setzen sich daf\u00fcr ein, dieses Ziel zu erreichen und der \u00f6konomischen und gesellschaftlichen Funktion der Universit\u00e4t zu dienen.<\/p>\n<figure id=\"attachment_262\" aria-describedby=\"caption-attachment-262\" style=\"width: 1024px\" class=\"wp-caption aligncenter\"><img loading=\"lazy\" decoding=\"async\" class=\"wp-image-262 size-large\" src=\"https:\/\/www.hsu-hh.de\/fuf\/wp-content\/uploads\/sites\/750\/2019\/03\/publicpreview1-1024x700.jpg\" alt=\"Verleihung Wissenschaftspreis 2019\" width=\"1024\" height=\"700\" srcset=\"https:\/\/www.hsu-hh.de\/fuf\/wp-content\/uploads\/sites\/750\/2019\/03\/publicpreview1-1024x700.jpg 1024w, https:\/\/www.hsu-hh.de\/fuf\/wp-content\/uploads\/sites\/750\/2019\/03\/publicpreview1-300x205.jpg 300w, https:\/\/www.hsu-hh.de\/fuf\/wp-content\/uploads\/sites\/750\/2019\/03\/publicpreview1-768x525.jpg 768w\" sizes=\"auto, (max-width: 1024px) 100vw, 1024px\" \/><figcaption id=\"caption-attachment-262\" class=\"wp-caption-text\">Verleihung des Wissenschaftspreises 2019 an Esteban Arroyo (Foto: Reinhard Scheiblich)<\/figcaption><\/figure>\n<h3>Unsere Ziele und Projekte<\/h3>\n<h2>F\u00f6rderung internationaler Kontakte<\/h2>\n<p>Die Freunde und F\u00f6rderer unterst\u00fctzen die Zusammenarbeit von Mitgliedern der <abbr title=\"Helmut Schmidt Universit\u00e4t\">HSU<\/abbr> und ihren internationalen Partnern. Die gemeinsamen Forschungsprojekte zwischen der Helmut-Schmidt-Universit\u00e4t und ausl\u00e4ndischen Hochschulen in der ganzen Welt erfordern Rahmenbedingungen, die einen Austausch \u00fcber L\u00e4ndergrenzen hinweg erm\u00f6glichen. Die immer enger werdende Verflechtung von Wirtschaft einerseits, aber auch Wissenschaft andererseits erfordert einen weltweiten Wissensaustausch und die Bildung von Netzwerken.<\/p>\n<h2>F\u00f6rderung kultureller Veranstaltungen<\/h2>\n<p>Die Helmut-Schmidt-Universit\u00e4t organisiert zahlreiche Veranstaltungen f\u00fcr die interessierte \u00d6ffentlichkeit wie Konzertabende oder Gastvorlesungen in- und ausl\u00e4ndischer Experten. Die Gemeinschaft profitiert aber auch von Ausstellungen, Ver\u00f6ffentlichungen neuester wissenschaftlicher Erkenntnisse und vielen anderen Projekten. Die Freunde und F\u00f6rderer leisten dabei finanzielle Zusch\u00fcsse und erm\u00f6glichen so oftmals erst die Durchf\u00fchrung von Veranstaltungen oder die Publikation von wissenschaftlichen Arbeiten.<\/p>\n<h2>F\u00f6rderung au\u00dfergew\u00f6hnlicher Leistungen<\/h2>\n<p>Nachwuchswissenschaftlerinnen und -wissenschaftler sollen f\u00fcr besondere Leistungen ausgezeichnet werden. F\u00fcr Publikationen und wissenschaftliche Arbeiten k\u00f6nnen finanzielle Unterst\u00fctzungen gew\u00e4hrt werden. Die Freunde und F\u00f6rderer vergeben j\u00e4hrlich einen Wissenschaftspreis f\u00fcr eine herausragende Dissertation, die an der <abbr title=\"Helmut Schmidt Universit\u00e4t\">HSU<\/abbr> entstanden ist.<\/p>\n<h3>Vorstand<\/h3>\n<h3>Vorstandsvorsitzende: Aydan \u00d6zo\u011fuz, MdB<\/h3>\n<p>Telefon: 040 \/ 68 94 45 45\u00a0 &#8211; Email: aydan.oezoguz.wk@bundestag.de<\/p>\n<h3>Gesch\u00e4ftsf\u00fchrer: <abbr title=\"Professor\">Prof.<\/abbr> <abbr title=\"Doktor\">Dr.<\/abbr> Klaus Beckmann<\/h3>\n<p>Helmut-Schmidt-Universit\u00e4t, Holstenhofweg\u00a0 85, 22043 Hamburg<br \/>\nTelefon: 040\/65412700 &#8211; Email: praesident@hsu-hh.de<\/p>\n<h3>weitere Mitglieder des Vorstands:<\/h3>\n<p>Dobschall, Lothar \/ Oberst a.D. <abbr title=\"Diplom\">Dipl.<\/abbr> <abbr title=\"Kaufmann\">Kfm.<\/abbr><br \/>\nGoldmann, Tim \/ <abbr title=\"Diplom\">Dipl.<\/abbr>-P\u00e4d.<br \/>\nHenke, J\u00fcrgen \/ <abbr title=\"Diplom\">Dipl.<\/abbr>-P\u00e4d.<\/p>\n<p>Hoppermann, Franziska \/ MdB<br \/>\nJahn, Carlos \/ <abbr title=\"Professor\">Prof.<\/abbr> <abbr title=\"Doktor\">Dr.<\/abbr>&#8211;<abbr title=\"Ingenieur\">Ing.<\/abbr><br \/>\nJ\u00fcrgensen, Gunnar \/ <abbr title=\"Diplom\">Dipl.<\/abbr>-Wi.-<abbr title=\"Ingenieur\">Ing.<\/abbr><br \/>\nLau, Roman \/ Oberst<\/p>\n<p>Kottkamp, Eckhard \/ <abbr title=\"Professor\">Prof.<\/abbr> <abbr title=\"Doktor\">Dr.<\/abbr>&#8211;<abbr title=\"Ingenieur\">Ing.<\/abbr><br \/>\nPuckhaber, Axel \/ LL.M. Eur., Kanzler<br \/>\nReitmann, Thomas \/ Ministerialrat<\/p>\n<p>Schmitz, Marco \/ <abbr title=\"Doktor\">Dr.<\/abbr><br \/>\nWulfsberg, Jens P. \/ <abbr title=\"Professor\">Prof.<\/abbr> <abbr title=\"Doktor\">Dr.<\/abbr>&#8211;<abbr title=\"Ingenieur\">Ing.<\/abbr><\/p>\n<h3>Gef\u00f6rderte Projekte<\/h3>\n<p>Gem\u00e4\u00df seiner Satzung verfolgt der Verein der Freunde und F\u00f6rderer der Helmut-Schmidt-Universit\u00e4t\/Universit\u00e4t der Bundeswehr Hamburg e. V. \u00a0mit seiner F\u00f6rderarbeit das Ziel, die wissenschaftliche Arbeit der Mitglieder der Universit\u00e4t zu unterst\u00fctzen und zu f\u00f6rdern und der \u00f6konomischen und gesellschaftlichen Funktion des Bildungsauftrages der <abbr title=\"Helmut Schmidt Universit\u00e4t\">HSU<\/abbr> zu dienen.<\/p>\n<p>Hinweise f\u00fcr die Beantragung von Mitteln zur F\u00f6rderung von Vorhaben, entnehmen Sie bitte der <a href=\"https:\/\/www.hsu-hh.de\/fuf\/wp-content\/uploads\/sites\/750\/2020\/08\/Satzung_FuF_20200818.pdf\">Satzung<\/a>.<\/p>\n<p>Eine \u00dcbersicht zu den gef\u00f6rderten Projekten des Vereins sind jahresweise aufgelistet und k\u00f6nnen hier eingesehen werden:<\/p>\n<div class=\"col-xs-12 downloads-item\">\n<div class=\"row border-line\">\n<div class=\"thumbnail-area\"><img decoding=\"async\" class=\"download-image\" src=\"\/wp-content\/themes\/hsu\/img\/dummy\/downloads_dummy.png\" alt=\"\" \/><\/div>\n<div class=\"text-area\"><span class=\"download-text\">\u00dcbersicht gef\u00f6rderte Projekte 2021<\/span><\/div>\n<div class=\"download-area\"><a class=\"download-link\" href=\"https:\/\/www.hsu-hh.de\/fuf\/wp-content\/uploads\/sites\/750\/2023\/03\/Uebersicht-gefoerderte-Projekte-2021.pdf\"><span class=\"download-name\">pdf laden<\/span><span class=\"donwload-icon\"><img decoding=\"async\" class=\"download-icon\" src=\"\/wp-content\/themes\/hsu\/img\/icons\/download_icon.png\" alt=\"download icon\" \/><\/span><span class=\"download-size\">541 kB<\/span><\/a><\/div>\n<\/div>\n<\/div>\n<div class=\"col-xs-12 downloads-item\">\n<div class=\"row border-line\">\n<div class=\"thumbnail-area\"><img decoding=\"async\" class=\"download-image\" src=\"\/wp-content\/themes\/hsu\/img\/dummy\/downloads_dummy.png\" alt=\"\" \/><\/div>\n<div class=\"text-area\"><span class=\"download-text\">\u00dcbersicht gef\u00f6rderte Projekte 2022<\/span><\/div>\n<div class=\"download-area\"><a class=\"download-link\" href=\"https:\/\/www.hsu-hh.de\/fuf\/wp-content\/uploads\/sites\/750\/2023\/03\/Uebersicht-gefoerderte-Projekte-2022.pdf\"><span class=\"download-name\">pdf laden<\/span><span class=\"donwload-icon\"><img decoding=\"async\" class=\"download-icon\" src=\"\/wp-content\/themes\/hsu\/img\/icons\/download_icon.png\" alt=\"download icon\" \/><\/span><span class=\"download-size\">531 kB<\/span><\/a><\/div>\n<\/div>\n<\/div>\n<h3>Mitglied werden<\/h3>\n<p>Hamburg \u2013 die Metropole des Wissens \u2013 ist ein innovativer, attraktiver Wissenschaftsstandort. Die B\u00fcrgerinnen und B\u00fcrger k\u00f6nnen nicht nur stolz sein auf die \u00f6konomische Leistungsf\u00e4higkeit ihrer Stadt, sondern auch auf das wissenschaftliche Potential der zahlreichen Hochschulen und au\u00dferuniversit\u00e4ren Forschungseinrichtungen, zu dem unsere Universit\u00e4t einen wesentlichen Beitrag leistet.M\u00e4zenatentum hat an Universit\u00e4ten eine lange Tradition. Jeder kann dazu seinen aktiven Beitrag leisten.<\/p>\n<p><a href=\"https:\/\/www.hsu-hh.de\/fuf\/download\/\">Werden auch Sie deshalb Mitglied!<\/a><\/p>\n<h3>Kontakt<\/h3>\n<p>Freunde F\u00f6rderer der Helmut-Schmidt-Universit\u00e4t\/Universit\u00e4t der Bundeswehr Hamburg e. V.<br \/>\n&#8211; Gesch\u00e4ftsf\u00fchrer &#8211;<br \/>\nHolstenhofweg 85<br \/>\n22043 Hamburg<br \/>\nE-Mail: <a href=\"mailto:freunde.foerderer@hsu-hh.de\" rel='nofollow'>freunde.foerderer@hsu-hh.de<\/a><\/p>\n","protected":false},"excerpt":{"rendered":"<p>Der Verein der Freunde und F\u00f6rderer der Helmut-Schmidt-Universit\u00e4t\/Universit\u00e4t der Bundeswehr Hamburg e. V. ist die F\u00f6rderergesellschaft der HSU. Die Gesellschaft hat sich die Unterst\u00fctzung der wissenschaftlichen Arbeit der Hochschule, vor [&hellip;]<\/p>\n","protected":false},"author":1,"featured_media":0,"parent":0,"menu_order":0,"comment_status":"closed","ping_status":"closed","template":"","meta":{"footnotes":""},"categories":[35],"tags":[],"class_list":["post-73","page","type-page","status-publish","hentry","category-startseite"],"_links":{"self":[{"href":"https:\/\/www.hsu-hh.de\/fuf\/wp-json\/wp\/v2\/pages\/73","targetHints":{"allow":["GET"]}}],"collection":[{"href":"https:\/\/www.hsu-hh.de\/fuf\/wp-json\/wp\/v2\/pages"}],"about":[{"href":"https:\/\/www.hsu-hh.de\/fuf\/wp-json\/wp\/v2\/types\/page"}],"author":[{"embeddable":true,"href":"https:\/\/www.hsu-hh.de\/fuf\/wp-json\/wp\/v2\/users\/1"}],"replies":[{"embeddable":true,"href":"https:\/\/www.hsu-hh.de\/fuf\/wp-json\/wp\/v2\/comments?post=73"}],"version-history":[{"count":48,"href":"https:\/\/www.hsu-hh.de\/fuf\/wp-json\/wp\/v2\/pages\/73\/revisions"}],"predecessor-version":[{"id":332,"href":"https:\/\/www.hsu-hh.de\/fuf\/wp-json\/wp\/v2\/pages\/73\/revisions\/332"}],"wp:attachment":[{"href":"https:\/\/www.hsu-hh.de\/fuf\/wp-json\/wp\/v2\/media?parent=73"}],"wp:term":[{"taxonomy":"category","embeddable":true,"href":"https:\/\/www.hsu-hh.de\/fuf\/wp-json\/wp\/v2\/categories?post=73"},{"taxonomy":"post_tag","embeddable":true,"href":"https:\/\/www.hsu-hh.de\/fuf\/wp-json\/wp\/v2\/tags?post=73"}],"curies":[{"name":"wp","href":"https:\/\/api.w.org\/{rel}","templated":true}]}}