{"id":171,"date":"2017-10-27T15:49:58","date_gmt":"2017-10-27T13:49:58","guid":{"rendered":"https:\/\/www.hsu-hh.de\/fuf\/?page_id=171"},"modified":"2021-11-04T12:35:36","modified_gmt":"2021-11-04T11:35:36","slug":"downloads","status":"publish","type":"page","link":"https:\/\/www.hsu-hh.de\/fuf\/en\/downloads","title":{"rendered":"Downloads"},"content":{"rendered":"<div class=\"col-xs-12 downloads-item\">\n<div class=\"row border-line\">\n<div class=\"thumbnail-area\"><img decoding=\"async\" class=\"download-image\" src=\"\/wp-content\/themes\/hsu\/img\/dummy\/downloads_dummy.png\" alt=\"\" \/><\/div>\n<div class=\"text-area\"><span class=\"download-text\">Statutes of the Association of Friends and Supporters of the Helmut Schmidt University\/University of the German Armed Forces Hamburg e. V.<\/span><\/div>\n<div class=\"download-area\"><a class=\"download-link\" href=\"https:\/\/www.hsu-hh.de\/fuf\/wp-content\/uploads\/sites\/750\/2017\/10\/Satzung_FuF_20130828.pdf\"><span class=\"download-name\">pdf laden<\/span><span class=\"donwload-icon\"><img decoding=\"async\" class=\"download-icon\" src=\"\/wp-content\/themes\/hsu\/img\/icons\/download_icon.png\" alt=\"download icon\" \/><\/span><span class=\"download-size\">452 KB<\/span><\/a><\/div>\n<\/div>\n<\/div>\n<p>\u00a0<\/p>\n<div class=\"col-xs-12 downloads-item\">\n<div class=\"row border-line\">\n<div class=\"thumbnail-area\"><img decoding=\"async\" class=\"download-image\" src=\"\/wp-content\/themes\/hsu\/img\/dummy\/downloads_dummy.png\" alt=\"\" \/><\/div>\n<div class=\"text-area\"><span class=\"download-text\">Aufnahmeantrag f\u00fcr Einzelpersonen (mit Einzugserm\u00e4chtigung)<\/span><\/div>\n<div class=\"download-area\"><a class=\"download-link\" href=\"https:\/\/www.hsu-hh.de\/fuf\/wp-content\/uploads\/sites\/750\/2017\/10\/Aufnah_EP_mit_Einzugser.pdf\"><span class=\"download-name\">pdf laden<\/span><span class=\"donwload-icon\"><img decoding=\"async\" class=\"download-icon\" src=\"\/wp-content\/themes\/hsu\/img\/icons\/download_icon.png\" alt=\"download icon\" \/><\/span><span class=\"download-size\">146 KB<\/span><\/a><\/div>\n<\/div>\n<\/div>\n<p>\u00a0<\/p>\n<div class=\"col-xs-12 downloads-item\">\n<div class=\"row border-line\">\n<div class=\"thumbnail-area\"><img decoding=\"async\" class=\"download-image\" src=\"\/wp-content\/themes\/hsu\/img\/dummy\/downloads_dummy.png\" alt=\"\" \/><\/div>\n<div class=\"text-area\"><span class=\"download-text\">Aufnahmeantrag f\u00fcr Unternehmen und K\u00f6rperschaften (mit EInzugserm\u00e4chtigung)<\/span><\/div>\n<div class=\"download-area\"><a class=\"download-link\" href=\"https:\/\/www.hsu-hh.de\/fuf\/wp-content\/uploads\/sites\/750\/2017\/10\/Aufnah_Unt_Koerpers_mit_Einzugser.pdf\"><span class=\"download-name\">pdf laden<\/span><span class=\"donwload-icon\"><img decoding=\"async\" class=\"download-icon\" src=\"\/wp-content\/themes\/hsu\/img\/icons\/download_icon.png\" alt=\"download icon\" \/><\/span><span class=\"download-size\">145 KB<\/span><\/a><\/div>\n<\/div>\n<\/div>\n<p>\u00a0<\/p>\n<div class=\"col-xs-12 downloads-item\">\n<div class=\"row border-line\">\n<div class=\"thumbnail-area\"><img decoding=\"async\" class=\"download-image\" src=\"\/wp-content\/themes\/hsu\/img\/dummy\/downloads_dummy.png\" alt=\"\" \/><\/div>\n<div class=\"text-area\"><span class=\"download-text\">Review of the Science Prize Award 2016<br \/><\/span><\/div>\n<div class=\"download-area\"><a class=\"download-link\" href=\"https:\/\/www.hsu-hh.de\/fuf\/wp-content\/uploads\/sites\/750\/2017\/10\/Rueckblick-Wissenschaftspreis-2016.pdf\"><span class=\"download-name\">pdf laden<\/span><span class=\"donwload-icon\"><img decoding=\"async\" class=\"download-icon\" src=\"\/wp-content\/themes\/hsu\/img\/icons\/download_icon.png\" alt=\"download icon\" \/><\/span><span class=\"download-size\">4 MB<\/span><\/a><\/div>\n<\/div>\n<\/div>\n<p>\u00a0<\/p>\n<div class=\"col-xs-12 downloads-item\">\n<div class=\"row border-line\">\n<div class=\"thumbnail-area\"><img decoding=\"async\" class=\"download-image\" src=\"\/wp-content\/themes\/hsu\/img\/dummy\/downloads_dummy.png\" alt=\"\" \/><\/div>\n<div class=\"text-area\"><span class=\"download-text\">Application Science price<\/span><\/div>\n<div class=\"download-area\"><a class=\"download-link\" href=\"https:\/\/www.hsu-hh.de\/fuf\/wp-content\/uploads\/sites\/750\/2021\/11\/Wissenschaftspreis_Bewerbung-1.docx\"><span class=\"download-name\">vnd.openxmlformats-officedocument.wordprocessingml.document laden<\/span><span class=\"donwload-icon\"><img decoding=\"async\" class=\"download-icon\" src=\"\/wp-content\/themes\/hsu\/img\/icons\/download_icon.png\" alt=\"download icon\" \/><\/span><span class=\"download-size\">17 kB<\/span><\/a><\/div>\n<\/div>\n<\/div>\n<p>\u00a0<\/p>\n","protected":false},"excerpt":{"rendered":"<p>Statutes of the Association of Friends and Supporters of the Helmut Schmidt University\/University of the German Armed Forces Hamburg e. V. pdf laden452 KB \u00a0 Aufnahmeantrag f\u00fcr Einzelpersonen (mit Einzugserm\u00e4chtigung) [&hellip;]<\/p>\n","protected":false},"author":22,"featured_media":0,"parent":0,"menu_order":0,"comment_status":"closed","ping_status":"closed","template":"","meta":{"footnotes":""},"categories":[56],"tags":[],"class_list":["post-171","page","type-page","status-publish","hentry","category-downloads"],"_links":{"self":[{"href":"https:\/\/www.hsu-hh.de\/fuf\/wp-json\/wp\/v2\/pages\/171","targetHints":{"allow":["GET"]}}],"collection":[{"href":"https:\/\/www.hsu-hh.de\/fuf\/wp-json\/wp\/v2\/pages"}],"about":[{"href":"https:\/\/www.hsu-hh.de\/fuf\/wp-json\/wp\/v2\/types\/page"}],"author":[{"embeddable":true,"href":"https:\/\/www.hsu-hh.de\/fuf\/wp-json\/wp\/v2\/users\/22"}],"replies":[{"embeddable":true,"href":"https:\/\/www.hsu-hh.de\/fuf\/wp-json\/wp\/v2\/comments?post=171"}],"version-history":[{"count":3,"href":"https:\/\/www.hsu-hh.de\/fuf\/wp-json\/wp\/v2\/pages\/171\/revisions"}],"predecessor-version":[{"id":297,"href":"https:\/\/www.hsu-hh.de\/fuf\/wp-json\/wp\/v2\/pages\/171\/revisions\/297"}],"wp:attachment":[{"href":"https:\/\/www.hsu-hh.de\/fuf\/wp-json\/wp\/v2\/media?parent=171"}],"wp:term":[{"taxonomy":"category","embeddable":true,"href":"https:\/\/www.hsu-hh.de\/fuf\/wp-json\/wp\/v2\/categories?post=171"},{"taxonomy":"post_tag","embeddable":true,"href":"https:\/\/www.hsu-hh.de\/fuf\/wp-json\/wp\/v2\/tags?post=171"}],"curies":[{"name":"wp","href":"https:\/\/api.w.org\/{rel}","templated":true}]}}