{"id":130,"date":"2017-10-27T14:54:28","date_gmt":"2017-10-27T12:54:28","guid":{"rendered":"https:\/\/www.hsu-hh.de\/fuf\/?page_id=130"},"modified":"2026-03-24T11:46:25","modified_gmt":"2026-03-24T10:46:25","slug":"termine","status":"publish","type":"page","link":"https:\/\/www.hsu-hh.de\/fuf\/termine","title":{"rendered":"Termine"},"content":{"rendered":"<h2>Mitgliederversammlung<\/h2>\n<p>11. M\u00e4rz 2026<br \/>\nHelmut-Schmidt-Universit\u00e4t<\/p>\n<h2>Verleihung des Wissenschaftspreises<\/h2>\n<p>11. M\u00e4rz 2026<br \/>\nHelmut-Schmidt-Universit\u00e4t, Thomas-Ellwein-Saal<\/p>\n<h2>Verleihung des Sozialpreises<\/h2>\n<p>1. Oktober 2026 w\u00e4hrend der Immatrikulationsfeier an der Helmut-Schmidt-Universit\u00e4t.<\/p>\n","protected":false},"excerpt":{"rendered":"<p>Mitgliederversammlung 11. M\u00e4rz 2026 Helmut-Schmidt-Universit\u00e4t Verleihung des Wissenschaftspreises 11. M\u00e4rz 2026 Helmut-Schmidt-Universit\u00e4t, Thomas-Ellwein-Saal Verleihung des Sozialpreises 1. Oktober 2026 w\u00e4hrend der Immatrikulationsfeier an der Helmut-Schmidt-Universit\u00e4t.<\/p>\n","protected":false},"author":22,"featured_media":0,"parent":0,"menu_order":0,"comment_status":"closed","ping_status":"closed","template":"","meta":{"footnotes":""},"categories":[42],"tags":[],"class_list":["post-130","page","type-page","status-publish","hentry","category-termine"],"_links":{"self":[{"href":"https:\/\/www.hsu-hh.de\/fuf\/wp-json\/wp\/v2\/pages\/130","targetHints":{"allow":["GET"]}}],"collection":[{"href":"https:\/\/www.hsu-hh.de\/fuf\/wp-json\/wp\/v2\/pages"}],"about":[{"href":"https:\/\/www.hsu-hh.de\/fuf\/wp-json\/wp\/v2\/types\/page"}],"author":[{"embeddable":true,"href":"https:\/\/www.hsu-hh.de\/fuf\/wp-json\/wp\/v2\/users\/22"}],"replies":[{"embeddable":true,"href":"https:\/\/www.hsu-hh.de\/fuf\/wp-json\/wp\/v2\/comments?post=130"}],"version-history":[{"count":12,"href":"https:\/\/www.hsu-hh.de\/fuf\/wp-json\/wp\/v2\/pages\/130\/revisions"}],"predecessor-version":[{"id":334,"href":"https:\/\/www.hsu-hh.de\/fuf\/wp-json\/wp\/v2\/pages\/130\/revisions\/334"}],"wp:attachment":[{"href":"https:\/\/www.hsu-hh.de\/fuf\/wp-json\/wp\/v2\/media?parent=130"}],"wp:term":[{"taxonomy":"category","embeddable":true,"href":"https:\/\/www.hsu-hh.de\/fuf\/wp-json\/wp\/v2\/categories?post=130"},{"taxonomy":"post_tag","embeddable":true,"href":"https:\/\/www.hsu-hh.de\/fuf\/wp-json\/wp\/v2\/tags?post=130"}],"curies":[{"name":"wp","href":"https:\/\/api.w.org\/{rel}","templated":true}]}}