{"id":993,"date":"2021-03-02T05:37:05","date_gmt":"2021-03-02T04:37:05","guid":{"rendered":"https:\/\/www.hsu-hh.de\/ft\/?page_id=993"},"modified":"2021-03-23T12:38:29","modified_gmt":"2021-03-23T11:38:29","slug":"statischer-fahrsimulator","status":"publish","type":"page","link":"https:\/\/www.hsu-hh.de\/ft\/forschungseinrichtungen\/fahrsimulatoren\/statischer-fahrsimulator","title":{"rendered":"Statischer Fahrsimulator"},"content":{"rendered":"\n<p>Der statische Fahrsimulator vef\u00fcgt \u00fcber ein gro\u00dfes Sichtsystem und ein kleines Bewegungssystem: Das gro\u00dfe Sichtsystem erm\u00f6glicht sowohl foveales als auch peripheres Sehen, das kleine Bewegungssystem stellt die kleinen, tats\u00e4chliche auftretenden Bewegungen des Fahrzeugaufbaus dar. <\/p>\n\n\n\n<div style=\"height:60px\" aria-hidden=\"true\" class=\"wp-block-spacer\"><\/div>\n\n\n\n<div class=\"wp-block-columns is-layout-flex wp-container-core-columns-is-layout-9d6595d7 wp-block-columns-is-layout-flex\">\n<div class=\"wp-block-column is-layout-flow wp-block-column-is-layout-flow\">\n<figure class=\"wp-block-image size-large\"><img loading=\"lazy\" decoding=\"async\" width=\"1024\" height=\"768\" src=\"https:\/\/www.hsu-hh.de\/ft\/wp-content\/uploads\/sites\/718\/2021\/02\/Stat_FahrSim-side-1-1024x768.jpg\" data-credit=\"Fahrzeugtechnik\" alt=\"Quasi-statischer Fahrsimulator\" class=\"wp-image-664\" srcset=\"https:\/\/www.hsu-hh.de\/ft\/wp-content\/uploads\/sites\/718\/2021\/02\/Stat_FahrSim-side-1-1024x768.jpg 1024w, https:\/\/www.hsu-hh.de\/ft\/wp-content\/uploads\/sites\/718\/2021\/02\/Stat_FahrSim-side-1-300x225.jpg 300w, https:\/\/www.hsu-hh.de\/ft\/wp-content\/uploads\/sites\/718\/2021\/02\/Stat_FahrSim-side-1-768x576.jpg 768w, https:\/\/www.hsu-hh.de\/ft\/wp-content\/uploads\/sites\/718\/2021\/02\/Stat_FahrSim-side-1-1536x1152.jpg 1536w, https:\/\/www.hsu-hh.de\/ft\/wp-content\/uploads\/sites\/718\/2021\/02\/Stat_FahrSim-side-1-2048x1536.jpg 2048w, https:\/\/www.hsu-hh.de\/ft\/wp-content\/uploads\/sites\/718\/2021\/02\/Stat_FahrSim-side-1-1100x825.jpg 1100w\" sizes=\"auto, (max-width: 1024px) 100vw, 1024px\" \/><\/figure>\n<\/div>\n\n\n\n<div class=\"wp-block-column is-layout-flow wp-block-column-is-layout-flow\">\n<h3 class=\"wp-block-heading\">Pr\u00fcfstandsdaten<\/h3>\n\n\n\n<ul class=\"wp-block-list\"><li>Horizontaler Sichtbereich: 210\u00b0<\/li><li>Vertikaler Sichtbereich: 90\u00b0<\/li><li>Bewegungssystem<ul><li>l\u00e4ngs: \u00b1 0.14 m ; \u00b1 0.25 m\/s; \u00b1 6.0 m\/s<sup>2<\/sup><\/li><li>quer: \u00b1 0.14 m ; \u00b1 0.25 m\/s; \u00b1 6.0 m\/s<sup>2<\/sup><\/li><li>vertikal: \u00b1 0.09 m ; \u00b1 0.2 m\/s; \u00b1 8.0 m\/s<sup>2<\/sup><\/li><li>Wanken: \u00b1 17.3\u00b0;&nbsp; \u00b1 30 \u00b0\/s;  \u00b1200 \u00b0\/s<sup>2<\/sup><\/li><li>Nicken: \u00b1 16.7\u00b0; \u00b1 30 \u00b0\/s;  \u00b1200 \u00b0\/s<sup>2<\/sup><\/li><li>Gieren: <strong>&nbsp; <\/strong>\u00b1 27.1\u00b0; \u00b1 30 \u00b0\/s;  \u00b1200 \u00b0\/s<sup>2<\/sup><\/li><\/ul><\/li><\/ul>\n<\/div>\n<\/div>\n","protected":false},"excerpt":{"rendered":"<p>Der statische Fahrsimulator vef\u00fcgt \u00fcber ein gro\u00dfes Sichtsystem und ein kleines Bewegungssystem: Das gro\u00dfe Sichtsystem erm\u00f6glicht sowohl foveales als auch peripheres Sehen, das kleine Bewegungssystem stellt die kleinen, tats\u00e4chliche auftretenden [&hellip;]<\/p>\n","protected":false},"author":56,"featured_media":0,"parent":968,"menu_order":0,"comment_status":"closed","ping_status":"closed","template":"","meta":{"footnotes":""},"categories":[4],"tags":[],"class_list":["post-993","page","type-page","status-publish","hentry","category-forschung"],"_links":{"self":[{"href":"https:\/\/www.hsu-hh.de\/ft\/wp-json\/wp\/v2\/pages\/993","targetHints":{"allow":["GET"]}}],"collection":[{"href":"https:\/\/www.hsu-hh.de\/ft\/wp-json\/wp\/v2\/pages"}],"about":[{"href":"https:\/\/www.hsu-hh.de\/ft\/wp-json\/wp\/v2\/types\/page"}],"author":[{"embeddable":true,"href":"https:\/\/www.hsu-hh.de\/ft\/wp-json\/wp\/v2\/users\/56"}],"replies":[{"embeddable":true,"href":"https:\/\/www.hsu-hh.de\/ft\/wp-json\/wp\/v2\/comments?post=993"}],"version-history":[{"count":5,"href":"https:\/\/www.hsu-hh.de\/ft\/wp-json\/wp\/v2\/pages\/993\/revisions"}],"predecessor-version":[{"id":1778,"href":"https:\/\/www.hsu-hh.de\/ft\/wp-json\/wp\/v2\/pages\/993\/revisions\/1778"}],"up":[{"embeddable":true,"href":"https:\/\/www.hsu-hh.de\/ft\/wp-json\/wp\/v2\/pages\/968"}],"wp:attachment":[{"href":"https:\/\/www.hsu-hh.de\/ft\/wp-json\/wp\/v2\/media?parent=993"}],"wp:term":[{"taxonomy":"category","embeddable":true,"href":"https:\/\/www.hsu-hh.de\/ft\/wp-json\/wp\/v2\/categories?post=993"},{"taxonomy":"post_tag","embeddable":true,"href":"https:\/\/www.hsu-hh.de\/ft\/wp-json\/wp\/v2\/tags?post=993"}],"curies":[{"name":"wp","href":"https:\/\/api.w.org\/{rel}","templated":true}]}}