{"id":985,"date":"2021-03-01T19:45:29","date_gmt":"2021-03-01T18:45:29","guid":{"rendered":"https:\/\/www.hsu-hh.de\/ft\/?page_id=985"},"modified":"2021-03-25T20:46:27","modified_gmt":"2021-03-25T19:46:27","slug":"dynamischer-fahrsimulator","status":"publish","type":"page","link":"https:\/\/www.hsu-hh.de\/ft\/forschungseinrichtungen\/fahrsimulatoren\/dynamischer-fahrsimulator","title":{"rendered":"Dynamischer Fahrsimulator"},"content":{"rendered":"\n<p>Mit dem dynamischen Fahrsimlator werden die folgenden Untersuchungen durchgef\u00fchrt und Aspekte untersucht: Einfluss aktiver Fahrwerke auf den Menschen, Erfassen von Augenbewegungen beim F\u00fchren eines Fahrzeugs, physiologische und mentale Belastungen beim F\u00fchren eines Fahrzeugs, Regler-Verhalten des Menschen beim Lenken eines Fahrzeugs, Einfluss der Bewegungsinformation auf die Fahrtrichtungshaltung, Beeintr\u00e4chtigung des Reaktions- und Regelverhaltens des Fahrzeugf\u00fchrers durch Erm\u00fcdung, Alkohol, Medikamente oder durch Informationsf\u00fclle, Einwirkung von Schwingungen auf den Menschen, Ergonometrie im Fahrzeuginnenraum, Sicht-, sowie Ein- und Ausstiegsverh\u00e4ltnisse bei Sonderfahrzeugen, Fahrschulung auf Simulatoren.<\/p>\n\n\n\n<div style=\"height:60px\" aria-hidden=\"true\" class=\"wp-block-spacer\"><\/div>\n\n\n\n<div class=\"wp-block-columns is-layout-flex wp-container-core-columns-is-layout-9d6595d7 wp-block-columns-is-layout-flex\">\n<div class=\"wp-block-column is-layout-flow wp-block-column-is-layout-flow\">\n<figure class=\"wp-block-video\"><video height=\"1080\" style=\"aspect-ratio: 1920 \/ 1080;\" width=\"1920\" controls src=\"https:\/\/www.hsu-hh.de\/ft\/wp-content\/uploads\/sites\/718\/2021\/02\/Fahrsimulator.mp4\"><\/video><\/figure>\n<\/div>\n\n\n\n<div class=\"wp-block-column is-layout-flow wp-block-column-is-layout-flow\">\n<h2 class=\"wp-block-heading\">Pr\u00fcfstandsdaten<\/h2>\n\n\n\n<ul class=\"wp-block-list\"><li><strong>L\u00e4ngsrichtung<\/strong>: \u00b1 0.48 m (\u00b1 0.75 m); \u00b1 0.60 m\/s; \u00b1 7.0 m\/s2<\/li><li><strong>Querrichtung<\/strong>: \u00b1 1.17 m (\u00b1 0.75 m); \u00b1 0.60 m\/s; \u00b1 7.0 m\/s2<\/li><li><strong>Vertikalrichtung<\/strong>: &#8211; 0.31 \/ + 0.35 m; \u00b1 0.50 m\/s; \u00b1 7.0 m\/s2<\/li><li><strong>Rollen<\/strong> (Wanken): \u00b1 21.5\u00b0;&nbsp; \u00b1 30 \u00b0\/s; &gt; 140 \u00b0\/s2<\/li><li><strong>Nicken<\/strong>: &#8211; 23.6\u00b0 \/ + 27.4\u00b0; \u00b1 30 \u00b0\/s; &gt; 140 \u00b0\/s2<\/li><li><strong>Gieren:&nbsp; <\/strong>\u00b1 23.7\u00b0 (unbegrenzt);&nbsp; \u00b1 30 \u00b0\/s; &gt; 140 \u00b0\/s2<\/li><li>Angaben in Klammern: mit Querschlitten und Drehteller<\/li><\/ul>\n\n\n\n<p><\/p>\n<\/div>\n<\/div>\n\n\n\n<p><\/p>\n","protected":false},"excerpt":{"rendered":"<p>Mit dem dynamischen Fahrsimlator werden die folgenden Untersuchungen durchgef\u00fchrt und Aspekte untersucht: Einfluss aktiver Fahrwerke auf den Menschen, Erfassen von Augenbewegungen beim F\u00fchren eines Fahrzeugs, physiologische und mentale Belastungen beim [&hellip;]<\/p>\n","protected":false},"author":56,"featured_media":0,"parent":968,"menu_order":0,"comment_status":"closed","ping_status":"closed","template":"","meta":{"footnotes":""},"categories":[4],"tags":[],"class_list":["post-985","page","type-page","status-publish","hentry","category-forschung"],"_links":{"self":[{"href":"https:\/\/www.hsu-hh.de\/ft\/wp-json\/wp\/v2\/pages\/985","targetHints":{"allow":["GET"]}}],"collection":[{"href":"https:\/\/www.hsu-hh.de\/ft\/wp-json\/wp\/v2\/pages"}],"about":[{"href":"https:\/\/www.hsu-hh.de\/ft\/wp-json\/wp\/v2\/types\/page"}],"author":[{"embeddable":true,"href":"https:\/\/www.hsu-hh.de\/ft\/wp-json\/wp\/v2\/users\/56"}],"replies":[{"embeddable":true,"href":"https:\/\/www.hsu-hh.de\/ft\/wp-json\/wp\/v2\/comments?post=985"}],"version-history":[{"count":4,"href":"https:\/\/www.hsu-hh.de\/ft\/wp-json\/wp\/v2\/pages\/985\/revisions"}],"predecessor-version":[{"id":1903,"href":"https:\/\/www.hsu-hh.de\/ft\/wp-json\/wp\/v2\/pages\/985\/revisions\/1903"}],"up":[{"embeddable":true,"href":"https:\/\/www.hsu-hh.de\/ft\/wp-json\/wp\/v2\/pages\/968"}],"wp:attachment":[{"href":"https:\/\/www.hsu-hh.de\/ft\/wp-json\/wp\/v2\/media?parent=985"}],"wp:term":[{"taxonomy":"category","embeddable":true,"href":"https:\/\/www.hsu-hh.de\/ft\/wp-json\/wp\/v2\/categories?post=985"},{"taxonomy":"post_tag","embeddable":true,"href":"https:\/\/www.hsu-hh.de\/ft\/wp-json\/wp\/v2\/tags?post=985"}],"curies":[{"name":"wp","href":"https:\/\/api.w.org\/{rel}","templated":true}]}}