{"id":913,"date":"2021-03-01T11:18:49","date_gmt":"2021-03-01T10:18:49","guid":{"rendered":"https:\/\/www.hsu-hh.de\/ft\/?page_id=913"},"modified":"2021-03-23T12:05:45","modified_gmt":"2021-03-23T11:05:45","slug":"leistungspruefanlage","status":"publish","type":"page","link":"https:\/\/www.hsu-hh.de\/ft\/forschungseinrichtungen\/fahrzeug\/leistungspruefanlage","title":{"rendered":"Leistungspr\u00fcfanlage"},"content":{"rendered":"\n<p>Auf der Leistungspr\u00fcfanlage k\u00f6nnen einzelne Motoren und Antriebseinheiten bis hin zu Gesamtfahrzeugen untersucht werden.  Zwei elektrische, motorisch oder generatorisch betriebene Motor-Getriebe-Einheiten k\u00f6nnen dabei direkt mit dem Fahtzeug oder mit dem Antrieb verbunden werden. Eine leistungsf\u00e4hige Anlage zur Luftk\u00fchlung ist ebenso vorhanden wie die M\u00f6glichkeit, einen einelnen Motor \u00fcber W\u00e4rmetauscher und K\u00fchlwasser zu k\u00fchlen.<\/p>\n\n\n\n<div style=\"height:60px\" aria-hidden=\"true\" class=\"wp-block-spacer\"><\/div>\n\n\n\n<div class=\"wp-block-columns is-layout-flex wp-container-core-columns-is-layout-9d6595d7 wp-block-columns-is-layout-flex\">\n<div class=\"wp-block-column is-layout-flow wp-block-column-is-layout-flow\">\n<figure class=\"wp-block-image size-large\"><img loading=\"lazy\" decoding=\"async\" width=\"717\" height=\"1024\" src=\"https:\/\/www.hsu-hh.de\/ft\/wp-content\/uploads\/sites\/718\/2021\/03\/LPA_deu-717x1024.jpg\" data-credit=\"Fahrzeugtechnik\" alt=\"Leistungspr\u00fcfanlage\" class=\"wp-image-914\" srcset=\"https:\/\/www.hsu-hh.de\/ft\/wp-content\/uploads\/sites\/718\/2021\/03\/LPA_deu-717x1024.jpg 717w, https:\/\/www.hsu-hh.de\/ft\/wp-content\/uploads\/sites\/718\/2021\/03\/LPA_deu-210x300.jpg 210w, https:\/\/www.hsu-hh.de\/ft\/wp-content\/uploads\/sites\/718\/2021\/03\/LPA_deu-768x1096.jpg 768w, https:\/\/www.hsu-hh.de\/ft\/wp-content\/uploads\/sites\/718\/2021\/03\/LPA_deu.jpg 966w\" sizes=\"auto, (max-width: 717px) 100vw, 717px\" \/><\/figure>\n<\/div>\n\n\n\n<div class=\"wp-block-column is-layout-flow wp-block-column-is-layout-flow\">\n<h3 class=\"wp-block-heading\">Pr\u00fcfstandsdaten<\/h3>\n\n\n\n<ul class=\"wp-block-list\"><li>Zwei Gleichstrommaschinen <\/li><li>Leistung max.: jeweils 400 kW \/ 600 kW Dauer- \/ Spitzenleistung<\/li><li>Moment max.: jeweils 32 \/ 46 kNm (\u00dcbersetzung ca. 6:1) <\/li><li>Drehzahl max.: 6000 U\/min<\/li><li>Massenstrom Luftk\u00fchlung: 63 m<sup>3 <\/sup>\/  s<\/li><li>Massenstrom Wasserk\u00fchlung: approx. 100 m<sup>3<\/sup> \/ h<\/li><li>Masse Fahrzeug max.: 60 t<\/li><li>Vier-Quadranten-Betrieb<\/li><li>Pr\u00fcfung von Antriebsstr\u00e4ngen, Motoren, Bremsanlagen, Kupplungen und Getrieben.<\/li><li>Dynamischer Betrieb (Massentr\u00e4gheiten werden simuliert)<\/li><\/ul>\n<\/div>\n<\/div>\n\n\n\n<div class=\"wp-block-columns is-layout-flex wp-container-core-columns-is-layout-9d6595d7 wp-block-columns-is-layout-flex\">\n<div class=\"wp-block-column is-layout-flow wp-block-column-is-layout-flow\">\n<figure class=\"wp-block-image size-large\"><img loading=\"lazy\" decoding=\"async\" width=\"1024\" height=\"623\" src=\"https:\/\/www.hsu-hh.de\/ft\/wp-content\/uploads\/sites\/718\/2021\/03\/Bitmap-in-2011-06-16_Leistungspruefanlage-A4hoch-1-1024x623.png\" data-credit=\"Fahrzeugtechnik\" alt=\"Anwednung: Leistungspr\u00fcfanlage\" class=\"wp-image-919\" srcset=\"https:\/\/www.hsu-hh.de\/ft\/wp-content\/uploads\/sites\/718\/2021\/03\/Bitmap-in-2011-06-16_Leistungspruefanlage-A4hoch-1-1024x623.png 1024w, https:\/\/www.hsu-hh.de\/ft\/wp-content\/uploads\/sites\/718\/2021\/03\/Bitmap-in-2011-06-16_Leistungspruefanlage-A4hoch-1-300x182.png 300w, https:\/\/www.hsu-hh.de\/ft\/wp-content\/uploads\/sites\/718\/2021\/03\/Bitmap-in-2011-06-16_Leistungspruefanlage-A4hoch-1-768x467.png 768w, https:\/\/www.hsu-hh.de\/ft\/wp-content\/uploads\/sites\/718\/2021\/03\/Bitmap-in-2011-06-16_Leistungspruefanlage-A4hoch-1-1536x934.png 1536w, https:\/\/www.hsu-hh.de\/ft\/wp-content\/uploads\/sites\/718\/2021\/03\/Bitmap-in-2011-06-16_Leistungspruefanlage-A4hoch-1-2048x1245.png 2048w, https:\/\/www.hsu-hh.de\/ft\/wp-content\/uploads\/sites\/718\/2021\/03\/Bitmap-in-2011-06-16_Leistungspruefanlage-A4hoch-1-1100x669.png 1100w\" sizes=\"auto, (max-width: 1024px) 100vw, 1024px\" \/><\/figure>\n<\/div>\n\n\n\n<div class=\"wp-block-column is-layout-flow wp-block-column-is-layout-flow\">\n<h3 class=\"wp-block-heading\">Anwendungsbeispiel: <br>Abgasw\u00e4rme-R\u00fcckgewinnung<\/h3>\n<\/div>\n<\/div>\n","protected":false},"excerpt":{"rendered":"<p>Auf der Leistungspr\u00fcfanlage k\u00f6nnen einzelne Motoren und Antriebseinheiten bis hin zu Gesamtfahrzeugen untersucht werden. Zwei elektrische, motorisch oder generatorisch betriebene Motor-Getriebe-Einheiten k\u00f6nnen dabei direkt mit dem Fahtzeug oder mit dem [&hellip;]<\/p>\n","protected":false},"author":56,"featured_media":0,"parent":863,"menu_order":0,"comment_status":"closed","ping_status":"closed","template":"","meta":{"footnotes":""},"categories":[4],"tags":[],"class_list":["post-913","page","type-page","status-publish","hentry","category-forschung"],"_links":{"self":[{"href":"https:\/\/www.hsu-hh.de\/ft\/wp-json\/wp\/v2\/pages\/913","targetHints":{"allow":["GET"]}}],"collection":[{"href":"https:\/\/www.hsu-hh.de\/ft\/wp-json\/wp\/v2\/pages"}],"about":[{"href":"https:\/\/www.hsu-hh.de\/ft\/wp-json\/wp\/v2\/types\/page"}],"author":[{"embeddable":true,"href":"https:\/\/www.hsu-hh.de\/ft\/wp-json\/wp\/v2\/users\/56"}],"replies":[{"embeddable":true,"href":"https:\/\/www.hsu-hh.de\/ft\/wp-json\/wp\/v2\/comments?post=913"}],"version-history":[{"count":4,"href":"https:\/\/www.hsu-hh.de\/ft\/wp-json\/wp\/v2\/pages\/913\/revisions"}],"predecessor-version":[{"id":936,"href":"https:\/\/www.hsu-hh.de\/ft\/wp-json\/wp\/v2\/pages\/913\/revisions\/936"}],"up":[{"embeddable":true,"href":"https:\/\/www.hsu-hh.de\/ft\/wp-json\/wp\/v2\/pages\/863"}],"wp:attachment":[{"href":"https:\/\/www.hsu-hh.de\/ft\/wp-json\/wp\/v2\/media?parent=913"}],"wp:term":[{"taxonomy":"category","embeddable":true,"href":"https:\/\/www.hsu-hh.de\/ft\/wp-json\/wp\/v2\/categories?post=913"},{"taxonomy":"post_tag","embeddable":true,"href":"https:\/\/www.hsu-hh.de\/ft\/wp-json\/wp\/v2\/tags?post=913"}],"curies":[{"name":"wp","href":"https:\/\/api.w.org\/{rel}","templated":true}]}}