{"id":896,"date":"2021-03-01T09:11:04","date_gmt":"2021-03-01T08:11:04","guid":{"rendered":"https:\/\/www.hsu-hh.de\/ft\/?page_id=896"},"modified":"2021-03-23T12:34:39","modified_gmt":"2021-03-23T11:34:39","slug":"rollenpruefstand","status":"publish","type":"page","link":"https:\/\/www.hsu-hh.de\/ft\/forschungseinrichtungen\/fahrzeug\/rollenpruefstand","title":{"rendered":"Rollenpr\u00fcfstand"},"content":{"rendered":"\n<p>Der  Rollenpr\u00fcfstand dient zur Untersuchung von Antriebseinheiten (Leistung, Verbauch, z.B. WLTP) in Fahrzeugen. Der Vorteil ist, dass sich diese Antriebseinheiten eingebaut in das Fahrzeug pr\u00fcfen lassen. Zur K\u00fchlung des Fahrzeug dient eine Bel\u00fcftung. Zwei Rollen werden von einem Asynchronmotor angetrieben (Bremsen, Rekuperation) oder gebremst (Antreiben). F\u00fcr  Dauerpr\u00fcfungen steht der EMV-neutrale, pneumatisch betrieben Fahrroboter P-James zur Verf\u00fcgung. <\/p>\n\n\n\n<div style=\"height:60px\" aria-hidden=\"true\" class=\"wp-block-spacer\"><\/div>\n\n\n\n<div class=\"wp-block-columns is-layout-flex wp-container-core-columns-is-layout-9d6595d7 wp-block-columns-is-layout-flex\">\n<div class=\"wp-block-column is-layout-flow wp-block-column-is-layout-flow\">\n<figure class=\"wp-block-image size-large\"><img loading=\"lazy\" decoding=\"async\" width=\"1024\" height=\"827\" src=\"https:\/\/www.hsu-hh.de\/ft\/wp-content\/uploads\/sites\/718\/2021\/03\/Rollenpruefstand-1024x827.jpg\" data-credit=\"Fahrzeugtechnik\" alt=\"Rollenpr\u00fcfstand\" class=\"wp-image-911\" srcset=\"https:\/\/www.hsu-hh.de\/ft\/wp-content\/uploads\/sites\/718\/2021\/03\/Rollenpruefstand-1024x827.jpg 1024w, https:\/\/www.hsu-hh.de\/ft\/wp-content\/uploads\/sites\/718\/2021\/03\/Rollenpruefstand-300x242.jpg 300w, https:\/\/www.hsu-hh.de\/ft\/wp-content\/uploads\/sites\/718\/2021\/03\/Rollenpruefstand-768x620.jpg 768w, https:\/\/www.hsu-hh.de\/ft\/wp-content\/uploads\/sites\/718\/2021\/03\/Rollenpruefstand-1100x888.jpg 1100w, https:\/\/www.hsu-hh.de\/ft\/wp-content\/uploads\/sites\/718\/2021\/03\/Rollenpruefstand.jpg 1376w\" sizes=\"auto, (max-width: 1024px) 100vw, 1024px\" \/><\/figure>\n<\/div>\n\n\n\n<div class=\"wp-block-column is-layout-flow wp-block-column-is-layout-flow\">\n<h2 class=\"wp-block-heading\">Pr\u00fcfstandsdaten<\/h2>\n\n\n\n<ul class=\"wp-block-list\"><li>Leistung max.: 250 kW<\/li><li>Moment max.: 2200 Nm<\/li><li>Geschwindigkeit max.: 200 km\/h<\/li><li>Fahrroboter P-James:<ul><li>Drei Pedalaktoren<\/li><li>Schaltaktor<\/li><\/ul><\/li><\/ul>\n<\/div>\n<\/div>\n\n\n\n<div class=\"wp-block-columns is-layout-flex wp-container-core-columns-is-layout-9d6595d7 wp-block-columns-is-layout-flex\">\n<div class=\"wp-block-column is-layout-flow wp-block-column-is-layout-flow\">\n<figure class=\"wp-block-image size-large\"><img loading=\"lazy\" decoding=\"async\" width=\"1024\" height=\"768\" src=\"https:\/\/www.hsu-hh.de\/ft\/wp-content\/uploads\/sites\/718\/2021\/03\/Golf_RoPr_ges_01-1024x768.jpg\" data-credit=\"Fahrzeugtechnik\" alt=\"Golf GTI auf Rollenpr\u00fcfstand\" class=\"wp-image-958\" srcset=\"https:\/\/www.hsu-hh.de\/ft\/wp-content\/uploads\/sites\/718\/2021\/03\/Golf_RoPr_ges_01-1024x768.jpg 1024w, https:\/\/www.hsu-hh.de\/ft\/wp-content\/uploads\/sites\/718\/2021\/03\/Golf_RoPr_ges_01-300x225.jpg 300w, https:\/\/www.hsu-hh.de\/ft\/wp-content\/uploads\/sites\/718\/2021\/03\/Golf_RoPr_ges_01-768x576.jpg 768w, https:\/\/www.hsu-hh.de\/ft\/wp-content\/uploads\/sites\/718\/2021\/03\/Golf_RoPr_ges_01-1536x1152.jpg 1536w, https:\/\/www.hsu-hh.de\/ft\/wp-content\/uploads\/sites\/718\/2021\/03\/Golf_RoPr_ges_01-2048x1536.jpg 2048w, https:\/\/www.hsu-hh.de\/ft\/wp-content\/uploads\/sites\/718\/2021\/03\/Golf_RoPr_ges_01-1100x825.jpg 1100w\" sizes=\"auto, (max-width: 1024px) 100vw, 1024px\" \/><\/figure>\n\n\n\n<div class=\"wp-block-columns is-layout-flex wp-container-core-columns-is-layout-9d6595d7 wp-block-columns-is-layout-flex\">\n<div class=\"wp-block-column is-layout-flow wp-block-column-is-layout-flow\">\n<figure class=\"wp-block-image size-large\"><img loading=\"lazy\" decoding=\"async\" width=\"768\" height=\"1024\" src=\"https:\/\/www.hsu-hh.de\/ft\/wp-content\/uploads\/sites\/718\/2021\/03\/Golf_RoPr_James_hinten-1-768x1024.jpg\" data-credit=\"Fahrzeugtechnik\" alt=\"P James\" class=\"wp-image-961\" srcset=\"https:\/\/www.hsu-hh.de\/ft\/wp-content\/uploads\/sites\/718\/2021\/03\/Golf_RoPr_James_hinten-1-768x1024.jpg 768w, https:\/\/www.hsu-hh.de\/ft\/wp-content\/uploads\/sites\/718\/2021\/03\/Golf_RoPr_James_hinten-1-225x300.jpg 225w, https:\/\/www.hsu-hh.de\/ft\/wp-content\/uploads\/sites\/718\/2021\/03\/Golf_RoPr_James_hinten-1-1152x1536.jpg 1152w, https:\/\/www.hsu-hh.de\/ft\/wp-content\/uploads\/sites\/718\/2021\/03\/Golf_RoPr_James_hinten-1-1536x2048.jpg 1536w, https:\/\/www.hsu-hh.de\/ft\/wp-content\/uploads\/sites\/718\/2021\/03\/Golf_RoPr_James_hinten-1-1100x1467.jpg 1100w, https:\/\/www.hsu-hh.de\/ft\/wp-content\/uploads\/sites\/718\/2021\/03\/Golf_RoPr_James_hinten-1-scaled.jpg 1920w\" sizes=\"auto, (max-width: 768px) 100vw, 768px\" \/><\/figure>\n<\/div>\n\n\n\n<div class=\"wp-block-column is-layout-flow wp-block-column-is-layout-flow\">\n<figure class=\"wp-block-image size-large\"><img loading=\"lazy\" decoding=\"async\" width=\"768\" height=\"1024\" src=\"https:\/\/www.hsu-hh.de\/ft\/wp-content\/uploads\/sites\/718\/2021\/03\/Golf_RoPr_James_Seite_oben-1-768x1024.jpg\" data-credit=\"Fahrzeugtechnik\" alt=\"P JAMES\" class=\"wp-image-963\" srcset=\"https:\/\/www.hsu-hh.de\/ft\/wp-content\/uploads\/sites\/718\/2021\/03\/Golf_RoPr_James_Seite_oben-1-768x1024.jpg 768w, https:\/\/www.hsu-hh.de\/ft\/wp-content\/uploads\/sites\/718\/2021\/03\/Golf_RoPr_James_Seite_oben-1-225x300.jpg 225w, https:\/\/www.hsu-hh.de\/ft\/wp-content\/uploads\/sites\/718\/2021\/03\/Golf_RoPr_James_Seite_oben-1-1152x1536.jpg 1152w, https:\/\/www.hsu-hh.de\/ft\/wp-content\/uploads\/sites\/718\/2021\/03\/Golf_RoPr_James_Seite_oben-1-1536x2048.jpg 1536w, https:\/\/www.hsu-hh.de\/ft\/wp-content\/uploads\/sites\/718\/2021\/03\/Golf_RoPr_James_Seite_oben-1-1100x1467.jpg 1100w, https:\/\/www.hsu-hh.de\/ft\/wp-content\/uploads\/sites\/718\/2021\/03\/Golf_RoPr_James_Seite_oben-1-scaled.jpg 1920w\" sizes=\"auto, (max-width: 768px) 100vw, 768px\" \/><\/figure>\n<\/div>\n<\/div>\n<\/div>\n\n\n\n<div class=\"wp-block-column is-layout-flow wp-block-column-is-layout-flow\">\n<h3 class=\"wp-block-heading\">Anwendungsbeispiel<\/h3>\n\n\n\n<p>Verbrauchsmessung (z.B. WLTP) an einem mit Fahrroboter ausgestatteten Fahrzeug<\/p>\n<\/div>\n<\/div>\n","protected":false},"excerpt":{"rendered":"<p>Der Rollenpr\u00fcfstand dient zur Untersuchung von Antriebseinheiten (Leistung, Verbauch, z.B. WLTP) in Fahrzeugen. Der Vorteil ist, dass sich diese Antriebseinheiten eingebaut in das Fahrzeug pr\u00fcfen lassen. Zur K\u00fchlung des Fahrzeug [&hellip;]<\/p>\n","protected":false},"author":56,"featured_media":0,"parent":863,"menu_order":0,"comment_status":"closed","ping_status":"closed","template":"","meta":{"footnotes":""},"categories":[4],"tags":[],"class_list":["post-896","page","type-page","status-publish","hentry","category-forschung"],"_links":{"self":[{"href":"https:\/\/www.hsu-hh.de\/ft\/wp-json\/wp\/v2\/pages\/896","targetHints":{"allow":["GET"]}}],"collection":[{"href":"https:\/\/www.hsu-hh.de\/ft\/wp-json\/wp\/v2\/pages"}],"about":[{"href":"https:\/\/www.hsu-hh.de\/ft\/wp-json\/wp\/v2\/types\/page"}],"author":[{"embeddable":true,"href":"https:\/\/www.hsu-hh.de\/ft\/wp-json\/wp\/v2\/users\/56"}],"replies":[{"embeddable":true,"href":"https:\/\/www.hsu-hh.de\/ft\/wp-json\/wp\/v2\/comments?post=896"}],"version-history":[{"count":6,"href":"https:\/\/www.hsu-hh.de\/ft\/wp-json\/wp\/v2\/pages\/896\/revisions"}],"predecessor-version":[{"id":965,"href":"https:\/\/www.hsu-hh.de\/ft\/wp-json\/wp\/v2\/pages\/896\/revisions\/965"}],"up":[{"embeddable":true,"href":"https:\/\/www.hsu-hh.de\/ft\/wp-json\/wp\/v2\/pages\/863"}],"wp:attachment":[{"href":"https:\/\/www.hsu-hh.de\/ft\/wp-json\/wp\/v2\/media?parent=896"}],"wp:term":[{"taxonomy":"category","embeddable":true,"href":"https:\/\/www.hsu-hh.de\/ft\/wp-json\/wp\/v2\/categories?post=896"},{"taxonomy":"post_tag","embeddable":true,"href":"https:\/\/www.hsu-hh.de\/ft\/wp-json\/wp\/v2\/tags?post=896"}],"curies":[{"name":"wp","href":"https:\/\/api.w.org\/{rel}","templated":true}]}}