{"id":863,"date":"2021-02-26T16:26:51","date_gmt":"2021-02-26T15:26:51","guid":{"rendered":"https:\/\/www.hsu-hh.de\/ft\/?page_id=863"},"modified":"2021-03-23T11:50:15","modified_gmt":"2021-03-23T10:50:15","slug":"fahrzeug","status":"publish","type":"page","link":"https:\/\/www.hsu-hh.de\/ft\/forschungseinrichtungen\/fahrzeug","title":{"rendered":"Fahrzeug"},"content":{"rendered":"\n<p>Auf den folgenden Seiten finden sich Pr\u00fcfst\u00e4nde, mit denen Gesamtfahrzeuge oder Antriebsstr\u00e4nge experimentell untersucht werden k\u00f6nnen.<\/p>\n\n\n\n<div class=\"wp-block-media-text alignwide is-stacked-on-mobile is-image-fill\"><figure class=\"wp-block-media-text__media\" style=\"background-image:url(https:\/\/www.hsu-hh.de\/ft\/wp-content\/uploads\/sites\/718\/2021\/02\/RoPr_EFiorino-1024x682.jpg);background-position:50% 50%\"><img loading=\"lazy\" decoding=\"async\" width=\"1024\" height=\"682\" src=\"https:\/\/www.hsu-hh.de\/ft\/wp-content\/uploads\/sites\/718\/2021\/02\/RoPr_EFiorino-1024x682.jpg\" data-credit=\"Fahrzeutechnik\" alt=\"Elektrofahrzeug auf dem Rollenpr\u00fcfstand\" class=\"wp-image-867 size-full\" srcset=\"https:\/\/www.hsu-hh.de\/ft\/wp-content\/uploads\/sites\/718\/2021\/02\/RoPr_EFiorino-1024x682.jpg 1024w, https:\/\/www.hsu-hh.de\/ft\/wp-content\/uploads\/sites\/718\/2021\/02\/RoPr_EFiorino-300x200.jpg 300w, https:\/\/www.hsu-hh.de\/ft\/wp-content\/uploads\/sites\/718\/2021\/02\/RoPr_EFiorino-768x512.jpg 768w, https:\/\/www.hsu-hh.de\/ft\/wp-content\/uploads\/sites\/718\/2021\/02\/RoPr_EFiorino-1536x1024.jpg 1536w, https:\/\/www.hsu-hh.de\/ft\/wp-content\/uploads\/sites\/718\/2021\/02\/RoPr_EFiorino-1100x733.jpg 1100w, https:\/\/www.hsu-hh.de\/ft\/wp-content\/uploads\/sites\/718\/2021\/02\/RoPr_EFiorino.jpg 1772w\" sizes=\"auto, (max-width: 1024px) 100vw, 1024px\" \/><\/figure><div class=\"wp-block-media-text__content\">\n<p style=\"font-size:30px\">Rollenpr\u00fcfstand<\/p>\n\n\n\n<p>Der <a href=\"https:\/\/www.hsu-hh.de\/ft\/rollenpruefstand\" data-type=\"page\" data-id=\"896\">Rollenpr\u00fcfstand<\/a> ist geeignet zur Pr\u00fcfung von Antriebsleistungen kompletter Fahrzeuge sowie spezieller Aspekete wie z.B. Rekuperierverm\u00f6gen von (teil)elektrischen Fahrzeugen.<\/p>\n<\/div><\/div>\n\n\n\n<div class=\"wp-block-media-text alignwide is-stacked-on-mobile is-image-fill\"><figure class=\"wp-block-media-text__media\" style=\"background-image:url(https:\/\/www.hsu-hh.de\/ft\/wp-content\/uploads\/sites\/718\/2019\/02\/LPA_VOITH_Aufbau_ges-1-1024x680.jpg);background-position:48% 34%\"><img loading=\"lazy\" decoding=\"async\" width=\"1024\" height=\"680\" src=\"https:\/\/www.hsu-hh.de\/ft\/wp-content\/uploads\/sites\/718\/2019\/02\/LPA_VOITH_Aufbau_ges-1-1024x680.jpg\" data-credit=\"Fahrzeugtechnik\" alt=\"Leistungspr\u00fcfanlage\" class=\"wp-image-385 size-full\" srcset=\"https:\/\/www.hsu-hh.de\/ft\/wp-content\/uploads\/sites\/718\/2019\/02\/LPA_VOITH_Aufbau_ges-1-1024x680.jpg 1024w, https:\/\/www.hsu-hh.de\/ft\/wp-content\/uploads\/sites\/718\/2019\/02\/LPA_VOITH_Aufbau_ges-1-300x199.jpg 300w, https:\/\/www.hsu-hh.de\/ft\/wp-content\/uploads\/sites\/718\/2019\/02\/LPA_VOITH_Aufbau_ges-1-768x510.jpg 768w\" sizes=\"auto, (max-width: 1024px) 100vw, 1024px\" \/><\/figure><div class=\"wp-block-media-text__content\">\n<p style=\"font-size:30px\">Leistungspr\u00fcfanlage<\/p>\n\n\n\n<p>Die <a href=\"https:\/\/www.hsu-hh.de\/ft\/leistungspruefanlage\" data-type=\"page\" data-id=\"913\">Leistungspr\u00fcfanlage<\/a> PAISI am IFAS dient der Pr\u00fcfung von<br>\u2022 kompletten Antriebsstr\u00e4ngen von Fahrzeugen,<br>\u2022 einzelnen Motoren ,<br>\u2022 Bremsanlagen,<br>\u2022 Kupplungen und Getrieben.<\/p>\n<\/div><\/div>\n\n\n\n<div class=\"wp-block-media-text alignwide is-stacked-on-mobile is-image-fill\"><figure class=\"wp-block-media-text__media\" style=\"background-image:url(https:\/\/www.hsu-hh.de\/ft\/wp-content\/uploads\/sites\/718\/2021\/02\/Schwingungspruefstand_Opel-1.jpg);background-position:57.99999999999999% 56.00000000000001%\"><img loading=\"lazy\" decoding=\"async\" width=\"337\" height=\"284\" src=\"https:\/\/www.hsu-hh.de\/ft\/wp-content\/uploads\/sites\/718\/2021\/02\/Schwingungspruefstand_Opel-1.jpg\" data-credit=\"Fahrzeugtechnik\" alt=\"Fahrzeug vertikale Anregung\" class=\"wp-image-885 size-full\" srcset=\"https:\/\/www.hsu-hh.de\/ft\/wp-content\/uploads\/sites\/718\/2021\/02\/Schwingungspruefstand_Opel-1.jpg 337w, https:\/\/www.hsu-hh.de\/ft\/wp-content\/uploads\/sites\/718\/2021\/02\/Schwingungspruefstand_Opel-1-300x253.jpg 300w\" sizes=\"auto, (max-width: 337px) 100vw, 337px\" \/><\/figure><div class=\"wp-block-media-text__content\">\n<p style=\"font-size:30px\">Schwingungspr\u00fcfstand<\/p>\n\n\n\n<p>Der <a href=\"https:\/\/www.hsu-hh.de\/ft\/schwingungspruefstand\" data-type=\"page\" data-id=\"931\">Schwingungspr\u00fcfstand<\/a> dient der Untersuchung von Gesamtfahrzeugen (bis 16 t), im wesentlichen vertikal angeregt.<\/p>\n<\/div><\/div>\n\n\n\n<div class=\"wp-block-media-text alignwide is-stacked-on-mobile\"><figure class=\"wp-block-media-text__media\"><img loading=\"lazy\" decoding=\"async\" width=\"1024\" height=\"768\" src=\"https:\/\/www.hsu-hh.de\/ft\/wp-content\/uploads\/sites\/718\/2021\/02\/Golf_GTI_Power_Hop-1024x768.png\" data-credit=\"Fahrzeugtechnik\" alt=\"Golf GTI: Power Hop Untersuchung\" class=\"wp-image-890 size-full\" srcset=\"https:\/\/www.hsu-hh.de\/ft\/wp-content\/uploads\/sites\/718\/2021\/02\/Golf_GTI_Power_Hop-1024x768.png 1024w, https:\/\/www.hsu-hh.de\/ft\/wp-content\/uploads\/sites\/718\/2021\/02\/Golf_GTI_Power_Hop-300x225.png 300w, https:\/\/www.hsu-hh.de\/ft\/wp-content\/uploads\/sites\/718\/2021\/02\/Golf_GTI_Power_Hop-768x576.png 768w, https:\/\/www.hsu-hh.de\/ft\/wp-content\/uploads\/sites\/718\/2021\/02\/Golf_GTI_Power_Hop-1536x1152.png 1536w, https:\/\/www.hsu-hh.de\/ft\/wp-content\/uploads\/sites\/718\/2021\/02\/Golf_GTI_Power_Hop-2048x1536.png 2048w, https:\/\/www.hsu-hh.de\/ft\/wp-content\/uploads\/sites\/718\/2021\/02\/Golf_GTI_Power_Hop-1100x825.png 1100w\" sizes=\"auto, (max-width: 1024px) 100vw, 1024px\" \/><\/figure><div class=\"wp-block-media-text__content\">\n<p class=\"has-large-font-size\">Gesamtfahrzeugtests<\/p>\n\n\n\n<p>F\u00fcr die Durchf\u00fchrung von <a href=\"https:\/\/www.hsu-hh.de\/ft\/gesamtfahrzeugtests\" data-type=\"page\" data-id=\"946\">Gesamtfahrzeugtests<\/a> stehen unterschiedliche Messger\u00e4te zur Verf\u00fcgung, die auf nahegelegenen Teststrecken f\u00fcr Gesamtfahrzeugtests eingesetzt werden k\u00f6nnen.<\/p>\n<\/div><\/div>\n","protected":false},"excerpt":{"rendered":"<p>Auf den folgenden Seiten finden sich Pr\u00fcfst\u00e4nde, mit denen Gesamtfahrzeuge oder Antriebsstr\u00e4nge experimentell untersucht werden k\u00f6nnen. Rollenpr\u00fcfstand Der Rollenpr\u00fcfstand ist geeignet zur Pr\u00fcfung von Antriebsleistungen kompletter Fahrzeuge sowie spezieller Aspekete [&hellip;]<\/p>\n","protected":false},"author":56,"featured_media":0,"parent":323,"menu_order":0,"comment_status":"closed","ping_status":"closed","template":"","meta":{"footnotes":""},"categories":[4],"tags":[],"class_list":["post-863","page","type-page","status-publish","hentry","category-forschung"],"_links":{"self":[{"href":"https:\/\/www.hsu-hh.de\/ft\/wp-json\/wp\/v2\/pages\/863","targetHints":{"allow":["GET"]}}],"collection":[{"href":"https:\/\/www.hsu-hh.de\/ft\/wp-json\/wp\/v2\/pages"}],"about":[{"href":"https:\/\/www.hsu-hh.de\/ft\/wp-json\/wp\/v2\/types\/page"}],"author":[{"embeddable":true,"href":"https:\/\/www.hsu-hh.de\/ft\/wp-json\/wp\/v2\/users\/56"}],"replies":[{"embeddable":true,"href":"https:\/\/www.hsu-hh.de\/ft\/wp-json\/wp\/v2\/comments?post=863"}],"version-history":[{"count":13,"href":"https:\/\/www.hsu-hh.de\/ft\/wp-json\/wp\/v2\/pages\/863\/revisions"}],"predecessor-version":[{"id":979,"href":"https:\/\/www.hsu-hh.de\/ft\/wp-json\/wp\/v2\/pages\/863\/revisions\/979"}],"up":[{"embeddable":true,"href":"https:\/\/www.hsu-hh.de\/ft\/wp-json\/wp\/v2\/pages\/323"}],"wp:attachment":[{"href":"https:\/\/www.hsu-hh.de\/ft\/wp-json\/wp\/v2\/media?parent=863"}],"wp:term":[{"taxonomy":"category","embeddable":true,"href":"https:\/\/www.hsu-hh.de\/ft\/wp-json\/wp\/v2\/categories?post=863"},{"taxonomy":"post_tag","embeddable":true,"href":"https:\/\/www.hsu-hh.de\/ft\/wp-json\/wp\/v2\/tags?post=863"}],"curies":[{"name":"wp","href":"https:\/\/api.w.org\/{rel}","templated":true}]}}