{"id":811,"date":"2021-02-25T19:08:41","date_gmt":"2021-02-25T18:08:41","guid":{"rendered":"https:\/\/www.hsu-hh.de\/ft\/?page_id=811"},"modified":"2021-03-23T12:41:30","modified_gmt":"2021-03-23T11:41:30","slug":"universal-pruefstand-reifen-quasistatisch","status":"publish","type":"page","link":"https:\/\/www.hsu-hh.de\/ft\/forschungseinrichtungen\/komponenten\/reifen\/universal-pruefstand-reifen-quasistatisch","title":{"rendered":"Universal-Pr\u00fcfstand: Reifen quasistatisch"},"content":{"rendered":"\n<p>Auf dem Universal-Pr\u00fcfstand k\u00f6nnen quasistatische Eigenschaften von nicht-rollenden Reifen, zum Beispiel f\u00fcr die Parametrierung von FTire-Modellen, durchgef\u00fchrt werden. Zur Belastung der Reifen stehen zwei Hub-Drehzylinder zur Verf\u00fcgung ebenso wie eine verschiebliche Fahrbahn. <\/p>\n\n\n\n<div class=\"wp-block-columns is-layout-flex wp-container-core-columns-is-layout-9d6595d7 wp-block-columns-is-layout-flex\">\n<div class=\"wp-block-column is-layout-flow wp-block-column-is-layout-flow\">\n<figure class=\"wp-block-image size-large\"><img loading=\"lazy\" decoding=\"async\" width=\"680\" height=\"1024\" src=\"https:\/\/www.hsu-hh.de\/ft\/wp-content\/uploads\/sites\/718\/2017\/11\/UPA_Pr\u00fcfraum-680x1024.jpg\" data-credit=\"Prof. f\u00fcr Fahrzeugtechnik\" alt=\"Universalpr\u00fcfstand\" class=\"wp-image-150\" srcset=\"https:\/\/www.hsu-hh.de\/ft\/wp-content\/uploads\/sites\/718\/2017\/11\/UPA_Pr\u00fcfraum-680x1024.jpg 680w, https:\/\/www.hsu-hh.de\/ft\/wp-content\/uploads\/sites\/718\/2017\/11\/UPA_Pr\u00fcfraum-199x300.jpg 199w, https:\/\/www.hsu-hh.de\/ft\/wp-content\/uploads\/sites\/718\/2017\/11\/UPA_Pr\u00fcfraum-768x1156.jpg 768w, https:\/\/www.hsu-hh.de\/ft\/wp-content\/uploads\/sites\/718\/2017\/11\/UPA_Pr\u00fcfraum.jpg 1424w\" sizes=\"auto, (max-width: 680px) 100vw, 680px\" \/><figcaption>Reifen auf Universalpr\u00fcfstand<\/figcaption><\/figure>\n<\/div>\n\n\n\n<div class=\"wp-block-column is-layout-flow wp-block-column-is-layout-flow\">\n<h2 class=\"wp-block-heading\">Pr\u00fcfstandsdaten<\/h2>\n\n\n\n<ul class=\"wp-block-list\"><li>Messung von <ul><li>L\u00e4ngs-, Quer- und Vertikalsteifigkeit<\/li><li>Bohrmoment<\/li><li>Footprint<\/li><\/ul><\/li><li>Kr\u00e4fte: 50 kN<\/li><li>Momente: 750 Nm<\/li><li>Hub: +\/- 50 mm<\/li><li>Winkel: +\/- 45\u00b0<\/li><\/ul>\n<\/div>\n<\/div>\n","protected":false},"excerpt":{"rendered":"<p>Auf dem Universal-Pr\u00fcfstand k\u00f6nnen quasistatische Eigenschaften von nicht-rollenden Reifen, zum Beispiel f\u00fcr die Parametrierung von FTire-Modellen, durchgef\u00fchrt werden. Zur Belastung der Reifen stehen zwei Hub-Drehzylinder zur Verf\u00fcgung ebenso wie eine [&hellip;]<\/p>\n","protected":false},"author":56,"featured_media":0,"parent":644,"menu_order":0,"comment_status":"closed","ping_status":"closed","template":"","meta":{"footnotes":""},"categories":[4],"tags":[],"class_list":["post-811","page","type-page","status-publish","hentry","category-forschung"],"_links":{"self":[{"href":"https:\/\/www.hsu-hh.de\/ft\/wp-json\/wp\/v2\/pages\/811","targetHints":{"allow":["GET"]}}],"collection":[{"href":"https:\/\/www.hsu-hh.de\/ft\/wp-json\/wp\/v2\/pages"}],"about":[{"href":"https:\/\/www.hsu-hh.de\/ft\/wp-json\/wp\/v2\/types\/page"}],"author":[{"embeddable":true,"href":"https:\/\/www.hsu-hh.de\/ft\/wp-json\/wp\/v2\/users\/56"}],"replies":[{"embeddable":true,"href":"https:\/\/www.hsu-hh.de\/ft\/wp-json\/wp\/v2\/comments?post=811"}],"version-history":[{"count":1,"href":"https:\/\/www.hsu-hh.de\/ft\/wp-json\/wp\/v2\/pages\/811\/revisions"}],"predecessor-version":[{"id":813,"href":"https:\/\/www.hsu-hh.de\/ft\/wp-json\/wp\/v2\/pages\/811\/revisions\/813"}],"up":[{"embeddable":true,"href":"https:\/\/www.hsu-hh.de\/ft\/wp-json\/wp\/v2\/pages\/644"}],"wp:attachment":[{"href":"https:\/\/www.hsu-hh.de\/ft\/wp-json\/wp\/v2\/media?parent=811"}],"wp:term":[{"taxonomy":"category","embeddable":true,"href":"https:\/\/www.hsu-hh.de\/ft\/wp-json\/wp\/v2\/categories?post=811"},{"taxonomy":"post_tag","embeddable":true,"href":"https:\/\/www.hsu-hh.de\/ft\/wp-json\/wp\/v2\/tags?post=811"}],"curies":[{"name":"wp","href":"https:\/\/api.w.org\/{rel}","templated":true}]}}