{"id":800,"date":"2021-02-25T18:25:56","date_gmt":"2021-02-25T17:25:56","guid":{"rendered":"https:\/\/www.hsu-hh.de\/ft\/?page_id=800"},"modified":"2021-03-23T12:40:36","modified_gmt":"2021-03-23T11:40:36","slug":"universal-pruefstand","status":"publish","type":"page","link":"https:\/\/www.hsu-hh.de\/ft\/forschungseinrichtungen\/komponenten\/belastungspruefanlagen\/universal-pruefstand","title":{"rendered":"Universal-Pr\u00fcfstand"},"content":{"rendered":"\n<p>Der Universalpr\u00fcfstand besteht aus zwei Hub-Drehzylindern, die auf einer Grundplatte frei platziert werden k\u00f6nnen. Mit den beiden Zylindern sind mehr-axiale Belastungen realisierbar. Durch entsprechende \u00dcberwachungselemente ist auch ein Dauerbetrieb m\u00f6glich.<\/p>\n\n\n\n<div class=\"wp-block-columns is-layout-flex wp-container-core-columns-is-layout-9d6595d7 wp-block-columns-is-layout-flex\">\n<div class=\"wp-block-column is-layout-flow wp-block-column-is-layout-flow\">\n<figure class=\"wp-block-image size-large\"><img loading=\"lazy\" decoding=\"async\" width=\"576\" height=\"1024\" src=\"https:\/\/www.hsu-hh.de\/ft\/wp-content\/uploads\/sites\/718\/2021\/02\/Universalpruefstand-1-576x1024.jpg\" data-credit=\"Fahrzeug\" alt=\"Universal-Pr\u00fcfstand\" class=\"wp-image-802\" srcset=\"https:\/\/www.hsu-hh.de\/ft\/wp-content\/uploads\/sites\/718\/2021\/02\/Universalpruefstand-1-576x1024.jpg 576w, https:\/\/www.hsu-hh.de\/ft\/wp-content\/uploads\/sites\/718\/2021\/02\/Universalpruefstand-1-169x300.jpg 169w, https:\/\/www.hsu-hh.de\/ft\/wp-content\/uploads\/sites\/718\/2021\/02\/Universalpruefstand-1-768x1365.jpg 768w, https:\/\/www.hsu-hh.de\/ft\/wp-content\/uploads\/sites\/718\/2021\/02\/Universalpruefstand-1-864x1536.jpg 864w, https:\/\/www.hsu-hh.de\/ft\/wp-content\/uploads\/sites\/718\/2021\/02\/Universalpruefstand-1-1152x2048.jpg 1152w, https:\/\/www.hsu-hh.de\/ft\/wp-content\/uploads\/sites\/718\/2021\/02\/Universalpruefstand-1-1100x1956.jpg 1100w, https:\/\/www.hsu-hh.de\/ft\/wp-content\/uploads\/sites\/718\/2021\/02\/Universalpruefstand-1-scaled.jpg 1440w\" sizes=\"auto, (max-width: 576px) 100vw, 576px\" \/><\/figure>\n<\/div>\n\n\n\n<div class=\"wp-block-column is-layout-flow wp-block-column-is-layout-flow\">\n<h2 class=\"wp-block-heading\">Pr\u00fcfstandsdaten<\/h2>\n\n\n\n<ul class=\"wp-block-list\"><li>Hub: +\/- 50 mm<\/li><li>Kraft: +\/- 50 kN<\/li><li>Torsion: +\/- 750 Nm<\/li><li>Winkel: +\/- 45\u00b0<\/li><li>Dynamik: +\/- 45\u00b0 mit 2 Hz (kleinere Amplituden schneller)<\/li><li>Dynamik: +\/- 50 mm mit 1 Hz (kleinere Amplituden schneller)<\/li><\/ul>\n<\/div>\n<\/div>\n","protected":false},"excerpt":{"rendered":"<p>Der Universalpr\u00fcfstand besteht aus zwei Hub-Drehzylindern, die auf einer Grundplatte frei platziert werden k\u00f6nnen. Mit den beiden Zylindern sind mehr-axiale Belastungen realisierbar. Durch entsprechende \u00dcberwachungselemente ist auch ein Dauerbetrieb m\u00f6glich. [&hellip;]<\/p>\n","protected":false},"author":56,"featured_media":0,"parent":648,"menu_order":0,"comment_status":"closed","ping_status":"closed","template":"","meta":{"footnotes":""},"categories":[4],"tags":[],"class_list":["post-800","page","type-page","status-publish","hentry","category-forschung"],"_links":{"self":[{"href":"https:\/\/www.hsu-hh.de\/ft\/wp-json\/wp\/v2\/pages\/800","targetHints":{"allow":["GET"]}}],"collection":[{"href":"https:\/\/www.hsu-hh.de\/ft\/wp-json\/wp\/v2\/pages"}],"about":[{"href":"https:\/\/www.hsu-hh.de\/ft\/wp-json\/wp\/v2\/types\/page"}],"author":[{"embeddable":true,"href":"https:\/\/www.hsu-hh.de\/ft\/wp-json\/wp\/v2\/users\/56"}],"replies":[{"embeddable":true,"href":"https:\/\/www.hsu-hh.de\/ft\/wp-json\/wp\/v2\/comments?post=800"}],"version-history":[{"count":2,"href":"https:\/\/www.hsu-hh.de\/ft\/wp-json\/wp\/v2\/pages\/800\/revisions"}],"predecessor-version":[{"id":805,"href":"https:\/\/www.hsu-hh.de\/ft\/wp-json\/wp\/v2\/pages\/800\/revisions\/805"}],"up":[{"embeddable":true,"href":"https:\/\/www.hsu-hh.de\/ft\/wp-json\/wp\/v2\/pages\/648"}],"wp:attachment":[{"href":"https:\/\/www.hsu-hh.de\/ft\/wp-json\/wp\/v2\/media?parent=800"}],"wp:term":[{"taxonomy":"category","embeddable":true,"href":"https:\/\/www.hsu-hh.de\/ft\/wp-json\/wp\/v2\/categories?post=800"},{"taxonomy":"post_tag","embeddable":true,"href":"https:\/\/www.hsu-hh.de\/ft\/wp-json\/wp\/v2\/tags?post=800"}],"curies":[{"name":"wp","href":"https:\/\/api.w.org\/{rel}","templated":true}]}}