{"id":797,"date":"2021-02-25T18:03:21","date_gmt":"2021-02-25T17:03:21","guid":{"rendered":"https:\/\/www.hsu-hh.de\/ft\/?page_id=797"},"modified":"2021-03-23T17:35:19","modified_gmt":"2021-03-23T16:35:19","slug":"hochgeschwindigkeits-und-dauerversuche","status":"publish","type":"page","link":"https:\/\/www.hsu-hh.de\/ft\/forschungseinrichtungen\/komponenten\/materialpruefanlagen\/hochgeschwindigkeits-und-dauerversuche","title":{"rendered":"Hochgeschwindigkeits- und Dauerversuche"},"content":{"rendered":"\n<p>Servohydraulischer Pr\u00fcfstand zur Durchf\u00fchrung von Zugversuchen mit hohen Geschwindigkeiten und Dehnraten und f\u00fcr Dauerversuche.<\/p>\n\n\n\n<div class=\"wp-block-columns is-layout-flex wp-container-core-columns-is-layout-9d6595d7 wp-block-columns-is-layout-flex\">\n<div class=\"wp-block-column is-layout-flow wp-block-column-is-layout-flow\">\n<figure class=\"wp-block-image size-large\"><img loading=\"lazy\" decoding=\"async\" width=\"768\" height=\"1024\" src=\"https:\/\/www.hsu-hh.de\/ft\/wp-content\/uploads\/sites\/718\/2021\/02\/Schnellzerreisser-1-768x1024.jpg\" data-credit=\"Fahrzeugtechnik\" alt=\"Hochgeschwindigkeits-Zugversuche\" class=\"wp-image-668\" srcset=\"https:\/\/www.hsu-hh.de\/ft\/wp-content\/uploads\/sites\/718\/2021\/02\/Schnellzerreisser-1-768x1024.jpg 768w, https:\/\/www.hsu-hh.de\/ft\/wp-content\/uploads\/sites\/718\/2021\/02\/Schnellzerreisser-1-225x300.jpg 225w, https:\/\/www.hsu-hh.de\/ft\/wp-content\/uploads\/sites\/718\/2021\/02\/Schnellzerreisser-1-1152x1536.jpg 1152w, https:\/\/www.hsu-hh.de\/ft\/wp-content\/uploads\/sites\/718\/2021\/02\/Schnellzerreisser-1-1536x2048.jpg 1536w, https:\/\/www.hsu-hh.de\/ft\/wp-content\/uploads\/sites\/718\/2021\/02\/Schnellzerreisser-1-1100x1467.jpg 1100w, https:\/\/www.hsu-hh.de\/ft\/wp-content\/uploads\/sites\/718\/2021\/02\/Schnellzerreisser-1-scaled.jpg 1920w\" sizes=\"auto, (max-width: 768px) 100vw, 768px\" \/><\/figure>\n<\/div>\n\n\n\n<div class=\"wp-block-column is-layout-flow wp-block-column-is-layout-flow\">\n<h2 class=\"wp-block-heading\">Pr\u00fcfstandbeschreibung<\/h2>\n\n\n\n<ul class=\"wp-block-list\"><li>Kraft: 50 kN<\/li><li>Geschwindigkeit: 10 &#8211; 20 m\/s<\/li><li>Verfahrweg Zylinder: 250 mm<\/li><li>MTS Hochgeschwindigkeits-A-Frame Spannzeuge mit Slack-Adapter<\/li><li>Flachproben: 1 mm &#8211; 8 mm<\/li><\/ul>\n<\/div>\n<\/div>\n","protected":false},"excerpt":{"rendered":"<p>Servohydraulischer Pr\u00fcfstand zur Durchf\u00fchrung von Zugversuchen mit hohen Geschwindigkeiten und Dehnraten und f\u00fcr Dauerversuche. Pr\u00fcfstandbeschreibung Kraft: 50 kN Geschwindigkeit: 10 &#8211; 20 m\/s Verfahrweg Zylinder: 250 mm MTS Hochgeschwindigkeits-A-Frame Spannzeuge [&hellip;]<\/p>\n","protected":false},"author":56,"featured_media":0,"parent":635,"menu_order":0,"comment_status":"closed","ping_status":"closed","template":"","meta":{"footnotes":""},"categories":[4],"tags":[],"class_list":["post-797","page","type-page","status-publish","hentry","category-forschung"],"_links":{"self":[{"href":"https:\/\/www.hsu-hh.de\/ft\/wp-json\/wp\/v2\/pages\/797","targetHints":{"allow":["GET"]}}],"collection":[{"href":"https:\/\/www.hsu-hh.de\/ft\/wp-json\/wp\/v2\/pages"}],"about":[{"href":"https:\/\/www.hsu-hh.de\/ft\/wp-json\/wp\/v2\/types\/page"}],"author":[{"embeddable":true,"href":"https:\/\/www.hsu-hh.de\/ft\/wp-json\/wp\/v2\/users\/56"}],"replies":[{"embeddable":true,"href":"https:\/\/www.hsu-hh.de\/ft\/wp-json\/wp\/v2\/comments?post=797"}],"version-history":[{"count":2,"href":"https:\/\/www.hsu-hh.de\/ft\/wp-json\/wp\/v2\/pages\/797\/revisions"}],"predecessor-version":[{"id":1846,"href":"https:\/\/www.hsu-hh.de\/ft\/wp-json\/wp\/v2\/pages\/797\/revisions\/1846"}],"up":[{"embeddable":true,"href":"https:\/\/www.hsu-hh.de\/ft\/wp-json\/wp\/v2\/pages\/635"}],"wp:attachment":[{"href":"https:\/\/www.hsu-hh.de\/ft\/wp-json\/wp\/v2\/media?parent=797"}],"wp:term":[{"taxonomy":"category","embeddable":true,"href":"https:\/\/www.hsu-hh.de\/ft\/wp-json\/wp\/v2\/categories?post=797"},{"taxonomy":"post_tag","embeddable":true,"href":"https:\/\/www.hsu-hh.de\/ft\/wp-json\/wp\/v2\/tags?post=797"}],"curies":[{"name":"wp","href":"https:\/\/api.w.org\/{rel}","templated":true}]}}