{"id":779,"date":"2021-02-25T13:11:05","date_gmt":"2021-02-25T12:11:05","guid":{"rendered":"https:\/\/www.hsu-hh.de\/ft\/?page_id=779"},"modified":"2021-03-25T20:46:56","modified_gmt":"2021-03-25T19:46:56","slug":"elektroshaker","status":"publish","type":"page","link":"https:\/\/www.hsu-hh.de\/ft\/forschungseinrichtungen\/komponenten\/belastungspruefanlagen\/elektroshaker","title":{"rendered":"Elektroshaker"},"content":{"rendered":"\n<p>Permanenterregte Schwingpr\u00fcfanlagen (in Standard- und Inertialbauform) werden f\u00fcr h\u00f6herfrequente Anregungen eingesetzt.<\/p>\n\n\n\n<div class=\"wp-block-columns is-layout-flex wp-container-core-columns-is-layout-9d6595d7 wp-block-columns-is-layout-flex\">\n<div class=\"wp-block-column is-layout-flow wp-block-column-is-layout-flow\">\n<h2 class=\"wp-block-heading\">Inertialsystem gro\u00df<\/h2>\n\n\n\n<ul class=\"wp-block-list\"><li>Anzahl: 4<\/li><li>Nennkraft: 400 N (Sinus) \/ 311 N (Rauschen)<\/li><li>Frequenzbereich: 2 Hz &#8211; 2 kHz<\/li><li>Max. Schwingweg Pk-Pk: 9 mm<\/li><li>Max. Beschleunigung: 2,8 g (Sinus) \/ 2,0 g (Rauschen)<\/li><\/ul>\n<\/div>\n\n\n\n<div class=\"wp-block-column is-layout-flow wp-block-column-is-layout-flow\">\n<h2 class=\"wp-block-heading\">Inertialsystem klein<\/h2>\n\n\n\n<ul class=\"wp-block-list\"><li>Anzahl: 1<\/li><li>Nennkraft: 125 N (Sinus) \/ 70 N (Rauschen)<\/li><li>Frequenzbereich: 2 Hz &#8211; 2 kHz<\/li><li>Max. Schwingweg Pk-Pk: 9 mm<\/li><li>Max. Beschleunigung: 0,98 g (Sinus) \/ 0,54 g (Rauschen) <\/li><\/ul>\n<\/div>\n<\/div>\n\n\n\n<div class=\"wp-block-columns is-layout-flex wp-container-core-columns-is-layout-9d6595d7 wp-block-columns-is-layout-flex\">\n<div class=\"wp-block-column is-layout-flow wp-block-column-is-layout-flow\">\n<h2 class=\"wp-block-heading\">Standard<\/h2>\n\n\n\n<ul class=\"wp-block-list\"><li>Anzahl: 4<\/li><li>Nennkraft: 18 N (Sinus)<\/li><li>Frequenzbereich: 2 &#8211; 20 kHz<\/li><li>Max. Schwingweg Pk-Pk: 5 mm<\/li><li>Max. Beschleunigung: 65 g (Sinus) <\/li><\/ul>\n<\/div>\n\n\n\n<div class=\"wp-block-column is-layout-flow wp-block-column-is-layout-flow\"><\/div>\n<\/div>\n","protected":false},"excerpt":{"rendered":"<p>Permanenterregte Schwingpr\u00fcfanlagen (in Standard- und Inertialbauform) werden f\u00fcr h\u00f6herfrequente Anregungen eingesetzt. Inertialsystem gro\u00df Anzahl: 4 Nennkraft: 400 N (Sinus) \/ 311 N (Rauschen) Frequenzbereich: 2 Hz &#8211; 2 kHz Max. [&hellip;]<\/p>\n","protected":false},"author":56,"featured_media":0,"parent":648,"menu_order":0,"comment_status":"closed","ping_status":"closed","template":"","meta":{"footnotes":""},"categories":[4],"tags":[],"class_list":["post-779","page","type-page","status-publish","hentry","category-forschung"],"_links":{"self":[{"href":"https:\/\/www.hsu-hh.de\/ft\/wp-json\/wp\/v2\/pages\/779","targetHints":{"allow":["GET"]}}],"collection":[{"href":"https:\/\/www.hsu-hh.de\/ft\/wp-json\/wp\/v2\/pages"}],"about":[{"href":"https:\/\/www.hsu-hh.de\/ft\/wp-json\/wp\/v2\/types\/page"}],"author":[{"embeddable":true,"href":"https:\/\/www.hsu-hh.de\/ft\/wp-json\/wp\/v2\/users\/56"}],"replies":[{"embeddable":true,"href":"https:\/\/www.hsu-hh.de\/ft\/wp-json\/wp\/v2\/comments?post=779"}],"version-history":[{"count":2,"href":"https:\/\/www.hsu-hh.de\/ft\/wp-json\/wp\/v2\/pages\/779\/revisions"}],"predecessor-version":[{"id":1059,"href":"https:\/\/www.hsu-hh.de\/ft\/wp-json\/wp\/v2\/pages\/779\/revisions\/1059"}],"up":[{"embeddable":true,"href":"https:\/\/www.hsu-hh.de\/ft\/wp-json\/wp\/v2\/pages\/648"}],"wp:attachment":[{"href":"https:\/\/www.hsu-hh.de\/ft\/wp-json\/wp\/v2\/media?parent=779"}],"wp:term":[{"taxonomy":"category","embeddable":true,"href":"https:\/\/www.hsu-hh.de\/ft\/wp-json\/wp\/v2\/categories?post=779"},{"taxonomy":"post_tag","embeddable":true,"href":"https:\/\/www.hsu-hh.de\/ft\/wp-json\/wp\/v2\/tags?post=779"}],"curies":[{"name":"wp","href":"https:\/\/api.w.org\/{rel}","templated":true}]}}