{"id":762,"date":"2021-02-25T10:47:48","date_gmt":"2021-02-25T09:47:48","guid":{"rendered":"https:\/\/www.hsu-hh.de\/ft\/?page_id=762"},"modified":"2021-03-23T12:39:08","modified_gmt":"2021-03-23T11:39:08","slug":"servodraulische-belastungseinrichtungen","status":"publish","type":"page","link":"https:\/\/www.hsu-hh.de\/ft\/forschungseinrichtungen\/komponenten\/belastungspruefanlagen\/servodraulische-belastungseinrichtungen","title":{"rendered":"Servodraulische Belastungseinrichtungen"},"content":{"rendered":"\n<p>Servohydraulische Zylinder eignen sich f\u00fcr gro\u00dfe Kr\u00e4fte bei mittleren Freuquenzen. Es steht eine zentrale Versorgung f\u00fcr die servohydraulischen Anlagen zur Verf\u00fcgung ( drei Pumpeinheiten mit jeweils einer Leistung von 90 kW und 180 l\/min) sowie eine mobile Anlage (11 kW, 25 l\/min). <\/p>\n\n\n\n<ul class=\"wp-block-list\"><li>F: maximale Kraft<\/li><li>s: maximaler Weg<\/li><li>v: maximale Geschwindigkeit<\/li><li>f: maximale Frequenz<\/li><\/ul>\n\n\n\n<figure class=\"wp-block-image size-large is-resized\"><img loading=\"lazy\" decoding=\"async\" src=\"https:\/\/www.hsu-hh.de\/ft\/wp-content\/uploads\/sites\/718\/2021\/02\/servohydraulische_Zylinder-1024x643.jpg\" data-credit=\"Fahrzeugtechnik\" alt=\"Servohydraulische Zylinder\" class=\"wp-image-787\" width=\"639\" height=\"401\" srcset=\"https:\/\/www.hsu-hh.de\/ft\/wp-content\/uploads\/sites\/718\/2021\/02\/servohydraulische_Zylinder-1024x643.jpg 1024w, https:\/\/www.hsu-hh.de\/ft\/wp-content\/uploads\/sites\/718\/2021\/02\/servohydraulische_Zylinder-300x188.jpg 300w, https:\/\/www.hsu-hh.de\/ft\/wp-content\/uploads\/sites\/718\/2021\/02\/servohydraulische_Zylinder-768x482.jpg 768w, https:\/\/www.hsu-hh.de\/ft\/wp-content\/uploads\/sites\/718\/2021\/02\/servohydraulische_Zylinder-1100x691.jpg 1100w, https:\/\/www.hsu-hh.de\/ft\/wp-content\/uploads\/sites\/718\/2021\/02\/servohydraulische_Zylinder.jpg 1293w\" sizes=\"auto, (max-width: 639px) 100vw, 639px\" \/><\/figure>\n\n\n\n<hr class=\"wp-block-separator is-style-wide\" \/>\n\n\n\n<p><\/p>\n","protected":false},"excerpt":{"rendered":"<p>Servohydraulische Zylinder eignen sich f\u00fcr gro\u00dfe Kr\u00e4fte bei mittleren Freuquenzen. Es steht eine zentrale Versorgung f\u00fcr die servohydraulischen Anlagen zur Verf\u00fcgung ( drei Pumpeinheiten mit jeweils einer Leistung von 90 [&hellip;]<\/p>\n","protected":false},"author":56,"featured_media":0,"parent":648,"menu_order":0,"comment_status":"closed","ping_status":"closed","template":"","meta":{"footnotes":""},"categories":[4],"tags":[],"class_list":["post-762","page","type-page","status-publish","hentry","category-forschung"],"_links":{"self":[{"href":"https:\/\/www.hsu-hh.de\/ft\/wp-json\/wp\/v2\/pages\/762","targetHints":{"allow":["GET"]}}],"collection":[{"href":"https:\/\/www.hsu-hh.de\/ft\/wp-json\/wp\/v2\/pages"}],"about":[{"href":"https:\/\/www.hsu-hh.de\/ft\/wp-json\/wp\/v2\/types\/page"}],"author":[{"embeddable":true,"href":"https:\/\/www.hsu-hh.de\/ft\/wp-json\/wp\/v2\/users\/56"}],"replies":[{"embeddable":true,"href":"https:\/\/www.hsu-hh.de\/ft\/wp-json\/wp\/v2\/comments?post=762"}],"version-history":[{"count":3,"href":"https:\/\/www.hsu-hh.de\/ft\/wp-json\/wp\/v2\/pages\/762\/revisions"}],"predecessor-version":[{"id":788,"href":"https:\/\/www.hsu-hh.de\/ft\/wp-json\/wp\/v2\/pages\/762\/revisions\/788"}],"up":[{"embeddable":true,"href":"https:\/\/www.hsu-hh.de\/ft\/wp-json\/wp\/v2\/pages\/648"}],"wp:attachment":[{"href":"https:\/\/www.hsu-hh.de\/ft\/wp-json\/wp\/v2\/media?parent=762"}],"wp:term":[{"taxonomy":"category","embeddable":true,"href":"https:\/\/www.hsu-hh.de\/ft\/wp-json\/wp\/v2\/categories?post=762"},{"taxonomy":"post_tag","embeddable":true,"href":"https:\/\/www.hsu-hh.de\/ft\/wp-json\/wp\/v2\/tags?post=762"}],"curies":[{"name":"wp","href":"https:\/\/api.w.org\/{rel}","templated":true}]}}