{"id":749,"date":"2021-02-25T10:01:46","date_gmt":"2021-02-25T09:01:46","guid":{"rendered":"https:\/\/www.hsu-hh.de\/ft\/?page_id=749"},"modified":"2021-03-23T13:39:42","modified_gmt":"2021-03-23T12:39:42","slug":"klimakammer-grauwert-korrelationsanalyse","status":"publish","type":"page","link":"https:\/\/www.hsu-hh.de\/ft\/forschungseinrichtungen\/komponenten\/materialpruefanlagen\/klimakammer-grauwert-korrelationsanalyse","title":{"rendered":"Klimakammer, Grauwert-Korrelationsanalyse"},"content":{"rendered":"\n<div style=\"height:60px\" aria-hidden=\"true\" class=\"wp-block-spacer\"><\/div>\n\n\n\n<div class=\"wp-block-columns is-layout-flex wp-container-core-columns-is-layout-9d6595d7 wp-block-columns-is-layout-flex\">\n<div class=\"wp-block-column is-layout-flow wp-block-column-is-layout-flow\">\n<h2 class=\"wp-block-heading\">Klimakammer<\/h2>\n\n\n\n<ul class=\"wp-block-list\"><li>Materialpr\u00fcfungen unter Einfluss unterschiedlicher Temperaturen<\/li><li>Temperaturbereich von 30 \u00b0C- 160 \u00b0C einstellbar<\/li><li>Durchf\u00fchrung von Zug-, Druck- und Scherversuchen<\/li><li>Optische Dehnungsmessung integrierbar<\/li><\/ul>\n\n\n\n<div style=\"height:30px\" aria-hidden=\"true\" class=\"wp-block-spacer\"><\/div>\n\n\n\n<figure class=\"wp-block-image size-large is-resized\"><img loading=\"lazy\" decoding=\"async\" src=\"https:\/\/www.hsu-hh.de\/ft\/wp-content\/uploads\/sites\/718\/2019\/02\/IMG_20181129_085706_898-768x1024.jpg\" data-credit=\"Prof. f\u00fcr Fahrzeugtechnik\" alt=\"Kurfaserverst\u00e4rkter Kunststoff\" class=\"wp-image-340\" width=\"544\" height=\"724\" srcset=\"https:\/\/www.hsu-hh.de\/ft\/wp-content\/uploads\/sites\/718\/2019\/02\/IMG_20181129_085706_898-768x1024.jpg 768w, https:\/\/www.hsu-hh.de\/ft\/wp-content\/uploads\/sites\/718\/2019\/02\/IMG_20181129_085706_898-225x300.jpg 225w\" sizes=\"auto, (max-width: 544px) 100vw, 544px\" \/><figcaption>Untersuchung der Temperaturabh\u00e4ngigkeit von kurzfaserverst\u00e4rkten Kunststoffen (Zugversuch mit 3D-Grauwertkorrelationsanalyse)<\/figcaption><\/figure>\n<\/div>\n\n\n\n<div class=\"wp-block-column is-layout-flow wp-block-column-is-layout-flow\">\n<h2 class=\"wp-block-heading\">Grauwert-Korrelationsanalyse<\/h2>\n\n\n\n<ul class=\"wp-block-list\"><li>Optische Dehnungsmessung mittels 3D Grauwertkorrelation<\/li><li>Q400 DIC Messsystem (Dantec Dynamics , Limess)<\/li><li>Fl\u00e4chenhafte Messung von 3D Koordinaten, Verschiebungen und Dehnungstensoren<\/li><li>Unterschiedliche Optiken f\u00fcr unterschiedlichen Probengr\u00f6\u00dfen sind vorhanden<\/li><\/ul>\n\n\n\n<div style=\"height:30px\" aria-hidden=\"true\" class=\"wp-block-spacer\"><\/div>\n\n\n\n<figure class=\"wp-block-image size-large\"><img loading=\"lazy\" decoding=\"async\" width=\"1024\" height=\"575\" src=\"https:\/\/www.hsu-hh.de\/ft\/wp-content\/uploads\/sites\/718\/2019\/02\/Bild1-1024x575.png\" data-credit=\"Prof. f\u00fcr Fahrzeugtechnik\" alt=\"Temperaturabh\u00e4ngigkeit kurzfaserverst\u00e4rkter Kunststoffe\" class=\"wp-image-338\" srcset=\"https:\/\/www.hsu-hh.de\/ft\/wp-content\/uploads\/sites\/718\/2019\/02\/Bild1-1024x575.png 1024w, https:\/\/www.hsu-hh.de\/ft\/wp-content\/uploads\/sites\/718\/2019\/02\/Bild1-300x168.png 300w, https:\/\/www.hsu-hh.de\/ft\/wp-content\/uploads\/sites\/718\/2019\/02\/Bild1-768x431.png 768w\" sizes=\"auto, (max-width: 1024px) 100vw, 1024px\" \/><figcaption>Untersuchungsraum zur Untersuchung der Temperaturabh\u00e4ngigkeit von kurzfaserverst\u00e4rkten Kunststoffen (Zugversuch mit 3D-Grauwertkorrelationsanalyse)<\/figcaption><\/figure>\n<\/div>\n<\/div>\n","protected":false},"excerpt":{"rendered":"<p>Klimakammer Materialpr\u00fcfungen unter Einfluss unterschiedlicher Temperaturen Temperaturbereich von 30 \u00b0C- 160 \u00b0C einstellbar Durchf\u00fchrung von Zug-, Druck- und Scherversuchen Optische Dehnungsmessung integrierbar Grauwert-Korrelationsanalyse Optische Dehnungsmessung mittels 3D Grauwertkorrelation Q400 DIC [&hellip;]<\/p>\n","protected":false},"author":56,"featured_media":0,"parent":635,"menu_order":0,"comment_status":"closed","ping_status":"closed","template":"","meta":{"footnotes":""},"categories":[4],"tags":[],"class_list":["post-749","page","type-page","status-publish","hentry","category-forschung"],"_links":{"self":[{"href":"https:\/\/www.hsu-hh.de\/ft\/wp-json\/wp\/v2\/pages\/749","targetHints":{"allow":["GET"]}}],"collection":[{"href":"https:\/\/www.hsu-hh.de\/ft\/wp-json\/wp\/v2\/pages"}],"about":[{"href":"https:\/\/www.hsu-hh.de\/ft\/wp-json\/wp\/v2\/types\/page"}],"author":[{"embeddable":true,"href":"https:\/\/www.hsu-hh.de\/ft\/wp-json\/wp\/v2\/users\/56"}],"replies":[{"embeddable":true,"href":"https:\/\/www.hsu-hh.de\/ft\/wp-json\/wp\/v2\/comments?post=749"}],"version-history":[{"count":3,"href":"https:\/\/www.hsu-hh.de\/ft\/wp-json\/wp\/v2\/pages\/749\/revisions"}],"predecessor-version":[{"id":755,"href":"https:\/\/www.hsu-hh.de\/ft\/wp-json\/wp\/v2\/pages\/749\/revisions\/755"}],"up":[{"embeddable":true,"href":"https:\/\/www.hsu-hh.de\/ft\/wp-json\/wp\/v2\/pages\/635"}],"wp:attachment":[{"href":"https:\/\/www.hsu-hh.de\/ft\/wp-json\/wp\/v2\/media?parent=749"}],"wp:term":[{"taxonomy":"category","embeddable":true,"href":"https:\/\/www.hsu-hh.de\/ft\/wp-json\/wp\/v2\/categories?post=749"},{"taxonomy":"post_tag","embeddable":true,"href":"https:\/\/www.hsu-hh.de\/ft\/wp-json\/wp\/v2\/tags?post=749"}],"curies":[{"name":"wp","href":"https:\/\/api.w.org\/{rel}","templated":true}]}}