{"id":745,"date":"2021-02-25T09:38:33","date_gmt":"2021-02-25T08:38:33","guid":{"rendered":"https:\/\/www.hsu-hh.de\/ft\/?page_id=745"},"modified":"2021-03-23T12:11:42","modified_gmt":"2021-03-23T11:11:42","slug":"materialtests","status":"publish","type":"page","link":"https:\/\/www.hsu-hh.de\/ft\/forschungseinrichtungen\/komponenten\/materialpruefanlagen\/materialtests","title":{"rendered":"Materialtests"},"content":{"rendered":"\n<p>Es sind unterschiedliche Standardtests f\u00fcr die Charakterisierung von Materialien m\u00f6glich.<\/p>\n\n\n\n<div class=\"wp-block-columns is-layout-flex wp-container-core-columns-is-layout-9d6595d7 wp-block-columns-is-layout-flex\">\n<div class=\"wp-block-column is-layout-flow wp-block-column-is-layout-flow\">\n<h2 class=\"wp-block-heading\">Zugversuch<\/h2>\n\n\n\n<ul class=\"wp-block-list\"><li>Statisch 100 kN<\/li><li>Dynamisch 80 kN, Frequenz: 2-4 Hz<\/li><li>Verfahrweg Zylinder 125 mm<\/li><li>Hydraulisches Spannzeug f\u00fcr Rund und Flachproben<\/li><li>MTS Alignment zur Kompensation von Exzentrizit\u00e4ten<\/li><li>Rund- und Flachproben<\/li><\/ul>\n<\/div>\n\n\n\n<div class=\"wp-block-column is-layout-flow wp-block-column-is-layout-flow\">\n<h2 class=\"wp-block-heading\">Druckversuch<\/h2>\n\n\n\n<ul class=\"wp-block-list\"><li>Statisch 25 kN, 100 kN und 250 kN (je nach Maschine)<\/li><li>Dynamisch 80 kN, Frequenz: 2-4 Hz<\/li><li>Verfahrweg Zylinder 100-250 mm<\/li><li>Kugelgelagerte Druckplatten in unterschiedlichen Gr\u00f6\u00dfen<\/li><\/ul>\n<\/div>\n<\/div>\n\n\n\n<div class=\"wp-block-columns is-layout-flex wp-container-core-columns-is-layout-9d6595d7 wp-block-columns-is-layout-flex\">\n<div class=\"wp-block-column is-layout-flow wp-block-column-is-layout-flow\">\n<h2 class=\"wp-block-heading\">3-Punkt Biegeversuch<\/h2>\n\n\n\n<ul class=\"wp-block-list\"><li>Statisch 25 kN, 100 kN und 250 kN (je nach Maschine)<\/li><li>Dynamisch 80 kN, Frequenz: 2-4 Hz<\/li><li>Verfahrweg Zylinder 125 mm<\/li><li>Walzenabstand variabel einstellbar<\/li><\/ul>\n<\/div>\n\n\n\n<div class=\"wp-block-column is-layout-flow wp-block-column-is-layout-flow\">\n<h2 class=\"wp-block-heading\">Scherversuch nachASTM D708<\/h2>\n\n\n\n<ul class=\"wp-block-list\"><li>(V-Noteched Rail Shear)<\/li><li>Statisch 100 kN<\/li><li>Dynamisch 80 kN, Frequenz: 2-4 Hz<\/li><li>Verfahrweg Zylinder 125 mm<\/li><li>Bestimmung von Schereigenschaften von Composite-Materialien<\/li><\/ul>\n<\/div>\n<\/div>\n\n\n\n<p><\/p>\n","protected":false},"excerpt":{"rendered":"<p>Es sind unterschiedliche Standardtests f\u00fcr die Charakterisierung von Materialien m\u00f6glich. Zugversuch Statisch 100 kN Dynamisch 80 kN, Frequenz: 2-4 Hz Verfahrweg Zylinder 125 mm Hydraulisches Spannzeug f\u00fcr Rund und Flachproben [&hellip;]<\/p>\n","protected":false},"author":56,"featured_media":0,"parent":635,"menu_order":0,"comment_status":"closed","ping_status":"closed","template":"","meta":{"footnotes":""},"categories":[4],"tags":[],"class_list":["post-745","page","type-page","status-publish","hentry","category-forschung"],"_links":{"self":[{"href":"https:\/\/www.hsu-hh.de\/ft\/wp-json\/wp\/v2\/pages\/745","targetHints":{"allow":["GET"]}}],"collection":[{"href":"https:\/\/www.hsu-hh.de\/ft\/wp-json\/wp\/v2\/pages"}],"about":[{"href":"https:\/\/www.hsu-hh.de\/ft\/wp-json\/wp\/v2\/types\/page"}],"author":[{"embeddable":true,"href":"https:\/\/www.hsu-hh.de\/ft\/wp-json\/wp\/v2\/users\/56"}],"replies":[{"embeddable":true,"href":"https:\/\/www.hsu-hh.de\/ft\/wp-json\/wp\/v2\/comments?post=745"}],"version-history":[{"count":2,"href":"https:\/\/www.hsu-hh.de\/ft\/wp-json\/wp\/v2\/pages\/745\/revisions"}],"predecessor-version":[{"id":748,"href":"https:\/\/www.hsu-hh.de\/ft\/wp-json\/wp\/v2\/pages\/745\/revisions\/748"}],"up":[{"embeddable":true,"href":"https:\/\/www.hsu-hh.de\/ft\/wp-json\/wp\/v2\/pages\/635"}],"wp:attachment":[{"href":"https:\/\/www.hsu-hh.de\/ft\/wp-json\/wp\/v2\/media?parent=745"}],"wp:term":[{"taxonomy":"category","embeddable":true,"href":"https:\/\/www.hsu-hh.de\/ft\/wp-json\/wp\/v2\/categories?post=745"},{"taxonomy":"post_tag","embeddable":true,"href":"https:\/\/www.hsu-hh.de\/ft\/wp-json\/wp\/v2\/tags?post=745"}],"curies":[{"name":"wp","href":"https:\/\/api.w.org\/{rel}","templated":true}]}}