{"id":73,"date":"2017-07-03T15:52:08","date_gmt":"2017-07-03T13:52:08","guid":{"rendered":"https:\/\/www.hsu-hh.de\/vorlage\/?page_id=73"},"modified":"2021-04-17T17:27:41","modified_gmt":"2021-04-17T15:27:41","slug":"startseite","status":"publish","type":"page","link":"https:\/\/www.hsu-hh.de\/ft\/","title":{"rendered":"Professur f\u00fcr Fahrzeugtechnik"},"content":{"rendered":"<p>Die Professur f\u00fcr Fahrzeugtechnik verf\u00fcgt \u00fcber eine umfangreiche Ausstattung experimenteller Einrichtungen zur Untersuchung des statischen und dynamischen Verhaltens von Fahrzeugen sowie deren Komponenten. Neben den experimentellen M\u00f6glichkeiten widmet sich die Professur ausgiebig auch der simulationsgest\u00fctzten Vorhersage des Verhaltens von Fahrzeugen.<br \/>\nForschungsschwerpunkte sind dabei die Dynamik von Fahrzeugen einschlie\u00dflich des dynamischen Verhaltens von Reifen sowie kurzzeitdynamische Vorg\u00e4nge, wie sie zum Beispiel im Bereich der Fahrzeugsicherheit (Crash) vorkommen. Weiterhin verf\u00fcgt das Institut \u00fcber M\u00f6glichkeiten, l\u00e4ngsdynamische Untersuchungen zum Beispiel auf einem Rollenpr\u00fcfstand oder auf einer Leistungspr\u00fcfanlage sowohl an Fahrzeugen als auch an Fahrzeugantrieben vorzunehmen. Die Professur arbeitet sowohl mit \u00f6ffentlichen Stellen (<abbr title=\"zum Beispiel\">z.B.<\/abbr> BASt) als auch intensiv mit unterschiedlichen Industriepartnern (Volkswagen AG, Audi AG, BMW AG, Daimler AG <abbr title=\"et cetera\">etc.<\/abbr>) zusammen.<\/p>\n","protected":false},"excerpt":{"rendered":"<p>Die Professur f\u00fcr Fahrzeugtechnik verf\u00fcgt \u00fcber eine umfangreiche Ausstattung experimenteller Einrichtungen zur Untersuchung des statischen und dynamischen Verhaltens von Fahrzeugen sowie deren Komponenten. Neben den experimentellen M\u00f6glichkeiten widmet sich die [&hellip;]<\/p>\n","protected":false},"author":1,"featured_media":0,"parent":0,"menu_order":0,"comment_status":"closed","ping_status":"closed","template":"","meta":{"footnotes":""},"categories":[4,6,29,35,8,10],"tags":[],"class_list":["post-73","page","type-page","status-publish","hentry","category-forschung","category-lehre","category-nachrichtenslider","category-startseite","category-team","category-ueber"],"_links":{"self":[{"href":"https:\/\/www.hsu-hh.de\/ft\/wp-json\/wp\/v2\/pages\/73","targetHints":{"allow":["GET"]}}],"collection":[{"href":"https:\/\/www.hsu-hh.de\/ft\/wp-json\/wp\/v2\/pages"}],"about":[{"href":"https:\/\/www.hsu-hh.de\/ft\/wp-json\/wp\/v2\/types\/page"}],"author":[{"embeddable":true,"href":"https:\/\/www.hsu-hh.de\/ft\/wp-json\/wp\/v2\/users\/1"}],"replies":[{"embeddable":true,"href":"https:\/\/www.hsu-hh.de\/ft\/wp-json\/wp\/v2\/comments?post=73"}],"version-history":[{"count":13,"href":"https:\/\/www.hsu-hh.de\/ft\/wp-json\/wp\/v2\/pages\/73\/revisions"}],"predecessor-version":[{"id":1963,"href":"https:\/\/www.hsu-hh.de\/ft\/wp-json\/wp\/v2\/pages\/73\/revisions\/1963"}],"wp:attachment":[{"href":"https:\/\/www.hsu-hh.de\/ft\/wp-json\/wp\/v2\/media?parent=73"}],"wp:term":[{"taxonomy":"category","embeddable":true,"href":"https:\/\/www.hsu-hh.de\/ft\/wp-json\/wp\/v2\/categories?post=73"},{"taxonomy":"post_tag","embeddable":true,"href":"https:\/\/www.hsu-hh.de\/ft\/wp-json\/wp\/v2\/tags?post=73"}],"curies":[{"name":"wp","href":"https:\/\/api.w.org\/{rel}","templated":true}]}}