{"id":627,"date":"2021-02-24T12:11:43","date_gmt":"2021-02-24T11:11:43","guid":{"rendered":"https:\/\/www.hsu-hh.de\/ft\/?page_id=627"},"modified":"2021-03-18T13:25:36","modified_gmt":"2021-03-18T12:25:36","slug":"crash-komponentenanlagen-2","status":"publish","type":"page","link":"https:\/\/www.hsu-hh.de\/ft\/forschungseinrichtungen\/komponenten\/crash-komponentenanlagen-2","title":{"rendered":"Crash-Komponentenanlagen"},"content":{"rendered":"\n<p>Es stehen unterschiedliche Anlagen zur dynamischen Untersuchungen von Komponenten und Materialien zur Verf\u00fcgung. Die dabei abgedeckten Geschwindigkeits-, Energie- und Kraftbereiche orientieren sich an denen eines Fahrzeugscrashs. Die Anlagen sind dabei zum Teil modifizierbar, so dass auf den folgenden  Seiten aufgef\u00fchrten Daten und Anwendungen exemplarisch zu verstehen sind.<\/p>\n\n\n\n<div style=\"height:56px\" aria-hidden=\"true\" class=\"wp-block-spacer\"><\/div>\n\n\n\n<div class=\"wp-block-media-text alignwide is-stacked-on-mobile is-image-fill\"><figure class=\"wp-block-media-text__media\" style=\"background-image:url(https:\/\/www.hsu-hh.de\/ft\/wp-content\/uploads\/sites\/718\/2019\/04\/schweisspunkte-1024x359.png);background-position:71% 53%\"><img loading=\"lazy\" decoding=\"async\" width=\"1024\" height=\"359\" src=\"https:\/\/www.hsu-hh.de\/ft\/wp-content\/uploads\/sites\/718\/2019\/04\/schweisspunkte-1024x359.png\" data-credit=\"Professur f\u00fcr Fahrzeugtechnik\" alt=\"Doppelte Hutprofile\" class=\"wp-image-400 size-full\" srcset=\"https:\/\/www.hsu-hh.de\/ft\/wp-content\/uploads\/sites\/718\/2019\/04\/schweisspunkte-1024x359.png 1024w, https:\/\/www.hsu-hh.de\/ft\/wp-content\/uploads\/sites\/718\/2019\/04\/schweisspunkte-300x105.png 300w, https:\/\/www.hsu-hh.de\/ft\/wp-content\/uploads\/sites\/718\/2019\/04\/schweisspunkte-768x269.png 768w\" sizes=\"auto, (max-width: 1024px) 100vw, 1024px\" \/><\/figure><div class=\"wp-block-media-text__content\">\n<p style=\"font-size:30px\">Crash-Schlittenanlage<\/p>\n\n\n\n<p>Auf der <a href=\"https:\/\/www.hsu-hh.de\/ft\/crash-komponentenanlagen\" data-type=\"page\" data-id=\"608\">Crash-Schlittenanlage<\/a> k\u00f6nnen kleine bis mittlere Komponenten unter crash-\u00e4hnlichen Belastungen (bis ca. 20 m\/s Aufprallgeschwindigkeit; bis zu 159 kJ kinetische Energie) getestet werden.<\/p>\n<\/div><\/div>\n\n\n\n<div class=\"wp-block-media-text alignwide is-stacked-on-mobile is-image-fill\"><figure class=\"wp-block-media-text__media\" style=\"background-image:url(https:\/\/www.hsu-hh.de\/ft\/wp-content\/uploads\/sites\/718\/2019\/04\/Fallturm_Batterie-1024x1020.png);background-position:54% 70%\"><img loading=\"lazy\" decoding=\"async\" width=\"1024\" height=\"1020\" src=\"https:\/\/www.hsu-hh.de\/ft\/wp-content\/uploads\/sites\/718\/2019\/04\/Fallturm_Batterie-1024x1020.png\" data-credit=\"Professur f\u00fcr Fahrzeugtechnik\" alt=\"Batterieaufprall\" class=\"wp-image-393 size-full\" srcset=\"https:\/\/www.hsu-hh.de\/ft\/wp-content\/uploads\/sites\/718\/2019\/04\/Fallturm_Batterie-1024x1020.png 1024w, https:\/\/www.hsu-hh.de\/ft\/wp-content\/uploads\/sites\/718\/2019\/04\/Fallturm_Batterie-150x150.png 150w, https:\/\/www.hsu-hh.de\/ft\/wp-content\/uploads\/sites\/718\/2019\/04\/Fallturm_Batterie-300x300.png 300w, https:\/\/www.hsu-hh.de\/ft\/wp-content\/uploads\/sites\/718\/2019\/04\/Fallturm_Batterie-768x765.png 768w, https:\/\/www.hsu-hh.de\/ft\/wp-content\/uploads\/sites\/718\/2019\/04\/Fallturm_Batterie-100x100.png 100w, https:\/\/www.hsu-hh.de\/ft\/wp-content\/uploads\/sites\/718\/2019\/04\/Fallturm_Batterie.png 1868w\" sizes=\"auto, (max-width: 1024px) 100vw, 1024px\" \/><\/figure><div class=\"wp-block-media-text__content\">\n<p style=\"font-size:30px\">Fallturm<\/p>\n\n\n\n<p>Mit dem <a href=\"https:\/\/www.hsu-hh.de\/ft\/fallturm\" data-type=\"page\" data-id=\"687\">Fallturm<\/a>  k\u00f6nnen kleine Komponenten unter crash-\u00e4hnlichen Belastungen (bis ca. 10 m\/s Aufprallgeschwindigkeit; bis zu 2,5 kJ kinetische Energie; Aufprallgewichte: 10 &#8211; 50 kg) getestet werden.<\/p>\n<\/div><\/div>\n\n\n\n<div class=\"wp-block-media-text alignwide is-stacked-on-mobile is-image-fill\"><figure class=\"wp-block-media-text__media\" style=\"background-image:url(https:\/\/www.hsu-hh.de\/ft\/wp-content\/uploads\/sites\/718\/2021\/02\/Crush-1024x662.jpg);background-position:45% 85%\"><img loading=\"lazy\" decoding=\"async\" width=\"1024\" height=\"662\" src=\"https:\/\/www.hsu-hh.de\/ft\/wp-content\/uploads\/sites\/718\/2021\/02\/Crush-1024x662.jpg\" data-credit=\"Fahrzeugtechnik\" alt=\"Reifen im Crush-Pr\u00fcfstand\" class=\"wp-image-728 size-full\" srcset=\"https:\/\/www.hsu-hh.de\/ft\/wp-content\/uploads\/sites\/718\/2021\/02\/Crush-1024x662.jpg 1024w, https:\/\/www.hsu-hh.de\/ft\/wp-content\/uploads\/sites\/718\/2021\/02\/Crush-300x194.jpg 300w, https:\/\/www.hsu-hh.de\/ft\/wp-content\/uploads\/sites\/718\/2021\/02\/Crush-768x497.jpg 768w, https:\/\/www.hsu-hh.de\/ft\/wp-content\/uploads\/sites\/718\/2021\/02\/Crush-1536x993.jpg 1536w, https:\/\/www.hsu-hh.de\/ft\/wp-content\/uploads\/sites\/718\/2021\/02\/Crush-2048x1324.jpg 2048w, https:\/\/www.hsu-hh.de\/ft\/wp-content\/uploads\/sites\/718\/2021\/02\/Crush-1100x711.jpg 1100w\" sizes=\"auto, (max-width: 1024px) 100vw, 1024px\" \/><\/figure><div class=\"wp-block-media-text__content\">\n<p style=\"font-size:30px\">Crush-Anlage<\/p>\n\n\n\n<p>In der servodydraulischen <a href=\"https:\/\/www.hsu-hh.de\/ft\/crush-anlage\" data-type=\"page\" data-id=\"832\">Crushanlage<\/a> k\u00f6nnen mittlere Komponenten quasistatisch mit Kr\u00e4ften bis zu 660 kN belastet werden.<\/p>\n<\/div><\/div>\n\n\n\n<div class=\"wp-block-media-text alignwide is-stacked-on-mobile is-image-fill\"><figure class=\"wp-block-media-text__media\" style=\"background-image:url(https:\/\/www.hsu-hh.de\/ft\/wp-content\/uploads\/sites\/718\/2019\/02\/UP50-AK-4DH_reduziert-682x1024.jpg);background-position:46% 57.99999999999999%\"><img loading=\"lazy\" decoding=\"async\" width=\"682\" height=\"1024\" src=\"https:\/\/www.hsu-hh.de\/ft\/wp-content\/uploads\/sites\/718\/2019\/02\/UP50-AK-4DH_reduziert-682x1024.jpg\" data-credit=\"Fahrzeugtechnik\" alt=\"Schnellzerrei\u00dfer\" class=\"wp-image-341 size-full\" srcset=\"https:\/\/www.hsu-hh.de\/ft\/wp-content\/uploads\/sites\/718\/2019\/02\/UP50-AK-4DH_reduziert.jpg 682w, https:\/\/www.hsu-hh.de\/ft\/wp-content\/uploads\/sites\/718\/2019\/02\/UP50-AK-4DH_reduziert-200x300.jpg 200w\" sizes=\"auto, (max-width: 682px) 100vw, 682px\" \/><\/figure><div class=\"wp-block-media-text__content\">\n<p style=\"font-size:30px\">Hochgeschwindigkeits-Zugversuche<\/p>\n\n\n\n<p>Mit dieser<a href=\"https:\/\/www.hsu-hh.de\/ft\/hochgeschwindigkeits-zugversuche\" data-type=\"page\" data-id=\"759\"> servohydraulischen Anlage<\/a> k\u00f6nnen f\u00fcr Materialproben Kr\u00e4fte bis 50 kN bei Geschwindigkeiten von 10 m\/s &#8211; 20 m\/s realisiert werden.<\/p>\n<\/div><\/div>\n\n\n\n<p><\/p>\n","protected":false},"excerpt":{"rendered":"<p>Es stehen unterschiedliche Anlagen zur dynamischen Untersuchungen von Komponenten und Materialien zur Verf\u00fcgung. Die dabei abgedeckten Geschwindigkeits-, Energie- und Kraftbereiche orientieren sich an denen eines Fahrzeugscrashs. Die Anlagen sind dabei [&hellip;]<\/p>\n","protected":false},"author":56,"featured_media":0,"parent":655,"menu_order":0,"comment_status":"closed","ping_status":"closed","template":"","meta":{"footnotes":""},"categories":[4],"tags":[],"class_list":["post-627","page","type-page","status-publish","hentry","category-forschung"],"_links":{"self":[{"href":"https:\/\/www.hsu-hh.de\/ft\/wp-json\/wp\/v2\/pages\/627","targetHints":{"allow":["GET"]}}],"collection":[{"href":"https:\/\/www.hsu-hh.de\/ft\/wp-json\/wp\/v2\/pages"}],"about":[{"href":"https:\/\/www.hsu-hh.de\/ft\/wp-json\/wp\/v2\/types\/page"}],"author":[{"embeddable":true,"href":"https:\/\/www.hsu-hh.de\/ft\/wp-json\/wp\/v2\/users\/56"}],"replies":[{"embeddable":true,"href":"https:\/\/www.hsu-hh.de\/ft\/wp-json\/wp\/v2\/comments?post=627"}],"version-history":[{"count":9,"href":"https:\/\/www.hsu-hh.de\/ft\/wp-json\/wp\/v2\/pages\/627\/revisions"}],"predecessor-version":[{"id":978,"href":"https:\/\/www.hsu-hh.de\/ft\/wp-json\/wp\/v2\/pages\/627\/revisions\/978"}],"up":[{"embeddable":true,"href":"https:\/\/www.hsu-hh.de\/ft\/wp-json\/wp\/v2\/pages\/655"}],"wp:attachment":[{"href":"https:\/\/www.hsu-hh.de\/ft\/wp-json\/wp\/v2\/media?parent=627"}],"wp:term":[{"taxonomy":"category","embeddable":true,"href":"https:\/\/www.hsu-hh.de\/ft\/wp-json\/wp\/v2\/categories?post=627"},{"taxonomy":"post_tag","embeddable":true,"href":"https:\/\/www.hsu-hh.de\/ft\/wp-json\/wp\/v2\/tags?post=627"}],"curies":[{"name":"wp","href":"https:\/\/api.w.org\/{rel}","templated":true}]}}