{"id":608,"date":"2021-02-23T10:31:06","date_gmt":"2021-02-23T09:31:06","guid":{"rendered":"https:\/\/www.hsu-hh.de\/ft\/?page_id=608"},"modified":"2021-03-18T13:28:15","modified_gmt":"2021-03-18T12:28:15","slug":"crash-komponentenanlagen","status":"publish","type":"page","link":"https:\/\/www.hsu-hh.de\/ft\/forschungseinrichtungen\/komponenten\/crash-komponentenanlagen-2\/crash-komponentenanlagen","title":{"rendered":"Crash-Schlittenanlage"},"content":{"rendered":"\n<p>Die Schlittenanlage besteht im wesentlichen aus zwei Schienen, auf denen unterschiedliche Wagen rollen k\u00f6nnen. Die Wagen werden durch bis zu zehn Gummiseile (Hochleistungs-Bungee-Seile) auf einer Strecke von ca. 10 m beschleunigt. Im Aufprallbereich kann der Schlitten durch eine mehrlagige und mehrstufige Biegeblechbremse gezielt abgebremts werden, oder es ist m\u00f6glich, einen Versuchsk\u00f6rper im Aufprallbereich zu platzieren, der bei dem Versuch, im allgmeinen nicht reversibel, deformiert wird.<\/p>\n\n\n\n<div style=\"height:51px\" aria-hidden=\"true\" class=\"wp-block-spacer\"><\/div>\n\n\n\n<div class=\"wp-block-columns is-layout-flex wp-container-core-columns-is-layout-9d6595d7 wp-block-columns-is-layout-flex\">\n<div class=\"wp-block-column is-layout-flow wp-block-column-is-layout-flow\" style=\"flex-basis:33.33%\">\n<figure class=\"wp-block-image size-large\"><img loading=\"lazy\" decoding=\"async\" width=\"1024\" height=\"681\" src=\"https:\/\/www.hsu-hh.de\/ft\/wp-content\/uploads\/sites\/718\/2021\/02\/DSC_2983-1024x681.jpg\" data-credit=\"Fahrzeugtechnik\" alt=\"Vierkantrohr\" class=\"wp-image-614\" srcset=\"https:\/\/www.hsu-hh.de\/ft\/wp-content\/uploads\/sites\/718\/2021\/02\/DSC_2983-1024x681.jpg 1024w, https:\/\/www.hsu-hh.de\/ft\/wp-content\/uploads\/sites\/718\/2021\/02\/DSC_2983-300x200.jpg 300w, https:\/\/www.hsu-hh.de\/ft\/wp-content\/uploads\/sites\/718\/2021\/02\/DSC_2983-768x511.jpg 768w, https:\/\/www.hsu-hh.de\/ft\/wp-content\/uploads\/sites\/718\/2021\/02\/DSC_2983-1536x1022.jpg 1536w, https:\/\/www.hsu-hh.de\/ft\/wp-content\/uploads\/sites\/718\/2021\/02\/DSC_2983-2048x1363.jpg 2048w, https:\/\/www.hsu-hh.de\/ft\/wp-content\/uploads\/sites\/718\/2021\/02\/DSC_2983-1100x732.jpg 1100w\" sizes=\"auto, (max-width: 1024px) 100vw, 1024px\" \/><figcaption>Vierkantprofil nach crashartiger Belastung<\/figcaption><\/figure>\n<\/div>\n\n\n\n<div class=\"wp-block-column is-layout-flow wp-block-column-is-layout-flow\" style=\"flex-basis:66.66%\">\n<h2 class=\"wp-block-heading\">Daten<\/h2>\n\n\n\n<ul class=\"wp-block-list\"><li><strong>Schlittenmasse (Aluminium- und Stahlschlitten): <\/strong>120 kg \u2013 900 kg<\/li><li><strong>Aufprallenergie:<\/strong> bis zu 150 kJ<\/li><li><strong>Aufprallgeschwindigkeit<\/strong>: bis zu 20 m\/s<\/li><li><strong>Aufprallbereich<\/strong>: bis zu 6m^3<\/li><li><strong>Messtechnik<\/strong> &nbsp;&nbsp;&nbsp; Zwei Hochgeschwindigkeitskameras, lasergest\u00fctzte Entfernungsmessung, Beschleunigungssensoren bis 1000 g<\/li><\/ul>\n<\/div>\n<\/div>\n\n\n\n<hr class=\"wp-block-separator is-style-wide\" \/>\n\n\n\n<h2 class=\"wp-block-heading\">Anwendungen\/Projekte<\/h2>\n\n\n\n<div style=\"height:54px\" aria-hidden=\"true\" class=\"wp-block-spacer\"><\/div>\n\n\n\n<div class=\"wp-block-media-text alignwide is-stacked-on-mobile is-image-fill\"><figure class=\"wp-block-media-text__media\" style=\"background-image:url(https:\/\/www.hsu-hh.de\/ft\/wp-content\/uploads\/sites\/718\/2019\/02\/Crash_Reifen_04-1024x450.jpg);background-position:50% 50%\"><img loading=\"lazy\" decoding=\"async\" width=\"1024\" height=\"450\" src=\"https:\/\/www.hsu-hh.de\/ft\/wp-content\/uploads\/sites\/718\/2019\/02\/Crash_Reifen_04-1024x450.jpg\" data-credit=\"Fahrzeugtechnik\" alt=\"Rad-Boden-Interaktion\" class=\"wp-image-348 size-slider-image\" \/><\/figure><div class=\"wp-block-media-text__content\">\n<h3 class=\"wp-block-heading\">Rad-Boden-Interaktion<\/h3>\n\n\n\n<p>Interaktion von Reifen mit nachgiebigen B\u00f6den: Bei diesem speziellen Versuchsaufbau wurde die Interaktion eines Reifen mit einem Reibungsboden (Sand) untersucht. Die Art dieser Interaktion kommt zum Besipiel zum Tragen, wenn ein Fahrzeug ins Schleudern ger\u00e4t und seitlich in das Bankett rutscht. Das Bild zeigt einen Reifen mit dem dahinter liegenden Schlitten (Sicht entgegen der Fahrtrichtung).<\/p>\n<\/div><\/div>\n\n\n\n<div class=\"wp-block-media-text alignwide is-stacked-on-mobile is-image-fill\"><figure class=\"wp-block-media-text__media\" style=\"background-image:url(https:\/\/www.hsu-hh.de\/ft\/wp-content\/uploads\/sites\/718\/2019\/04\/schweisspunkte-1024x359.png);background-position:50% 50%\"><img loading=\"lazy\" decoding=\"async\" width=\"1024\" height=\"359\" src=\"https:\/\/www.hsu-hh.de\/ft\/wp-content\/uploads\/sites\/718\/2019\/04\/schweisspunkte-1024x359.png\" data-credit=\"Professur f\u00fcr Fahrzeugtechnik\" alt=\"Doppelte Hutprofile\" class=\"wp-image-400 size-full\" srcset=\"https:\/\/www.hsu-hh.de\/ft\/wp-content\/uploads\/sites\/718\/2019\/04\/schweisspunkte-1024x359.png 1024w, https:\/\/www.hsu-hh.de\/ft\/wp-content\/uploads\/sites\/718\/2019\/04\/schweisspunkte-300x105.png 300w, https:\/\/www.hsu-hh.de\/ft\/wp-content\/uploads\/sites\/718\/2019\/04\/schweisspunkte-768x269.png 768w\" sizes=\"auto, (max-width: 1024px) 100vw, 1024px\" \/><\/figure><div class=\"wp-block-media-text__content\">\n<h3 class=\"wp-block-heading\">Schwei\u00dfpunkte<\/h3>\n\n\n\n<p>Untersuchung von Schwei\u00dfpunkten: In mehreren Versuchsreihen wurde Schwei\u00dfpunkte bez\u00fcglich ihrer Festigkeit mit Hilfe des kleinen Aluminium Schlittens (geringe Energie) untersucht. Dabei wurde eine spezielles Profil gew\u00e4hlt, mit dessen Hilfe die Schwei\u00dfpunkte sowohl unter Kopfzug- als auch unter Scherbelastung gepr\u00fcft werden konnten. Im Bild links sind beispielhaft Ergebnisse aus Highspeedaufnahmen dargestellt.<\/p>\n<\/div><\/div>\n\n\n\n<div class=\"wp-block-media-text alignwide is-stacked-on-mobile is-image-fill\"><figure class=\"wp-block-media-text__media\" style=\"background-image:url(https:\/\/www.hsu-hh.de\/ft\/wp-content\/uploads\/sites\/718\/2021\/02\/Schlitten_Batterie-1-1024x435.jpg);background-position:50% 50%\"><img loading=\"lazy\" decoding=\"async\" width=\"1024\" height=\"435\" src=\"https:\/\/www.hsu-hh.de\/ft\/wp-content\/uploads\/sites\/718\/2021\/02\/Schlitten_Batterie-1-1024x435.jpg\" data-credit=\"Fahrzeugtechnik\" alt=\"Batterie im Schlittentest\" class=\"wp-image-693 size-full\" srcset=\"https:\/\/www.hsu-hh.de\/ft\/wp-content\/uploads\/sites\/718\/2021\/02\/Schlitten_Batterie-1-1024x435.jpg 1024w, https:\/\/www.hsu-hh.de\/ft\/wp-content\/uploads\/sites\/718\/2021\/02\/Schlitten_Batterie-1-300x128.jpg 300w, https:\/\/www.hsu-hh.de\/ft\/wp-content\/uploads\/sites\/718\/2021\/02\/Schlitten_Batterie-1-768x327.jpg 768w, https:\/\/www.hsu-hh.de\/ft\/wp-content\/uploads\/sites\/718\/2021\/02\/Schlitten_Batterie-1-1536x653.jpg 1536w, https:\/\/www.hsu-hh.de\/ft\/wp-content\/uploads\/sites\/718\/2021\/02\/Schlitten_Batterie-1-1100x468.jpg 1100w, https:\/\/www.hsu-hh.de\/ft\/wp-content\/uploads\/sites\/718\/2021\/02\/Schlitten_Batterie-1.jpg 1844w\" sizes=\"auto, (max-width: 1024px) 100vw, 1024px\" \/><\/figure><div class=\"wp-block-media-text__content\">\n<h3 class=\"wp-block-heading\">Batterien<\/h3>\n\n\n\n<p>Untersuchungen des Verhaltens von Batterien in einer crash-\u00e4hnlichen Belastung zur Erstellung von Crash-Batteriemodellen.<\/p>\n<\/div><\/div>\n\n\n\n<div style=\"height:60px\" aria-hidden=\"true\" class=\"wp-block-spacer\"><\/div>\n\n\n\n<div class=\"wp-block-columns is-layout-flex wp-container-core-columns-is-layout-9d6595d7 wp-block-columns-is-layout-flex\">\n<div class=\"wp-block-column is-layout-flow wp-block-column-is-layout-flow\">\n<figure class=\"wp-block-video\"><video height=\"1024\" style=\"aspect-ratio: 1024 \/ 1024;\" width=\"1024\" controls poster=\"https:\/\/www.hsu-hh.de\/ft\/wp-content\/uploads\/sites\/718\/2021\/02\/Schlitten_Batterie-1.jpg\" src=\"https:\/\/www.hsu-hh.de\/ft\/wp-content\/uploads\/sites\/718\/2021\/02\/Batterie_Schlitten-1.mp4\"><\/video><figcaption>Batterieuntersuchung mit der Schlittenanlage<\/figcaption><\/figure>\n<\/div>\n\n\n\n<div class=\"wp-block-column is-layout-flow wp-block-column-is-layout-flow\">\n<figure class=\"wp-block-video\"><video height=\"1080\" style=\"aspect-ratio: 1418 \/ 1080;\" width=\"1418\" controls poster=\"https:\/\/www.hsu-hh.de\/ft\/wp-content\/uploads\/sites\/718\/2019\/02\/Crash_Reifen_04.jpg\" src=\"https:\/\/www.hsu-hh.de\/ft\/wp-content\/uploads\/sites\/718\/2021\/02\/Sandbett_Reifen.mp4\"><\/video><figcaption>Reifen im Sandbett: Vergleich zwischen Experiment und Simulation<\/figcaption><\/figure>\n\n\n\n<figure class=\"wp-block-video\"><video height=\"256\" style=\"aspect-ratio: 512 \/ 256;\" width=\"512\" controls src=\"https:\/\/www.hsu-hh.de\/ft\/wp-content\/uploads\/sites\/718\/2021\/02\/Schweisspunkte_Schlitten-2.mp4\"><\/video><figcaption>Schwei\u00dfpunktuntersuchung mit der Schlittenanlage<\/figcaption><\/figure>\n<\/div>\n<\/div>\n\n\n\n<p><\/p>\n","protected":false},"excerpt":{"rendered":"<p>Die Schlittenanlage besteht im wesentlichen aus zwei Schienen, auf denen unterschiedliche Wagen rollen k\u00f6nnen. Die Wagen werden durch bis zu zehn Gummiseile (Hochleistungs-Bungee-Seile) auf einer Strecke von ca. 10 m [&hellip;]<\/p>\n","protected":false},"author":56,"featured_media":0,"parent":627,"menu_order":0,"comment_status":"closed","ping_status":"closed","template":"","meta":{"footnotes":""},"categories":[4],"tags":[],"class_list":["post-608","page","type-page","status-publish","hentry","category-forschung"],"_links":{"self":[{"href":"https:\/\/www.hsu-hh.de\/ft\/wp-json\/wp\/v2\/pages\/608","targetHints":{"allow":["GET"]}}],"collection":[{"href":"https:\/\/www.hsu-hh.de\/ft\/wp-json\/wp\/v2\/pages"}],"about":[{"href":"https:\/\/www.hsu-hh.de\/ft\/wp-json\/wp\/v2\/types\/page"}],"author":[{"embeddable":true,"href":"https:\/\/www.hsu-hh.de\/ft\/wp-json\/wp\/v2\/users\/56"}],"replies":[{"embeddable":true,"href":"https:\/\/www.hsu-hh.de\/ft\/wp-json\/wp\/v2\/comments?post=608"}],"version-history":[{"count":14,"href":"https:\/\/www.hsu-hh.de\/ft\/wp-json\/wp\/v2\/pages\/608\/revisions"}],"predecessor-version":[{"id":726,"href":"https:\/\/www.hsu-hh.de\/ft\/wp-json\/wp\/v2\/pages\/608\/revisions\/726"}],"up":[{"embeddable":true,"href":"https:\/\/www.hsu-hh.de\/ft\/wp-json\/wp\/v2\/pages\/627"}],"wp:attachment":[{"href":"https:\/\/www.hsu-hh.de\/ft\/wp-json\/wp\/v2\/media?parent=608"}],"wp:term":[{"taxonomy":"category","embeddable":true,"href":"https:\/\/www.hsu-hh.de\/ft\/wp-json\/wp\/v2\/categories?post=608"},{"taxonomy":"post_tag","embeddable":true,"href":"https:\/\/www.hsu-hh.de\/ft\/wp-json\/wp\/v2\/tags?post=608"}],"curies":[{"name":"wp","href":"https:\/\/api.w.org\/{rel}","templated":true}]}}