{"id":562,"date":"2021-02-22T16:05:22","date_gmt":"2021-02-22T15:05:22","guid":{"rendered":"https:\/\/www.hsu-hh.de\/ft\/?page_id=562"},"modified":"2025-03-28T12:44:32","modified_gmt":"2025-03-28T11:44:32","slug":"promotionen","status":"publish","type":"page","link":"https:\/\/www.hsu-hh.de\/ft\/forschung\/promotionen","title":{"rendered":"Promotionen"},"content":{"rendered":"\n<h2 class=\"wp-block-heading\">Dissertationen abgeschlossener Promotionsverfahren<\/h2>\n\n\n\n<div style=\"height:50px\" aria-hidden=\"true\" class=\"wp-block-spacer\"><\/div>\n\n\n\n<p><a href=\"https:\/\/openhsu.ub.hsu-hh.de\/entities\/publication\/17046\" data-type=\"link\" data-id=\"https:\/\/openhsu.ub.hsu-hh.de\/entities\/publication\/17046\" rel='nofollow'>Machine-Learning-basierte Objektivierung subjektiver Fahreindr\u00fccke beim eBike-Fahren<\/a>, <abbr title=\"Doktor\">Dr.<\/abbr>&#8211;<abbr title=\"Ingenieur\">Ing.<\/abbr> A. Laqua, <strong>2024<\/strong><\/p>\n\n\n\n<p><a href=\"https:\/\/openhsu.ub.hsu-hh.de\/entities\/publication\/16607\" data-type=\"link\" data-id=\"https:\/\/openhsu.ub.hsu-hh.de\/entities\/publication\/16607\" rel='nofollow'>Reproduktion von komfortrelevanten Beschleunigungen aus Einzelhindernis\u00fcberfahrten in einem Simulator<\/a>, <abbr title=\"Doktor\">Dr.<\/abbr>&#8211;<abbr title=\"Ingenieur\">Ing.<\/abbr> K. Reichel, <strong>2024<\/strong><\/p>\n\n\n\n<p><a href=\"https:\/\/openhsu.ub.hsu-hh.de\/handle\/10.24405\/13846\" rel='nofollow'>Der Einfluss der Bewegungsdarstellung auf die subjektive Beurteilung des Fahreindrucks in der Fahrsimulation unter besonderer Ber\u00fccksichtigung der Gierbewegung<\/a>, <abbr title=\"Doktor\">Dr.<\/abbr>&#8211;<abbr title=\"Ingenieur\">Ing.<\/abbr> T. Fortm\u00fcller, <strong>2021<\/strong><\/p>\n\n\n\n<p><a href=\"https:\/\/doi.org\/10.24405\/8969\" rel='nofollow'>Validierung von Simulationen einfacher Crashstrukturen<\/a>, <abbr title=\"Doktor\">Dr.<\/abbr>&#8211;<abbr title=\"Ingenieur\">Ing.<\/abbr> G. Eichm\u00fcller, <strong>2020<\/strong><\/p>\n\n\n\n<p><a href=\"https:\/\/doi.org\/10.24405\/4330\" data-type=\"link\" data-id=\"https:\/\/doi.org\/10.24405\/4330\" rel='nofollow'>Entwicklung einer Pr\u00fcfmethode zur Untersuchung des selbstt\u00e4tigen Schraubenl\u00f6sens an Fahrwerken<\/a>, <abbr title=\"Doktor\">Dr.<\/abbr>&#8211;<abbr title=\"Ingenieur\">Ing.<\/abbr> M. Kaatz, <strong>2019<\/strong><\/p>\n\n\n\n<p><a href=\"https:\/\/link.springer.com\/content\/pdf\/10.1007%2F978-3-658-24151-3.pdf\" rel='nofollow'>Prognoseg\u00fcte von Crashberechnungen<\/a> , <abbr title=\"Doktor\">Dr.<\/abbr>&#8211;<abbr title=\"Ingenieur\">Ing.<\/abbr> P. Wellkamp, <strong>2018<\/strong><\/p>\n\n\n\n<p><a href=\"http:\/\/edoc.sub.uni-hamburg.de\/hsu\/volltexte\/2016\/3130\/pdf\/Dissertation_Hellberg.pdf\" rel='nofollow'>Nutzungsbasierte Optimierungsstrategie f\u00fcr Antriebssysteme<\/a>, <abbr title=\"Doktor\">Dr.<\/abbr>&#8211;<abbr title=\"Ingenieur\">Ing.<\/abbr> T. Hellberg, <strong>2016<\/strong><\/p>\n\n\n\n<p><a href=\"http:\/\/edoc.sub.uni-hamburg.de\/hsu\/volltexte\/2016\/3126\/pdf\/M_Pawlowski_Diss_Veroeffentlichung_PDF_A.pdf\" rel='nofollow'>Simulation der Entstehung und Ausbreitung hochfrequenter K\u00f6rperschallwellen im Fahrzeugcrash zur Verbesserung der Crasherkennung<\/a>, <abbr title=\"Doktor\">Dr.<\/abbr>&#8211;<abbr title=\"Ingenieur\">Ing.<\/abbr> M- Pawlowski, <strong>2015<\/strong><\/p>\n\n\n\n<p><a href=\"https:\/\/openhsu.ub.hsu-hh.de\/handle\/10.24405\/522\" data-type=\"link\" data-id=\"https:\/\/openhsu.ub.hsu-hh.de\/handle\/10.24405\/522\" rel='nofollow'>Fahrbahnprofilerfassung f\u00fcr ein aktives Fahrwerk<\/a>, <abbr title=\"Doktor\">Dr.<\/abbr>&#8211;<abbr title=\"Ingenieur\">Ing.<\/abbr> S. Barton-Zeipert, <strong>2014<\/strong><\/p>\n\n\n\n<p><a href=\"https:\/\/edoc.sub.uni-hamburg.de\/hsu\/volltexte\/2014\/3092\/pdf\/dissertation_fivoroe.pdf\" rel='nofollow'>Erstellung von Pr\u00e4diktionsmodellen f\u00fcr die Vorhersage des subjektiven Fahrkomforts von PKW bei Einzelhindernis\u00fcberfahrten<\/a> , <abbr title=\"Doktor\">Dr.<\/abbr>&#8211;<abbr title=\"Ingenieur\">Ing.<\/abbr> N. Fischer-von R\u00f6nn, <strong>2014<\/strong><\/p>\n\n\n\n<p><a href=\"https:\/\/doi.org\/10.24405\/517\" data-type=\"link\" data-id=\"https:\/\/doi.org\/10.24405\/517\" rel='nofollow'>Simulation von fahrwerkdominierten Misuse\u2013Lastf\u00e4llen zur Unterst\u00fctzung der virtuellen Crashsensorik<\/a>, <abbr title=\"Doktor\">Dr.<\/abbr>&#8211;<abbr title=\"Ingenieur\">Ing.<\/abbr> S. Engelmann, <strong>2013<\/strong><\/p>\n\n\n\n<p><a href=\"https:\/\/edoc.sub.uni-hamburg.de\/hsu\/volltexte\/2013\/3001\/pdf\/2012_Eickhoff.pdf\" rel='nofollow'>Analyse, Mechanismen und Reduktion gurtinduzierter Thoraxbelastungen im Frontalcrash<\/a> , <abbr title=\"Doktor\">Dr.<\/abbr>&#8211;<abbr title=\"Ingenieur\">Ing.<\/abbr> B. Eickhoff, <strong>2012<\/strong><\/p>\n\n\n\n<p>Gesamtheitliche Auslegung von Insassenschutzsystemen durch Kopplung von virtueller Sensorik und Insassensimulation , <abbr title=\"Doktor\">Dr.<\/abbr>&#8211;<abbr title=\"Ingenieur\">Ing.<\/abbr> S. Tousen Abdelwahed, <strong>2011<\/strong><\/p>\n\n\n\n<p><a href=\"https:\/\/edoc.sub.uni-hamburg.de\/hsu\/volltexte\/2011\/2798\/pdf\/2011_Nguyen_sich.pdf\" rel='nofollow'>Absch\u00e4tzung von Bodenparametern in Fahrzeugen bei der Fahrt auf nachgiebigen B\u00f6den<\/a> , <abbr title=\"Doktor\">Dr.<\/abbr>&#8211;<abbr title=\"Ingenieur\">Ing.<\/abbr> Quang Huy Nguyen, <strong>2011<\/strong><\/p>\n\n\n\n<p>Analyse selbsterregter Gesamtfahrzeugschwingungen in der dynamischen Bauraumuntersuchung, <abbr title=\"Professor\">Prof.<\/abbr> <abbr title=\"Doktor\">Dr.<\/abbr>&#8211;<abbr title=\"Ingenieur\">Ing.<\/abbr> D. Engel, <strong>2010<\/strong><\/p>\n\n\n\n<p>Methode zur Klassifizierung von Unfallszenarien mithilfe von FE-Gesamtfahrzeugsimulationen, Wavelettransformierten und k\u00fcnstlichen neuronalen Netzen , <abbr title=\"Doktor\">Dr.<\/abbr>&#8211;<abbr title=\"Ingenieur\">Ing.<\/abbr> B.Fuhr, <strong>2012<\/strong><\/p>\n\n\n\n<p>Methode zur Betriebsfestigkeitspr\u00fcfung von Flurf\u00f6rderzeugen unter Ber\u00fccksichtigung kundennaher Beanspruchungskollektive , <abbr title=\"Doktor\">Dr.<\/abbr>&#8211;<abbr title=\"Ingenieur\">Ing.<\/abbr> N. Samadi Tehrani, <strong>2009<\/strong><\/p>\n\n\n\n<p>Bewertung des Schwingungskomforts in PKW mit Hilfe von Regressionsmodellen und k\u00fcnstlichen neuronalen Netzen, <abbr title=\"Doktor\">Dr.<\/abbr>&#8211;<abbr title=\"Ingenieur\">Ing.<\/abbr> K. Stammen, <strong>2007<\/strong><\/p>\n\n\n\n<p>Neural network based, thermodynamically coupled shock absorber model , <abbr title=\"Doktor\">Dr.<\/abbr>&#8211;<abbr title=\"Ingenieur\">Ing.<\/abbr> V. Pracny, <strong>2009<\/strong><\/p>\n","protected":false},"excerpt":{"rendered":"<p>Dissertationen abgeschlossener Promotionsverfahren Machine-Learning-basierte Objektivierung subjektiver Fahreindr\u00fccke beim eBike-Fahren, Dr.&#8211;Ing. A. Laqua, 2024 Reproduktion von komfortrelevanten Beschleunigungen aus Einzelhindernis\u00fcberfahrten in einem Simulator, Dr.&#8211;Ing. K. Reichel, 2024 Der Einfluss der Bewegungsdarstellung [&hellip;]<\/p>\n","protected":false},"author":56,"featured_media":0,"parent":238,"menu_order":0,"comment_status":"closed","ping_status":"closed","template":"","meta":{"footnotes":""},"categories":[4],"tags":[],"class_list":["post-562","page","type-page","status-publish","hentry","category-forschung"],"_links":{"self":[{"href":"https:\/\/www.hsu-hh.de\/ft\/wp-json\/wp\/v2\/pages\/562","targetHints":{"allow":["GET"]}}],"collection":[{"href":"https:\/\/www.hsu-hh.de\/ft\/wp-json\/wp\/v2\/pages"}],"about":[{"href":"https:\/\/www.hsu-hh.de\/ft\/wp-json\/wp\/v2\/types\/page"}],"author":[{"embeddable":true,"href":"https:\/\/www.hsu-hh.de\/ft\/wp-json\/wp\/v2\/users\/56"}],"replies":[{"embeddable":true,"href":"https:\/\/www.hsu-hh.de\/ft\/wp-json\/wp\/v2\/comments?post=562"}],"version-history":[{"count":23,"href":"https:\/\/www.hsu-hh.de\/ft\/wp-json\/wp\/v2\/pages\/562\/revisions"}],"predecessor-version":[{"id":2226,"href":"https:\/\/www.hsu-hh.de\/ft\/wp-json\/wp\/v2\/pages\/562\/revisions\/2226"}],"up":[{"embeddable":true,"href":"https:\/\/www.hsu-hh.de\/ft\/wp-json\/wp\/v2\/pages\/238"}],"wp:attachment":[{"href":"https:\/\/www.hsu-hh.de\/ft\/wp-json\/wp\/v2\/media?parent=562"}],"wp:term":[{"taxonomy":"category","embeddable":true,"href":"https:\/\/www.hsu-hh.de\/ft\/wp-json\/wp\/v2\/categories?post=562"},{"taxonomy":"post_tag","embeddable":true,"href":"https:\/\/www.hsu-hh.de\/ft\/wp-json\/wp\/v2\/tags?post=562"}],"curies":[{"name":"wp","href":"https:\/\/api.w.org\/{rel}","templated":true}]}}