{"id":1657,"date":"2021-03-18T11:53:51","date_gmt":"2021-03-18T10:53:51","guid":{"rendered":"https:\/\/www.hsu-hh.de\/ft\/?page_id=1657"},"modified":"2025-03-28T12:50:01","modified_gmt":"2025-03-28T11:50:01","slug":"publikationen-1991-2000","status":"publish","type":"page","link":"https:\/\/www.hsu-hh.de\/ft\/forschung\/publikationen\/publikationen-1991-2000","title":{"rendered":"Publikationen 1991 &#8211; 1999"},"content":{"rendered":"\n<p>Die folgende Liste enth\u00e4lt Publikationen der Professur f\u00fcr Fahrzeugtechnik und des jetzigen Lehrstuhlinhaber, <abbr title=\"Professor\">Prof.<\/abbr> Meywerk.<br>The followingt list contains publications of the chair of automotive engineering and of <abbr title=\"Professor\">Prof.<\/abbr> Meywerk.<\/p>\n\n\n\n<div style=\"height:50px\" aria-hidden=\"true\" class=\"wp-block-spacer\"><\/div>\n\n\n\n<p>Ehlert, W.:<br>Pr\u00fcfstandssimulation der Fahrwiderst\u00e4nde von Gleiskettenfahrzeugen, insbesondere bei Kurvenfahrt,<br>Dissertation, Universit\u00e4t der Bundeswehr Hamburg, Januar 1991<\/p>\n\n\n\n<p>Ruff, K.:<br>Interaktive Simulation der Fahrzeugbewegung im Gel\u00e4nde,<br>Tagungsband, 7. Symposium der EDV-orientierten Anwender, Universit\u00e4t der Bundeswehr M\u00fcnchen, Juni 1991<\/p>\n\n\n\n<p>Wagner, P.:<br>Bestimmung der Druck-Einsinkungsbeziehung auf der Basis der Scherfestigkeitsparameter<br>Koh\u00e4sion und Reibungswinkel,<br>Tagungsband, 7. Symposium der EDV-orientierten Anwender, Universit\u00e4t der Bundeswehr M\u00fcnchen, Juni 1991<\/p>\n\n\n\n<p>Aubel, Th.:<br>Anwendung der Finite-Element-Methode auf bodenmechanische Vorg\u00e4nge,<br>Tagungsband, 7. Symposium der EDV-orientierten Anwender, Universit\u00e4t der Bundeswehr M\u00fcnchen, Juni 1991<\/p>\n\n\n\n<p>Pott, St.:<br>Reibung zwischen Gleiskettenlaufpolstern und Fahrbahnoberfl\u00e4chen im Hinblick auf den Wendewiderstand von Gleiskettenfahrzeugen,<br>Tagungsband, 7. Symposium der EDV-orientierten Anwender, Universit\u00e4t der Bundeswehr M\u00fcnchen, Juni 1991<\/p>\n\n\n\n<p>Hintze, D.:<br>Die Vorhersage der Bodenfestigkeit aus Wetterdaten,<br>Tagungsband, 7. Symposium der EDV-orientierten Anwender, Universit\u00e4t der Bundeswehr M\u00fcnchen, Juni 1991<\/p>\n\n\n\n<p>Schmid, I.C.; Aubel, Th.:<br>Der elastische Reifen auf nachgiebiger Fahrbahn &#8211; Rechenmodell im Hinblick auf Reifendruckregelung,<br>VDI-Berichte Nr. 916, VDI-Verlag <abbr title=\"Gesellschaft mit beschr\u00e4nkter Haftung\">GmbH<\/abbr>, D\u00fcsseldorf, Oktober 1991<\/p>\n\n\n\n<p>Wagner, P.J.:<br>Vor-Ort-Bestimmung der Scherfestigkeitsparameter von Lockermaterialien,<br>Bauingenieur 66, Seite 391-393, Springer-Verlag, 1991<\/p>\n\n\n\n<p>Wagner, P.J.:<br>Beurteilung der Gel\u00e4ndebefahrbarkeit auf der Basis bodenphysikalischer Kennwerte,<br>Dissertation, Universit\u00e4t der Bundeswehr Hamburg, Februar 1992<\/p>\n\n\n\n<p>Hintze, D.:<br>Einfluss der Witterung auf die Bodenfestigkeit als Kriterium der Gel\u00e4ndebefahrbarkeit,<br>Dissertation, Universit\u00e4t der Bundeswehr Hamburg, Oktober 1992<\/p>\n\n\n\n<p>Ehlert, W.; Hug, B.; Schmid, I.C.:<br>Field Measurements and Analytical Models as a Basis of Test Stand Simulation of the<br>Turning Resistance of Tracked Vehicles,<br>Journal of Terramechanics, Volume 29, Number 1, page 57-69, 1992<br><br>Aubel, Th.; Pott, St., Ruff, K..:<br>5. Europ\u00e4ische Konferenz der ISTVS, ATZ 94, Jahrgang Nummer 5, Seite 282-285, 1992<\/p>\n\n\n\n<p>Aubel, Th.:<br>FEM-Simulation der Wechselwirkung zwischen Reifen und nachgiebiger Fahrbahn,<br>ATZ 94(1992)12, Seite 662-667, 1992<\/p>\n\n\n\n<p>Dieterich, R.; Schmid, I.C., Ritscher, H., Hansmann, K.-W.: LKW-Simulatoren als Ausbildungsmittel, 4 Hefte, BWB, Koblenz, September 1993<\/p>\n\n\n\n<p>Ruff, K.:<br>Interactive Simulation of Vehicle Movement in Terrain,<br>Proceedings, 11th International Conference ISTVS, Lake Tahoe, Nevada, USA, September 1993<\/p>\n\n\n\n<p>Schmid, I.C.:<br>Geodaten, Wechselwirkungsmodelle, Simulationsprogramme, Expertensysteme,<br>Entscheidungshilfen,<br>Symposium &#8222;Bodenmechanik&#8220;, Tagungsband, BAkWVT, Mannheim, Oktober 1993<\/p>\n\n\n\n<p>Schmid, I.C.:<br>Wissenschaftliche Grundlagen f\u00fcr das F\u00f6rdern der Bewegung im Gel\u00e4nde,<br>Universit\u00e4t der Bundeswehr Hamburg, Tagung und Tagungsband, BAkWVT, Mannheim, Oktober 1993<\/p>\n\n\n\n<p>Hintze, D.:<br>Einfluss der Witterung auf die Bodenfestigkeit als Kriterium der Gel\u00e4ndebefahrbarkeit,<br>Universit\u00e4t der Bundeswehr Hamburg, Tagung und Tagungsband, BAkWVT, Mannheim, Oktober 1993<\/p>\n\n\n\n<p>Aubel, Th.:<br>VENUS-Anwendung der Finiten-Element-Methode auf bodenmechanische Vorg\u00e4nge,<br>Universit\u00e4t der Bundeswehr Hamburg, Tagung und Tagungsband, BAkWVT, Mannheim, Oktober 1993<\/p>\n\n\n\n<p>Ruff, K.:<br>ORIS &#8211; Interaktive Simulation der Fahrzeugbewegung im Gel\u00e4nde,<br>Universit\u00e4t der Bundeswehr Hamburg Hamburg, Tagung und Tagungsband, BAkWVT, Mannheim, Oktober 1993<\/p>\n\n\n\n<p>Fa\u00dfbender, F.R.:<br>Neue Erkenntnisse zum Wendewiderstand von Gleiskettenfahrzeugen,<br>Universit\u00e4t der Bundeswehr Hamburg Hamburg, Tagung und Tagungsband, BAkWVT,<br>Mannheim, Oktober 1993<\/p>\n\n\n\n<p>Schmid, I.C.; Tomaske, W.:<br>Leistungsanforderungen an Radseitenlenkungen,<br>Universit\u00e4t der Bundeswehr Hamburg Hamburg, Tagung und Tagungsband, BAkWVT, Mannheim, Oktober 1993<\/p>\n\n\n\n<p>Schmid, I.C.:<br>Interaction of Vehicle and Terrain: Results from 10 Years Research of IKK,<br>Proceedings of the 6th European Conference,ISTVS, Wien, Austria, September 1994<\/p>\n\n\n\n<p>Aubel, Th.:<br>The Interaction between the Rolling Tyres and the Soft Soil FEM Simulation by VENUS and Validation,<br>Proceedings of the 6th European Conference, ISTVS, Wien, Austria, September 1994<\/p>\n\n\n\n<p>Ruff, K.:<br>The Simulation of the Phenomena between Tyre and Terrain with the Simulation System<br>ORIS,<br>Proceedings of the 6th European Conference, ISTVS, Wien, Austria, September 1994<\/p>\n\n\n\n<p>Hintze, D.:<br>Simulation of Climatic Influences on Ground Strength and Trafficability,<br>Proceedings of the 6th European Conference, ISTVS, Wien, Austria, September 1994<\/p>\n\n\n\n<p>Pott, St.:<br>The Turning Resistance of Tracked Vehicles, influence by Lateral Elasticities of the Running<br>Gears and the Tracks,<br>Proceedings of the 6th European Conference, ISTVS, Wien, Austria, September 1994<\/p>\n\n\n\n<p>Fervers, C.-W.:<br>FE-Simulations of Tyre-Profile Effects on Traction on Soft Soil,<br>Proceedings of the 6th European Conference ISTVS, Wien, Austria, September 1994<\/p>\n\n\n\n<p>Meywerk, M.; Brommundt, E.:<br>Numerical investigation of the behaviour of a railroad wheel running on an infinite rail,<br>in: R. Bogacz, K. Popp (<abbr title=\"Herausgeber\">Hrsg.<\/abbr>), &#8222;Dynamical Problems in Mechanical Systems&#8220;, Proceedings<br>des 3. Deutsch-Polnischen Workshops, Instytut Podstawowych Problemow Techniki, Polska<br>Akademia Nauk, Warszawa, Seite 233-244, 1994<\/p>\n\n\n\n<p>Brommundt, E.; Meywerk, M.:<br>Zwei Modelle f\u00fcr selbsterregte Schwingungen bei Rad-Schiene-Systemen,<br>in: H. Hochbruck, K. Knothe, P. Meinke (<abbr title=\"Herausgeber\">Hrsg.<\/abbr>), &#8222;Systemdynamik der Eisenbahn&#8220;,<br>Tagungsband, Seite 57-66, 1994<\/p>\n\n\n\n<p>N.N.:<br>Rechner- und Pr\u00fcfstandssimulation f\u00fcr die effiziente Fahrzeugentwicklung,<br>ATZ\/MTZ-Sonderausgabe, Engineering Partners, 95\/96<\/p>\n\n\n\n<p>Hinrichsen, C.; Timm, K.; Schmid, I.C.; Tomaske, W.:<br>Untersuchungen zum Seitenf\u00fchrungsverhalten von Kunststoffr\u00e4dern,<br>Z. Kautschuk und Gummi, Kunststoffe, Seite 521-526, 48 Jahrgang, Nummer Juli\/August, 1995<\/p>\n\n\n\n<p>Schmid, I.C.:<br>Interaction of Vehicle and Terrain &#8211; Results from 10 years Research at IKK,<br>Journal of Terramechanics, Vol. 32, No. 3, 1995<\/p>\n\n\n\n<p>Ruff, K.:<br>ORIS &#8211; Off Road Interactive Simulation,<br>Institutsbrosch\u00fcre, Universit\u00e4t der Bundeswehr Hamburg, IKK, 1995<\/p>\n\n\n\n<p>Brommundt, E.; Meywerk, M.:<br>A hybrid FE method to estimate the efficiency of railway-wheel-dampers, in: J. Kopavcek (<abbr title=\"Herausgeber\">Hrsg.<\/abbr>), Tagungsband zur Sektion 17 (Angewandte Mechanik) der Konferenz &#8222;An International Scientific Conference&#8220;, Ostrava, Seite 8-13, 1995<\/p>\n\n\n\n<p>Meywerk, M.; Brommundt, E.:<br>Floquet solutions of an oscillator moving along a periodically suspended string, in: J.<br>Awrejcewicz,<br>J. Mrozowski (<abbr title=\"Herausgeber\">Hrsg.<\/abbr>): &#8220; Dynamical Systems Including Theory and Applications&#8220;, Proceedings,<br>Seite 211-214, 1995<\/p>\n\n\n\n<p>Meywerk, M.; Brommundt, E.:<br>Ein diskretes Modell f\u00fcr selbsterregte Rad-Schiene-Schwingungen,<br>Z. angew. Math. Mech., 75(1), 61-62, 1995<\/p>\n\n\n\n<p>Meywerk, M.; Brommundt, E.:<br>Floquet stability analysis of an oscillator moving along a cyclic periodically suspended string,<br>Z. angew. Math. Mech. 76 (4), 153-156, 1996<\/p>\n\n\n\n<p>Meywerk, M.:<br>Regularization in the governing equations of railway wheel models,<br>J. Theor. Appl. Mech., 34 (1), Seite 31-42, 1996<\/p>\n\n\n\n<p>Ruff, K.:<br>ORIS- ein interaktives Simulationsprogramm f\u00fcr die Auslegung von OFF-Road Fahrzeugen,<br>VDI-AK Fahrzeug- und Verkehrstechnik, Universit\u00e4t der Bundeswehr Hamburg, Januar 1996<\/p>\n\n\n\n<p>Grahn, M.:<br>Einfluss der Fahrgeschwindigkeit auf die Einsinkung und den Rollwiderstand von Radfahrzeugen auf Gel\u00e4ndeb\u00f6den,<br>Dissertation, Universit\u00e4t der Bundeswehr Hamburg, Juli 1996<\/p>\n\n\n\n<p>Lach, B.:<br>The Influence of Tire Inflation Pressure &#8211; A Comparison between Simulation and Experiment,<br>Proceedings, International Conference, ISTVS-East European Office, Wroclaw, Seite 265-271, September 1996<\/p>\n\n\n\n<p>Ruff, K.; Schmid, I.C.:<br>Off Road Interactive Simulation &#8211; a Tool for Terrain Vehicle Development,<br>Proceedings, 12th International Conference, ISTVS, Peking, Oktober 1996<\/p>\n\n\n\n<p>Fa\u00dfbender, F.R.:<br>Soil-Tire-Interface for the rigid body simulation program ADAMS &#8211; Simulation of the dynamic Vehicle-Soil-Interaction,<br>Proceedings, 12th International Conference, ISTVS, Peking, Oktober 1996<\/p>\n\n\n\n<p>Fervers, C.W.:<br>TyreProfile Effects on Wheel-Soil Interaction,<br>Proceedings, 12th International Conference, ISTVS, Peking, Oktober 1996<\/p>\n\n\n\n<p>Kreft, F.H.:<br>Systemanalytisches Verfahren zur Bewertung von taktischen Fahrzeugen,<br>Dissertation, Universit\u00e4t der Bundeswehr Hamburg, November 1996<\/p>\n\n\n\n<p>Schmid, I.C.:<br>Gel\u00e4ndeg\u00e4ngigkeit ein Forschungsschwerpunkt des IKK,<br>Universit\u00e4t der Bundeswehr Hamburg, Uniforschung, 5. Jahrgang, 1996<\/p>\n\n\n\n<p>Dieterich, R.; Schmid, I.C.:<br>Lkw-Simulatoren als Ausbildungsmittel,<br>ein interdisziplin\u00e4res Forschungsprojekt an der Universit\u00e4t der Bundeswehr Hamburg, Uniforschung, 5. Jahrgang, 1996<\/p>\n\n\n\n<p>Fa\u00dfbender, F.R.; Fervers, C.W.; Harnisch, C.:<br>Approaches to predict the Vehicle Dynamics on Soft Soil,<br>2nd International Colloquium on Tyre Models for Vehicle Dynamic Analysis, Berlin, Februar 1997<\/p>\n\n\n\n<p>Ruff, K.:<br>Fahrzeugbewegung im Gel\u00e4nde mit dem Simulationssystem ORIS,<br>Dissertation, Universit\u00e4t der Bundeswehr Hamburg, Mai 1997<\/p>\n\n\n\n<p>Fa\u00dfbender, F.R.:<br>Vehicle Oscillation on Soft Soil Simulated with STINA,<br>Proceedings, 7th European ISTVS Conference, Ferrara, 8.-10. Oktober 1997<\/p>\n\n\n\n<p>Fervers, C.W.:<br>Effects of Traction and Slip, Investigations with FEM,<br>Proceedings, 7th European ISTVS Conference, Ferrara, 8.-10. Oktober 1997<\/p>\n\n\n\n<p>Harnisch, C.:<br>Drive Line Concepts for Multi-Axle-Off-Road Vehicles-Simulation with ORIS,<br>Proceedings, 7th European ISTVS Conference, Ferrara, 8.-10. Oktober 1997, Seite 243-250,<br>ISTVS\/Italian National Research Council<\/p>\n\n\n\n<p>Lach, B.:<br>Strategies for Automatic Tire Inflation Pressure Control,<br>Proceedings, 7th European ISTVS Conference, Ferrara, 8.-10. Oktober 1997, Seite 511-518,<br>ISTVS\/Italian National Research Council<\/p>\n\n\n\n<p>Schmid, I.C.; Ruff, K.; Jakobs, R.:<br>Virtual Off Road Vehicle Testing with ORIS,<br>Proceedings, 7th European ISTVS Conference, Ferrara, 8.-10. Oktober 1997<\/p>\n\n\n\n<p>Tomaske, W.:<br>Off-Road Driving Simulators with Moving Base Systems,<br>Proceedings, 7th European ISTVS Conference, Ferrara, 8.-10. Oktober 1997<\/p>\n\n\n\n<p>N.N.:<br>Simulation in der Kraftfahrzeugtechnik,<br>Universit\u00e4t der Bundeswehr Hamburg, IKK-Brosch\u00fcre, 1997<\/p>\n\n\n\n<p>N.N.:<br>Anwendungen der FEM auf Sondergebiete in der kraftfahrzeugtechnischen Forschung,<br>Sonderheft der ATZ\/MTZ, Engineering Partners, 1997<\/p>\n\n\n\n<p>Meywerk, M.; Brommundt, E.:<br>Ein ph\u00e4nomenologisches Verschlei\u00dfmodell f\u00fcr ein Rad-Schiene-System,<br>Z. angew. Math. Mech., 77, Seite 221- 222, 1997<\/p>\n\n\n\n<p>Meywerk, M.:<br>Stabilit\u00e4t und Verschlei\u00df bei auf Schienen laufenden Eisenbahnrads\u00e4tzen,<br>Braunschweiger Schriften zur Mechanik, Nr. 30, Mechanik-Zentrum, Dissertation,<br>Technische Universit\u00e4t Braunschweig, 1997<\/p>\n\n\n\n<p>Schmid, I.C.; Harnisch, C.; Lach, B.:<br>Vehicle Mobility in Soft Soil Terrain &#8211; Phaenomena and System Simulation,<br>27th FISITA Congress, Paris, CD-Rom, FISITA, 27. September &#8211; 01. Oktober 1998<\/p>\n\n\n\n<p>Fa\u00dfbender, F.R.:<br>Simulation of Ride Comfort on Soft Ground,<br>27th FISITA Congress, Paris, 27. September &#8211; 01. Oktober 1998<\/p>\n\n\n\n<p>Fervers, C.W.:<br>Results of Tyre and Ground Simulation with FEMFEM,<br>27th FISITA Congress, Paris, 27. September &#8211; 01. Oktober 1998<\/p>\n\n\n\n<p>Meywerk, M.:<br>Riffelbildung auf Schienen mit orts- und zeitabh\u00e4ngigen Verschlei\u00dfkoeffizienten,<br>Technische Mechanik, Band 18, Heft 2, Seite 95-106, 1998<\/p>\n\n\n\n<p>Meywerk, M.:<br>Einfluss der Verfestigung auf die Bildung von Schienenriffeln,<br>Z. angew. Math. Mech., 78 (1), Seite 109 -112, 1998<\/p>\n\n\n\n<p>Meywerk, M.:<br>Rumbling in high speed passenger trains,<br>Engng. Trans., 46(3-4), Seite 315-331, 1998<\/p>\n\n\n\n<p>Fervers, C.W.:<br>Ph\u00e4nomene von Luftreifen und Gel\u00e4ndeb\u00f6den &#8211; Untersuchungen mit FEM &#8211;<br>Dissertation, Universit\u00e4t der Bundeswehr Hamburg, April 1999<\/p>\n\n\n\n<p>Boge, S.:<br>Simulation of Electric Driven Terrain Vehicles,<br>Proceedings, 13th International ISTVS Conference, M\u00fcnchen, 14.-17. September 1999<\/p>\n\n\n\n<p>Fa\u00dfbender, F.R.:<br>Dynamic Ride Effects on Deformable Terrain,<br>Proceedings, 13th International ISTVS Conference, M\u00fcnchen, 14.-17. September 1999<\/p>\n\n\n\n<p>Fervers, C.W.:<br>Phaenomena of Tire Profile on Different Soils,<br>Proceedings, 13th International ISTVS Conference, M\u00fcnchen, 14.-17. September 1999<\/p>\n\n\n\n<p>K\u00f6lsch, C.:<br>Soil Deformation at the Approach of Mobile Bridges,<br>Proceedings, 13th International ISTVS Conference , M\u00fcnchen, 14.-17. September 1999<\/p>\n\n\n\n<p>Lach, B.:<br>Individual Tire Inflation Management for Multi-Axle Vehicles,<br>Proceedings, 13th International ISTVS Conference, M\u00fcnchen, S. 519-526, ISTVS\/Technische Universit\u00e4t M\u00fcnchen,<br>14.-17. September 1999<\/p>\n\n\n\n<p>Harnisch, C.; Jakobs, R.:<br>Impact of Scattering Soil Strength and Roughness on Terrain Vehicle Dynamics,<br>Proceedings, 13th International ISTVS Conference, M\u00fcnchen, Seite 817-826, ISTVS\/Technische Universit\u00e4t M\u00fcnchen,<br>14.-17. September 1999<\/p>\n\n\n\n<p>Tomaske, W.:<br>Training Simulators for On and Off-Road conditions,<br>Proceedings, 13th International ISTVS Conference, M\u00fcnchen, 14.-17. September 1999<\/p>\n\n\n\n<p>Schmid, I.C.:<br>Focusing Terramechanic Research towards Tools for Terrain Vehicle Development &#8211; The contribution of the IKK to the State-of-the Art,<br>Proceedings, 13th International ISTVS Conference, M\u00fcnchen, 14.-17. September 1999<\/p>\n\n\n\n<p>Schmid, I.C.; Harnisch, C.; Lach, B.:<br>Simulationsprogramm ORIS &#8211; ein neues Entwicklungstool f\u00fcr Gel\u00e4ndefahrzeuge,<br>UNIFORSCHUNG &#8211; Forschungsmagazin der Universit\u00e4t der Bundeswehr Hamburg, 9. Jahrgang, Ausgabe 1999, Seite 46-60, 1999<\/p>\n\n\n\n<p>Tomaske, W.:<br>Simulationstechnik,<br>VDI\/VDE Hamburg aktuell, IV\/99<\/p>\n\n\n\n<p>Meywerk, M.:<br>A numerical method to classify zeros of implicit eigenvalue problems,<br>Comp. and Math. with Appl.., 38, Seite 39-47, 1999<\/p>\n\n\n\n<p>Meywerk, M.:<br>Polygonalization of railway wheels,<br>Arch. Appl. Mech., 69, Seite 105-120, 1999<\/p>\n\n\n\n<p>Meywerk, M.:<br>Einfluss langsam ver\u00e4nderlicher Querschl\u00fcpfe auf die Polygonalisierung von Eisenbahnr\u00e4dern,<br>Z. angew. Math. Mech., 79, Suppl. 1, Seite 303-304, 1999<\/p>\n\n\n\n<p>Baumgart, A.; Meywerk, M.:<br>Z. angew. Math. Mech., 79, Suppl.. 1, Seite 281-282, 1999<\/p>\n\n\n\n<p>Cordes, J.; Meywerk, M.:<br>Grundlagen f\u00fcr die Crashberechnung von Kunststoffkraftstoffbeh\u00e4ltern,<br>ATZ (Automobiltechnische Zeitschrift), 101(12), Seite1020-1025, 1999<\/p>\n\n\n\n<p>K\u00f6lsch, C.:<br>Vertical Vehicle Dynamics on Soft Ground &#8211; Investigations with FEM,<br>7th Conference FISITA, Seoul, Korea, Juni 2000<\/p>\n\n\n\n<p>Boge, S.:<br>Mobility and Fuel Economy of Electric Driven Vehicles in Terrain,<br>7th Conference FISITA, Seoul, Korea, Juni 2000<\/p>\n\n\n\n<p>Schmid, I.; Lach, B.; Harnisch, C.:<br>Terrain-Vehicle Interactions in Virtual Reality,<br>7th Conference FISITA, Seoul, Korea, Juni 2000<\/p>\n\n\n\n<p>Lach, B.; Harnisch, C.:<br>Simulation der Gel\u00e4ndebefahrbarkeit in Hinblick auf die Entwicklung und den Einsatz von Radfahrzeugen,<br>Simulationstechnikforum, Bad Godesberg, CD-ROM, DWTe.V., Seite 742-756, 05.-07. September 2000<\/p>\n\n\n\n<p>Meywerk, M.; Decker, F.; Cordes, J.:<br>Fluid-structure-interaction in crash simulation,<br>Proc. Inst. Mech Engrs, Part D, Journal of Automobile Engineering, 214, Seite 669-673, 2000<\/p>\n\n\n\n<p>Meywerk, M.:<br>Simulation der Fluid-Struktur-Interaktion beim Fahrzeugcrash mit einer netzfreien Methode,<br>VDI Berichte Nummer 1559, Tagungsband, Seite 351-366, 2000<\/p>\n","protected":false},"excerpt":{"rendered":"<p>Die folgende Liste enth\u00e4lt Publikationen der Professur f\u00fcr Fahrzeugtechnik und des jetzigen Lehrstuhlinhaber, Prof. Meywerk.The followingt list contains publications of the chair of automotive engineering and of Prof. Meywerk. Ehlert, [&hellip;]<\/p>\n","protected":false},"author":56,"featured_media":0,"parent":567,"menu_order":0,"comment_status":"closed","ping_status":"closed","template":"","meta":{"footnotes":""},"categories":[4],"tags":[],"class_list":["post-1657","page","type-page","status-publish","hentry","category-forschung"],"_links":{"self":[{"href":"https:\/\/www.hsu-hh.de\/ft\/wp-json\/wp\/v2\/pages\/1657","targetHints":{"allow":["GET"]}}],"collection":[{"href":"https:\/\/www.hsu-hh.de\/ft\/wp-json\/wp\/v2\/pages"}],"about":[{"href":"https:\/\/www.hsu-hh.de\/ft\/wp-json\/wp\/v2\/types\/page"}],"author":[{"embeddable":true,"href":"https:\/\/www.hsu-hh.de\/ft\/wp-json\/wp\/v2\/users\/56"}],"replies":[{"embeddable":true,"href":"https:\/\/www.hsu-hh.de\/ft\/wp-json\/wp\/v2\/comments?post=1657"}],"version-history":[{"count":6,"href":"https:\/\/www.hsu-hh.de\/ft\/wp-json\/wp\/v2\/pages\/1657\/revisions"}],"predecessor-version":[{"id":2230,"href":"https:\/\/www.hsu-hh.de\/ft\/wp-json\/wp\/v2\/pages\/1657\/revisions\/2230"}],"up":[{"embeddable":true,"href":"https:\/\/www.hsu-hh.de\/ft\/wp-json\/wp\/v2\/pages\/567"}],"wp:attachment":[{"href":"https:\/\/www.hsu-hh.de\/ft\/wp-json\/wp\/v2\/media?parent=1657"}],"wp:term":[{"taxonomy":"category","embeddable":true,"href":"https:\/\/www.hsu-hh.de\/ft\/wp-json\/wp\/v2\/categories?post=1657"},{"taxonomy":"post_tag","embeddable":true,"href":"https:\/\/www.hsu-hh.de\/ft\/wp-json\/wp\/v2\/tags?post=1657"}],"curies":[{"name":"wp","href":"https:\/\/api.w.org\/{rel}","templated":true}]}}