{"id":1634,"date":"2021-03-18T11:16:50","date_gmt":"2021-03-18T10:16:50","guid":{"rendered":"https:\/\/www.hsu-hh.de\/ft\/?page_id=1634"},"modified":"2021-03-23T11:39:05","modified_gmt":"2021-03-23T10:39:05","slug":"alternative-antriebssysteme","status":"publish","type":"page","link":"https:\/\/www.hsu-hh.de\/ft\/forschung\/forschungsgebiete\/alternative-antriebssysteme","title":{"rendered":"Alternative Antriebssysteme"},"content":{"rendered":"\n<div class=\"wp-block-columns is-layout-flex wp-container-core-columns-is-layout-9d6595d7 wp-block-columns-is-layout-flex\">\n<div class=\"wp-block-column is-layout-flow wp-block-column-is-layout-flow\">\n<div class=\"wp-block-columns is-layout-flex wp-container-core-columns-is-layout-9d6595d7 wp-block-columns-is-layout-flex\">\n<div class=\"wp-block-column is-layout-flow wp-block-column-is-layout-flow\">\n<figure class=\"wp-block-image size-news1-image\"><a href=\"https:\/\/www.hsu-hh.de\/ft\/leistungspruefanlage\"><img loading=\"lazy\" decoding=\"async\" width=\"400\" height=\"200\" src=\"https:\/\/www.hsu-hh.de\/ft\/wp-content\/uploads\/sites\/718\/2019\/02\/LPA_Voith_Aufbau-400x200.jpg\" data-credit=\"Fahrzeugtechnik\" alt=\"Leistungspr\u00fcfanlage\" class=\"wp-image-362\"\/><\/a><figcaption>Powerpack auf Leistungspr\u00fcfanlage<\/figcaption><\/figure>\n\n\n\n<figure class=\"wp-block-image size-news1-image\"><img loading=\"lazy\" decoding=\"async\" width=\"400\" height=\"200\" src=\"https:\/\/www.hsu-hh.de\/ft\/wp-content\/uploads\/sites\/718\/2021\/03\/Golf_RoPr_ges_01-400x200.jpg\" data-credit=\"Fahrzeugtechnik\" alt=\"Golf GTI auf Rollenpr\u00fcfstand\" class=\"wp-image-958\"\/><figcaption>Golf GTI auf Rollenpr\u00fcfstand<\/figcaption><\/figure>\n<\/div>\n<\/div>\n<\/div>\n\n\n\n<div class=\"wp-block-column is-layout-flow wp-block-column-is-layout-flow\">\n<p>Durch die Leistungspr\u00fcfanlage (bis 1 MW Spitzenleistung) und einen Rollenpr\u00fcfstand (bis 200 kW) stehen laboreigene Versuchseinrichtungen zur Verf\u00fcgung, die die Vermessung von Gesamtfahrzeugen aber auch von Antriebseinheiten gestatten. Eine Forschungsrichtung zielt in diesem Bereich darauf ab, in einer umfassenden LCA-Betrachtung (Cradle-to-Life oder Cradle-to-Grave) Antriebe f\u00fcr bestimmte Einsatzszenarien und Umgebungsbedingungen zu optimieren.<\/p>\n<\/div>\n<\/div>\n","protected":false},"excerpt":{"rendered":"<p>Durch die Leistungspr\u00fcfanlage (bis 1 MW Spitzenleistung) und einen Rollenpr\u00fcfstand (bis 200 kW) stehen laboreigene Versuchseinrichtungen zur Verf\u00fcgung, die die Vermessung von Gesamtfahrzeugen aber auch von Antriebseinheiten gestatten. Eine Forschungsrichtung [&hellip;]<\/p>\n","protected":false},"author":56,"featured_media":0,"parent":556,"menu_order":0,"comment_status":"closed","ping_status":"closed","template":"","meta":{"footnotes":""},"categories":[4],"tags":[],"class_list":["post-1634","page","type-page","status-publish","hentry","category-forschung"],"_links":{"self":[{"href":"https:\/\/www.hsu-hh.de\/ft\/wp-json\/wp\/v2\/pages\/1634","targetHints":{"allow":["GET"]}}],"collection":[{"href":"https:\/\/www.hsu-hh.de\/ft\/wp-json\/wp\/v2\/pages"}],"about":[{"href":"https:\/\/www.hsu-hh.de\/ft\/wp-json\/wp\/v2\/types\/page"}],"author":[{"embeddable":true,"href":"https:\/\/www.hsu-hh.de\/ft\/wp-json\/wp\/v2\/users\/56"}],"replies":[{"embeddable":true,"href":"https:\/\/www.hsu-hh.de\/ft\/wp-json\/wp\/v2\/comments?post=1634"}],"version-history":[{"count":21,"href":"https:\/\/www.hsu-hh.de\/ft\/wp-json\/wp\/v2\/pages\/1634\/revisions"}],"predecessor-version":[{"id":2097,"href":"https:\/\/www.hsu-hh.de\/ft\/wp-json\/wp\/v2\/pages\/1634\/revisions\/2097"}],"up":[{"embeddable":true,"href":"https:\/\/www.hsu-hh.de\/ft\/wp-json\/wp\/v2\/pages\/556"}],"wp:attachment":[{"href":"https:\/\/www.hsu-hh.de\/ft\/wp-json\/wp\/v2\/media?parent=1634"}],"wp:term":[{"taxonomy":"category","embeddable":true,"href":"https:\/\/www.hsu-hh.de\/ft\/wp-json\/wp\/v2\/categories?post=1634"},{"taxonomy":"post_tag","embeddable":true,"href":"https:\/\/www.hsu-hh.de\/ft\/wp-json\/wp\/v2\/tags?post=1634"}],"curies":[{"name":"wp","href":"https:\/\/api.w.org\/{rel}","templated":true}]}}