{"id":1631,"date":"2021-03-18T11:14:30","date_gmt":"2021-03-18T10:14:30","guid":{"rendered":"https:\/\/www.hsu-hh.de\/ft\/?page_id=1631"},"modified":"2021-03-18T11:14:30","modified_gmt":"2021-03-18T10:14:30","slug":"mensch-fahrzeug-interaktionen","status":"publish","type":"page","link":"https:\/\/www.hsu-hh.de\/ft\/forschung\/forschungsgebiete\/mensch-fahrzeug-interaktionen","title":{"rendered":"Mensch-Fahrzeug-Interaktionen"},"content":{"rendered":"\n<p>Es stehen meherere Simulatoren, angefangen beim quasistatischen, visuellen Simulator bis hin zum Simulator mit dynamischem Bewegungssystem (acht Freiheitsgrade) zur Verf\u00fcgung. Mit diesen werden unterschiedliche Untersuchungen durchgef\u00fchrt:<\/p>\n\n\n\n<ul class=\"wp-block-list\"><li>Physiologische und mentale Belastungen beim F\u00fchren eines Kraftfahrzeugs<\/li><li>Regler-Verhalten des Menschen beim Lenken eines Kraftfahrzeugs<\/li><li>Einfluss der Bewegungsinformation auf die Fahrtrichtungshaltung<\/li><li>Beeintr\u00e4chtigung des Reaktions- und Regelverhaltens des Fahrzeugf\u00fchrers durch Erm\u00fcdung, Alkohol, Medikamente oder durch Informationsf\u00fclle<\/li><li>Einwirkung von extremen Schwingungen auf den Menschen<\/li><li>Ergonometrie im Fahrzeuginnenraum<\/li><li>Sicht-, sowie Ein- und Ausstiegsverh\u00e4ltnisse bei Sonderfahrzeugen<\/li><li>Fahrschulung auf Simulatoren<\/li><\/ul>\n\n\n\n<p>Die Fahrsimulatoren werden mit einer echtzeitf\u00e4higen MKS-Sofware (CARSim) angesteuert, die visuelle Umgebung wird durch SILAB erzeugt.\u00a0<\/p>\n","protected":false},"excerpt":{"rendered":"<p>Es stehen meherere Simulatoren, angefangen beim quasistatischen, visuellen Simulator bis hin zum Simulator mit dynamischem Bewegungssystem (acht Freiheitsgrade) zur Verf\u00fcgung. Mit diesen werden unterschiedliche Untersuchungen durchgef\u00fchrt: Physiologische und mentale Belastungen [&hellip;]<\/p>\n","protected":false},"author":56,"featured_media":0,"parent":556,"menu_order":0,"comment_status":"closed","ping_status":"closed","template":"","meta":{"footnotes":""},"categories":[4],"tags":[],"class_list":["post-1631","page","type-page","status-publish","hentry","category-forschung"],"_links":{"self":[{"href":"https:\/\/www.hsu-hh.de\/ft\/wp-json\/wp\/v2\/pages\/1631","targetHints":{"allow":["GET"]}}],"collection":[{"href":"https:\/\/www.hsu-hh.de\/ft\/wp-json\/wp\/v2\/pages"}],"about":[{"href":"https:\/\/www.hsu-hh.de\/ft\/wp-json\/wp\/v2\/types\/page"}],"author":[{"embeddable":true,"href":"https:\/\/www.hsu-hh.de\/ft\/wp-json\/wp\/v2\/users\/56"}],"replies":[{"embeddable":true,"href":"https:\/\/www.hsu-hh.de\/ft\/wp-json\/wp\/v2\/comments?post=1631"}],"version-history":[{"count":2,"href":"https:\/\/www.hsu-hh.de\/ft\/wp-json\/wp\/v2\/pages\/1631\/revisions"}],"predecessor-version":[{"id":1633,"href":"https:\/\/www.hsu-hh.de\/ft\/wp-json\/wp\/v2\/pages\/1631\/revisions\/1633"}],"up":[{"embeddable":true,"href":"https:\/\/www.hsu-hh.de\/ft\/wp-json\/wp\/v2\/pages\/556"}],"wp:attachment":[{"href":"https:\/\/www.hsu-hh.de\/ft\/wp-json\/wp\/v2\/media?parent=1631"}],"wp:term":[{"taxonomy":"category","embeddable":true,"href":"https:\/\/www.hsu-hh.de\/ft\/wp-json\/wp\/v2\/categories?post=1631"},{"taxonomy":"post_tag","embeddable":true,"href":"https:\/\/www.hsu-hh.de\/ft\/wp-json\/wp\/v2\/tags?post=1631"}],"curies":[{"name":"wp","href":"https:\/\/api.w.org\/{rel}","templated":true}]}}