{"id":1590,"date":"2021-03-17T12:49:41","date_gmt":"2021-03-17T11:49:41","guid":{"rendered":"https:\/\/www.hsu-hh.de\/ft\/?page_id=1590"},"modified":"2025-09-23T09:47:49","modified_gmt":"2025-09-23T07:47:49","slug":"students-thesis","status":"publish","type":"page","link":"https:\/\/www.hsu-hh.de\/ft\/en\/students-thesis","title":{"rendered":"Student&#8217;s Thesis"},"content":{"rendered":"\n<ul class=\"wp-block-list\">\n<li>no longer available: Bachelorarbeit im Themengebiet:<br>Untersuchung der Kommunikationsschnittstelle eines elektrischen ID.Buzz<br>Kontakt: <abbr title=\"Doktor\">Dr.<\/abbr>&#8211;<abbr title=\"Ingenieur\">Ing.<\/abbr> Tobias Hellberg<\/li>\n<\/ul>\n\n\n\n<p><\/p>\n\n\n\n<ul class=\"wp-block-list\">\n<li>no longer available: Bachelorarbeit zum Thema:<br>Entwicklung einer Fahrersitzauflage f\u00fcr die \u00dcbermittlung von \u00dcbernahmeaufforderungen autonomer Fahrzeuge<br>Kontakt: Yousuf Al-Hakim<\/li>\n<\/ul>\n\n\n\n<p><\/p>\n\n\n\n<ul class=\"wp-block-list\">\n<li>Bachelorarbeit zum Thema:<br>Analyse relevanter Frequenzen und Amplituden von vibrotaktilen Signalen f\u00fcr Fahrer autonomer Fahrzeuge<br>Kontakt: Yousuf Al-Hakim<\/li>\n<\/ul>\n\n\n\n<p><\/p>\n\n\n\n<ul class=\"wp-block-list\">\n<li>Bachelorarbeit zum Thema:<br>Modellierung und experimentelle Parameteridentifikation von Batteriezellen f\u00fcr den Einsatz im elektrischen Stadtbus<br>Kontakt: Fakher Belkacem<\/li>\n<\/ul>\n\n\n\n<p><\/p>\n\n\n\n<ul class=\"wp-block-list\">\n<li>no longer available: Bachelorarbeit zum Thema:<br>Implementierung eines automatisierten Versuchsablaufs zur experimentellen Untersuchung eines elektrischen Antriebsstranges an der Leistungspr\u00fcfanlage<br>Kontakt: Henrik Sch\u00e4fer<\/li>\n<\/ul>\n\n\n\n<p><\/p>\n\n\n\n<ul class=\"wp-block-list\">\n<li>Bachelorarbeit zum Thema:<br>Simulation und experimentelle Validierung des thermischen Verhaltens eines elektrischen Stadtbusantriebsstranges in quasistation\u00e4ren Betriebspunkten<br>Kontakt: Henrik Sch\u00e4fer<\/li>\n<\/ul>\n\n\n\n<p><\/p>\n\n\n\n<ul class=\"wp-block-list\">\n<li>Bachelor-\/ Studien-\/ Masterarbeit im Themengebiet:<br>Untersuchung des Thermomanagements eines elektrischen Stadtbusantriebsstranges (simulativ und experimentell)<br>Kontakt: Henrik Sch\u00e4fer<\/li>\n<\/ul>\n","protected":false},"excerpt":{"rendered":"","protected":false},"author":56,"featured_media":0,"parent":0,"menu_order":0,"comment_status":"closed","ping_status":"closed","template":"","meta":{"footnotes":""},"categories":[7],"tags":[],"class_list":["post-1590","page","type-page","status-publish","hentry","category-research"],"_links":{"self":[{"href":"https:\/\/www.hsu-hh.de\/ft\/wp-json\/wp\/v2\/pages\/1590","targetHints":{"allow":["GET"]}}],"collection":[{"href":"https:\/\/www.hsu-hh.de\/ft\/wp-json\/wp\/v2\/pages"}],"about":[{"href":"https:\/\/www.hsu-hh.de\/ft\/wp-json\/wp\/v2\/types\/page"}],"author":[{"embeddable":true,"href":"https:\/\/www.hsu-hh.de\/ft\/wp-json\/wp\/v2\/users\/56"}],"replies":[{"embeddable":true,"href":"https:\/\/www.hsu-hh.de\/ft\/wp-json\/wp\/v2\/comments?post=1590"}],"version-history":[{"count":5,"href":"https:\/\/www.hsu-hh.de\/ft\/wp-json\/wp\/v2\/pages\/1590\/revisions"}],"predecessor-version":[{"id":2243,"href":"https:\/\/www.hsu-hh.de\/ft\/wp-json\/wp\/v2\/pages\/1590\/revisions\/2243"}],"wp:attachment":[{"href":"https:\/\/www.hsu-hh.de\/ft\/wp-json\/wp\/v2\/media?parent=1590"}],"wp:term":[{"taxonomy":"category","embeddable":true,"href":"https:\/\/www.hsu-hh.de\/ft\/wp-json\/wp\/v2\/categories?post=1590"},{"taxonomy":"post_tag","embeddable":true,"href":"https:\/\/www.hsu-hh.de\/ft\/wp-json\/wp\/v2\/tags?post=1590"}],"curies":[{"name":"wp","href":"https:\/\/api.w.org\/{rel}","templated":true}]}}