{"id":1587,"date":"2021-03-17T12:48:22","date_gmt":"2021-03-17T11:48:22","guid":{"rendered":"https:\/\/www.hsu-hh.de\/ft\/?page_id=1587"},"modified":"2025-09-23T09:44:22","modified_gmt":"2025-09-23T07:44:22","slug":"studentische-arbeiten","status":"publish","type":"page","link":"https:\/\/www.hsu-hh.de\/ft\/lehre\/studentische-arbeiten","title":{"rendered":"Studentische Arbeiten"},"content":{"rendered":"\n<ul class=\"wp-block-list\">\n<li>Thema vergeben: Bachelorarbeit im Themengebiet:<br>Untersuchung der Kommunikationsschnittstelle eines elektrischen ID.Buzz<br>Kontakt: <abbr title=\"Doktor\">Dr.<\/abbr>&#8211;<abbr title=\"Ingenieur\">Ing.<\/abbr> Tobias Hellberg<\/li>\n<\/ul>\n\n\n\n<p><\/p>\n\n\n\n<ul class=\"wp-block-list\">\n<li>Thema vergeben: Bachelorarbeit zum Thema:<br>Entwicklung einer Fahrersitzauflage f\u00fcr die \u00dcbermittlung von \u00dcbernahmeaufforderungen autonomer Fahrzeuge<br>Kontakt: Yousuf Al-Hakim<\/li>\n<\/ul>\n\n\n\n<p><\/p>\n\n\n\n<ul class=\"wp-block-list\">\n<li>Bachelorarbeit zum Thema:<br>Analyse relevanter Frequenzen und Amplituden von vibrotaktilen Signalen f\u00fcr Fahrer autonomer Fahrzeuge<br>Kontakt: Yousuf Al-Hakim<\/li>\n<\/ul>\n\n\n\n<p><\/p>\n\n\n\n<ul class=\"wp-block-list\">\n<li>Bachelorarbeit zum Thema:<br>Modellierung und experimentelle Parameteridentifikation von Batteriezellen f\u00fcr den Einsatz im elektrischen Stadtbus<br>Kontakt: Fakher Belkacem<\/li>\n<\/ul>\n\n\n\n<p><\/p>\n\n\n\n<ul class=\"wp-block-list\">\n<li>Thema vergeben: Bachelorarbeit zum Thema:<br>Implementierung eines automatisierten Versuchsablaufs zur experimentellen Untersuchung eines elektrischen Antriebsstranges an der Leistungspr\u00fcfanlage<br>Kontakt: Henrik Sch\u00e4fer<\/li>\n<\/ul>\n\n\n\n<p><\/p>\n\n\n\n<ul class=\"wp-block-list\">\n<li>Bachelorarbeit zum Thema:<br>Simulation und experimentelle Validierung des thermischen Verhaltens eines elektrischen Stadtbusantriebsstranges in quasistation\u00e4ren Betriebspunkten<br>Kontakt: Henrik Sch\u00e4fer<\/li>\n<\/ul>\n\n\n\n<p><\/p>\n\n\n\n<ul class=\"wp-block-list\">\n<li>Bachelor-\/ Studien-\/ Masterarbeit im Themengebiet:<br>Untersuchung des Thermomanagements eines elektrischen Stadtbusantriebsstranges (simulativ und experimentell)<br>Kontakt: Henrik Sch\u00e4fer<\/li>\n<\/ul>\n","protected":false},"excerpt":{"rendered":"","protected":false},"author":56,"featured_media":0,"parent":269,"menu_order":0,"comment_status":"closed","ping_status":"closed","template":"","meta":{"footnotes":""},"categories":[4],"tags":[],"class_list":["post-1587","page","type-page","status-publish","hentry","category-forschung"],"_links":{"self":[{"href":"https:\/\/www.hsu-hh.de\/ft\/wp-json\/wp\/v2\/pages\/1587","targetHints":{"allow":["GET"]}}],"collection":[{"href":"https:\/\/www.hsu-hh.de\/ft\/wp-json\/wp\/v2\/pages"}],"about":[{"href":"https:\/\/www.hsu-hh.de\/ft\/wp-json\/wp\/v2\/types\/page"}],"author":[{"embeddable":true,"href":"https:\/\/www.hsu-hh.de\/ft\/wp-json\/wp\/v2\/users\/56"}],"replies":[{"embeddable":true,"href":"https:\/\/www.hsu-hh.de\/ft\/wp-json\/wp\/v2\/comments?post=1587"}],"version-history":[{"count":13,"href":"https:\/\/www.hsu-hh.de\/ft\/wp-json\/wp\/v2\/pages\/1587\/revisions"}],"predecessor-version":[{"id":2242,"href":"https:\/\/www.hsu-hh.de\/ft\/wp-json\/wp\/v2\/pages\/1587\/revisions\/2242"}],"up":[{"embeddable":true,"href":"https:\/\/www.hsu-hh.de\/ft\/wp-json\/wp\/v2\/pages\/269"}],"wp:attachment":[{"href":"https:\/\/www.hsu-hh.de\/ft\/wp-json\/wp\/v2\/media?parent=1587"}],"wp:term":[{"taxonomy":"category","embeddable":true,"href":"https:\/\/www.hsu-hh.de\/ft\/wp-json\/wp\/v2\/categories?post=1587"},{"taxonomy":"post_tag","embeddable":true,"href":"https:\/\/www.hsu-hh.de\/ft\/wp-json\/wp\/v2\/tags?post=1587"}],"curies":[{"name":"wp","href":"https:\/\/api.w.org\/{rel}","templated":true}]}}