{"id":1221,"date":"2021-03-08T12:01:26","date_gmt":"2021-03-08T11:01:26","guid":{"rendered":"https:\/\/www.hsu-hh.de\/ft\/?page_id=1221"},"modified":"2021-03-23T15:01:17","modified_gmt":"2021-03-23T14:01:17","slug":"cae-methoden-in-der-fahrzeugentwicklung","status":"publish","type":"page","link":"https:\/\/www.hsu-hh.de\/ft\/lehre\/vorlesungen-master\/cae-methoden-in-der-fahrzeugentwicklung","title":{"rendered":"CAE-Methoden in der Fahrzeugentwicklung"},"content":{"rendered":"\n<div class=\"wp-block-columns is-layout-flex wp-container-core-columns-is-layout-9d6595d7 wp-block-columns-is-layout-flex\">\n<div class=\"wp-block-column is-layout-flow wp-block-column-is-layout-flow\"><script>\tvar sosereDefaults = {\"allowfullscreen\":true,\"fit\":\"contain\",\"transition\":\"crossfade\",\"loop\":true,\"autoplay\":\"3000\",\"stopautoplayontouch\":true,\"keyboard\":true,\"nav\":\"thumbs\"}<\/script><div class='sosere--wp' data-link='file'data-itemtag='dl'data-icontag='dt'data-captiontag='dd'data-columns='0'data-size='large'data-auto='false'data-max-width='100%'data-ratio=''><\/div><\/div>\n\n\n\n<div class=\"wp-block-column is-layout-flow wp-block-column-is-layout-flow\">\n<ul class=\"wp-block-list\"><li><strong>Umfang<\/strong>: 2 V, 1 \u00dc, 4 CP<\/li><li><strong>Dozent<\/strong>: Meywerk und Mitarbeiter<\/li><li><strong>Studiengang<\/strong>: Master Fahrzeugtechnik<\/li><li><strong>Termin<\/strong>: Fr\u00fchjahrstrimester<\/li><li><strong>Sprache<\/strong>: Deutsch<\/li><li><strong>Literatur<\/strong>: Skript und: <a href=\"https:\/\/www.springer.com\/de\/book\/9783540498667\" rel='nofollow'>Meywerk, M.: CAE-Methoden in&nbsp; der Fahrzeugentwicklung, Springer, 2007<\/a><\/li><\/ul>\n\n\n\n<h3 class=\"wp-block-heading\">Inhalt<\/h3>\n\n\n\n<ul class=\"wp-block-list\"><li>Crashberechnung: elastoplastisches Materialverhalten, Kontaktalgorithmen, Zeitschrittberechnung, Hourglass-Moden, Komponenten von Crashmodellen<\/li><li>Akustik: analytische und semianalytische Verfahren, Finite-Elemente-Verfahren, Boundary-Elemente-Verfahren, statistische Energieanalyse, Raytracing-Verfahren<\/li><li>Statik, Dynamik und Lebensdauer von Rohkarosserien: Aufbau von Statik- und Dynamikmodellen, Lastkollektive, einfache Ans\u00e4tze zur Lebensdaueranalyse<\/li><li>Str\u00f6mungssimulation: Anwendungsbeispiele aus der Motorraumdurchstr\u00f6mung, Au\u00dfenumstr\u00f6mung, Innenraumstr\u00f6mung; am Beispiel der Ladungwechselberechnung werden die Grundlgleichungen hergeleitet<\/li><li>MKS-Modelle: Aufbau von MKS-Modellen f\u00fcr die Fahrdynamikberechnung, flexible K\u00f6rper, nichtlineare Ph\u00e4nomene, Integrationsverfahren<\/li><li>Reifen-Fahrbahn-Interaktion: \u00dcberblick \u00fcber Reifenmodelle, nachgiebige B\u00f6den<\/li><\/ul>\n<\/div>\n<\/div>\n","protected":false},"excerpt":{"rendered":"<p>Umfang: 2 V, 1 \u00dc, 4 CP Dozent: Meywerk und Mitarbeiter Studiengang: Master Fahrzeugtechnik Termin: Fr\u00fchjahrstrimester Sprache: Deutsch Literatur: Skript und: Meywerk, M.: CAE-Methoden in&nbsp; der Fahrzeugentwicklung, Springer, 2007 Inhalt [&hellip;]<\/p>\n","protected":false},"author":56,"featured_media":0,"parent":1701,"menu_order":0,"comment_status":"closed","ping_status":"closed","template":"","meta":{"footnotes":""},"categories":[4],"tags":[],"class_list":["post-1221","page","type-page","status-publish","hentry","category-forschung"],"_links":{"self":[{"href":"https:\/\/www.hsu-hh.de\/ft\/wp-json\/wp\/v2\/pages\/1221","targetHints":{"allow":["GET"]}}],"collection":[{"href":"https:\/\/www.hsu-hh.de\/ft\/wp-json\/wp\/v2\/pages"}],"about":[{"href":"https:\/\/www.hsu-hh.de\/ft\/wp-json\/wp\/v2\/types\/page"}],"author":[{"embeddable":true,"href":"https:\/\/www.hsu-hh.de\/ft\/wp-json\/wp\/v2\/users\/56"}],"replies":[{"embeddable":true,"href":"https:\/\/www.hsu-hh.de\/ft\/wp-json\/wp\/v2\/comments?post=1221"}],"version-history":[{"count":4,"href":"https:\/\/www.hsu-hh.de\/ft\/wp-json\/wp\/v2\/pages\/1221\/revisions"}],"predecessor-version":[{"id":1615,"href":"https:\/\/www.hsu-hh.de\/ft\/wp-json\/wp\/v2\/pages\/1221\/revisions\/1615"}],"up":[{"embeddable":true,"href":"https:\/\/www.hsu-hh.de\/ft\/wp-json\/wp\/v2\/pages\/1701"}],"wp:attachment":[{"href":"https:\/\/www.hsu-hh.de\/ft\/wp-json\/wp\/v2\/media?parent=1221"}],"wp:term":[{"taxonomy":"category","embeddable":true,"href":"https:\/\/www.hsu-hh.de\/ft\/wp-json\/wp\/v2\/categories?post=1221"},{"taxonomy":"post_tag","embeddable":true,"href":"https:\/\/www.hsu-hh.de\/ft\/wp-json\/wp\/v2\/tags?post=1221"}],"curies":[{"name":"wp","href":"https:\/\/api.w.org\/{rel}","templated":true}]}}