{"id":1198,"date":"2021-03-08T10:53:59","date_gmt":"2021-03-08T09:53:59","guid":{"rendered":"https:\/\/www.hsu-hh.de\/ft\/?page_id=1198"},"modified":"2021-03-17T10:23:16","modified_gmt":"2021-03-17T09:23:16","slug":"ca-techniken","status":"publish","type":"page","link":"https:\/\/www.hsu-hh.de\/ft\/lehre\/vorlesungen\/ca-techniken","title":{"rendered":"CA-Techniken"},"content":{"rendered":"\n<div class=\"wp-block-columns is-layout-flex wp-container-core-columns-is-layout-9d6595d7 wp-block-columns-is-layout-flex\">\n<div class=\"wp-block-column is-layout-flow wp-block-column-is-layout-flow\"><\/div>\n<\/div>\n\n\n\n<div class=\"wp-block-columns is-layout-flex wp-container-core-columns-is-layout-9d6595d7 wp-block-columns-is-layout-flex\">\n<div class=\"wp-block-column is-layout-flow wp-block-column-is-layout-flow\"><script>\tvar sosereDefaults = {\"allowfullscreen\":true,\"fit\":\"contain\",\"transition\":\"crossfade\",\"loop\":true,\"autoplay\":\"3000\",\"stopautoplayontouch\":true,\"keyboard\":true,\"nav\":\"thumbs\"}<\/script><div class='sosere--wp' data-link='file'data-itemtag='dl'data-icontag='dt'data-captiontag='dd'data-columns='0'data-size='large'data-auto='false'data-max-width='100%'data-ratio=''><\/div><\/div>\n\n\n\n<div class=\"wp-block-column is-layout-flow wp-block-column-is-layout-flow\">\n<ul class=\"wp-block-list\"><li><strong>Umfang<\/strong>: 1 V, 1 \u00dc, 1 P, 4 CP<\/li><li><strong>Dozent<\/strong>: Meywerk und Mitarbeiter<\/li><li><strong>Studiengang<\/strong>: Bachelor Maschinenbau<\/li><li><strong>Termin<\/strong>: Fr\u00fchjahrstrimester<\/li><li><strong>Sprache<\/strong>: Deutsch<\/li><li><strong>Literatur<\/strong>: Skript<\/li><\/ul>\n\n\n\n<h3 class=\"wp-block-heading\">Inhalt<\/h3>\n\n\n\n<ul class=\"wp-block-list\"><li>\u00dcbersicht CAE-Methoden<\/li><li>Modellbildungsschritte f\u00fcr kontinuierliche Systeme: physikalisch, geometrisch, mathematisch<\/li><li>3D-CAD-Geometrie-Elemente<\/li><li>Vernetzung zwei- und dreidimensionaler Strukturen<\/li><li>Elementtypen: \u00dcbersicht \u00fcber ein-, zwei- und dreidimensionale Elemente<\/li><li>Qualit\u00e4tskriterien f\u00fcr Finite Elemente<\/li><\/ul>\n\n\n\n<figure class=\"wp-block-video\"><video height=\"754\" style=\"aspect-ratio: 1260 \/ 754;\" width=\"1260\" controls src=\"https:\/\/www.hsu-hh.de\/ft\/wp-content\/uploads\/sites\/718\/2021\/03\/crash.mp4\"><\/video><figcaption>Plausibilit\u00e4tsbeztrachtung am Beispiel eines Fahrzeugcrashs.<\/figcaption><\/figure>\n\n\n\n<p><\/p>\n<\/div>\n<\/div>\n","protected":false},"excerpt":{"rendered":"<p>Umfang: 1 V, 1 \u00dc, 1 P, 4 CP Dozent: Meywerk und Mitarbeiter Studiengang: Bachelor Maschinenbau Termin: Fr\u00fchjahrstrimester Sprache: Deutsch Literatur: Skript Inhalt \u00dcbersicht CAE-Methoden Modellbildungsschritte f\u00fcr kontinuierliche Systeme: physikalisch, [&hellip;]<\/p>\n","protected":false},"author":56,"featured_media":0,"parent":1559,"menu_order":0,"comment_status":"closed","ping_status":"closed","template":"","meta":{"footnotes":""},"categories":[4],"tags":[],"class_list":["post-1198","page","type-page","status-publish","hentry","category-forschung"],"_links":{"self":[{"href":"https:\/\/www.hsu-hh.de\/ft\/wp-json\/wp\/v2\/pages\/1198","targetHints":{"allow":["GET"]}}],"collection":[{"href":"https:\/\/www.hsu-hh.de\/ft\/wp-json\/wp\/v2\/pages"}],"about":[{"href":"https:\/\/www.hsu-hh.de\/ft\/wp-json\/wp\/v2\/types\/page"}],"author":[{"embeddable":true,"href":"https:\/\/www.hsu-hh.de\/ft\/wp-json\/wp\/v2\/users\/56"}],"replies":[{"embeddable":true,"href":"https:\/\/www.hsu-hh.de\/ft\/wp-json\/wp\/v2\/comments?post=1198"}],"version-history":[{"count":6,"href":"https:\/\/www.hsu-hh.de\/ft\/wp-json\/wp\/v2\/pages\/1198\/revisions"}],"predecessor-version":[{"id":1547,"href":"https:\/\/www.hsu-hh.de\/ft\/wp-json\/wp\/v2\/pages\/1198\/revisions\/1547"}],"up":[{"embeddable":true,"href":"https:\/\/www.hsu-hh.de\/ft\/wp-json\/wp\/v2\/pages\/1559"}],"wp:attachment":[{"href":"https:\/\/www.hsu-hh.de\/ft\/wp-json\/wp\/v2\/media?parent=1198"}],"wp:term":[{"taxonomy":"category","embeddable":true,"href":"https:\/\/www.hsu-hh.de\/ft\/wp-json\/wp\/v2\/categories?post=1198"},{"taxonomy":"post_tag","embeddable":true,"href":"https:\/\/www.hsu-hh.de\/ft\/wp-json\/wp\/v2\/tags?post=1198"}],"curies":[{"name":"wp","href":"https:\/\/api.w.org\/{rel}","templated":true}]}}