{"id":984,"date":"2020-01-24T07:33:03","date_gmt":"2020-01-24T06:33:03","guid":{"rendered":"https:\/\/www.hsu-hh.de\/forschung\/?page_id=984"},"modified":"2025-12-03T11:35:46","modified_gmt":"2025-12-03T10:35:46","slug":"serviceangebote","status":"publish","type":"page","link":"https:\/\/www.hsu-hh.de\/forschung\/serviceangebote","title":{"rendered":"Service"},"content":{"rendered":"<h2>Kodex Gute wissenschaftliche Praxis<\/h2>\n<p>Wissenschaftliche Integrit\u00e4t bildet die Grundlage einer vertrauensw\u00fcrdigen Wissenschaft. Sie ist eine Auspr\u00e4gung wissenschaftlicher Selbstverpflichtung, die den respektvollen Umgang miteinander, mit Menschen, Tieren, Kulturg\u00fctern und der Umwelt umfasst und das unerl\u00e4ssliche Vertrauen der Gesellschaft in die Wissenschaft st\u00e4rkt und f\u00f6rdert. Mit der verfassungsrechtlich garantierten Freiheit der Wissenschaft ist untrennbar eine entsprechende Verantwortung verbunden. Dieser Verantwortung umfassend Rechnung zu tragen und sie als Richtschnur des eigenen Handelns zu verankern, ist zuvorderst Aufgabe jeder Wissenschaftlerin und jedes Wissenschaftlers sowie derjenigen Einrichtungen, in denen Wissenschaft verfasst ist. Die Wissenschaft selbst gew\u00e4hrleistet durch redliches Denken und Handeln, nicht zuletzt auch durch organisations- und verfahrensrechtliche Regelungen, gute wissenschaftliche Praxis.<\/p>\n<p>Die <strong>Ombudspersonen<\/strong> und die <strong>Kommission zur Untersuchung von Vorw\u00fcrfen wissenschaftlichen Fehlverhaltens<\/strong>\u00a0steht grunds\u00e4tzlich allen Universit\u00e4tsb\u00fcrgerinnen und Universit\u00e4tsb\u00fcrgern zur Beratung und Unterst\u00fctzung in Fragen guter wissenschaftlicher Praxis und ihrer m\u00f6glichen Verletzung durch wissenschaftliches Fehlverhalten zur Verf\u00fcgung. Den Universit\u00e4tsb\u00fcrgerinnen und Universit\u00e4tsb\u00fcrgern steht es frei zu w\u00e4hlen, die Gremien der <abbr title=\"Helmut Schmidt Universit\u00e4t\">HSU<\/abbr>, das Gremium der DFG <strong>&#8222;Ombudsman f\u00fcr die Wissenschaft&#8220; <\/strong>oder auch das &#8222;<strong>Ombudsgremium f\u00fcr die wissenschaftliche Integrit\u00e4t in Deutschland&#8220;<\/strong> anzusprechen. Alle den Gremien vorgetragenen Anliegen werden grunds\u00e4tzlich vertraulich behandelt.<\/p>\n<p>\u00a0<\/p>\n<div class=\"col-xs-12 downloads-item\">\n<div class=\"row border-line\">\n<div class=\"thumbnail-area\"><img decoding=\"async\" class=\"download-image\" src=\"\/wp-content\/themes\/hsu\/img\/dummy\/downloads_dummy.png\" alt=\"\" \/><\/div>\n<div class=\"text-area\"><strong>Ordnung zur Sicherung guter wissenschaftlicher Praxis der <abbr title=\"Helmut Schmidt Universit\u00e4t\">HSU<\/abbr>\/UniBw H<\/strong><\/div>\n<div class=\"download-area\"><a class=\"download-link\" href=\"https:\/\/www.hsu-hh.de\/forschung\/wp-content\/uploads\/sites\/783\/2024\/04\/Ordnung-zur-Sicherung-guter-wissenschaftlicher-Praxis-der-HSU_UniBw-H.pdf\"><span class=\"download-name\">pdf laden<\/span><span class=\"donwload-icon\"><img decoding=\"async\" class=\"download-icon\" src=\"\/wp-content\/themes\/hsu\/img\/icons\/download_icon.png\" alt=\"download icon\" \/><\/span><span class=\"download-size\">187 kB<\/span><\/a><\/div>\n<\/div>\n<\/div>\n<h2>\u00a0<\/h2>\n<div class=\"col-xs-12 downloads-item\">\n<div class=\"row border-line\">\n<div class=\"thumbnail-area\"><img decoding=\"async\" class=\"download-image\" src=\"\/wp-content\/themes\/hsu\/img\/dummy\/downloads_dummy.png\" alt=\"\" \/><\/div>\n<div class=\"text-area\"><span class=\"download-text\">\u00a0 <strong>GwP_Safeguarding Good Research Practice<\/strong><\/span><\/div>\n<div class=\"download-area\"><a class=\"download-link\" href=\"https:\/\/www.hsu-hh.de\/forschung\/wp-content\/uploads\/sites\/783\/2024\/07\/GwP_Safeguarding-Good-Research-Practice-date-18.06.2024.pdf\"><span class=\"download-name\">pdf laden<\/span><span class=\"donwload-icon\"><img decoding=\"async\" class=\"download-icon\" src=\"\/wp-content\/themes\/hsu\/img\/icons\/download_icon.png\" alt=\"download icon\" \/><\/span><span class=\"download-size\">204 kB<\/span><\/a><\/div>\n<\/div>\n<\/div>\n<h2>\u00a0<\/h2>\n<h2>Ombudspersonen und Gremien f\u00fcr wissenschaftliches Fehlverhalten:<\/h2>\n<h3>\u00a0<\/h3>\n<p>Ombudsperson:<\/p>\n<div class=\"ansprechparter-container\">\n<div class=\"row ansprechpartner-item ansprechparter-header\">\n<div class=\"col-xs-8 col-lg-12\" style=\"margin-bottom: 30px\">\n<h3 class=\"ansprechparter-headline\">\u00a0<\/h3>\n<p class=\"mobile-small\"><abbr title=\"Universit\u00e4tsprofessor\">Univ.-Prof.<\/abbr> <abbr title=\"Doktor\">Dr.<\/abbr>&#8211;<abbr title=\"Ingenieur\">Ing.<\/abbr> Wolfgang Weber<\/p>\n<\/div>\n<div class=\"col-md-4 col-lg-3 col-xs-4 ansprechpartner-item floatright img-circle center-block\" style=\"margin-bottom: 30px\">\n<div class=\"img-responsive-wrapper\"><img decoding=\"async\" class=\"img-circle img-responsive center-block\" src=\"\/wp-content\/themes\/hsu\/img\/dummy\/dummy_ansprechpartner.png\" alt=\"\" \/><\/div>\n<\/div>\n<div class=\"col-md-12 col-lg-3 col-xs-12 ansprechpartner-item kontakt floatright\" style=\"margin-bottom: 30px\">\n<div class=\"row\">\n<div class=\"col-xs-12 col-sm-6 col-lg-12\">\n<div class=\"row\">\n<div class=\"col-xs-12 col-lg-8 row-text\"><span style=\"font-family: 'Meta Corr Offc W01 Bold', 'PT Sans', sans-serif;font-weight: bold;color: initial\">Telefon:<\/span><\/div>\n<\/div>\n<\/div>\n<div class=\"col-xs-12 col-sm-6 col-lg-12\">\n<div class=\"row\">\n<div class=\"col-xs-12 col-lg-8 row-text\">(040) 6541-2148<\/div>\n<\/div>\n<\/div>\n<div class=\"col-xs-12 col-sm-6 col-lg-12\">\n<div class=\"row\">\n<div class=\"col-xs-12 col-lg-8 row-text\">\u00a0<\/div>\n<\/div>\n<\/div>\n<div class=\"col-xs-12 col-sm-6 col-lg-12\">\n<div class=\"row\">\n<div class=\"col-xs-12 col-md-12 row-text bold\">E-Mail:<\/div>\n<div class=\"col-xs-12 col-md-12 row-text\"><a href=\"wolfgang.weber@hsu-hh.de\" rel='nofollow'>wolfgang.weber@hsu-hh.de<\/a><\/div>\n<\/div>\n<\/div>\n<\/div>\n<\/div>\n<div class=\"col-md-6 col-lg-3 col-xs-12 ansprechpartner-item anschrift floatright\">\n<div class=\"row-headline\">Besucheranschrift<\/div>\n<p>Helmut-Schmidt-Universit\u00e4t<br \/>Campus Nord<br \/>Friedrich-Ebert-Damm 245<br \/>22159 Hamburg<\/p>\n<\/div>\n<div class=\"col-md-6 col-lg-3 col-xs-12 ansprechpartner-item anschrift floatright\">\n<div class=\"row-headline\">Postanschrift<\/div>\n<p>Helmut-Schmidt-Universit\u00e4t<br \/>Fakult\u00e4t f\u00fcr Maschinenbau und Bauingenieurwesen<br \/>Professur f\u00fcr Statik und Dynamik<br \/>Postfach 70 08 22<br \/>22008 Hamburg<\/p>\n<\/div>\n<\/div>\n<\/div>\n<div class=\"clearfix\">\u00a0<\/div>\n<div>\u00a0<\/div>\n<div>\u00a0<\/div>\n<div>\n<p>Stellv. Ombudsperson:<\/p>\n<\/div>\n<div class=\"clearfix\">\u00a0<\/div>\n<div class=\"ansprechparter-container\">\n<div class=\"row ansprechpartner-item ansprechparter-header\">\n<div class=\"col-xs-8 col-lg-12\" style=\"margin-bottom: 30px\">\n<h3 class=\"ansprechparter-headline\">\u00a0<\/h3>\n<div>\u00a0<\/div>\n<div class=\"mobile-small\"><abbr title=\"Professor\">Prof.<\/abbr> <abbr title=\"Doktor\">Dr.<\/abbr> M. Berlemann<\/div>\n<\/div>\n<div class=\"col-md-4 col-lg-3 col-xs-4 ansprechpartner-item floatright img-circle center-block\" style=\"margin-bottom: 30px\">\n<div class=\"img-responsive-wrapper\"><img decoding=\"async\" class=\"img-circle img-responsive center-block\" src=\"\/wp-content\/themes\/hsu\/img\/dummy\/dummy_ansprechpartner.png\" alt=\"\" \/><\/div>\n<\/div>\n<div class=\"col-md-12 col-lg-3 col-xs-12 ansprechpartner-item kontakt floatright\" style=\"margin-bottom: 30px\">\n<div class=\"row\">\n<div class=\"col-xs-12 col-sm-6 col-lg-12\">\n<div class=\"row\">\n<div class=\"col-xs-12 col-lg-8 row-text\"><span style=\"font-family: 'Meta Corr Offc W01 Bold', 'PT Sans', sans-serif;font-weight: bold;color: initial\">Telefon:<\/span><\/div>\n<\/div>\n<\/div>\n<div class=\"col-xs-12 col-sm-6 col-lg-12\">\n<div class=\"row\">\n<div class=\"col-xs-12 col-lg-8 row-text\">(040) 6541-2860<\/div>\n<\/div>\n<\/div>\n<div class=\"col-xs-12 col-sm-6 col-lg-12\">\n<div class=\"row\">\n<div class=\"col-xs-12 col-lg-8 row-text\">\u00a0<\/div>\n<\/div>\n<\/div>\n<div class=\"col-xs-12 col-sm-6 col-lg-12\">\n<div class=\"row\">\n<div class=\"col-xs-12 col-md-12 row-text bold\">E-Mail:<\/div>\n<div class=\"col-xs-12 col-md-12 row-text\"><a href=\"Michael.Berlemann@hsu-hh.de\" rel='nofollow'>Michael.Berlemann@hsu-hh.de<\/a><\/div>\n<div>\u00a0<\/div>\n<\/div>\n<\/div>\n<\/div>\n<\/div>\n<div class=\"col-md-6 col-lg-3 col-xs-12 ansprechpartner-item anschrift floatright\">\n<div class=\"row-headline\">Besucheranschrift<\/div>\n<div class=\"row-text\">Helmut-Schmidt-Universit\u00e4t<\/div>\n<div class=\"row-text\">Geb\u00e4ude H1<\/div>\n<div class=\"row-text\">Holstenhofweg 85<\/div>\n<div class=\"row-text\">22043 Hamburg<\/div>\n<\/div>\n<div class=\"col-md-6 col-lg-3 col-xs-12 ansprechpartner-item anschrift floatright\">\n<div class=\"row-headline\">Postanschrift<\/div>\n<div class=\"row-text\">Helmut-Schmidt-Universit\u00e4t<\/div>\n<div class=\"row-text\">Fakult\u00e4t Wirtschafts- und Sozialwissenschaften<\/div>\n<div class=\"row-text\"><abbr title=\"Volkswirtschaftslehre\">VWL<\/abbr>, Politische \u00d6konomik und Empirische Wirtschaftsforschung<\/div>\n<div class=\"row-text\">Postfach 70 08 22<\/div>\n<div class=\"row-text\">22008 Hamburg<\/div>\n<\/div>\n<\/div>\n<\/div>\n<div class=\"clearfix\">\u00a0<\/div>\n<div>\u00a0<\/div>\n<div>\u00a0<\/div>\n<div>\u00a0<\/div>\n<h2>Ombudsman der Wissenschaft<\/h2>\n<div>Der \u201eOmbudsman f\u00fcr die Wissenschaft&#8220;, bis 2010 \u201eOmbudsman der DFG\u201c genannt, steht allen Wissenschaftlerinnen und Wissenschaftlern unmittelbar und unabh\u00e4ngig von einem Bezug zur DFG zur Beratung und Unterst\u00fctzung in Fragen guter wissenschaftlicher Praxis und ihrer Verletzung durch wissenschaftliche Unredlichkeit zur Verf\u00fcgung. Der Ombudsman f\u00fcr die Wissenschaft ist 1999 durch den Senat der DFG entsprechend einer Empfehlung der Kommission &#8222;Selbstkontrolle in der Wissenschaft&#8220; (Empfehlung 16) als unabh\u00e4ngiges Gremium eingerichtet worden.<\/div>\n<div>\u00a0<\/div>\n<div><a href=\"https:\/\/www.dfg.de\/foerderung\/grundlagen_rahmenbedingungen\/gwp\/ombudsman\/index.html\" rel='nofollow'>Link zur Website &#8222;Ombudsman der Wissenschaft&#8220;<\/a><\/div>\n<div>\u00a0<\/div>\n<div>\u00a0<\/div>\n<div><hr \/><\/div>\n<div>\u00a0<\/div>\n<div>\u00a0<\/div>\n<h2>Das Ombudsgremium<strong><br \/><\/strong><\/h2>\n<div>Das \u00fcberregionale Ombudsgremium wird durch die Mitgliederversammlung des OWID e.V. eingesetzt. Es ist ehrenamtlich t\u00e4tig. Alle Anfragen werden gemeinsam beraten und alle Einsch\u00e4tzungen gemeinsam getroffen. Es agiert in seinen Beratungen und Vermittlungen unabh\u00e4ngig. Die Mitgliedseinrichtungen des Tr\u00e4gervereins werden nicht in Ombudsverfahren involviert oder \u00fcber Verfahrensinhalte informiert.Die Amtszeit der Mitglieder des Ombudsgremiums betr\u00e4gt vier Jahre, weitere Amtszeiten sind m\u00f6glich.<\/div>\n<div>\u00a0<\/div>\n<div><a href=\"https:\/\/ombudsgremium.de\/#ombudsgremium\" rel='nofollow'>Link zur Webseite &#8222;Ombudsgremium f\u00fcr die wissenschaftliche Integrit\u00e4t in Deutschland&#8220;<\/a><\/div>\n<h2>\u00a0<\/h2>\n<hr \/>\n<h2>\u00a0<\/h2>\n<h2>Serviceleistungen des Forschungsb\u00fcros<\/h2>\n<p>Das Forschungsb\u00fcro ist Ansprechpartner f\u00fcr alle Mitglieder der Helmut-Schmidt-Universit\u00e4t\/Universit\u00e4t der Bundeswehr Hamburg zu den Themen:<\/p>\n<ul>\n<li>Forschungsf\u00f6rderung<\/li>\n<li>Nachwuchsf\u00f6rderung<\/li>\n<li>Forschungskooperation<\/li>\n<li>Technologie- und Wissenstransfer<\/li>\n<li>Forschungskommunikation<\/li>\n<\/ul>\n<h2><strong>Forschungsf\u00f6rderung<\/strong><\/h2>\n<p>Antragsberatung f\u00fcr alle Mitglieder der <abbr title=\"Helmut Schmidt Universit\u00e4t\">HSU<\/abbr>. Von der Suche nach dem geeigneten Mittelgeber und F\u00f6rderformat, \u00fcber die Formulierung des Antrags bis hin zur Unterst\u00fctzung der Projektabwicklung f\u00fcr nationale- , europ\u00e4ische- und interne Forschungsf\u00f6rderung.<\/p>\n<h2><strong>Forschungskooperation<\/strong><\/h2>\n<p>Beratung, Unterst\u00fctzung und Begleitung von Forschungskooperationen mit nationalen und internationalen Hochschulen, au\u00dferuniversit\u00e4ren Forschungseinrichtungen und Unternehmen. Z.B. durch Vorpr\u00fcfung und Abstimmung von Vertr\u00e4gen, LOIs und NDAs.<\/p>\n<h2><strong>Technologie- und Wissenstransfer<\/strong><\/h2>\n<p>Beratung, Vermittlung und Begleitung bei Vorhaben des Technologie- und Wissenstransfers durch <abbr title=\"zum Beispiel\">z.B.<\/abbr> Vermittlung von Ansprechpartnern f\u00fcr Unternehmen, Beratung zur Patentf\u00e4higkeit, Wahrung der IP-Rechte und Beratung bei Ausgr\u00fcndungen.<\/p>\n<h2><strong>Forschungskommunikation<\/strong><\/h2>\n<p>Beratung bei der Auswahl des geeigneten Mediums wie <abbr title=\"zum Beispiel\">z.B.<\/abbr> Veranstaltungen, Messen, Seminare und Kongresse sowie Unterst\u00fctzung, Kommunikation und Begleitung bei der Ausrichtung.<\/p>\n<div class=\"content-block4\">\n<div class=\"background-grey\">\n<p style=\"text-align: center\"><a href=\"https:\/\/www.hsu-hh.de\/forschung\/startseite\/kontakt\">Kontakt<\/a><\/p>\n<\/div>\n<\/div>\n\n\n<div class=\"wp-block-media-text is-stacked-on-mobile\"><figure class=\"wp-block-media-text__media\"><\/figure><div class=\"wp-block-media-text__content\">\n<p><\/p>\n<\/div><\/div>\n","protected":false},"excerpt":{"rendered":"<p>Kodex Gute wissenschaftliche Praxis Wissenschaftliche Integrit\u00e4t bildet die Grundlage einer vertrauensw\u00fcrdigen Wissenschaft. Sie ist eine Auspr\u00e4gung wissenschaftlicher Selbstverpflichtung, die den respektvollen Umgang miteinander, mit Menschen, Tieren, Kulturg\u00fctern und der Umwelt [&hellip;]<\/p>\n","protected":false},"author":18,"featured_media":0,"parent":0,"menu_order":0,"comment_status":"closed","ping_status":"closed","template":"","meta":{"footnotes":""},"categories":[4],"tags":[],"class_list":["post-984","page","type-page","status-publish","hentry","category-forschung"],"_links":{"self":[{"href":"https:\/\/www.hsu-hh.de\/forschung\/wp-json\/wp\/v2\/pages\/984","targetHints":{"allow":["GET"]}}],"collection":[{"href":"https:\/\/www.hsu-hh.de\/forschung\/wp-json\/wp\/v2\/pages"}],"about":[{"href":"https:\/\/www.hsu-hh.de\/forschung\/wp-json\/wp\/v2\/types\/page"}],"author":[{"embeddable":true,"href":"https:\/\/www.hsu-hh.de\/forschung\/wp-json\/wp\/v2\/users\/18"}],"replies":[{"embeddable":true,"href":"https:\/\/www.hsu-hh.de\/forschung\/wp-json\/wp\/v2\/comments?post=984"}],"version-history":[{"count":50,"href":"https:\/\/www.hsu-hh.de\/forschung\/wp-json\/wp\/v2\/pages\/984\/revisions"}],"predecessor-version":[{"id":3037,"href":"https:\/\/www.hsu-hh.de\/forschung\/wp-json\/wp\/v2\/pages\/984\/revisions\/3037"}],"wp:attachment":[{"href":"https:\/\/www.hsu-hh.de\/forschung\/wp-json\/wp\/v2\/media?parent=984"}],"wp:term":[{"taxonomy":"category","embeddable":true,"href":"https:\/\/www.hsu-hh.de\/forschung\/wp-json\/wp\/v2\/categories?post=984"},{"taxonomy":"post_tag","embeddable":true,"href":"https:\/\/www.hsu-hh.de\/forschung\/wp-json\/wp\/v2\/tags?post=984"}],"curies":[{"name":"wp","href":"https:\/\/api.w.org\/{rel}","templated":true}]}}