{"id":483,"date":"2018-06-11T16:25:50","date_gmt":"2018-06-11T14:25:50","guid":{"rendered":"https:\/\/www.hsu-hh.de\/forschung\/?page_id=483"},"modified":"2022-04-20T11:15:14","modified_gmt":"2022-04-20T09:15:14","slug":"fakultaeten-uebergreifend","status":"publish","type":"page","link":"https:\/\/www.hsu-hh.de\/forschung\/fakultaeten-uebergreifend","title":{"rendered":"Fakult\u00e4ten \u00dcbergreifend"},"content":{"rendered":"<p><strong><img loading=\"lazy\" decoding=\"async\" class=\"size-thumb-small wp-image-411 alignleft\" src=\"https:\/\/www.hsu-hh.de\/forschung\/wp-content\/uploads\/sites\/783\/2018\/06\/iFMS-klein-100x100.jpg\" alt=\"Schiff vor Weltkarte\" width=\"100\" height=\"100\" srcset=\"https:\/\/www.hsu-hh.de\/forschung\/wp-content\/uploads\/sites\/783\/2018\/06\/iFMS-klein-100x100.jpg 100w, https:\/\/www.hsu-hh.de\/forschung\/wp-content\/uploads\/sites\/783\/2018\/06\/iFMS-klein-150x150.jpg 150w\" sizes=\"auto, (max-width: 100px) 100vw, 100px\" \/>iFMS &#8211; interdisziplin\u00e4re Forschungsschwerpunkt Maritime Sicherheit<\/strong><\/p>\n<p>Der interdisziplin\u00e4re Forschungsschwerpunkt Maritime Sicherheit (iFMS)&nbsp;b\u00fcndelt die an der <abbr title=\"Helmut-Schmidt-Universit\u00e4t\">HSU<\/abbr>\/<abbr title=\"Universit\u00e4t der Bundeswehr Hamburg\">UniBwH<\/abbr> vorhandene wissenschaftliche Expertise in diesem Feld &#8230;<\/p>\n<p style=\"text-align: right\"><a href=\"https:\/\/www.hsu-hh.de\/ifms\/\">Weitere Informationen&#8230;<\/a><\/p>\n<p><\/p>\n<p><img loading=\"lazy\" decoding=\"async\" class=\"size-thumb-small wp-image-190 alignleft\" src=\"https:\/\/www.hsu-hh.de\/forschung\/wp-content\/uploads\/sites\/783\/2017\/11\/airbus_innen-100x100.jpg\" alt=\"Im Rumpf eines Airbus\" width=\"100\" height=\"100\" srcset=\"https:\/\/www.hsu-hh.de\/forschung\/wp-content\/uploads\/sites\/783\/2017\/11\/airbus_innen-100x100.jpg 100w, https:\/\/www.hsu-hh.de\/forschung\/wp-content\/uploads\/sites\/783\/2017\/11\/airbus_innen-150x150.jpg 150w\" sizes=\"auto, (max-width: 100px) 100vw, 100px\" \/><strong>Luftfahrtforschung<\/strong><\/p>\n<p>Die Zusammenarbeit im Forschungscluster &#8222;Luftfahrtforschung&#8220; erm\u00f6glicht eine vernetzte Forschung im Grundlagen\u2010 und Anwendungsbereich der Luftfahrt.&nbsp; &#8230;<\/p>\n<p style=\"text-align: right\"><a href=\"https:\/\/www.hsu-hh.de\/ees\/lff\/\">Weitere Informationen&#8230;<\/a><\/p>\n<p><\/p>\n<p><strong><img loading=\"lazy\" decoding=\"async\" class=\"wp-image-504 size-thumb-small alignleft\" src=\"https:\/\/www.hsu-hh.de\/forschung\/wp-content\/uploads\/sites\/783\/2018\/06\/OPAL-Logo-Final-100x100.jpeg\" alt=\"OPAL Logo\" width=\"100\" height=\"100\" srcset=\"https:\/\/www.hsu-hh.de\/forschung\/wp-content\/uploads\/sites\/783\/2018\/06\/OPAL-Logo-Final-100x100.jpeg 100w, https:\/\/www.hsu-hh.de\/forschung\/wp-content\/uploads\/sites\/783\/2018\/06\/OPAL-Logo-Final-150x150.jpeg 150w\" sizes=\"auto, (max-width: 100px) 100vw, 100px\" \/>OPAL &#8211; Organisation, Personal, Arbeit und Leadership<\/strong><\/p>\n<p>Die Transformationen unserer Gesellschaft, die sich auf der Grundlage einer voranschreitenden Digitalisierung und Globalisierung vollziehen, ver\u00e4ndern nicht nur die klassischen Institutionen, sondern dar\u00fcber hinaus die Organisations- und Arbeitsweisen &#8230;<\/p>\n<p style=\"text-align: right\"><a href=\"http:\/\/www.hsu-hh.de\/opal\">Weitere Informationen&#8230;<\/a><\/p>\n<p><\/p>\n<figure id=\"attachment_488\" aria-describedby=\"caption-attachment-488\" style=\"width: 100px\" class=\"wp-caption alignleft\"><img loading=\"lazy\" decoding=\"async\" class=\"size-thumb-small wp-image-488\" src=\"https:\/\/www.hsu-hh.de\/forschung\/wp-content\/uploads\/sites\/783\/2018\/06\/avi-richards-183715-klein-100x100.jpg\" alt=\"Standards guter Arbeit\" width=\"100\" height=\"100\" srcset=\"https:\/\/www.hsu-hh.de\/forschung\/wp-content\/uploads\/sites\/783\/2018\/06\/avi-richards-183715-klein-100x100.jpg 100w, https:\/\/www.hsu-hh.de\/forschung\/wp-content\/uploads\/sites\/783\/2018\/06\/avi-richards-183715-klein-150x150.jpg 150w\" sizes=\"auto, (max-width: 100px) 100vw, 100px\" \/><figcaption id=\"caption-attachment-488\" class=\"wp-caption-text\">Avi Richards @ Unsplash<\/figcaption><\/figure>\n<p><strong>STANDARDS GUTER ARBEIT<\/strong><\/p>\n<p>Ziel ist es, Standards \u201eGuter Arbeit\u201c und ihre Entwicklung und Genese unter aktuellen Bedingungen sowie deren Wirkungen auf die Nachhaltigkeit der Erwerbsf\u00e4higkeit und -willigkeit von Arbeitnehmerinnen und Arbeitnehmern sowie Selbst\u00e4ndigen zu &#8230;<\/p>\n<p style=\"text-align: right\"><a href=\"http:\/\/www.sga.uni-hamburg.de\" rel='nofollow'>Weitere Informationen&#8230;<\/a><\/p>\n<p><\/p>\n\n\n<div class=\"wp-block-image\"><figure class=\"alignleft size-large is-resized\"><img loading=\"lazy\" decoding=\"async\" src=\"https:\/\/www.hsu-hh.de\/forschung\/wp-content\/uploads\/sites\/783\/2021\/02\/Projekt_ALL_Kachel-1024x576.png\" data-credit=\"HSU-HH\" alt=\"Silhouette eines Quadrotors\" class=\"wp-image-1467\" width=\"200\" height=\"130\" \/><\/figure><\/div>\n\n\n\n<p class=\"has-medium-font-size\"><strong>Advanced Aerial Mobility &#8211; UAS und mehr\u2026<\/strong><\/p>\n\n\n\n<p>Die&nbsp;Nutzung&nbsp;von&nbsp;unbemannten Luftfahrzeugen, kurz UAS (Unmanned&nbsp;Aircraft&nbsp;Systems),&nbsp;bietet erhebliche&nbsp;gesellschaftliche und wirtschaftliche&nbsp;Potentiale. Zusammenfassen lasseen sich die diversen Projekte unter dem Begriff&nbsp;<em>Advanced&nbsp;Aerial Mobility<\/em>&nbsp;(AAM).<\/p>\n\n\n\n<p class=\"has-text-align-right\"><a href=\"https:\/\/www.hsu-hh.de\/forschung\/fakultaeten-uebergreifend\/uas-at-hsu\">Weitere Informationen&#8230;<\/a><\/p>\n","protected":false},"excerpt":{"rendered":"<p>iFMS &#8211; interdisziplin\u00e4re Forschungsschwerpunkt Maritime Sicherheit Der interdisziplin\u00e4re Forschungsschwerpunkt Maritime Sicherheit (iFMS)&nbsp;b\u00fcndelt die an der HSU\/UniBwH vorhandene wissenschaftliche Expertise in diesem Feld &#8230; Weitere Informationen&#8230; Luftfahrtforschung Die Zusammenarbeit im Forschungscluster [&hellip;]<\/p>\n","protected":false},"author":127,"featured_media":0,"parent":0,"menu_order":0,"comment_status":"closed","ping_status":"closed","template":"","meta":{"footnotes":""},"categories":[4],"tags":[],"class_list":["post-483","page","type-page","status-publish","hentry","category-forschung"],"_links":{"self":[{"href":"https:\/\/www.hsu-hh.de\/forschung\/wp-json\/wp\/v2\/pages\/483","targetHints":{"allow":["GET"]}}],"collection":[{"href":"https:\/\/www.hsu-hh.de\/forschung\/wp-json\/wp\/v2\/pages"}],"about":[{"href":"https:\/\/www.hsu-hh.de\/forschung\/wp-json\/wp\/v2\/types\/page"}],"author":[{"embeddable":true,"href":"https:\/\/www.hsu-hh.de\/forschung\/wp-json\/wp\/v2\/users\/127"}],"replies":[{"embeddable":true,"href":"https:\/\/www.hsu-hh.de\/forschung\/wp-json\/wp\/v2\/comments?post=483"}],"version-history":[{"count":34,"href":"https:\/\/www.hsu-hh.de\/forschung\/wp-json\/wp\/v2\/pages\/483\/revisions"}],"predecessor-version":[{"id":1982,"href":"https:\/\/www.hsu-hh.de\/forschung\/wp-json\/wp\/v2\/pages\/483\/revisions\/1982"}],"wp:attachment":[{"href":"https:\/\/www.hsu-hh.de\/forschung\/wp-json\/wp\/v2\/media?parent=483"}],"wp:term":[{"taxonomy":"category","embeddable":true,"href":"https:\/\/www.hsu-hh.de\/forschung\/wp-json\/wp\/v2\/categories?post=483"},{"taxonomy":"post_tag","embeddable":true,"href":"https:\/\/www.hsu-hh.de\/forschung\/wp-json\/wp\/v2\/tags?post=483"}],"curies":[{"name":"wp","href":"https:\/\/api.w.org\/{rel}","templated":true}]}}