{"id":2889,"date":"2026-01-14T12:00:00","date_gmt":"2026-01-14T11:00:00","guid":{"rendered":"https:\/\/www.hsu-hh.de\/forschung\/?page_id=2889"},"modified":"2026-01-14T13:27:48","modified_gmt":"2026-01-14T12:27:48","slug":"pro-exzellenzia","status":"publish","type":"page","link":"https:\/\/www.hsu-hh.de\/forschung\/pro-exzellenzia","title":{"rendered":"Pro Exzellenzia"},"content":{"rendered":"\n<p><a href=\"http:\/\/www.pro-exzellenzia.de\" target=\"_blank\" rel=\"noreferrer noopener\">Pro Exzellenzia<\/a> lead ist ein Karrieref\u00f6rderprogramm f\u00fcr Frauen, die F\u00fchrungspositionen <abbr title=\"unter anderem\">u.a.<\/abbr> in der Wissenschaft anstreben. Die <abbr title=\"Helmut Schmidt Universit\u00e4t\">HSU<\/abbr>\/UniBw H ist eine der sieben hieran beteiligten Hochschulen.<\/p>\n\n\n\n<p>Zu den Angeboten von <a href=\"http:\/\/www.pro-exzellenzia.de\" target=\"_blank\" rel=\"noreferrer noopener\">Pro Exzellenzia<\/a> lead z\u00e4hlen Stipendien f\u00fcr Promovendinnen mit Abschluss in den MINT-F\u00e4chern, in Kunst, Musik und Architektur, Workshop-Programme <abbr title=\"unter anderem\">u.a.<\/abbr> f\u00fcr Promovierende und PostDocs aller wissenschaftlichen Fachrichtungen sowie Beratungsangebote vor Bewerbungen und einschl\u00e4gige Vortragsveranstaltungen.<\/p>\n","protected":false},"excerpt":{"rendered":"<p>Pro Exzellenzia lead ist ein Karrieref\u00f6rderprogramm f\u00fcr Frauen, die F\u00fchrungspositionen u.a. in der Wissenschaft anstreben. Die HSU\/UniBw H ist eine der sieben hieran beteiligten Hochschulen. Zu den Angeboten von Pro [&hellip;]<\/p>\n","protected":false},"author":2503,"featured_media":0,"parent":0,"menu_order":0,"comment_status":"closed","ping_status":"closed","template":"","meta":{"footnotes":""},"categories":[4],"tags":[],"class_list":["post-2889","page","type-page","status-publish","hentry","category-forschung"],"_links":{"self":[{"href":"https:\/\/www.hsu-hh.de\/forschung\/wp-json\/wp\/v2\/pages\/2889","targetHints":{"allow":["GET"]}}],"collection":[{"href":"https:\/\/www.hsu-hh.de\/forschung\/wp-json\/wp\/v2\/pages"}],"about":[{"href":"https:\/\/www.hsu-hh.de\/forschung\/wp-json\/wp\/v2\/types\/page"}],"author":[{"embeddable":true,"href":"https:\/\/www.hsu-hh.de\/forschung\/wp-json\/wp\/v2\/users\/2503"}],"replies":[{"embeddable":true,"href":"https:\/\/www.hsu-hh.de\/forschung\/wp-json\/wp\/v2\/comments?post=2889"}],"version-history":[{"count":3,"href":"https:\/\/www.hsu-hh.de\/forschung\/wp-json\/wp\/v2\/pages\/2889\/revisions"}],"predecessor-version":[{"id":3062,"href":"https:\/\/www.hsu-hh.de\/forschung\/wp-json\/wp\/v2\/pages\/2889\/revisions\/3062"}],"wp:attachment":[{"href":"https:\/\/www.hsu-hh.de\/forschung\/wp-json\/wp\/v2\/media?parent=2889"}],"wp:term":[{"taxonomy":"category","embeddable":true,"href":"https:\/\/www.hsu-hh.de\/forschung\/wp-json\/wp\/v2\/categories?post=2889"},{"taxonomy":"post_tag","embeddable":true,"href":"https:\/\/www.hsu-hh.de\/forschung\/wp-json\/wp\/v2\/tags?post=2889"}],"curies":[{"name":"wp","href":"https:\/\/api.w.org\/{rel}","templated":true}]}}