{"id":2885,"date":"2026-01-14T12:00:00","date_gmt":"2026-01-14T11:00:00","guid":{"rendered":"https:\/\/www.hsu-hh.de\/forschung\/?page_id=2885"},"modified":"2026-01-14T13:27:10","modified_gmt":"2026-01-14T12:27:10","slug":"dashh-2","status":"publish","type":"page","link":"https:\/\/www.hsu-hh.de\/forschung\/dashh-2","title":{"rendered":"DASHH. Data Science in Hamburg \u2013 Helmholtz Graduate School fort the Structure of Matter"},"content":{"rendered":"\n<p><a href=\"https:\/\/www.dashh.org\/\" rel='nofollow'>DASHH \u2013 Data Science in Hamburg<\/a> \u2013 Helmholtz Graduate School for the Structure of Matter ist eine Graduiertenschule an der Schnittstelle von Informatik und Naturwissenschaften und gemeinsame Initiative der Institutionen Deutsches Elektronen-Synchrotron, Universit\u00e4t Hamburg (UHH), Technische Universit\u00e4t Hamburg (TUHH), Helmut-Schmidt-Universit\u00e4t\/ Universit\u00e4t der Bundeswehr Hamburg (<abbr title=\"Helmut Schmidt Universit\u00e4t\">HSU<\/abbr>\/ UniBw H), Universit\u00e4t f\u00fcr Angewandte Wissenschaften (HAW), dem Helmholtz-Zentrum hereon, dem Helmholtz-Zentrum f\u00fcr Infektionsforschung, dem European XFEL <abbr title=\"Gesellschaft mit beschr\u00e4nkter Haftung\">GmbH<\/abbr> und dem Max-Planck-Institut f\u00fcr die Struktur und Dynamik der Materie.<\/p>\n\n\n\n<p>DASHH befasst sich mit den Herausforderungen der Digitialisierung im Kontext der Strukturforschung. Hier k\u00f6nnen hoch talentierte junge Forschende aus der gesamten Welt promovieren. In naturwissenschaftlichen Forschungsgruppen arbeiten sie an den Herausforderungen, die gro\u00dfe Mengen hochkomplexer wissenschaftlicher Daten aus aufw\u00e4ndigen Experimenten und numerischen Simulationen mit sich bringen.<\/p>\n\n\n\n<p>Die Partnerinstitutionen sind regelm\u00e4\u00dfig an der Einstellung neuer Kandidatinnen und Kandidaten f\u00fcr Promotionsprojekte beteiligt. DASHH schreibt einmal j\u00e4hrlich neue Promotionsprojekte im Feld der interdisziplin\u00e4ren Datenwissenschaften aus.<\/p>\n","protected":false},"excerpt":{"rendered":"<p>DASHH \u2013 Data Science in Hamburg \u2013 Helmholtz Graduate School for the Structure of Matter ist eine Graduiertenschule an der Schnittstelle von Informatik und Naturwissenschaften und gemeinsame Initiative der Institutionen [&hellip;]<\/p>\n","protected":false},"author":2503,"featured_media":0,"parent":0,"menu_order":0,"comment_status":"closed","ping_status":"closed","template":"","meta":{"footnotes":""},"categories":[4],"tags":[],"class_list":["post-2885","page","type-page","status-publish","hentry","category-forschung"],"_links":{"self":[{"href":"https:\/\/www.hsu-hh.de\/forschung\/wp-json\/wp\/v2\/pages\/2885","targetHints":{"allow":["GET"]}}],"collection":[{"href":"https:\/\/www.hsu-hh.de\/forschung\/wp-json\/wp\/v2\/pages"}],"about":[{"href":"https:\/\/www.hsu-hh.de\/forschung\/wp-json\/wp\/v2\/types\/page"}],"author":[{"embeddable":true,"href":"https:\/\/www.hsu-hh.de\/forschung\/wp-json\/wp\/v2\/users\/2503"}],"replies":[{"embeddable":true,"href":"https:\/\/www.hsu-hh.de\/forschung\/wp-json\/wp\/v2\/comments?post=2885"}],"version-history":[{"count":2,"href":"https:\/\/www.hsu-hh.de\/forschung\/wp-json\/wp\/v2\/pages\/2885\/revisions"}],"predecessor-version":[{"id":2888,"href":"https:\/\/www.hsu-hh.de\/forschung\/wp-json\/wp\/v2\/pages\/2885\/revisions\/2888"}],"wp:attachment":[{"href":"https:\/\/www.hsu-hh.de\/forschung\/wp-json\/wp\/v2\/media?parent=2885"}],"wp:term":[{"taxonomy":"category","embeddable":true,"href":"https:\/\/www.hsu-hh.de\/forschung\/wp-json\/wp\/v2\/categories?post=2885"},{"taxonomy":"post_tag","embeddable":true,"href":"https:\/\/www.hsu-hh.de\/forschung\/wp-json\/wp\/v2\/tags?post=2885"}],"curies":[{"name":"wp","href":"https:\/\/api.w.org\/{rel}","templated":true}]}}