{"id":2853,"date":"2026-01-14T12:00:00","date_gmt":"2026-01-14T11:00:00","guid":{"rendered":"https:\/\/www.hsu-hh.de\/forschung\/?page_id=2853"},"modified":"2026-01-14T13:17:41","modified_gmt":"2026-01-14T12:17:41","slug":"bildung_differenz_plurale_gesellschaften","status":"publish","type":"page","link":"https:\/\/www.hsu-hh.de\/forschung\/bildung_differenz_plurale_gesellschaften","title":{"rendered":"Bildung, Differenz und plurale Gesellschaften"},"content":{"rendered":"\n<p class=\"has-text-align-left\">Bildung wird in dem Forschungsschwerpunkt einerseits als Prozess verstanden, der Differenzerfahrungen in pluralen Gesellschaften durch die Hervorbringung neuer Deutungs- und Wirkungsmuster zu verarbeiten hilft. Da plurale Gesellschaften sich einer Vereinheitlichung widersetzen, erweist sich Differenz als charakteristischer Bildungsgrund f\u00fcr individuelle und kollektive Akteure.<\/p>\n\n\n\n<p>Andererseits wird Bildung als \u201aProdukt\u2018 und Resultat sozialer, institutioneller und organisationaler Praktiken verstanden. Hier lassen sich erstens grundlegende Ver\u00e4nderungen im Zusammenhang einer umfassenden Transformation von nationalstaatlicher Macht, Politik, \u00d6konomie und sozialen R\u00e4umen beobachten: Dazu z\u00e4hlt neben neuen privaten und transnationalen Akteuren (<abbr title=\"zum Beispiel\">z.B.<\/abbr>&nbsp;OECD) insbesondere die \u00d6konomisierung von Bildung, wie sie sich in neuen bildungspolitischen Steuerungsformen, Vermarktlichung und der verst\u00e4rkten Privatisierung im Bildungsbereich niederschl\u00e4gt. Zudem ist ein Wandel von Bildung durch Technologisierung und Digitalisierung (Stichwort: \u201abig data\u2018) zu registrieren, der zu ver\u00e4nderten Formaten von Wissen, Kommunikation, Vermittlungs- und Aneignungsformen f\u00fchrt.<\/p>\n\n\n\n<p>Nicht nur diese Aspekte gesellschaftlichen Wandels, sondern auch die internationale Migration stehen im Blickpunkt des Forschungsschwerpunkts. Es geht hier um den Beitrag der Institutionen und Organisationen des Bildungssystems an der Verfestigung oder Aufhebung von sozialer (nicht nur migrationsbedingter) Ungleichheit. Dabei werden neben der Analyse dieser Prozesse auch politische und p\u00e4dagogische Programmatiken und Konzepte diskutiert, die geeignet dazu sind, Bildungsprozesse im Kontext von Migration in einem menschenrechtlichen und demokratischen Verst\u00e4ndnis zu gestalten und die beteiligten Akteure f\u00fcr Rassismus&nbsp;<abbr title=\"unter anderem\">u.a.<\/abbr>&nbsp;Formen der Diskriminierung zu sensibilisieren und zur demokratischen Teilhabe zu bef\u00e4higen.<\/p>\n\n\n\n<p>Der Zusammenhang von Bildung und Differenz wird in dem Forschungsschwerpunkt indes nicht nur in Bezug auf die Bundesrepublik thematisiert, sondern dezidiert im Vergleich unterschiedlicher Gesellschaften. Im synchronen Vergleich geht es&nbsp;<abbr title=\"unter anderem\">u.a.<\/abbr>&nbsp;um den Wandel, den der \u00f6ffentliche Bildungssektor seit dem letzten Drittel des 20. Jahrhunderts im Kontext von Globalisierung, Internationalisierung und Transnationalisierung erf\u00e4hrt. In diachroner, historischer Hinsicht geht es um die Frage, wie und mit welchen Kategorien in fr\u00fcheren Gesellschaften, insbesondere seit dem 18. Jahrhundert, Pluralit\u00e4t bestimmt und bewertet wurde. Herauszuarbeiten ist nicht nur, welche Bedeutung soziale, kulturelle, ethnische oder geschlechtsspezifische Differenzen f\u00fcr Bildungsprozesse hatten, sondern auch, wie mit der Entstehung eines Bildungssystems Differenz erst erzeugt und bearbeitet wurde. Genese und Wandel sowie diskursive Rechtfertigungen von Institutionen und Organisationen, die diese Prozesse regeln, werden hierbei einer historischen Rekonstruktion unterzogen. Institutionen beherbergen unterschiedliche Wissens- und Praxisformen. Hier gilt die Frage den Effekten, die diese im Hinblick auf die Erzeugung von Differenz im Rahmen umfassender Subjektivierungsprozesse hervorbringen.<\/p>\n\n\n\n<p class=\"has-text-align-center\">Wenngleich der Forschungsschwerpunkt \u201aBildung\u2018 fokussiert, f\u00f6rdert er doch einen umfassenden Blick auf p\u00e4dagogische Grundprozesse, indem er den Bildungsbegriff stets in einen Zusammenhang mit anderen p\u00e4dagogischen Grundbegriffen (Erziehung, Lernen, Sozialisation) stellt, ihn aber von diesen auch abgrenzt und die Begriffe jeweils in ihrer historisch entwickelten Semantik bestimmt.<\/p>\n","protected":false},"excerpt":{"rendered":"<p>Bildung wird in dem Forschungsschwerpunkt einerseits als Prozess verstanden, der Differenzerfahrungen in pluralen Gesellschaften durch die Hervorbringung neuer Deutungs- und Wirkungsmuster zu verarbeiten hilft. Da plurale Gesellschaften sich einer Vereinheitlichung [&hellip;]<\/p>\n","protected":false},"author":2503,"featured_media":0,"parent":0,"menu_order":0,"comment_status":"closed","ping_status":"closed","template":"","meta":{"footnotes":""},"categories":[4],"tags":[],"class_list":["post-2853","page","type-page","status-publish","hentry","category-forschung"],"_links":{"self":[{"href":"https:\/\/www.hsu-hh.de\/forschung\/wp-json\/wp\/v2\/pages\/2853","targetHints":{"allow":["GET"]}}],"collection":[{"href":"https:\/\/www.hsu-hh.de\/forschung\/wp-json\/wp\/v2\/pages"}],"about":[{"href":"https:\/\/www.hsu-hh.de\/forschung\/wp-json\/wp\/v2\/types\/page"}],"author":[{"embeddable":true,"href":"https:\/\/www.hsu-hh.de\/forschung\/wp-json\/wp\/v2\/users\/2503"}],"replies":[{"embeddable":true,"href":"https:\/\/www.hsu-hh.de\/forschung\/wp-json\/wp\/v2\/comments?post=2853"}],"version-history":[{"count":4,"href":"https:\/\/www.hsu-hh.de\/forschung\/wp-json\/wp\/v2\/pages\/2853\/revisions"}],"predecessor-version":[{"id":3055,"href":"https:\/\/www.hsu-hh.de\/forschung\/wp-json\/wp\/v2\/pages\/2853\/revisions\/3055"}],"wp:attachment":[{"href":"https:\/\/www.hsu-hh.de\/forschung\/wp-json\/wp\/v2\/media?parent=2853"}],"wp:term":[{"taxonomy":"category","embeddable":true,"href":"https:\/\/www.hsu-hh.de\/forschung\/wp-json\/wp\/v2\/categories?post=2853"},{"taxonomy":"post_tag","embeddable":true,"href":"https:\/\/www.hsu-hh.de\/forschung\/wp-json\/wp\/v2\/tags?post=2853"}],"curies":[{"name":"wp","href":"https:\/\/api.w.org\/{rel}","templated":true}]}}