{"id":2851,"date":"2026-01-14T12:00:00","date_gmt":"2026-01-14T11:00:00","guid":{"rendered":"https:\/\/www.hsu-hh.de\/forschung\/?page_id=2851"},"modified":"2026-02-27T10:27:46","modified_gmt":"2026-02-27T09:27:46","slug":"nachhaltige_energieversorgung","status":"publish","type":"page","link":"https:\/\/www.hsu-hh.de\/forschung\/nachhaltige_energieversorgung","title":{"rendered":"Nachhaltige Energieversorgung"},"content":{"rendered":"\n<p>Die Transformation des Energiesystems ist eine der zentralen Herausforderungen unserer Zeit \u2013 und zugleich eine entscheidende Voraussetzung f\u00fcr ein nachhaltiges, sicheres und gerechtes Morgen. Nur mit einer umfassenden Energiewende k\u00f6nnen wir das globale Klima sch\u00fctzen, die Energieversorgung langfristig sichern und die wirtschaftliche St\u00e4rke unserer Gesellschaft festigen.<\/p>\n\n\n\n<div class=\"wp-block-columns is-layout-flex wp-container-core-columns-is-layout-9d6595d7 wp-block-columns-is-layout-flex\">\n<div class=\"wp-block-column is-vertically-aligned-center is-layout-flow wp-block-column-is-layout-flow\" style=\"flex-basis:50%\"><div class=\"wp-block-image\">\n<figure class=\"aligncenter size-full is-resized\"><img loading=\"lazy\" decoding=\"async\" width=\"1024\" height=\"1024\" src=\"https:\/\/www.hsu-hh.de\/forschung\/wp-content\/uploads\/sites\/783\/2026\/02\/A-conceptual-illustration-combining-themes-of-energy-systems-engineering-and-transformation-processe.jpeg\" data-credit=\"Copyright M365 Copilot - KI generiert\" alt=\"\" class=\"wp-image-3095\" style=\"width:554px;height:auto\" srcset=\"https:\/\/www.hsu-hh.de\/forschung\/wp-content\/uploads\/sites\/783\/2026\/02\/A-conceptual-illustration-combining-themes-of-energy-systems-engineering-and-transformation-processe.jpeg 1024w, https:\/\/www.hsu-hh.de\/forschung\/wp-content\/uploads\/sites\/783\/2026\/02\/A-conceptual-illustration-combining-themes-of-energy-systems-engineering-and-transformation-processe-300x300.jpeg 300w, https:\/\/www.hsu-hh.de\/forschung\/wp-content\/uploads\/sites\/783\/2026\/02\/A-conceptual-illustration-combining-themes-of-energy-systems-engineering-and-transformation-processe-150x150.jpeg 150w, https:\/\/www.hsu-hh.de\/forschung\/wp-content\/uploads\/sites\/783\/2026\/02\/A-conceptual-illustration-combining-themes-of-energy-systems-engineering-and-transformation-processe-768x768.jpeg 768w, https:\/\/www.hsu-hh.de\/forschung\/wp-content\/uploads\/sites\/783\/2026\/02\/A-conceptual-illustration-combining-themes-of-energy-systems-engineering-and-transformation-processe-100x100.jpeg 100w\" sizes=\"auto, (max-width: 1024px) 100vw, 1024px\" \/><\/figure>\n<\/div><\/div>\n\n\n\n<div class=\"wp-block-column is-vertically-aligned-center is-layout-flow wp-block-column-is-layout-flow\" style=\"flex-basis:50%\">\n<p>An unserer Universit\u00e4t widmen wir uns diesem zukunftsweisenden Thema interdisziplin\u00e4r und praxisorientiert. Im Forschungsprofil \u201eNachhaltige Energieversorgung\u201c b\u00fcndeln wir Expertise aus allen vier Fakult\u00e4ten, um komplexe Fragestellungen zu l\u00f6sen \u2013 von innovativen Technologien und der digitalen Transformation \u00fcber \u00f6konomisch tragf\u00e4hige M\u00e4rkte bis hin zu Bildungskonzepten und gesellschaftlicher Akzeptanz.<\/p>\n\n\n\n<p>Unsere sechs Themenschwerpunkte \u2013 Energiesystemtechnik und -wandlungsprozesse, Digitalisierung und KI, \u00d6konomie und bezahlbare Energie, Energiesicherheit und -resilienz, Enercation (Energy &amp; Education) sowie Akzeptanzforschung \u2013 bilden die Grundlage f\u00fcr eine ganzheitliche Forschung, die von der Technik bis zur Gesellschaft reicht.<\/p>\n<\/div>\n<\/div>\n\n\n\n<p>Eng vernetzt mit Partnern aus Forschung, Wirtschaft und Politik in der Metropolregion Hamburg gestalten wir gemeinsam die Energiezukunft \u2013 wissenschaftlich fundiert, gesellschaftlich verankert und zukunftsorientiert.<\/p>\n\n\n\n<div style=\"height:100px\" aria-hidden=\"true\" class=\"wp-block-spacer\"><\/div>\n\n\n\n<h2 class=\"wp-block-heading has-white-color has-red-background-color has-text-color has-background has-link-color wp-elements-f8bd39e0b52d138ca22867f5780b03b7\">Die Mitglieder des Forschungsprofils Nachhaltige Energieversorgung<\/h2>\n\n\n\n<div style=\"height:50px\" aria-hidden=\"true\" class=\"wp-block-spacer\"><\/div>\n\n\n\n<details class=\"wp-block-details is-layout-flow wp-block-details-is-layout-flow\"><summary>Mehr Details zum Aufklappen<\/summary>\n<p><\/p>\n\n\n\n<div class=\"wp-block-columns is-layout-flex wp-container-core-columns-is-layout-9d6595d7 wp-block-columns-is-layout-flex\">\n<div class=\"wp-block-column is-layout-flow wp-block-column-is-layout-flow\">\n<div style=\"height:50px\" aria-hidden=\"true\" class=\"wp-block-spacer\"><\/div>\n\n\n\n<p><abbr title=\"Professor\">Prof.<\/abbr> <abbr title=\"Doktor\">Dr.<\/abbr>&#8211;<abbr title=\"Ingenieur\">Ing.<\/abbr> <abbr title=\"habilitatus\">habil.<\/abbr> Detlef Schulz (Sprecher),<br><abbr title=\"Doktor\">Dr.<\/abbr>&#8211;<abbr title=\"Ingenieur\">Ing.<\/abbr> Marc Schumann,<br><abbr title=\"Doktor\">Dr.<\/abbr>&#8211;<abbr title=\"Ingenieur\">Ing.<\/abbr> Florian Grumm<\/p>\n\n\n\n<p><a href=\"https:\/\/www.hsu-hh.de\/ees\/\" data-type=\"link\" data-id=\"https:\/\/www.hsu-hh.de\/ees\/\" target=\"_blank\" rel=\"noreferrer noopener nofollow\">Professur f\u00fcr Elektrische Energiesysteme<\/a><\/p>\n\n\n\n<div style=\"height:50px\" aria-hidden=\"true\" class=\"wp-block-spacer\"><\/div>\n\n\n\n<p><abbr title=\"Professor\">Prof.<\/abbr> <abbr title=\"Doktor\">Dr.<\/abbr> Sandra Afflerbach<\/p>\n\n\n\n<p><a href=\"https:\/\/www.hsu-hh.de\/evt\/\" data-type=\"link\" data-id=\"https:\/\/www.hsu-hh.de\/evt\/\" target=\"_blank\" rel=\"noreferrer noopener nofollow\">Professur f\u00fcr Energieverfahrenstechnik<\/a><\/p>\n\n\n\n<div style=\"height:50px\" aria-hidden=\"true\" class=\"wp-block-spacer\"><\/div>\n\n\n\n<p><abbr title=\"Doktor\">Dr.<\/abbr> Mirco Alpen<\/p>\n\n\n\n<p><a href=\"https:\/\/www.hsu-hh.de\/rt\/\" target=\"_blank\" rel=\"noreferrer noopener nofollow\">Professur f\u00fcr Regelungstechnik<\/a><\/p>\n\n\n\n<div style=\"height:50px\" aria-hidden=\"true\" class=\"wp-block-spacer\"><\/div>\n\n\n\n<p><abbr title=\"Professor\">Prof.<\/abbr> <abbr title=\"Doktor\">Dr.<\/abbr> <abbr title=\"habilitatus\">habil.<\/abbr> Markus Bause<\/p>\n\n\n\n<p><a href=\"https:\/\/www.hsu-hh.de\/mbm\/\" target=\"_blank\" rel=\"noreferrer noopener nofollow\">Professur f\u00fcr Numerische Mathematik<\/a><\/p>\n\n\n\n<div style=\"height:50px\" aria-hidden=\"true\" class=\"wp-block-spacer\"><\/div>\n\n\n\n<p><abbr title=\"Professor\">Prof.<\/abbr> <abbr title=\"Doktor\">Dr.<\/abbr> <abbr title=\"habilitatus\">habil.<\/abbr> Michael Breuer<\/p>\n\n\n\n<p><a href=\"https:\/\/www.hsu-hh.de\/pfs\/\" data-type=\"link\" data-id=\"https:\/\/www.hsu-hh.de\/pfs\/\" target=\"_blank\" rel=\"noreferrer noopener nofollow\">Professur f\u00fcr Str\u00f6mungsmechanik<\/a><\/p>\n\n\n\n<div style=\"height:50px\" aria-hidden=\"true\" class=\"wp-block-spacer\"><\/div>\n\n\n\n<p><abbr title=\"Professor\">Prof.<\/abbr> <abbr title=\"Doktor\">Dr.<\/abbr> Thomas Carraro<\/p>\n\n\n\n<p><a href=\"https:\/\/www.hsu-hh.de\/am\/carraro\" data-type=\"link\" data-id=\"https:\/\/www.hsu-hh.de\/am\/carraro\" target=\"_blank\" rel=\"noreferrer noopener nofollow\">Professur f\u00fcr Angewandte Mathematik<\/a><\/p>\n\n\n\n<div style=\"height:50px\" aria-hidden=\"true\" class=\"wp-block-spacer\"><\/div>\n\n\n\n<p><abbr title=\"Professor\">Prof.<\/abbr> <abbr title=\"Doktor\">Dr.<\/abbr>&#8211;<abbr title=\"Ingenieur\">Ing.<\/abbr> Stefan Dickmann<\/p>\n\n\n\n<p><a href=\"https:\/\/www.hsu-hh.de\/get\/Professur\" data-type=\"link\" data-id=\"https:\/\/www.hsu-hh.de\/get\/Professur\" target=\"_blank\" rel=\"noreferrer noopener nofollow\">Professur f\u00fcr Grundlagen der Elektrotechnik<\/a><\/p>\n\n\n\n<div style=\"height:50px\" aria-hidden=\"true\" class=\"wp-block-spacer\"><\/div>\n\n\n\n<p><abbr title=\"Professor\">Prof.<\/abbr> <abbr title=\"Doktor\">Dr.<\/abbr> Andreas Fink<\/p>\n\n\n\n<p><a href=\"https:\/\/www.hsu-hh.de\/ifi\/\" data-type=\"link\" data-id=\"https:\/\/www.hsu-hh.de\/ifi\/\" target=\"_blank\" rel=\"noreferrer noopener nofollow\">Professur f\u00fcr <abbr title=\"Betriebswirtschaftslehre\">BWL<\/abbr>, insbes. Wirtschaftsinformatik<\/a><\/p>\n\n\n\n<div style=\"height:50px\" aria-hidden=\"true\" class=\"wp-block-spacer\"><\/div>\n\n\n\n<p><abbr title=\"Professor\">Prof.<\/abbr> <abbr title=\"Doktor\">Dr.<\/abbr>&#8211;<abbr title=\"Ingenieur\">Ing.<\/abbr> Holger G\u00f6bel<\/p>\n\n\n\n<p><a href=\"https:\/\/www.hsu-hh.de\/elo\/en\/research\" data-type=\"link\" data-id=\"https:\/\/www.hsu-hh.de\/elo\/en\/research\" target=\"_blank\" rel=\"noreferrer noopener nofollow\">Professur f\u00fcr Elektronik<\/a><\/p>\n\n\n\n<div style=\"height:50px\" aria-hidden=\"true\" class=\"wp-block-spacer\"><\/div>\n\n\n\n<p><abbr title=\"Professor\">Prof.<\/abbr> <abbr title=\"Doktor\">Dr.<\/abbr> Markus G\u00f6bel<\/p>\n\n\n\n<p><a href=\"https:\/\/www.hsu-hh.de\/utheorie\/\" data-type=\"link\" data-id=\"https:\/\/www.hsu-hh.de\/utheorie\/\" target=\"_blank\" rel=\"noreferrer noopener nofollow\">Professur f\u00fcr <abbr title=\"Betriebswirtschaftslehre\">BWL<\/abbr>, insbes. Unternehmensf\u00fchrung und Unternehmenstheorien<\/a><\/p>\n\n\n\n<div style=\"height:50px\" aria-hidden=\"true\" class=\"wp-block-spacer\"><\/div>\n\n\n\n<p><abbr title=\"Professor\">Prof.<\/abbr> <abbr title=\"Doktor\">Dr.<\/abbr> Heinrich Hartmann<\/p>\n\n\n\n<p><a href=\"https:\/\/www.hsu-hh.de\/histec\/\" data-type=\"link\" data-id=\"https:\/\/www.hsu-hh.de\/histec\/\" target=\"_blank\" rel=\"noreferrer noopener nofollow\">Professur f\u00fcr Wissensgeschichte moderner Gesellschaften<\/a><\/p>\n\n\n\n<div style=\"height:50px\" aria-hidden=\"true\" class=\"wp-block-spacer\"><\/div>\n\n\n\n<p><abbr title=\"Professor\">Prof.<\/abbr> <abbr title=\"Doktor\">Dr.<\/abbr> Dierk Herzer<\/p>\n\n\n\n<p><a href=\"https:\/\/www.hsu-hh.de\/kuw\/\" target=\"_blank\" rel=\"noreferrer noopener nofollow\">Professur f\u00fcr <abbr title=\"Volkswirtschaftslehre\">VWL<\/abbr>, <abbr title=\"insbesondere\">insb.<\/abbr> Konjunktur und Wachstum<\/a><\/p>\n\n\n\n<div style=\"height:50px\" aria-hidden=\"true\" class=\"wp-block-spacer\"><\/div>\n\n\n\n<p><abbr title=\"Professor\">Prof.<\/abbr> <abbr title=\"Doktor\">Dr.<\/abbr>&#8211;<abbr title=\"Ingenieur\">Ing.<\/abbr> Klaus Hoffmann<\/p>\n\n\n\n<p><a href=\"https:\/\/www.hsu-hh.de\/lek\/\" data-type=\"link\" data-id=\"https:\/\/www.hsu-hh.de\/lek\/\" target=\"_blank\" rel=\"noreferrer noopener nofollow\">Professur f\u00fcr Leistungselektronik<\/a><\/p>\n<\/div>\n\n\n\n<div class=\"wp-block-column is-layout-flow wp-block-column-is-layout-flow\">\n<div style=\"height:50px\" aria-hidden=\"true\" class=\"wp-block-spacer\"><\/div>\n\n\n\n<p><abbr title=\"Professor\">Prof.<\/abbr> <abbr title=\"Doktor\">Dr.<\/abbr>&#8211;<abbr title=\"Ingenieur\">Ing.<\/abbr> Joachim Horn<\/p>\n\n\n\n<p><a href=\"https:\/\/www.hsu-hh.de\/rt\/\" data-type=\"link\" data-id=\"https:\/\/www.hsu-hh.de\/rt\/\" target=\"_blank\" rel=\"noreferrer noopener nofollow\">Professur f\u00fcr Regelungstechnik<\/a><\/p>\n\n\n\n<div style=\"height:50px\" aria-hidden=\"true\" class=\"wp-block-spacer\"><\/div>\n\n\n\n<p>Piet Jarmatz<\/p>\n\n\n\n<p><a href=\"https:\/\/www.hsu-hh.de\/hpc\/\" data-type=\"link\" data-id=\"https:\/\/www.hsu-hh.de\/hpc\/\" target=\"_blank\" rel=\"noreferrer noopener nofollow\">Professur f\u00fcr High Performance Computing<\/a><\/p>\n\n\n\n<div style=\"height:50px\" aria-hidden=\"true\" class=\"wp-block-spacer\"><\/div>\n\n\n\n<p><abbr title=\"Professor\">Prof.<\/abbr> <abbr title=\"Doktor\">Dr.<\/abbr> Thomas Jacobsen<\/p>\n\n\n\n<p><a href=\"https:\/\/www.hsu-hh.de\/epu\/de\/\" data-type=\"link\" data-id=\"https:\/\/www.hsu-hh.de\/epu\/de\/\" target=\"_blank\" rel=\"noreferrer noopener nofollow\">Professur f\u00fcr Allgemeine und Biologische Psychologie<\/a><\/p>\n\n\n\n<div style=\"height:50px\" aria-hidden=\"true\" class=\"wp-block-spacer\"><\/div>\n\n\n\n<p><abbr title=\"Professor\">Prof.<\/abbr> <abbr title=\"Doktor\">Dr.<\/abbr>&#8211;<abbr title=\"Ingenieur\">Ing.<\/abbr> Julian Jepsen<\/p>\n\n\n\n<p><a href=\"https:\/\/www.hsu-hh.de\/awt\/\" data-type=\"link\" data-id=\"https:\/\/www.hsu-hh.de\/awt\/\" target=\"_blank\" rel=\"noreferrer noopener nofollow\">Professur f\u00fcr Angewandte Werkstofftechnik<\/a><\/p>\n\n\n\n<div style=\"height:50px\" aria-hidden=\"true\" class=\"wp-block-spacer\"><\/div>\n\n\n\n<p><abbr title=\"Professor\">Prof.<\/abbr> <abbr title=\"Doktor\">Dr.<\/abbr>&#8211;<abbr title=\"Ingenieur\">Ing.<\/abbr> Thomas Klassen<\/p>\n\n\n\n<p><a href=\"https:\/\/www.hsu-hh.de\/werkstoffkunde\/\" data-type=\"link\" data-id=\"https:\/\/www.hsu-hh.de\/werkstoffkunde\/\" target=\"_blank\" rel=\"noreferrer noopener nofollow\">Professur f\u00fcr Werkstofftechnik<\/a><\/p>\n\n\n\n<div style=\"height:50px\" aria-hidden=\"true\" class=\"wp-block-spacer\"><\/div>\n\n\n\n<p><abbr title=\"Professor\">Prof.<\/abbr> <abbr title=\"Doktor\">Dr.<\/abbr>&#8211;<abbr title=\"Ingenieur\">Ing.<\/abbr> Denis Kramer<\/p>\n\n\n\n<p><a href=\"https:\/\/www.hsu-hh.de\/cmd\/\" data-type=\"link\" data-id=\"https:\/\/www.hsu-hh.de\/cmd\/\" target=\"_blank\" rel=\"noreferrer noopener nofollow\">Professur f\u00fcr Computational Materials Design<\/a><\/p>\n\n\n\n<div style=\"height:50px\" aria-hidden=\"true\" class=\"wp-block-spacer\"><\/div>\n\n\n\n<p><abbr title=\"Professor\">Prof.<\/abbr> <abbr title=\"Doktor\">Dr.<\/abbr>&#8211;<abbr title=\"Ingenieur\">Ing.<\/abbr> Christian Kreischer<\/p>\n\n\n\n<p><a href=\"https:\/\/www.hsu-hh.de\/ema\/\" data-type=\"link\" data-id=\"https:\/\/www.hsu-hh.de\/ema\/\" target=\"_blank\" rel=\"noreferrer noopener nofollow\">Professur f\u00fcr Elektrische Maschinen und Antriebssysteme<\/a><\/p>\n\n\n\n<div style=\"height:50px\" aria-hidden=\"true\" class=\"wp-block-spacer\"><\/div>\n\n\n\n<p><abbr title=\"Professor\">Prof.<\/abbr> <abbr title=\"Doktor\">Dr.<\/abbr>&#8211;<abbr title=\"Ingenieur\">Ing.<\/abbr> Karsten Meier,<br><abbr title=\"Doktor\">Dr.<\/abbr> <abbr title=\"rerum\">rer.<\/abbr> nat. Robert Hellmann,<br><abbr title=\"Doktor\">Dr.<\/abbr> <abbr title=\"rerum\">rer.<\/abbr> nat. Philipp Marienhagen<\/p>\n\n\n\n<p><a href=\"https:\/\/www.hsu-hh.de\/thermodynamik\/\" data-type=\"link\" data-id=\"https:\/\/www.hsu-hh.de\/thermodynamik\/\" target=\"_blank\" rel=\"noreferrer noopener nofollow\">Professur f\u00fcr Thermodynamik<\/a><\/p>\n\n\n\n<div style=\"height:50px\" aria-hidden=\"true\" class=\"wp-block-spacer\"><\/div>\n\n\n\n<p><abbr title=\"Professor\">Prof.<\/abbr> <abbr title=\"Doktor\">Dr.<\/abbr>&#8211;<abbr title=\"Ingenieur\">Ing.<\/abbr> Martin Meywerk<\/p>\n\n\n\n<p><a href=\"https:\/\/www.hsu-hh.de\/ft\/\" data-type=\"link\" data-id=\"https:\/\/www.hsu-hh.de\/ft\/\" target=\"_blank\" rel=\"noreferrer noopener nofollow\">Professur f\u00fcr Fahrzeugtechnik<\/a><\/p>\n\n\n\n<div style=\"height:50px\" aria-hidden=\"true\" class=\"wp-block-spacer\"><\/div>\n\n\n\n<p><abbr title=\"Professor\">Prof.<\/abbr> <abbr title=\"Doktor\">Dr.<\/abbr>&#8211;<abbr title=\"Ingenieur\">Ing.<\/abbr> <abbr title=\"habilitatus\">habil.<\/abbr> Mario Oertel<\/p>\n\n\n\n<p><a href=\"https:\/\/www.hsu-hh.de\/wasserbau\/\" data-type=\"link\" data-id=\"https:\/\/www.hsu-hh.de\/wasserbau\/\" target=\"_blank\" rel=\"noreferrer noopener nofollow\">Professur f\u00fcr Wasserbau<\/a><\/p>\n\n\n\n<div style=\"height:50px\" aria-hidden=\"true\" class=\"wp-block-spacer\"><\/div>\n\n\n\n<p><abbr title=\"Professor\">Prof.<\/abbr> <abbr title=\"Doktor\">Dr.<\/abbr> Olaf Sanders<\/p>\n\n\n\n<p><a href=\"https:\/\/www.hsu-hh.de\/bep\/\" data-type=\"link\" data-id=\"https:\/\/www.hsu-hh.de\/bep\/\" target=\"_blank\" rel=\"noreferrer noopener nofollow\">Professur f\u00fcr Erziehungswissenschaft, insbes. Bildungs- und Erziehungstheorie sowie philosophische Grundlagen<\/a><\/p>\n\n\n\n<div style=\"height:50px\" aria-hidden=\"true\" class=\"wp-block-spacer\"><\/div>\n\n\n\n<p><abbr title=\"Professor\">Prof.<\/abbr> <abbr title=\"Doktor\">Dr.<\/abbr>&#8211;<abbr title=\"Ingenieur\">Ing.<\/abbr> Markus Schatz<\/p>\n\n\n\n<p><a href=\"https:\/\/www.hsu-hh.de\/lsm\/\" data-type=\"link\" data-id=\"https:\/\/www.hsu-hh.de\/lsm\/\" target=\"_blank\" rel=\"noreferrer noopener nofollow\">Professur f\u00fcr Str\u00f6mungsmaschinen in der Energietechnik<\/a><\/p>\n\n\n\n<div style=\"height:50px\" aria-hidden=\"true\" class=\"wp-block-spacer\"><\/div>\n\n\n\n<p><abbr title=\"Professor\">Prof.<\/abbr> <abbr title=\"Doktor\">Dr.<\/abbr> iur. Armin von Weschpfennig<\/p>\n\n\n\n<p><a href=\"https:\/\/www.hsu-hh.de\/oeffrecht\/\" data-type=\"link\" data-id=\"https:\/\/www.hsu-hh.de\/oeffrecht\/\" target=\"_blank\" rel=\"noreferrer noopener nofollow\">Professur f\u00fcr \u00d6ffentliches Recht<\/a><\/p>\n<\/div>\n<\/div>\n\n\n\n<p><\/p>\n<\/details>\n\n\n\n<div style=\"height:100px\" aria-hidden=\"true\" class=\"wp-block-spacer\"><\/div>\n\n\n\n<h2 class=\"wp-block-heading has-white-color has-red-background-color has-text-color has-background has-link-color wp-elements-e1ee5ca07fa9071d1d6c91cb4588fba5\">Partnereinrichtungen:<\/h2>\n\n\n\n<div style=\"height:50px\" aria-hidden=\"true\" class=\"wp-block-spacer\"><\/div>\n\n\n\n<p><a href=\"https:\/\/www.pier-plus.de\/profile.html\" rel='nofollow'>PierPlus<\/a><\/p>\n\n\n\n<p><a href=\"https:\/\/energieforschungsverbund.hamburg\/\" rel='nofollow'>Energieforschungsverbund Hamburg<\/a><\/p>\n\n\n\n<p><a href=\"https:\/\/www.erneuerbare-energien-hamburg.de\/de\/\" rel='nofollow'>Cluster Erneuerbare Energien Hamburg<\/a><\/p>\n\n\n\n<p><a href=\"https:\/\/www.awhamburg.de\/\" rel='nofollow'>Akademie der Wissenschaften Hamburg<\/a><\/p>\n\n\n\n<p><a href=\"https:\/\/hias-hamburg.de\/\" rel='nofollow'>Hamburg Institute for Advanced Study e.V. (HIAS)<\/a><\/p>\n\n\n\n<p><a href=\"https:\/\/www.hamburger-energienetze.de\/\" rel='nofollow'>Hamburger Energienetze<\/a><\/p>\n\n\n\n<p><a href=\"https:\/\/www.hamburger-energiewerke.de\/\" rel='nofollow'>Hamburger Energiewerke<\/a><\/p>\n\n\n\n<p><a href=\"https:\/\/www.hochbahn.de\/de\" rel='nofollow'>Hamburger Hochbahn AG<\/a><\/p>\n\n\n\n<div style=\"height:50px\" aria-hidden=\"true\" class=\"wp-block-spacer\"><\/div>\n\n\n\n<p><\/p>\n","protected":false},"excerpt":{"rendered":"<p>Die Transformation des Energiesystems ist eine der zentralen Herausforderungen unserer Zeit \u2013 und zugleich eine entscheidende Voraussetzung f\u00fcr ein nachhaltiges, sicheres und gerechtes Morgen. Nur mit einer umfassenden Energiewende k\u00f6nnen [&hellip;]<\/p>\n","protected":false},"author":2503,"featured_media":0,"parent":0,"menu_order":0,"comment_status":"closed","ping_status":"closed","template":"","meta":{"footnotes":""},"categories":[4],"tags":[],"class_list":["post-2851","page","type-page","status-publish","hentry","category-forschung"],"_links":{"self":[{"href":"https:\/\/www.hsu-hh.de\/forschung\/wp-json\/wp\/v2\/pages\/2851","targetHints":{"allow":["GET"]}}],"collection":[{"href":"https:\/\/www.hsu-hh.de\/forschung\/wp-json\/wp\/v2\/pages"}],"about":[{"href":"https:\/\/www.hsu-hh.de\/forschung\/wp-json\/wp\/v2\/types\/page"}],"author":[{"embeddable":true,"href":"https:\/\/www.hsu-hh.de\/forschung\/wp-json\/wp\/v2\/users\/2503"}],"replies":[{"embeddable":true,"href":"https:\/\/www.hsu-hh.de\/forschung\/wp-json\/wp\/v2\/comments?post=2851"}],"version-history":[{"count":30,"href":"https:\/\/www.hsu-hh.de\/forschung\/wp-json\/wp\/v2\/pages\/2851\/revisions"}],"predecessor-version":[{"id":3215,"href":"https:\/\/www.hsu-hh.de\/forschung\/wp-json\/wp\/v2\/pages\/2851\/revisions\/3215"}],"wp:attachment":[{"href":"https:\/\/www.hsu-hh.de\/forschung\/wp-json\/wp\/v2\/media?parent=2851"}],"wp:term":[{"taxonomy":"category","embeddable":true,"href":"https:\/\/www.hsu-hh.de\/forschung\/wp-json\/wp\/v2\/categories?post=2851"},{"taxonomy":"post_tag","embeddable":true,"href":"https:\/\/www.hsu-hh.de\/forschung\/wp-json\/wp\/v2\/tags?post=2851"}],"curies":[{"name":"wp","href":"https:\/\/api.w.org\/{rel}","templated":true}]}}