{"id":2849,"date":"2026-01-14T12:00:00","date_gmt":"2026-01-14T11:00:00","guid":{"rendered":"https:\/\/www.hsu-hh.de\/forschung\/?page_id=2849"},"modified":"2026-02-10T10:12:51","modified_gmt":"2026-02-10T09:12:51","slug":"ki","status":"publish","type":"page","link":"https:\/\/www.hsu-hh.de\/forschung\/ki","title":{"rendered":"K\u00fcnstliche Intelligenz"},"content":{"rendered":"\n<div style=\"height:50px\" aria-hidden=\"true\" class=\"wp-block-spacer\"><\/div>\n\n\n\n<p class=\"has-text-align-left\">Das <abbr title=\"Helmut Schmidt Universit\u00e4t\">HSU<\/abbr> Institut f\u00fcr K\u00fcnstliche Intelligenz KI@Bw an der Helmut-Schmidt-Universit\u00e4t \/ Universit\u00e4t der Bundeswehr Hamburg entwickelt neuartige KI-Algorithmen und Methoden f\u00fcr sicherheitskritische und ingenieurwissenschaftliche Anwendungsbereiche. Neben methodischen Fragen adressiert KI@Bw den verantwortungsvollen Umgang mit KI, <abbr title=\"zum Beispiel\">z.B.<\/abbr> mit Blick auf gesellschaftliche Implikationen, Transparenz, Regulierung oder Beteiligung.<br><br><\/p>\n\n\n\n<p class=\"has-text-align-left\"><\/p>\n\n\n\n<div class=\"wp-block-media-text is-stacked-on-mobile is-vertically-aligned-top\" style=\"grid-template-columns:39% auto\"><figure class=\"wp-block-media-text__media\"><img loading=\"lazy\" decoding=\"async\" width=\"1008\" height=\"1024\" src=\"https:\/\/www.hsu-hh.de\/forschung\/wp-content\/uploads\/sites\/783\/2026\/02\/ki-1008x1024.png\" data-credit=\"Oliver Niggemann\" alt=\"\" class=\"wp-image-3143 size-full\" srcset=\"https:\/\/www.hsu-hh.de\/forschung\/wp-content\/uploads\/sites\/783\/2026\/02\/ki-1008x1024.png 1008w, https:\/\/www.hsu-hh.de\/forschung\/wp-content\/uploads\/sites\/783\/2026\/02\/ki-295x300.png 295w, https:\/\/www.hsu-hh.de\/forschung\/wp-content\/uploads\/sites\/783\/2026\/02\/ki-768x781.png 768w, https:\/\/www.hsu-hh.de\/forschung\/wp-content\/uploads\/sites\/783\/2026\/02\/ki-1511x1536.png 1511w, https:\/\/www.hsu-hh.de\/forschung\/wp-content\/uploads\/sites\/783\/2026\/02\/ki-2015x2048.png 2015w, https:\/\/www.hsu-hh.de\/forschung\/wp-content\/uploads\/sites\/783\/2026\/02\/ki-1100x1118.png 1100w\" sizes=\"auto, (max-width: 1008px) 100vw, 1008px\" \/><\/figure><div class=\"wp-block-media-text__content\">\n<p>Die Forschung ist Problemgetrieben und dom\u00e4nenspezifisch. Anforderungen in Verteidigung und \u00f6ffentlichem Sektor, in cyber- physischen Systemen sowie in der Materialwissenschaft werden in algorithmische Fragestellungen \u00fcbersetzt. Ziel sind KI-Systeme, die hohe Leistungsf\u00e4higkeit mit Robustheit, Erkl\u00e4rbarkeit, Verifizierbarkeit und ethischer Legitimit\u00e4t verbinden. Damit grenzt sich die Arbeit von reiner KI-Anwendung ab, weil Standardverfahren nicht nur eingesetzt, sondern kontextsensitiv analysiert, angepasst und weiterentwickelt werden.<\/p>\n<\/div><\/div>\n\n\n\n<p class=\"has-text-align-left\">Der Schwerpunkt verbindet drei Anwendungsfelder mit drei Kernfragen der Algorithmik: Ethik und Interdisziplinarit\u00e4t, Tailored AI sowie robuste und sichere KI. Interdisziplin\u00e4re Teams aus Ingenieur-, Natur-, Sozial- und Rechtswissenschaften erarbeiten Entscheidungsunterst\u00fctzung, Governance und transparente Modelle ebenso wie angepasste\u00a0Algorithmen. So entstehen praxistaugliche L\u00f6sungen f\u00fcr hochregulierte Umgebungen, Dual-Use-Kontexte und wissensbasierte Dom\u00e4nen (physics-informed AI).<\/p>\n\n\n\n<div style=\"height:50px\" aria-hidden=\"true\" class=\"wp-block-spacer\"><\/div>\n\n\n\n<p><a href=\"https:\/\/www.hsu-hh.de\/iai\/\">Link zur Webseite k\u00fcnstliche Intelligenz<\/a><\/p>\n","protected":false},"excerpt":{"rendered":"<p>Das HSU Institut f\u00fcr K\u00fcnstliche Intelligenz KI@Bw an der Helmut-Schmidt-Universit\u00e4t \/ Universit\u00e4t der Bundeswehr Hamburg entwickelt neuartige KI-Algorithmen und Methoden f\u00fcr sicherheitskritische und ingenieurwissenschaftliche Anwendungsbereiche. Neben methodischen Fragen adressiert KI@Bw [&hellip;]<\/p>\n","protected":false},"author":2503,"featured_media":0,"parent":0,"menu_order":0,"comment_status":"closed","ping_status":"closed","template":"","meta":{"footnotes":""},"categories":[4],"tags":[],"class_list":["post-2849","page","type-page","status-publish","hentry","category-forschung"],"_links":{"self":[{"href":"https:\/\/www.hsu-hh.de\/forschung\/wp-json\/wp\/v2\/pages\/2849","targetHints":{"allow":["GET"]}}],"collection":[{"href":"https:\/\/www.hsu-hh.de\/forschung\/wp-json\/wp\/v2\/pages"}],"about":[{"href":"https:\/\/www.hsu-hh.de\/forschung\/wp-json\/wp\/v2\/types\/page"}],"author":[{"embeddable":true,"href":"https:\/\/www.hsu-hh.de\/forschung\/wp-json\/wp\/v2\/users\/2503"}],"replies":[{"embeddable":true,"href":"https:\/\/www.hsu-hh.de\/forschung\/wp-json\/wp\/v2\/comments?post=2849"}],"version-history":[{"count":11,"href":"https:\/\/www.hsu-hh.de\/forschung\/wp-json\/wp\/v2\/pages\/2849\/revisions"}],"predecessor-version":[{"id":3150,"href":"https:\/\/www.hsu-hh.de\/forschung\/wp-json\/wp\/v2\/pages\/2849\/revisions\/3150"}],"wp:attachment":[{"href":"https:\/\/www.hsu-hh.de\/forschung\/wp-json\/wp\/v2\/media?parent=2849"}],"wp:term":[{"taxonomy":"category","embeddable":true,"href":"https:\/\/www.hsu-hh.de\/forschung\/wp-json\/wp\/v2\/categories?post=2849"},{"taxonomy":"post_tag","embeddable":true,"href":"https:\/\/www.hsu-hh.de\/forschung\/wp-json\/wp\/v2\/tags?post=2849"}],"curies":[{"name":"wp","href":"https:\/\/api.w.org\/{rel}","templated":true}]}}