{"id":1529,"date":"2021-02-24T12:46:37","date_gmt":"2021-02-24T11:46:37","guid":{"rendered":"https:\/\/www.hsu-hh.de\/forschung\/?page_id=1529"},"modified":"2022-06-09T10:08:21","modified_gmt":"2022-06-09T08:08:21","slug":"uas-infrastruktur","status":"publish","type":"page","link":"https:\/\/www.hsu-hh.de\/forschung\/fakultaeten-uebergreifend\/uas-at-hsu\/uas-infrastruktur","title":{"rendered":"UAS Infrastruktur"},"content":{"rendered":"\n<figure class=\"wp-block-image size-large\"><img loading=\"lazy\" decoding=\"async\" width=\"1024\" height=\"576\" src=\"https:\/\/www.hsu-hh.de\/forschung\/wp-content\/uploads\/sites\/783\/2021\/01\/Infrastruktur_Bild_V1-1024x576.png\" data-credit=\"Adobe Stock 275256737\" alt=\"Schematische Darstellung eines Vertiports\" class=\"wp-image-1303\" srcset=\"https:\/\/www.hsu-hh.de\/forschung\/wp-content\/uploads\/sites\/783\/2021\/01\/Infrastruktur_Bild_V1-1024x576.png 1024w, https:\/\/www.hsu-hh.de\/forschung\/wp-content\/uploads\/sites\/783\/2021\/01\/Infrastruktur_Bild_V1-300x169.png 300w, https:\/\/www.hsu-hh.de\/forschung\/wp-content\/uploads\/sites\/783\/2021\/01\/Infrastruktur_Bild_V1-768x432.png 768w, https:\/\/www.hsu-hh.de\/forschung\/wp-content\/uploads\/sites\/783\/2021\/01\/Infrastruktur_Bild_V1-1536x864.png 1536w, https:\/\/www.hsu-hh.de\/forschung\/wp-content\/uploads\/sites\/783\/2021\/01\/Infrastruktur_Bild_V1-1100x619.png 1100w, https:\/\/www.hsu-hh.de\/forschung\/wp-content\/uploads\/sites\/783\/2021\/01\/Infrastruktur_Bild_V1.png 2000w\" sizes=\"auto, (max-width: 1024px) 100vw, 1024px\" \/><\/figure>\n\n\n\n<p>Im Bereich der Infrastruktur ergeben sich insbesondere in der mittelfristigen Perspektive Bedarfe f\u00fcr notwendige Komponenten. In zuk\u00fcnftig vorstellbaren st\u00e4dtischen Lufttransportsystemen k\u00f6nnte UAS&nbsp;eine Alternative zu den bisher g\u00e4ngigen Verkehrsmitteln darstellen und somit stark frequentierte Routen entlasten. Um diese Aufgaben erf\u00fcllen zu k\u00f6nnen,&nbsp;werden vielseitige Infrastrukturen n\u00f6tig werden, von einfachen&nbsp;Landepl\u00e4tzen, \u00fcber&nbsp;Vertiports&nbsp;mit Lade-\/Tankeinrichtung hin zu gro\u00dfen&nbsp;Depots&nbsp;in denen die entsprechenden Luftfahrzeuge gewartet werden k\u00f6nnen. Dabei untersucht die <abbr title=\"Helmut Schmidt Universit\u00e4t\">HSU<\/abbr> insbesondere die Infrastruktur zur Versorgung von st\u00e4dtischen Lufttransportsystemen f\u00fcr Personen und Fracht.&nbsp;&nbsp;<\/p>\n\n\n\n<p>Die Untersuchungen beinhalten die Ausstattung der einzelnen&nbsp;Vertiportstandorte&nbsp;mit Lade-\/Tankinfrastruktur, sowie die konkrete Ausgestaltung dieser Systeme. Weiterhin soll ermittelt werden, welche Einfl\u00fcsse ein solches Transportsystem insgesamt auf das elektrische Stromnetz h\u00e4tte und inwiefern sich Ausbaubedarfe ergeben, um an bestimmten Standorten eine ad\u00e4quate Versorgung zu realisieren. Dabei wird insgesamt technologieoffen vorgegangen, um sicherzustellen, dass die ermittelten Absch\u00e4tzungen eine valide Grundlage f\u00fcr die sp\u00e4tere Systementwicklung darstellen.&nbsp;<\/p>\n\n\n\n<hr class=\"wp-block-separator\" \/>\n\n\n\n<p><strong>Folgende laufende Projekte sind in diesem Zusammenhang interessant<\/strong><\/p>\n\n\n\n<div class=\"wp-block-image\"><figure class=\"aligncenter size-large is-resized\"><a href=\"https:\/\/www.hsu-hh.de\/forschung\/fakultaeten-uebergreifend\/uas-at-hsu\/i-lum\"><img decoding=\"async\" src=\"https:\/\/www.hsu-hh.de\/forschung\/wp-content\/uploads\/sites\/783\/2021\/01\/Projekt_ILUM_Balken-1024x154.png\" data-credit=\"HSU-HH\" alt=\"Projektkachel\" class=\"wp-image-1318\" width=\"600\" srcset=\"https:\/\/www.hsu-hh.de\/forschung\/wp-content\/uploads\/sites\/783\/2021\/01\/Projekt_ILUM_Balken-1024x154.png 1024w, https:\/\/www.hsu-hh.de\/forschung\/wp-content\/uploads\/sites\/783\/2021\/01\/Projekt_ILUM_Balken-300x45.png 300w, https:\/\/www.hsu-hh.de\/forschung\/wp-content\/uploads\/sites\/783\/2021\/01\/Projekt_ILUM_Balken-768x116.png 768w, https:\/\/www.hsu-hh.de\/forschung\/wp-content\/uploads\/sites\/783\/2021\/01\/Projekt_ILUM_Balken-1536x232.png 1536w, https:\/\/www.hsu-hh.de\/forschung\/wp-content\/uploads\/sites\/783\/2021\/01\/Projekt_ILUM_Balken-2048x309.png 2048w, https:\/\/www.hsu-hh.de\/forschung\/wp-content\/uploads\/sites\/783\/2021\/01\/Projekt_ILUM_Balken-1100x166.png 1100w\" sizes=\"(max-width: 1024px) 100vw, 1024px\" \/><\/a><\/figure><\/div>\n\n\n\n<div class=\"wp-block-image\"><figure class=\"aligncenter size-large is-resized\"><a href=\"https:\/\/www.hsu-hh.de\/forschung\/fakultaeten-uebergreifend\/uas-at-hsu\/luv\"><img decoding=\"async\" src=\"https:\/\/www.hsu-hh.de\/forschung\/wp-content\/uploads\/sites\/783\/2022\/06\/Projekt_LUV_Balken-1024x154.png\" data-credit=\"HSU-HH\" alt=\"Balken LUV\" class=\"wp-image-2000\" width=\"600\" srcset=\"https:\/\/www.hsu-hh.de\/forschung\/wp-content\/uploads\/sites\/783\/2022\/06\/Projekt_LUV_Balken-1024x154.png 1024w, https:\/\/www.hsu-hh.de\/forschung\/wp-content\/uploads\/sites\/783\/2022\/06\/Projekt_LUV_Balken-300x45.png 300w, https:\/\/www.hsu-hh.de\/forschung\/wp-content\/uploads\/sites\/783\/2022\/06\/Projekt_LUV_Balken-768x116.png 768w, https:\/\/www.hsu-hh.de\/forschung\/wp-content\/uploads\/sites\/783\/2022\/06\/Projekt_LUV_Balken-1536x232.png 1536w, https:\/\/www.hsu-hh.de\/forschung\/wp-content\/uploads\/sites\/783\/2022\/06\/Projekt_LUV_Balken-2048x309.png 2048w, https:\/\/www.hsu-hh.de\/forschung\/wp-content\/uploads\/sites\/783\/2022\/06\/Projekt_LUV_Balken-1100x166.png 1100w\" sizes=\"(max-width: 1024px) 100vw, 1024px\" \/><\/a><\/figure><\/div>\n\n\n\n<p><\/p>\n","protected":false},"excerpt":{"rendered":"<p>Im Bereich der Infrastruktur ergeben sich insbesondere in der mittelfristigen Perspektive Bedarfe f\u00fcr notwendige Komponenten. In zuk\u00fcnftig vorstellbaren st\u00e4dtischen Lufttransportsystemen k\u00f6nnte UAS&nbsp;eine Alternative zu den bisher g\u00e4ngigen Verkehrsmitteln darstellen und [&hellip;]<\/p>\n","protected":false},"author":145,"featured_media":0,"parent":707,"menu_order":0,"comment_status":"closed","ping_status":"closed","template":"","meta":{"footnotes":""},"categories":[4],"tags":[],"class_list":["post-1529","page","type-page","status-publish","hentry","category-forschung"],"_links":{"self":[{"href":"https:\/\/www.hsu-hh.de\/forschung\/wp-json\/wp\/v2\/pages\/1529","targetHints":{"allow":["GET"]}}],"collection":[{"href":"https:\/\/www.hsu-hh.de\/forschung\/wp-json\/wp\/v2\/pages"}],"about":[{"href":"https:\/\/www.hsu-hh.de\/forschung\/wp-json\/wp\/v2\/types\/page"}],"author":[{"embeddable":true,"href":"https:\/\/www.hsu-hh.de\/forschung\/wp-json\/wp\/v2\/users\/145"}],"replies":[{"embeddable":true,"href":"https:\/\/www.hsu-hh.de\/forschung\/wp-json\/wp\/v2\/comments?post=1529"}],"version-history":[{"count":3,"href":"https:\/\/www.hsu-hh.de\/forschung\/wp-json\/wp\/v2\/pages\/1529\/revisions"}],"predecessor-version":[{"id":2003,"href":"https:\/\/www.hsu-hh.de\/forschung\/wp-json\/wp\/v2\/pages\/1529\/revisions\/2003"}],"up":[{"embeddable":true,"href":"https:\/\/www.hsu-hh.de\/forschung\/wp-json\/wp\/v2\/pages\/707"}],"wp:attachment":[{"href":"https:\/\/www.hsu-hh.de\/forschung\/wp-json\/wp\/v2\/media?parent=1529"}],"wp:term":[{"taxonomy":"category","embeddable":true,"href":"https:\/\/www.hsu-hh.de\/forschung\/wp-json\/wp\/v2\/categories?post=1529"},{"taxonomy":"post_tag","embeddable":true,"href":"https:\/\/www.hsu-hh.de\/forschung\/wp-json\/wp\/v2\/tags?post=1529"}],"curies":[{"name":"wp","href":"https:\/\/api.w.org\/{rel}","templated":true}]}}