{"id":1526,"date":"2021-02-24T12:44:43","date_gmt":"2021-02-24T11:44:43","guid":{"rendered":"https:\/\/www.hsu-hh.de\/forschung\/?page_id=1526"},"modified":"2021-02-24T12:58:04","modified_gmt":"2021-02-24T11:58:04","slug":"uas-und-gesellschaft","status":"publish","type":"page","link":"https:\/\/www.hsu-hh.de\/forschung\/fakultaeten-uebergreifend\/uas-at-hsu\/uas-und-gesellschaft","title":{"rendered":"UAS und Gesellschaft"},"content":{"rendered":"\n<figure class=\"wp-block-image size-large\"><img loading=\"lazy\" decoding=\"async\" width=\"1024\" height=\"576\" src=\"https:\/\/www.hsu-hh.de\/forschung\/wp-content\/uploads\/sites\/783\/2021\/01\/Gesellschaft_Bild_V1-1024x576.png\" data-credit=\"Adobe Stock 281338320\" alt=\"Menschenmenge mit UAS\" class=\"wp-image-1309\" srcset=\"https:\/\/www.hsu-hh.de\/forschung\/wp-content\/uploads\/sites\/783\/2021\/01\/Gesellschaft_Bild_V1-1024x576.png 1024w, https:\/\/www.hsu-hh.de\/forschung\/wp-content\/uploads\/sites\/783\/2021\/01\/Gesellschaft_Bild_V1-300x169.png 300w, https:\/\/www.hsu-hh.de\/forschung\/wp-content\/uploads\/sites\/783\/2021\/01\/Gesellschaft_Bild_V1-768x432.png 768w, https:\/\/www.hsu-hh.de\/forschung\/wp-content\/uploads\/sites\/783\/2021\/01\/Gesellschaft_Bild_V1-1536x864.png 1536w, https:\/\/www.hsu-hh.de\/forschung\/wp-content\/uploads\/sites\/783\/2021\/01\/Gesellschaft_Bild_V1-1100x619.png 1100w, https:\/\/www.hsu-hh.de\/forschung\/wp-content\/uploads\/sites\/783\/2021\/01\/Gesellschaft_Bild_V1.png 2000w\" sizes=\"auto, (max-width: 1024px) 100vw, 1024px\" \/><\/figure>\n\n\n\n<p>Kann sich&nbsp;ein UAS technisch sicher im urbanen Luftraum bewegen,&nbsp;stellt sich die Frage:&nbsp;Welche Effekte haben diese<s> <\/s>Systeme auf uns \u2013 den Menschen?&nbsp;<\/p>\n\n\n\n<p>Diesen Aspekten n\u00e4hert sich die&nbsp;sozialpsychologische Forschung aus verschiedenen Blickwinkeln. Zun\u00e4chst soll mittels Befragung erfasst werden, welche Einstellungen und Erwartungen in der Bev\u00f6lkerung zum Thema&nbsp;Advanced Aerial Mobility (AAM) herrschen. Wie ist das Sicherheitsempfinden? Welche Aspekte wirken sich auf Akzeptanz oder Reaktanz aus?&nbsp;<\/p>\n\n\n\n<p>Geht man einen Schritt zur\u00fcck stellt sich aus&nbsp;experimentalpsychologischer Sicht die Frage, welche Effekte Drohnen in der visuellen oder auditiven Wahrnehmung haben, wenn sich diese im Stadtbild Hamburg bewegen.&nbsp;<\/p>\n\n\n\n<p>Diesen Fragen gehen wir an<s>d<\/s>&nbsp;der HSU mit einem&nbsp;weiten&nbsp;Spektrum an psychologischen Messmethoden nach, wodurch wir ein differenziertes Bild von psychologischen Faktoren und Effekten zeichnen wollen, wenn Mensch und Drohne sich im Stadtbild treffen.&nbsp;<\/p>\n\n\n\n<hr class=\"wp-block-separator\" \/>\n\n\n\n<p><strong>Folgende laufende Projekte sind in diesem Zusammenhang interessant<\/strong><\/p>\n\n\n\n<div class=\"wp-block-image\"><figure class=\"aligncenter size-large is-resized\"><a href=\"https:\/\/www.hsu-hh.de\/forschung\/fakultaeten-uebergreifend\/uas-at-hsu\/i-lum\"><img decoding=\"async\" src=\"https:\/\/www.hsu-hh.de\/forschung\/wp-content\/uploads\/sites\/783\/2021\/01\/Projekt_ILUM_Balken-1024x154.png\" data-credit=\"HSU-HH\" alt=\"Projektkachel\" class=\"wp-image-1318\" width=\"600\" srcset=\"https:\/\/www.hsu-hh.de\/forschung\/wp-content\/uploads\/sites\/783\/2021\/01\/Projekt_ILUM_Balken-1024x154.png 1024w, https:\/\/www.hsu-hh.de\/forschung\/wp-content\/uploads\/sites\/783\/2021\/01\/Projekt_ILUM_Balken-300x45.png 300w, https:\/\/www.hsu-hh.de\/forschung\/wp-content\/uploads\/sites\/783\/2021\/01\/Projekt_ILUM_Balken-768x116.png 768w, https:\/\/www.hsu-hh.de\/forschung\/wp-content\/uploads\/sites\/783\/2021\/01\/Projekt_ILUM_Balken-1536x232.png 1536w, https:\/\/www.hsu-hh.de\/forschung\/wp-content\/uploads\/sites\/783\/2021\/01\/Projekt_ILUM_Balken-2048x309.png 2048w, https:\/\/www.hsu-hh.de\/forschung\/wp-content\/uploads\/sites\/783\/2021\/01\/Projekt_ILUM_Balken-1100x166.png 1100w\" sizes=\"(max-width: 1024px) 100vw, 1024px\" \/><\/a><\/figure><\/div>\n\n\n\n<p><\/p>\n","protected":false},"excerpt":{"rendered":"<p>Kann sich&nbsp;ein UAS technisch sicher im urbanen Luftraum bewegen,&nbsp;stellt sich die Frage:&nbsp;Welche Effekte haben diese Systeme auf uns \u2013 den Menschen?&nbsp; Diesen Aspekten n\u00e4hert sich die&nbsp;sozialpsychologische Forschung aus verschiedenen Blickwinkeln. [&hellip;]<\/p>\n","protected":false},"author":145,"featured_media":0,"parent":707,"menu_order":0,"comment_status":"closed","ping_status":"closed","template":"","meta":{"footnotes":""},"categories":[4],"tags":[],"class_list":["post-1526","page","type-page","status-publish","hentry","category-forschung"],"_links":{"self":[{"href":"https:\/\/www.hsu-hh.de\/forschung\/wp-json\/wp\/v2\/pages\/1526","targetHints":{"allow":["GET"]}}],"collection":[{"href":"https:\/\/www.hsu-hh.de\/forschung\/wp-json\/wp\/v2\/pages"}],"about":[{"href":"https:\/\/www.hsu-hh.de\/forschung\/wp-json\/wp\/v2\/types\/page"}],"author":[{"embeddable":true,"href":"https:\/\/www.hsu-hh.de\/forschung\/wp-json\/wp\/v2\/users\/145"}],"replies":[{"embeddable":true,"href":"https:\/\/www.hsu-hh.de\/forschung\/wp-json\/wp\/v2\/comments?post=1526"}],"version-history":[{"count":2,"href":"https:\/\/www.hsu-hh.de\/forschung\/wp-json\/wp\/v2\/pages\/1526\/revisions"}],"predecessor-version":[{"id":1535,"href":"https:\/\/www.hsu-hh.de\/forschung\/wp-json\/wp\/v2\/pages\/1526\/revisions\/1535"}],"up":[{"embeddable":true,"href":"https:\/\/www.hsu-hh.de\/forschung\/wp-json\/wp\/v2\/pages\/707"}],"wp:attachment":[{"href":"https:\/\/www.hsu-hh.de\/forschung\/wp-json\/wp\/v2\/media?parent=1526"}],"wp:term":[{"taxonomy":"category","embeddable":true,"href":"https:\/\/www.hsu-hh.de\/forschung\/wp-json\/wp\/v2\/categories?post=1526"},{"taxonomy":"post_tag","embeddable":true,"href":"https:\/\/www.hsu-hh.de\/forschung\/wp-json\/wp\/v2\/tags?post=1526"}],"curies":[{"name":"wp","href":"https:\/\/api.w.org\/{rel}","templated":true}]}}