{"id":1522,"date":"2021-02-24T12:41:33","date_gmt":"2021-02-24T11:41:33","guid":{"rendered":"https:\/\/www.hsu-hh.de\/forschung\/?page_id=1522"},"modified":"2022-06-09T10:06:59","modified_gmt":"2022-06-09T08:06:59","slug":"uas-rechtsrahmen","status":"publish","type":"page","link":"https:\/\/www.hsu-hh.de\/forschung\/fakultaeten-uebergreifend\/uas-at-hsu\/uas-rechtsrahmen","title":{"rendered":"UAS Rechtsrahmen"},"content":{"rendered":"\n<div class=\"wp-block-image\"><figure class=\"alignleft size-large\"><img loading=\"lazy\" decoding=\"async\" width=\"1024\" height=\"576\" src=\"https:\/\/www.hsu-hh.de\/forschung\/wp-content\/uploads\/sites\/783\/2021\/01\/Regulatorik_Bild_V1-1024x576.png\" data-credit=\"Adobe Stock 186900739\" alt=\"Europakarte mit UAS\" class=\"wp-image-1307\" srcset=\"https:\/\/www.hsu-hh.de\/forschung\/wp-content\/uploads\/sites\/783\/2021\/01\/Regulatorik_Bild_V1-1024x576.png 1024w, https:\/\/www.hsu-hh.de\/forschung\/wp-content\/uploads\/sites\/783\/2021\/01\/Regulatorik_Bild_V1-300x169.png 300w, https:\/\/www.hsu-hh.de\/forschung\/wp-content\/uploads\/sites\/783\/2021\/01\/Regulatorik_Bild_V1-768x432.png 768w, https:\/\/www.hsu-hh.de\/forschung\/wp-content\/uploads\/sites\/783\/2021\/01\/Regulatorik_Bild_V1-1536x864.png 1536w, https:\/\/www.hsu-hh.de\/forschung\/wp-content\/uploads\/sites\/783\/2021\/01\/Regulatorik_Bild_V1-1100x619.png 1100w, https:\/\/www.hsu-hh.de\/forschung\/wp-content\/uploads\/sites\/783\/2021\/01\/Regulatorik_Bild_V1.png 2000w\" sizes=\"auto, (max-width: 1024px) 100vw, 1024px\" \/><\/figure><\/div>\n\n\n\n<p><\/p>\n\n\n\n<p>Das Recht bildet den Rahmen f\u00fcr neue technische Entwicklungen. Es entscheidet \u00fcber die Chancen und M\u00f6glichkeiten der praktischen Einf\u00fchrung neuer Technologien in das gesellschaftliche Leben. Das Recht sichert die neuen Entwicklungen ab, gew\u00e4hrleistet Mindeststandards und ein angemessenes Sicherheitsniveau. Durch die Gew\u00e4hrleistung von Rechtssicherheit und -klarheit tr\u00e4gt das&nbsp;Recht&nbsp;dar\u00fcber hinaus zur notwendigen gesellschaftlichen Akzeptanz bei. Technische Innovations- und Entwicklungsprozesse sind demnach, <abbr title=\"insbesondere\">insb.<\/abbr> auch unter dem Gesichtspunkt interdisziplin\u00e4ren Arbeitens, rechtlich eng zu begleiten und k\u00f6nnen durch das Recht bedeutende Steuerungsimpulse erfahren.&nbsp;<\/p>\n\n\n\n<p>Zeichnet sich rechtswissenschaftliches Arbeiten traditionell als Wissenschaft vom richtigen Verst\u00e4ndnis und der richtigen Anwendung des Rechts aus, wird&nbsp;hinsichtlich&nbsp;AAM&nbsp;auf der Grundlage des durch die neue Verwaltungsrechtswissenschaft entwickelten handlungsorientierten Steuerungsansatzes geforscht. Neben das traditionelle rechtsdogmatische Arbeiten, etwa zur Analyse der \u00f6ffentlich-rechtlichen Luftraumordnung, treten der enge Austausch mit den Nachbarwissenschaften, <abbr title=\"insbesondere\">insb.<\/abbr> den Ingenieurwissenschaften, und eine rechtssetzungsorientierte Betrachtungsweise. Auf diese Weise werden Regulierungsbedarfe aufgedeckt und zukunftsfeste Regulierungskonzepte f\u00fcr einen im Bereich der unbemannten Luftfahrt noch weitgehend offenen Rechtsfindungsprozess entwickelt.&nbsp;<\/p>\n\n\n\n<p>Das Forschungsgebiet des \u201eunbemannten Luftrechts\u201c ist nicht nur durch ein zunehmendes gesetzgeberisches T\u00e4tigwerden, sondern auch durch eine enge Verkn\u00fcpfung der Regulierungseben des V\u00f6lker-, Europa- und deutschen Rechts gekennzeichnet. Da sich neue Rechtsbestimmungen vorwiegend auf Ebene des Sekund\u00e4r- <abbr title=\"beziehungsweise\">bzw.<\/abbr> einfachen Rechts finden, gilt es f\u00fcr diese nicht nur ein Verst\u00e4ndnis zu entwickeln, sondern sie vor allem in den \u00fcbergreifenden Regulierungskontext h\u00f6herrangigen Rechts einzupassen. Wechselseitige Implikationen sind aufzudecken und grundlegend zu verarbeiten. Dar\u00fcber hinaus sind die sich wandelnden Anforderungen der Luftraumnutzung sowie die neuen technischen M\u00f6glichkeiten in einen den gesellschaftlichen Erwartungen entsprechenden Rechtsrahmen zu \u00fcberf\u00fchren.&nbsp;Untersucht werden&nbsp;insbesondere&nbsp;die&nbsp;rechtlichen&nbsp;Implikationen&nbsp;der&nbsp;technischen&nbsp;Entwicklung von einem zunehmend automatisierten hin zu einem autonomen Fliegen.&nbsp;&nbsp;Weiterf\u00fchrende Erkenntnisse werden aus bereits in anderen Regulierungsbereichen entwickelten Konzepten gewonnen. Sichergestellt wird dabei die Anschlussf\u00e4higkeit der erzielten Ergebnisse f\u00fcr die allgemeine Verwaltungsrechtswissenschaft.&nbsp;<\/p>\n\n\n\n<hr class=\"wp-block-separator\" \/>\n\n\n\n<p class=\"has-medium-font-size\"><strong>Folgende laufende Projekte sind in diesem Zusammenhang interessant<\/strong><\/p>\n\n\n\n<div class=\"wp-block-image\"><figure class=\"aligncenter size-large is-resized\"><a href=\"https:\/\/www.hsu-hh.de\/forschung\/fakultaeten-uebergreifend\/uas-at-hsu\/i-lum\"><img decoding=\"async\" src=\"https:\/\/www.hsu-hh.de\/forschung\/wp-content\/uploads\/sites\/783\/2021\/01\/Projekt_ILUM_Balken-1024x154.png\" data-credit=\"HSU-HH\" alt=\"Projektkachel\" class=\"wp-image-1318\" width=\"600\" srcset=\"https:\/\/www.hsu-hh.de\/forschung\/wp-content\/uploads\/sites\/783\/2021\/01\/Projekt_ILUM_Balken-1024x154.png 1024w, https:\/\/www.hsu-hh.de\/forschung\/wp-content\/uploads\/sites\/783\/2021\/01\/Projekt_ILUM_Balken-300x45.png 300w, https:\/\/www.hsu-hh.de\/forschung\/wp-content\/uploads\/sites\/783\/2021\/01\/Projekt_ILUM_Balken-768x116.png 768w, https:\/\/www.hsu-hh.de\/forschung\/wp-content\/uploads\/sites\/783\/2021\/01\/Projekt_ILUM_Balken-1536x232.png 1536w, https:\/\/www.hsu-hh.de\/forschung\/wp-content\/uploads\/sites\/783\/2021\/01\/Projekt_ILUM_Balken-2048x309.png 2048w, https:\/\/www.hsu-hh.de\/forschung\/wp-content\/uploads\/sites\/783\/2021\/01\/Projekt_ILUM_Balken-1100x166.png 1100w\" sizes=\"(max-width: 1024px) 100vw, 1024px\" \/><\/a><\/figure><\/div>\n\n\n\n<div class=\"wp-block-image\"><figure class=\"aligncenter size-large is-resized\"><a href=\"https:\/\/www.hsu-hh.de\/forschung\/fakultaeten-uebergreifend\/uas-at-hsu\/luv\"><img decoding=\"async\" src=\"https:\/\/www.hsu-hh.de\/forschung\/wp-content\/uploads\/sites\/783\/2022\/06\/Projekt_LUV_Balken-1024x154.png\" data-credit=\"HSU-HH\" alt=\"Balken LUV\" class=\"wp-image-2000\" width=\"600\" srcset=\"https:\/\/www.hsu-hh.de\/forschung\/wp-content\/uploads\/sites\/783\/2022\/06\/Projekt_LUV_Balken-1024x154.png 1024w, https:\/\/www.hsu-hh.de\/forschung\/wp-content\/uploads\/sites\/783\/2022\/06\/Projekt_LUV_Balken-300x45.png 300w, https:\/\/www.hsu-hh.de\/forschung\/wp-content\/uploads\/sites\/783\/2022\/06\/Projekt_LUV_Balken-768x116.png 768w, https:\/\/www.hsu-hh.de\/forschung\/wp-content\/uploads\/sites\/783\/2022\/06\/Projekt_LUV_Balken-1536x232.png 1536w, https:\/\/www.hsu-hh.de\/forschung\/wp-content\/uploads\/sites\/783\/2022\/06\/Projekt_LUV_Balken-2048x309.png 2048w, https:\/\/www.hsu-hh.de\/forschung\/wp-content\/uploads\/sites\/783\/2022\/06\/Projekt_LUV_Balken-1100x166.png 1100w\" sizes=\"(max-width: 1024px) 100vw, 1024px\" \/><\/a><\/figure><\/div>\n\n\n\n<div class=\"wp-block-image\"><figure class=\"aligncenter size-large is-resized\"><a href=\"https:\/\/www.hsu-hh.de\/forschung\/fakultaeten-uebergreifend\/uas-at-hsu\/riva\"><img decoding=\"async\" src=\"https:\/\/www.hsu-hh.de\/forschung\/wp-content\/uploads\/sites\/783\/2021\/01\/Projekt_RIVA_Balken-1024x154.png\" data-credit=\"HSU-HH\" alt=\"Projektkachel\" class=\"wp-image-1321\" width=\"600\" srcset=\"https:\/\/www.hsu-hh.de\/forschung\/wp-content\/uploads\/sites\/783\/2021\/01\/Projekt_RIVA_Balken-1024x154.png 1024w, https:\/\/www.hsu-hh.de\/forschung\/wp-content\/uploads\/sites\/783\/2021\/01\/Projekt_RIVA_Balken-300x45.png 300w, https:\/\/www.hsu-hh.de\/forschung\/wp-content\/uploads\/sites\/783\/2021\/01\/Projekt_RIVA_Balken-768x116.png 768w, https:\/\/www.hsu-hh.de\/forschung\/wp-content\/uploads\/sites\/783\/2021\/01\/Projekt_RIVA_Balken-1536x232.png 1536w, https:\/\/www.hsu-hh.de\/forschung\/wp-content\/uploads\/sites\/783\/2021\/01\/Projekt_RIVA_Balken-2048x309.png 2048w, https:\/\/www.hsu-hh.de\/forschung\/wp-content\/uploads\/sites\/783\/2021\/01\/Projekt_RIVA_Balken-1100x166.png 1100w\" sizes=\"(max-width: 1024px) 100vw, 1024px\" \/><\/a><\/figure><\/div>\n\n\n\n<div class=\"wp-block-image\"><figure class=\"aligncenter size-large is-resized\"><a href=\"https:\/\/www.hsu-hh.de\/forschung\/fakultaeten-uebergreifend\/uas-at-hsu\/udveo\"><img decoding=\"async\" src=\"https:\/\/www.hsu-hh.de\/forschung\/wp-content\/uploads\/sites\/783\/2021\/01\/Projekt_UDVeo_Balken-1024x154.png\" data-credit=\"HSU-HH\" alt=\"Projektkachel\" class=\"wp-image-1322\" width=\"600\" srcset=\"https:\/\/www.hsu-hh.de\/forschung\/wp-content\/uploads\/sites\/783\/2021\/01\/Projekt_UDVeo_Balken-1024x154.png 1024w, https:\/\/www.hsu-hh.de\/forschung\/wp-content\/uploads\/sites\/783\/2021\/01\/Projekt_UDVeo_Balken-300x45.png 300w, https:\/\/www.hsu-hh.de\/forschung\/wp-content\/uploads\/sites\/783\/2021\/01\/Projekt_UDVeo_Balken-768x116.png 768w, https:\/\/www.hsu-hh.de\/forschung\/wp-content\/uploads\/sites\/783\/2021\/01\/Projekt_UDVeo_Balken-1536x232.png 1536w, https:\/\/www.hsu-hh.de\/forschung\/wp-content\/uploads\/sites\/783\/2021\/01\/Projekt_UDVeo_Balken-2048x309.png 2048w, https:\/\/www.hsu-hh.de\/forschung\/wp-content\/uploads\/sites\/783\/2021\/01\/Projekt_UDVeo_Balken-1100x166.png 1100w\" sizes=\"(max-width: 1024px) 100vw, 1024px\" \/><\/a><\/figure><\/div>\n\n\n\n<p><\/p>\n","protected":false},"excerpt":{"rendered":"<p>Das Recht bildet den Rahmen f\u00fcr neue technische Entwicklungen. Es entscheidet \u00fcber die Chancen und M\u00f6glichkeiten der praktischen Einf\u00fchrung neuer Technologien in das gesellschaftliche Leben. Das Recht sichert die neuen [&hellip;]<\/p>\n","protected":false},"author":145,"featured_media":0,"parent":707,"menu_order":0,"comment_status":"closed","ping_status":"closed","template":"","meta":{"footnotes":""},"categories":[4],"tags":[],"class_list":["post-1522","page","type-page","status-publish","hentry","category-forschung"],"_links":{"self":[{"href":"https:\/\/www.hsu-hh.de\/forschung\/wp-json\/wp\/v2\/pages\/1522","targetHints":{"allow":["GET"]}}],"collection":[{"href":"https:\/\/www.hsu-hh.de\/forschung\/wp-json\/wp\/v2\/pages"}],"about":[{"href":"https:\/\/www.hsu-hh.de\/forschung\/wp-json\/wp\/v2\/types\/page"}],"author":[{"embeddable":true,"href":"https:\/\/www.hsu-hh.de\/forschung\/wp-json\/wp\/v2\/users\/145"}],"replies":[{"embeddable":true,"href":"https:\/\/www.hsu-hh.de\/forschung\/wp-json\/wp\/v2\/comments?post=1522"}],"version-history":[{"count":3,"href":"https:\/\/www.hsu-hh.de\/forschung\/wp-json\/wp\/v2\/pages\/1522\/revisions"}],"predecessor-version":[{"id":2002,"href":"https:\/\/www.hsu-hh.de\/forschung\/wp-json\/wp\/v2\/pages\/1522\/revisions\/2002"}],"up":[{"embeddable":true,"href":"https:\/\/www.hsu-hh.de\/forschung\/wp-json\/wp\/v2\/pages\/707"}],"wp:attachment":[{"href":"https:\/\/www.hsu-hh.de\/forschung\/wp-json\/wp\/v2\/media?parent=1522"}],"wp:term":[{"taxonomy":"category","embeddable":true,"href":"https:\/\/www.hsu-hh.de\/forschung\/wp-json\/wp\/v2\/categories?post=1522"},{"taxonomy":"post_tag","embeddable":true,"href":"https:\/\/www.hsu-hh.de\/forschung\/wp-json\/wp\/v2\/tags?post=1522"}],"curies":[{"name":"wp","href":"https:\/\/api.w.org\/{rel}","templated":true}]}}