{"id":1516,"date":"2021-02-24T12:35:14","date_gmt":"2021-02-24T11:35:14","guid":{"rendered":"https:\/\/www.hsu-hh.de\/forschung\/?page_id=1516"},"modified":"2021-02-24T13:02:09","modified_gmt":"2021-02-24T12:02:09","slug":"uas-entwicklung-2","status":"publish","type":"page","link":"https:\/\/www.hsu-hh.de\/forschung\/fakultaeten-uebergreifend\/uas-at-hsu\/uas-entwicklung-2","title":{"rendered":"UAS-Entwicklung"},"content":{"rendered":"\n<figure class=\"wp-block-image size-large\"><img loading=\"lazy\" decoding=\"async\" width=\"1024\" height=\"576\" src=\"https:\/\/www.hsu-hh.de\/forschung\/wp-content\/uploads\/sites\/783\/2021\/01\/Entwicklung_Bild_V1-1024x576.png\" data-credit=\"HSU-HH\" alt=\"Zwei H\u00e4nde vor einem UAS\" class=\"wp-image-1299\" srcset=\"https:\/\/www.hsu-hh.de\/forschung\/wp-content\/uploads\/sites\/783\/2021\/01\/Entwicklung_Bild_V1-1024x576.png 1024w, https:\/\/www.hsu-hh.de\/forschung\/wp-content\/uploads\/sites\/783\/2021\/01\/Entwicklung_Bild_V1-300x169.png 300w, https:\/\/www.hsu-hh.de\/forschung\/wp-content\/uploads\/sites\/783\/2021\/01\/Entwicklung_Bild_V1-768x432.png 768w, https:\/\/www.hsu-hh.de\/forschung\/wp-content\/uploads\/sites\/783\/2021\/01\/Entwicklung_Bild_V1-1100x619.png 1100w, https:\/\/www.hsu-hh.de\/forschung\/wp-content\/uploads\/sites\/783\/2021\/01\/Entwicklung_Bild_V1.png 1280w\" sizes=\"auto, (max-width: 1024px) 100vw, 1024px\" \/><\/figure>\n\n\n\n<p>Ein UAS ist mehr als die Summe seiner Einzelteile. Die Kombination aus Hard- und Software erm\u00f6glicht bei entsprechender Detailkenntnis der Einzelteile eine gro\u00dfe Vielfalt mit Blick auf die fertige Flugplattform. So sind beispielsweise verschiedene Chassis,&nbsp;Antriebskonzepte,&nbsp;Rotoranordnungen oder Nutzlastmontagen m\u00f6glich, um nur einige der Variationsm\u00f6glichkeiten zu nennen.&nbsp;<\/p>\n\n\n\n<p>An der HSU werden zwar keine Consumer-Produkte hergestellt, dennoch ist das Knowhow f\u00fcr die Realisierung von UAS durchaus vorhanden. Hierbei wird nicht nur auf Standard-Komponenten zur\u00fcckgegriffen, sondern insbesondere im Bereich der Software, namentlich der Flugsteuerung selbst Hand angelegt. Hier liegt der Schwerpunkt auf der Automatisierung der Flugger\u00e4te. Sie sollen so bef\u00e4higt werden, auch komplexere Aufgaben wie beispielsweise einen Inspektionsflug oder ein Abfangman\u00f6ver eigenst\u00e4ndig durchzuf\u00fchren.&nbsp;&nbsp;<\/p>\n\n\n\n<p>Des Weiteren wird auch die Realisierung alternative Antriebskonzepte wie beispielsweise&nbsp;die Integration&nbsp;einer Brennstoffzelle untersucht, um so eine l\u00e4ngere Flugzeit zu erm\u00f6glichen.&nbsp;<\/p>\n\n\n\n<hr class=\"wp-block-separator\" \/>\n\n\n\n<p class=\"has-medium-font-size\"><strong>Folgende laufende Projekte sind in diesem Zusammenhang interessant<\/strong><\/p>\n\n\n\n<div class=\"wp-block-image\"><figure class=\"aligncenter size-large is-resized\"><a href=\"https:\/\/www.hsu-hh.de\/forschung\/fakultaeten-uebergreifend\/uas-at-hsu\/beta-2\"><img decoding=\"async\" src=\"https:\/\/www.hsu-hh.de\/forschung\/wp-content\/uploads\/sites\/783\/2021\/01\/Projekt_BETA_Balken-1024x154.png\" data-credit=\"HSU-HH\" alt=\"Projektkachel\" class=\"wp-image-1315\" width=\"600\" srcset=\"https:\/\/www.hsu-hh.de\/forschung\/wp-content\/uploads\/sites\/783\/2021\/01\/Projekt_BETA_Balken-1024x154.png 1024w, https:\/\/www.hsu-hh.de\/forschung\/wp-content\/uploads\/sites\/783\/2021\/01\/Projekt_BETA_Balken-300x45.png 300w, https:\/\/www.hsu-hh.de\/forschung\/wp-content\/uploads\/sites\/783\/2021\/01\/Projekt_BETA_Balken-768x116.png 768w, https:\/\/www.hsu-hh.de\/forschung\/wp-content\/uploads\/sites\/783\/2021\/01\/Projekt_BETA_Balken-1536x232.png 1536w, https:\/\/www.hsu-hh.de\/forschung\/wp-content\/uploads\/sites\/783\/2021\/01\/Projekt_BETA_Balken-2048x309.png 2048w, https:\/\/www.hsu-hh.de\/forschung\/wp-content\/uploads\/sites\/783\/2021\/01\/Projekt_BETA_Balken-1100x166.png 1100w\" sizes=\"(max-width: 1024px) 100vw, 1024px\" \/><\/a><\/figure><\/div>\n\n\n\n<div class=\"wp-block-image\"><figure class=\"aligncenter size-large is-resized\"><a href=\"https:\/\/www.hsu-hh.de\/forschung\/fakultaeten-uebergreifend\/uas-at-hsu\/dned\"><img decoding=\"async\" src=\"https:\/\/www.hsu-hh.de\/forschung\/wp-content\/uploads\/sites\/783\/2021\/01\/Projekt_DNeD_Balken-1024x154.png\" data-credit=\"HSU-HH\" alt=\"Projektkachel\" class=\"wp-image-1316\" width=\"600\" srcset=\"https:\/\/www.hsu-hh.de\/forschung\/wp-content\/uploads\/sites\/783\/2021\/01\/Projekt_DNeD_Balken-1024x154.png 1024w, https:\/\/www.hsu-hh.de\/forschung\/wp-content\/uploads\/sites\/783\/2021\/01\/Projekt_DNeD_Balken-300x45.png 300w, https:\/\/www.hsu-hh.de\/forschung\/wp-content\/uploads\/sites\/783\/2021\/01\/Projekt_DNeD_Balken-768x116.png 768w, https:\/\/www.hsu-hh.de\/forschung\/wp-content\/uploads\/sites\/783\/2021\/01\/Projekt_DNeD_Balken-1536x232.png 1536w, https:\/\/www.hsu-hh.de\/forschung\/wp-content\/uploads\/sites\/783\/2021\/01\/Projekt_DNeD_Balken-2048x309.png 2048w, https:\/\/www.hsu-hh.de\/forschung\/wp-content\/uploads\/sites\/783\/2021\/01\/Projekt_DNeD_Balken-1100x166.png 1100w\" sizes=\"(max-width: 1024px) 100vw, 1024px\" \/><\/a><\/figure><\/div>\n\n\n\n<div class=\"wp-block-image\"><figure class=\"aligncenter size-large is-resized\"><a href=\"https:\/\/www.hsu-hh.de\/forschung\/fakultaeten-uebergreifend\/uas-at-hsu\/falke\"><img decoding=\"async\" src=\"https:\/\/www.hsu-hh.de\/forschung\/wp-content\/uploads\/sites\/783\/2021\/01\/Projekt_FALKE_Balken-1024x154.png\" data-credit=\"HSU-HH\" alt=\"Projektkachel\" class=\"wp-image-1317\" width=\"600\" srcset=\"https:\/\/www.hsu-hh.de\/forschung\/wp-content\/uploads\/sites\/783\/2021\/01\/Projekt_FALKE_Balken-1024x154.png 1024w, https:\/\/www.hsu-hh.de\/forschung\/wp-content\/uploads\/sites\/783\/2021\/01\/Projekt_FALKE_Balken-300x45.png 300w, https:\/\/www.hsu-hh.de\/forschung\/wp-content\/uploads\/sites\/783\/2021\/01\/Projekt_FALKE_Balken-768x116.png 768w, https:\/\/www.hsu-hh.de\/forschung\/wp-content\/uploads\/sites\/783\/2021\/01\/Projekt_FALKE_Balken-1536x232.png 1536w, https:\/\/www.hsu-hh.de\/forschung\/wp-content\/uploads\/sites\/783\/2021\/01\/Projekt_FALKE_Balken-2048x309.png 2048w, https:\/\/www.hsu-hh.de\/forschung\/wp-content\/uploads\/sites\/783\/2021\/01\/Projekt_FALKE_Balken-1100x166.png 1100w\" sizes=\"(max-width: 1024px) 100vw, 1024px\" \/><\/a><\/figure><\/div>\n\n\n\n<p><\/p>\n","protected":false},"excerpt":{"rendered":"<p>Ein UAS ist mehr als die Summe seiner Einzelteile. Die Kombination aus Hard- und Software erm\u00f6glicht bei entsprechender Detailkenntnis der Einzelteile eine gro\u00dfe Vielfalt mit Blick auf die fertige Flugplattform. [&hellip;]<\/p>\n","protected":false},"author":145,"featured_media":0,"parent":707,"menu_order":0,"comment_status":"closed","ping_status":"closed","template":"","meta":{"footnotes":""},"categories":[4],"tags":[],"class_list":["post-1516","page","type-page","status-publish","hentry","category-forschung"],"_links":{"self":[{"href":"https:\/\/www.hsu-hh.de\/forschung\/wp-json\/wp\/v2\/pages\/1516","targetHints":{"allow":["GET"]}}],"collection":[{"href":"https:\/\/www.hsu-hh.de\/forschung\/wp-json\/wp\/v2\/pages"}],"about":[{"href":"https:\/\/www.hsu-hh.de\/forschung\/wp-json\/wp\/v2\/types\/page"}],"author":[{"embeddable":true,"href":"https:\/\/www.hsu-hh.de\/forschung\/wp-json\/wp\/v2\/users\/145"}],"replies":[{"embeddable":true,"href":"https:\/\/www.hsu-hh.de\/forschung\/wp-json\/wp\/v2\/comments?post=1516"}],"version-history":[{"count":2,"href":"https:\/\/www.hsu-hh.de\/forschung\/wp-json\/wp\/v2\/pages\/1516\/revisions"}],"predecessor-version":[{"id":1538,"href":"https:\/\/www.hsu-hh.de\/forschung\/wp-json\/wp\/v2\/pages\/1516\/revisions\/1538"}],"up":[{"embeddable":true,"href":"https:\/\/www.hsu-hh.de\/forschung\/wp-json\/wp\/v2\/pages\/707"}],"wp:attachment":[{"href":"https:\/\/www.hsu-hh.de\/forschung\/wp-json\/wp\/v2\/media?parent=1516"}],"wp:term":[{"taxonomy":"category","embeddable":true,"href":"https:\/\/www.hsu-hh.de\/forschung\/wp-json\/wp\/v2\/categories?post=1516"},{"taxonomy":"post_tag","embeddable":true,"href":"https:\/\/www.hsu-hh.de\/forschung\/wp-json\/wp\/v2\/tags?post=1516"}],"curies":[{"name":"wp","href":"https:\/\/api.w.org\/{rel}","templated":true}]}}