{"id":1510,"date":"2021-02-24T12:29:27","date_gmt":"2021-02-24T11:29:27","guid":{"rendered":"https:\/\/www.hsu-hh.de\/forschung\/?page_id=1510"},"modified":"2021-06-10T12:35:26","modified_gmt":"2021-06-10T10:35:26","slug":"udveo","status":"publish","type":"page","link":"https:\/\/www.hsu-hh.de\/forschung\/fakultaeten-uebergreifend\/uas-at-hsu\/udveo","title":{"rendered":"UDVeo"},"content":{"rendered":"\n<p style=\"font-size:30px\">Urbaner Drohnen-Verkehr effizient organisiert<\/p>\n\n\n\n<figure class=\"wp-block-image size-large\"><img loading=\"lazy\" decoding=\"async\" width=\"1024\" height=\"576\" src=\"https:\/\/www.hsu-hh.de\/forschung\/wp-content\/uploads\/sites\/783\/2021\/01\/Projekt_UDVeo_Kachel-1024x576.png\" data-credit=\"HHLA-Sky\" alt=\"UAS vor der Elbphilharmonie\" class=\"wp-image-1353\" srcset=\"https:\/\/www.hsu-hh.de\/forschung\/wp-content\/uploads\/sites\/783\/2021\/01\/Projekt_UDVeo_Kachel-1024x576.png 1024w, https:\/\/www.hsu-hh.de\/forschung\/wp-content\/uploads\/sites\/783\/2021\/01\/Projekt_UDVeo_Kachel-300x169.png 300w, https:\/\/www.hsu-hh.de\/forschung\/wp-content\/uploads\/sites\/783\/2021\/01\/Projekt_UDVeo_Kachel-768x432.png 768w, https:\/\/www.hsu-hh.de\/forschung\/wp-content\/uploads\/sites\/783\/2021\/01\/Projekt_UDVeo_Kachel-1100x619.png 1100w, https:\/\/www.hsu-hh.de\/forschung\/wp-content\/uploads\/sites\/783\/2021\/01\/Projekt_UDVeo_Kachel.png 1280w\" sizes=\"auto, (max-width: 1024px) 100vw, 1024px\" \/><\/figure>\n\n\n\n<p>Ziel von&nbsp;UDVeo&nbsp;ist die Entwicklung praxisnaher Konzepte und L\u00f6sungen zur Integration von&nbsp;UAS in den urbanen Luftraum. Zu diesem Zweck soll unter Ber\u00fccksichtigung der europ\u00e4ischen U-Space Verordnung ein rechtlich-technisches Gesamtkonzept f\u00fcr ein Drohnenverkehrsmanagement entwickelt werden. Die Umsetzung wesentlicher Prozesse wie der Registrierung, Flugfreigabe sowie strategischem und taktischem Konfliktmanagement erfolgt zum einen im Rahmen einer prototypischen Leitstellenanwendung. Dar\u00fcber hinaus werden die Drohnen selbst sowie die Kommunikationsinfrastruktur f\u00fcr den urbanen Einsatz weiterentwickelt.&nbsp;&nbsp;<\/p>\n\n\n\n<p>Zur Erreichung der Projektziele wird zun\u00e4chst, basierend auf identifizierten Nutzungsszenarien f\u00fcr UAS, ein rechtlich-technisches Gesamtkonzept entworfen. Anschlie\u00dfend werden die Detailverfahren f\u00fcr Registrierung, Luftraumzuweisung und operatives Flugmanagement entwickelt. Ferner wird eruiert, welche Bedingungen an ein UAS im urbanen Einsatz gekn\u00fcpft sind und wie diese praktisch umzusetzen sind.&nbsp;&nbsp;<\/p>\n\n\n\n<p>Die im Rahmen des Projektes entwickelten Konzepte werden in einer prototypischen Leitstellenanwendung implementiert. W\u00e4hrend diese insbesondere f\u00fcr das strategische Konfliktmanagement und die Freigabe von Fl\u00fcgen sowie deren \u00dcberwachung zust\u00e4ndig ist, stehen im taktischen Konfliktmanagement die UAS selbst im Vordergrund. So soll durch Nutzung von Technologien wie D2X (802.11p) erreicht werden, dass diese auch untereinander kommunizieren k\u00f6nnen. Zudem sollen UAS mit der erforderlichen Intelligenz ausgestattet werden, um dynamisch auf sich \u00e4ndernde Umweltbedingungen reagieren zu k\u00f6nnen und so die Sicherheit im Drohnenverkehr zu steigern.&nbsp;&nbsp;<\/p>\n\n\n\n<p>Das Projekt wird durch das Bundesministerium f\u00fcr Verkehr und digitale Infrastruktur (BMVI) gef\u00f6rdert und l\u00e4uft vom 1.2.2020 bis zum 31.12.2022.<\/p>\n\n\n\n<p>Die Projektleitung liegt bei der Professur f\u00fcr Automatisierungstechnik. Ansprechpartner ist <a href=\"https:\/\/www.hsu-hh.de\/aut\/team\">Sebastian T\u00f6rsleff<\/a>.<\/p>\n\n\n\n<p><a href=\"https:\/\/udveo.eu\" rel='nofollow'>Hier<\/a> geht es zur offiziellen Website des Projekts.<\/p>\n\n\n\n<hr class=\"wp-block-separator\" \/>\n\n\n\n<p><strong>Beteiligte Professuren im Hause<\/strong><\/p>\n\n\n\n<p><a href=\"https:\/\/www.hsu-hh.de\/aut\/\">Professur f\u00fcr Automatisierungstechnik<\/a> mit den wissenschaftlichen Mitarbeiterinnen und Mitarbeitern<\/p>\n\n\n\n<ul class=\"wp-block-list\"><li><a href=\"https:\/\/www.hsu-hh.de\/aut\/team\">Evelyn Fischer<\/a>&nbsp;<\/li><li><a href=\"https:\/\/www.hsu-hh.de\/aut\/team\">Tobias&nbsp;Grebner<\/a>&nbsp;<\/li><li><a href=\"https:\/\/www.hsu-hh.de\/aut\/team\">Felix&nbsp;St\u00fcckrath<\/a>&nbsp;&nbsp;<\/li><li><a href=\"https:\/\/www.hsu-hh.de\/aut\/team\">Sebastian T\u00f6rsleff<\/a>&nbsp;<\/li><\/ul>\n\n\n\n<p><\/p>\n\n\n\n<p><a href=\"https:\/\/www.hsu-hh.de\/verwaltungsrecht\/\">Professur f\u00fcr \u00d6ffentliches Recht, insbesondere \u00f6ffentliches Wirtschafts- und&nbsp;Umweltrecht<\/a> mit dem Mitarbeiter <a href=\"https:\/\/www.hsu-hh.de\/verwaltungsrecht\/f_kilian\">Hans Flemming Kilian<\/a><\/p>\n\n\n\n<hr class=\"wp-block-separator\" \/>\n\n\n\n<p><strong>Externe Projektpartner<\/strong><\/p>\n\n\n\n<p>Beh\u00f6rde&nbsp;f\u00fcr&nbsp;Wirtschaft und Innovation&nbsp;der Freien und Hansestadt Hamburg<\/p>\n\n\n\n<p>consider&nbsp;it&nbsp;GmbH<\/p>\n\n\n\n<p>Deutsch<s>s<\/s>es&nbsp;Zentrum&nbsp;f\u00fcr&nbsp;Luft- und Raumfahrt&nbsp;e.V.<\/p>\n\n\n\n<p>HHLA Sky&nbsp;GmbH <\/p>\n\n\n\n<p>NXP Semiconductors Germany&nbsp;GmbH<\/p>\n\n\n\n<p>Third Element Aviation&nbsp;GmbH<\/p>\n\n\n\n<p>WPS&nbsp;Workplace&nbsp;Solutions&nbsp;GmbH&nbsp;<\/p>\n","protected":false},"excerpt":{"rendered":"<p>Urbaner Drohnen-Verkehr effizient organisiert Ziel von&nbsp;UDVeo&nbsp;ist die Entwicklung praxisnaher Konzepte und L\u00f6sungen zur Integration von&nbsp;UAS in den urbanen Luftraum. Zu diesem Zweck soll unter Ber\u00fccksichtigung der europ\u00e4ischen U-Space Verordnung ein [&hellip;]<\/p>\n","protected":false},"author":145,"featured_media":0,"parent":707,"menu_order":0,"comment_status":"closed","ping_status":"closed","template":"","meta":{"footnotes":""},"categories":[4],"tags":[],"class_list":["post-1510","page","type-page","status-publish","hentry","category-forschung"],"_links":{"self":[{"href":"https:\/\/www.hsu-hh.de\/forschung\/wp-json\/wp\/v2\/pages\/1510","targetHints":{"allow":["GET"]}}],"collection":[{"href":"https:\/\/www.hsu-hh.de\/forschung\/wp-json\/wp\/v2\/pages"}],"about":[{"href":"https:\/\/www.hsu-hh.de\/forschung\/wp-json\/wp\/v2\/types\/page"}],"author":[{"embeddable":true,"href":"https:\/\/www.hsu-hh.de\/forschung\/wp-json\/wp\/v2\/users\/145"}],"replies":[{"embeddable":true,"href":"https:\/\/www.hsu-hh.de\/forschung\/wp-json\/wp\/v2\/comments?post=1510"}],"version-history":[{"count":2,"href":"https:\/\/www.hsu-hh.de\/forschung\/wp-json\/wp\/v2\/pages\/1510\/revisions"}],"predecessor-version":[{"id":1710,"href":"https:\/\/www.hsu-hh.de\/forschung\/wp-json\/wp\/v2\/pages\/1510\/revisions\/1710"}],"up":[{"embeddable":true,"href":"https:\/\/www.hsu-hh.de\/forschung\/wp-json\/wp\/v2\/pages\/707"}],"wp:attachment":[{"href":"https:\/\/www.hsu-hh.de\/forschung\/wp-json\/wp\/v2\/media?parent=1510"}],"wp:term":[{"taxonomy":"category","embeddable":true,"href":"https:\/\/www.hsu-hh.de\/forschung\/wp-json\/wp\/v2\/categories?post=1510"},{"taxonomy":"post_tag","embeddable":true,"href":"https:\/\/www.hsu-hh.de\/forschung\/wp-json\/wp\/v2\/tags?post=1510"}],"curies":[{"name":"wp","href":"https:\/\/api.w.org\/{rel}","templated":true}]}}