{"id":1507,"date":"2021-02-24T12:27:55","date_gmt":"2021-02-24T11:27:55","guid":{"rendered":"https:\/\/www.hsu-hh.de\/forschung\/?page_id=1507"},"modified":"2026-02-12T14:29:46","modified_gmt":"2026-02-12T13:29:46","slug":"riva","status":"publish","type":"page","link":"https:\/\/www.hsu-hh.de\/forschung\/fakultaeten-uebergreifend\/uas-at-hsu\/riva","title":{"rendered":"RIVA"},"content":{"rendered":"\n<p style=\"font-size:30px\">Rechtskonforme <abbr title=\"Informationstechnologie\">IT<\/abbr>-Konzepte und -L\u00f6sungen f\u00fcr Verb\u00fcnde autonomer Land-, Wasser- und Luftfahrzeuge<\/p>\n\n\n\n<figure class=\"wp-block-image size-large\"><img loading=\"lazy\" decoding=\"async\" width=\"1024\" height=\"577\" src=\"https:\/\/www.hsu-hh.de\/forschung\/wp-content\/uploads\/sites\/783\/2024\/04\/RIVA_WS_01-1024x577.jpg\" data-credit=\"HSUHamburg\" alt=\"Das RIVA-Projektteam beim Workshop im April 2024\" class=\"wp-image-2556\" srcset=\"https:\/\/www.hsu-hh.de\/forschung\/wp-content\/uploads\/sites\/783\/2024\/04\/RIVA_WS_01-1024x577.jpg 1024w, https:\/\/www.hsu-hh.de\/forschung\/wp-content\/uploads\/sites\/783\/2024\/04\/RIVA_WS_01-300x169.jpg 300w, https:\/\/www.hsu-hh.de\/forschung\/wp-content\/uploads\/sites\/783\/2024\/04\/RIVA_WS_01-768x432.jpg 768w, https:\/\/www.hsu-hh.de\/forschung\/wp-content\/uploads\/sites\/783\/2024\/04\/RIVA_WS_01-1536x865.jpg 1536w, https:\/\/www.hsu-hh.de\/forschung\/wp-content\/uploads\/sites\/783\/2024\/04\/RIVA_WS_01-2048x1153.jpg 2048w, https:\/\/www.hsu-hh.de\/forschung\/wp-content\/uploads\/sites\/783\/2024\/04\/RIVA_WS_01-1100x619.jpg 1100w\" sizes=\"auto, (max-width: 1024px) 100vw, 1024px\" \/><\/figure>\n\n\n\n<p>Das RIVA-Projekt versetzt Fahrzeugverb\u00fcnde unterschiedlicher Modalit\u00e4t (Land, Wasser, Luft) in die Lage, autonom Missionen in Echtzeit zu erf\u00fcllen. Hierzu werden die Umgebungs- und Randbedingungen durch den Verbund ermittelt und ein Umgebungsmodell erstellt.&nbsp;Mit dem&nbsp;generierten&nbsp;Wissen&nbsp;um&nbsp;die unterschiedlichen F\u00e4higkeiten der einzelnen Fahrzeuge&nbsp;wird&nbsp;die Missionserf\u00fcllung geplant und ausgef\u00fchrt, wobei sich ver\u00e4ndernde Rand- <abbr title=\"beziehungsweise\">bzw.<\/abbr> Umweltbedingungen oder&nbsp;F\u00e4higkeiten der Verbundteilnehmer direkt auf die Aufgaben der einzelnen Fahrzeuge auswirken. Die Erf\u00fcllung der Missionen&nbsp;wird simuliert und beispielhaft in&nbsp;der Praxis demonstriert. <a href=\"https:\/\/www.hsu-hh.de\/forschung\/wp-content\/uploads\/sites\/783\/2026\/02\/Jahrestagung-202425.mp4\">Hier<\/a> geht es zu einem Video, welches einige Eindr\u00fccke aus den Realexperimenten zeigt.<\/p>\n\n\n\n<p>In der ersten Projektphase wurde ein Leitstand entwicklet und ein Fahrzeugverbund nebst ben\u00f6tigter Kommunikationstruktur aufgebaut und in verschiedenen Szenarien validiert. Dar\u00fcber hinaus hat die <a href=\"https:\/\/www.hsu-hh.de\/verwaltungsrecht\/\">Professur f\u00fcr \u00f6ffentliches Recht<\/a> die einschl\u00e4gigen&nbsp;rechtlichen&nbsp;Rahmenbedingungen f\u00fcr die unterschiedlichen eingesetzten Systeme untersucht.&nbsp;Ausgehend davon soll&nbsp;das Recht hin zu einem die unterschiedlichen Modalit\u00e4ten integrierenden Ansatz systematisch weiterentwickelt werden.<\/p>\n\n\n\n<figure class=\"wp-block-image size-large\"><img loading=\"lazy\" decoding=\"async\" width=\"1024\" height=\"683\" src=\"https:\/\/www.hsu-hh.de\/forschung\/wp-content\/uploads\/sites\/783\/2025\/09\/RIVA_Generiertes-Bild-2-1024x683.png\" data-credit=\"ChatGPT\" alt=\"KI generiertes Bild zur Minenr\u00e4umung mit Kopter und Rover\" class=\"wp-image-2914\" srcset=\"https:\/\/www.hsu-hh.de\/forschung\/wp-content\/uploads\/sites\/783\/2025\/09\/RIVA_Generiertes-Bild-2-1024x683.png 1024w, https:\/\/www.hsu-hh.de\/forschung\/wp-content\/uploads\/sites\/783\/2025\/09\/RIVA_Generiertes-Bild-2-300x200.png 300w, https:\/\/www.hsu-hh.de\/forschung\/wp-content\/uploads\/sites\/783\/2025\/09\/RIVA_Generiertes-Bild-2-768x512.png 768w, https:\/\/www.hsu-hh.de\/forschung\/wp-content\/uploads\/sites\/783\/2025\/09\/RIVA_Generiertes-Bild-2-1100x733.png 1100w, https:\/\/www.hsu-hh.de\/forschung\/wp-content\/uploads\/sites\/783\/2025\/09\/RIVA_Generiertes-Bild-2.png 1536w\" sizes=\"auto, (max-width: 1024px) 100vw, 1024px\" \/><\/figure>\n\n\n\n<p>In der aktuellen Phase des Projektes wird ein Minenr\u00e4umszenario untersucht, bei dem Drohnen und Rover zusammen arbeiten m\u00fcssen um ein Minenfeld zu r\u00e4umen. Die KI generierte Darstellung verdeutlicht das Szenario, bei dem Kopter das Gebiet zun\u00e4chst aus der Luft aufkl\u00e4ren und die bodenfahrzeuge im anschluss die gefundenen Minen anfahren, um eine Schlagladung zu platzieren und diese so unsch\u00e4dlich zu machen. <\/p>\n\n\n\n<p>RIVA\u00a0wird\u00a0gef\u00f6rdert vom Zentrum f\u00fcr Digitalisierungs- und Technologieforschung der Bundeswehr (DTEC.Bw) und l\u00e4uft vom 01.11.2020 bis zum 31.12.2026. Dabei arbeiten an dem RIVA-Projekt zwei unterschiedliche Professuren aus zwei unterschiedlichen Fakult\u00e4ten der Helmut-Schmidt-Universit\u00e4t \/ Unversit\u00e4t der bundeswehr Hamburg, ein Lehrstuhl der Ruhr-Universit\u00e4t Bochum\u00a0sowie einem Industriepartner, der die ben\u00f6tigte Simulationsumgebung und Hardwareanbindung an den Leitstand zur Verf\u00fcgung stellt.<\/p>\n\n\n\n<p>Die Projektleitung liegt bei der Professur f\u00fcr Regelungstechnik. Ansprechpartner ist Herr <a href=\"https:\/\/www.hsu-hh.de\/rt\/team\/dr-ing-mirco-alpen\">Mirco Alpen<\/a>.&nbsp;<\/p>\n\n\n\n<hr class=\"wp-block-separator has-css-opacity\" \/>\n\n\n\n<p><strong>Beteiligte Professuren im Hause<\/strong><\/p>\n\n\n\n<ul class=\"wp-block-list\">\n<li><a href=\"https:\/\/www.hsu-hh.de\/rt\/\">Professur f\u00fcr Regelungstechnik<\/a> mit den Mitarbeiterinnen <a href=\"https:\/\/www.hsu-hh.de\/rt\/team\/anne-schweim\">Anne Schweim<\/a> und <a href=\"https:\/\/www.hsu-hh.de\/rt\/team\/marie-schweim\">Marie Schweim<\/a><\/li>\n\n\n\n<li><a href=\"https:\/\/www.hsu-hh.de\/aut\/\">Professur f\u00fcr Automatisierungstechnik<\/a> mit den Mitarbeitern <a href=\"https:\/\/www.hsu-hh.de\/aut\/team\">Marvin Zager<\/a> und <a href=\"https:\/\/www.hsu-hh.de\/aut\/team\">Miguel Vieira da Silva<\/a><\/li>\n<\/ul>\n\n\n\n<hr class=\"wp-block-separator has-alpha-channel-opacity\" \/>\n\n\n\n<p><strong>Aktuelle Projektpartner<\/strong><\/p>\n\n\n\n<ul class=\"wp-block-list\">\n<li><a href=\"https:\/\/www.aut.ruhr-uni-bochum.de\/aut\/\" rel='nofollow'>Lehrstuhl f\u00fcr Automatisierungstechnik<\/a> der Ruhr-Universit\u00e4t Bochum mit dem Ansprechpartner Gianluca Manca<\/li>\n\n\n\n<li><a href=\"https:\/\/www.it-objects.de\/\" rel='nofollow'>it-objects <abbr title=\"Gesellschaft mit beschr\u00e4nkter Haftung\">GmbH<\/abbr><\/a> mit dem Ansprechpartner Tobias Brogt<\/li>\n<\/ul>\n\n\n\n<p><\/p>\n\n\n\n<p><strong>Ehemalige Projektpartner<\/strong><\/p>\n\n\n\n<ul class=\"wp-block-list\">\n<li><a href=\"https:\/\/www.hsu-hh.de\/verwaltungsrecht\/\">Professur f\u00fcr \u00f6ffentliches Recht<\/a> an der <abbr title=\"Helmut Schmidt Universit\u00e4t\">HSU<\/abbr><\/li>\n\n\n\n<li><a href=\"https:\/\/hhla-sky.com\/\" rel='nofollow'>HHLA Sky <abbr title=\"Gesellschaft mit beschr\u00e4nkter Haftung\">GmbH<\/abbr><\/a><\/li>\n<\/ul>\n\n\n\n<hr class=\"wp-block-separator has-alpha-channel-opacity\" \/>\n\n\n\n<p><strong>Gef\u00f6rdert durch<\/strong><\/p>\n\n\n\n<figure class=\"wp-block-image size-medium is-resized\"><img loading=\"lazy\" decoding=\"async\" width=\"300\" height=\"71\" src=\"https:\/\/www.hsu-hh.de\/forschung\/wp-content\/uploads\/sites\/783\/2023\/03\/dtec.bw_EU-Foederhinweis_RGB_vertikal-300x71.png\" data-credit=\"dtecbw\" alt=\"DTEC_Logo\" class=\"wp-image-2403\" style=\"width:500px\" srcset=\"https:\/\/www.hsu-hh.de\/forschung\/wp-content\/uploads\/sites\/783\/2023\/03\/dtec.bw_EU-Foederhinweis_RGB_vertikal-300x71.png 300w, https:\/\/www.hsu-hh.de\/forschung\/wp-content\/uploads\/sites\/783\/2023\/03\/dtec.bw_EU-Foederhinweis_RGB_vertikal-1024x241.png 1024w, https:\/\/www.hsu-hh.de\/forschung\/wp-content\/uploads\/sites\/783\/2023\/03\/dtec.bw_EU-Foederhinweis_RGB_vertikal-768x181.png 768w, https:\/\/www.hsu-hh.de\/forschung\/wp-content\/uploads\/sites\/783\/2023\/03\/dtec.bw_EU-Foederhinweis_RGB_vertikal-1100x259.png 1100w, https:\/\/www.hsu-hh.de\/forschung\/wp-content\/uploads\/sites\/783\/2023\/03\/dtec.bw_EU-Foederhinweis_RGB_vertikal.png 1418w\" sizes=\"auto, (max-width: 300px) 100vw, 300px\" \/><\/figure>\n\n\n\n<p><\/p>\n\n\n\n<p class=\"has-medium-font-size\"><strong>Aktuelle Entwicklungen<\/strong><\/p>\n\n\n<div id=\"category_content_q2EF5dWX\" class=\"hsu_category archive-page\"><article  id=\"post-2916\" class=\"category-list-item post-2916 post type-post status-publish format-standard hentry \"><a href=\"https:\/\/www.hsu-hh.de\/forschung\/dtec-jahrestagung-2025\" title=\"dtec-Jahrestagung 2025\" ><div class=\"hsu_category_article-content-wrap\"><div class=\"hsu_category_article-content-wrap-inner\"><div>\t<header class=\"entry-header\">\t\t<h3 class=\"entry-title\">dtec-Jahrestagung 2025\t\t<\/h3>\t<\/header><div class=\"entry-content-excerpt\">Vom 01. bis 03. September fand die dtec-Jahrestagung 2025 auf dem Campus unserer Universit\u00e4t statt. Auch das Projekt RIVA hat sich hier nach 2024 erneut pr\u00e4sentiert. Der Stand war gut besucht und es wurden interessante Gespr\u00e4che gef\u00fchrt. Ein Highlight war der Roboterhund, der vor allem durch herzliche Gesten auf sich und das Projekt aufmerksam gemacht&#8230;<\/div> <\/div><\/div><\/div><\/a><\/article><article  id=\"post-2776\" class=\"category-list-item post-2776 post type-post status-publish format-standard hentry \"><a href=\"https:\/\/www.hsu-hh.de\/forschung\/september-2024-feldtest-riva\" title=\"Oktober 2024 - Feldtest RIVA\" ><div class=\"hsu_category_article-content-wrap\"><div class=\"hsu_category_article-content-wrap-inner\"><div>\t<header class=\"entry-header\">\t\t<h3 class=\"entry-title\">Oktober 2024 &#8211; Feldtest RIVA\t\t<\/h3>\t<\/header><div class=\"entry-content-excerpt\">Am 08. und 09. Oktober hat sich das RIVA-Team erneut an der Dove-Elbe getroffen. Ziel war die praktische Validierung des Search-and-Rescue Szenarios. Dieses weist eine hohe Komplexit\u00e4t auf, da es alle drei betrachteten Modalit\u00e4ten der Fahrzeuge (Luft, Land und Wasser) miteinander verbindet. Rover und Kopter befinden sich zun\u00e4chst auf einem automatisierten Boot. Dieses landet an&#8230;<\/div> <\/div><\/div><\/div><\/a><\/article><article  id=\"post-2590\" class=\"category-list-item post-2590 post type-post status-publish format-standard hentry \"><a href=\"https:\/\/www.hsu-hh.de\/forschung\/news-feed-riva\" title=\"April 2024 - Erster Testtag an der Dove-Elbe\" ><div class=\"hsu_category_article-content-wrap\"><div class=\"hsu_category_article-content-wrap-inner\"><div>\t<header class=\"entry-header\">\t\t<h3 class=\"entry-title\">April 2024 &#8211; Erster Testtag an der Dove-Elbe\t\t<\/h3>\t<\/header><div class=\"entry-content-excerpt\">Am 18. April 2024 traf sich das RIVA-Projektteam an der Dove-Elbe in Hamburg, um Zahlreiche Tests mit Boot, Koptern und Rovern durchzuf\u00fchren. Es wurden viele verschiedene Tests durchgef\u00fchrt, um das kooperative Verhalten zwischen den eingesetzten Fahrzeugen zu testen und zu optimieren. Das Team bedankt sich bei dem\u00a0 Wassersportzentrum Hamburg-Allerm\u00f6he f\u00fcr die Bereitstellung des Testgel\u00e4ndes. Hier&#8230;<\/div> <\/div><\/div><\/div><\/a><\/article><\/div><div class=\"clearfix\"><\/div>","protected":false},"excerpt":{"rendered":"<p>Rechtskonforme IT-Konzepte und -L\u00f6sungen f\u00fcr Verb\u00fcnde autonomer Land-, Wasser- und Luftfahrzeuge Das RIVA-Projekt versetzt Fahrzeugverb\u00fcnde unterschiedlicher Modalit\u00e4t (Land, Wasser, Luft) in die Lage, autonom Missionen in Echtzeit zu erf\u00fcllen. Hierzu [&hellip;]<\/p>\n","protected":false},"author":145,"featured_media":0,"parent":707,"menu_order":0,"comment_status":"closed","ping_status":"closed","template":"","meta":{"footnotes":""},"categories":[4],"tags":[],"class_list":["post-1507","page","type-page","status-publish","hentry","category-forschung"],"_links":{"self":[{"href":"https:\/\/www.hsu-hh.de\/forschung\/wp-json\/wp\/v2\/pages\/1507","targetHints":{"allow":["GET"]}}],"collection":[{"href":"https:\/\/www.hsu-hh.de\/forschung\/wp-json\/wp\/v2\/pages"}],"about":[{"href":"https:\/\/www.hsu-hh.de\/forschung\/wp-json\/wp\/v2\/types\/page"}],"author":[{"embeddable":true,"href":"https:\/\/www.hsu-hh.de\/forschung\/wp-json\/wp\/v2\/users\/145"}],"replies":[{"embeddable":true,"href":"https:\/\/www.hsu-hh.de\/forschung\/wp-json\/wp\/v2\/comments?post=1507"}],"version-history":[{"count":39,"href":"https:\/\/www.hsu-hh.de\/forschung\/wp-json\/wp\/v2\/pages\/1507\/revisions"}],"predecessor-version":[{"id":3184,"href":"https:\/\/www.hsu-hh.de\/forschung\/wp-json\/wp\/v2\/pages\/1507\/revisions\/3184"}],"up":[{"embeddable":true,"href":"https:\/\/www.hsu-hh.de\/forschung\/wp-json\/wp\/v2\/pages\/707"}],"wp:attachment":[{"href":"https:\/\/www.hsu-hh.de\/forschung\/wp-json\/wp\/v2\/media?parent=1507"}],"wp:term":[{"taxonomy":"category","embeddable":true,"href":"https:\/\/www.hsu-hh.de\/forschung\/wp-json\/wp\/v2\/categories?post=1507"},{"taxonomy":"post_tag","embeddable":true,"href":"https:\/\/www.hsu-hh.de\/forschung\/wp-json\/wp\/v2\/tags?post=1507"}],"curies":[{"name":"wp","href":"https:\/\/api.w.org\/{rel}","templated":true}]}}