{"id":1503,"date":"2021-02-24T12:25:45","date_gmt":"2021-02-24T11:25:45","guid":{"rendered":"https:\/\/www.hsu-hh.de\/forschung\/?page_id=1503"},"modified":"2023-03-24T11:10:11","modified_gmt":"2023-03-24T10:10:11","slug":"misdro","status":"publish","type":"page","link":"https:\/\/www.hsu-hh.de\/forschung\/fakultaeten-uebergreifend\/uas-at-hsu\/misdro","title":{"rendered":"MISDRO"},"content":{"rendered":"\n<p style=\"font-size:30px\">Zustandserfassung von Infrastrukturbauwerken aus Stahl mittels multivariater Inspektionssysteme und Drohnen<\/p>\n\n\n\n<figure class=\"wp-block-image size-large\"><img loading=\"lazy\" decoding=\"async\" width=\"1024\" height=\"575\" src=\"https:\/\/www.hsu-hh.de\/forschung\/wp-content\/uploads\/sites\/783\/2021\/01\/Projekt_MISDRO_Kachel-1024x575.png\" data-credit=\"Mediaserver Hamburg \/ DoubleVision\" alt=\"Stahlbr\u00fccke mit UAS\" class=\"wp-image-1352\" srcset=\"https:\/\/www.hsu-hh.de\/forschung\/wp-content\/uploads\/sites\/783\/2021\/01\/Projekt_MISDRO_Kachel-1024x575.png 1024w, https:\/\/www.hsu-hh.de\/forschung\/wp-content\/uploads\/sites\/783\/2021\/01\/Projekt_MISDRO_Kachel-300x168.png 300w, https:\/\/www.hsu-hh.de\/forschung\/wp-content\/uploads\/sites\/783\/2021\/01\/Projekt_MISDRO_Kachel-768x431.png 768w, https:\/\/www.hsu-hh.de\/forschung\/wp-content\/uploads\/sites\/783\/2021\/01\/Projekt_MISDRO_Kachel-1536x862.png 1536w, https:\/\/www.hsu-hh.de\/forschung\/wp-content\/uploads\/sites\/783\/2021\/01\/Projekt_MISDRO_Kachel-1100x618.png 1100w, https:\/\/www.hsu-hh.de\/forschung\/wp-content\/uploads\/sites\/783\/2021\/01\/Projekt_MISDRO_Kachel.png 2002w\" sizes=\"auto, (max-width: 1024px) 100vw, 1024px\" \/><\/figure>\n\n\n\n<p>Ziel dieses Projektes ist die Methodenentwicklung und Erprobung eines automatisierten multivariaten Inspektionssystems f\u00fcr Infrastrukturbauwerke aus Stahl, wobei UAS als Tr\u00e4gersysteme zum Einsatz kommen.&nbsp;Dies umfasst&nbsp;zum einen&nbsp;die Erforschung der Hardware-Komponenten (<abbr title=\"unter anderem\">u.a.<\/abbr> von&nbsp;UAS, Sensorik und Einheiten f\u00fcr die Datenerfassung, Datenverarbeitung und Datenspeicherung)&nbsp;und zum anderen&nbsp;der Software-Komponenten&nbsp;(bspw. Algorithmen f\u00fcr den optimalen&nbsp;Flugpfad&nbsp;und die Zustandsanalyse auf Basis der Sensordaten,&nbsp;sowie f\u00fcr&nbsp;die Speicherung in einer Cloud&nbsp;und die&nbsp;Visualisierung mittels Weboberfl\u00e4che).&nbsp;Als zentraler Sensor zur Schadensdetektion wird eine Hyperspektralkamera verwendet, um bei der Befliegung&nbsp;eine vielschichtige Datenbasis f\u00fcr eine genaue Schadensanalyse zu erhalten.&nbsp;<\/p>\n\n\n\n<p>MISDRO&nbsp;wird&nbsp;gef\u00f6rdert vom Zentrum f\u00fcr Digitalisierungs- und Technologieforschung der Bundeswehr (DTEC.Bw).&nbsp;Unter der F\u00fchrung der Professur f\u00fcr Stahlbau und Stahlwasserbau arbeiten die Professur f\u00fcr Regelungstechnik&nbsp;sowie&nbsp;vier weitere Industriepartner aus dem Umfeld der Baupr\u00fcfung, der UAS-Entwicklung und der KI-gest\u00fctzten Sensordatenverarbeitung&nbsp;an dem Projekt. <\/p>\n\n\n\n<p>Ansprechpartner f\u00fcr das Projekt ist Herr <a href=\"https:\/\/www.hsu-hh.de\/stahlbau\/max-guendel\/\"><abbr title=\"Professor\">Prof.<\/abbr> Max G\u00fcndel <\/a>.&nbsp;<\/p>\n\n\n\n<hr class=\"wp-block-separator has-css-opacity\" \/>\n\n\n\n<p><strong>Beteiligte Professuren im Hause<\/strong><\/p>\n\n\n\n<p><a href=\"https:\/\/www.hsu-hh.de\/stahlbau\/\">Professur f\u00fcr Stahlbau und Stahlwasserbau<\/a><\/p>\n\n\n\n<p><a href=\"https:\/\/www.hsu-hh.de\/rt\/\">Professur f\u00fcr Regelungstechnik<\/a><\/p>\n\n\n\n<p><\/p>\n\n\n\n<hr class=\"wp-block-separator has-alpha-channel-opacity\" \/>\n\n\n\n<p><strong>Gef\u00f6rdert durch<\/strong><\/p>\n\n\n\n<figure class=\"wp-block-image size-large is-resized\"><img loading=\"lazy\" decoding=\"async\" src=\"https:\/\/www.hsu-hh.de\/forschung\/wp-content\/uploads\/sites\/783\/2023\/03\/dtec.bw_EU-Foederhinweis_RGB_vertikal-1024x241.png\" data-credit=\"dtecbw\" alt=\"DTEC_Logo\" class=\"wp-image-2403\" width=\"512\" height=\"121\" srcset=\"https:\/\/www.hsu-hh.de\/forschung\/wp-content\/uploads\/sites\/783\/2023\/03\/dtec.bw_EU-Foederhinweis_RGB_vertikal-1024x241.png 1024w, https:\/\/www.hsu-hh.de\/forschung\/wp-content\/uploads\/sites\/783\/2023\/03\/dtec.bw_EU-Foederhinweis_RGB_vertikal-300x71.png 300w, https:\/\/www.hsu-hh.de\/forschung\/wp-content\/uploads\/sites\/783\/2023\/03\/dtec.bw_EU-Foederhinweis_RGB_vertikal-768x181.png 768w, https:\/\/www.hsu-hh.de\/forschung\/wp-content\/uploads\/sites\/783\/2023\/03\/dtec.bw_EU-Foederhinweis_RGB_vertikal-1100x259.png 1100w, https:\/\/www.hsu-hh.de\/forschung\/wp-content\/uploads\/sites\/783\/2023\/03\/dtec.bw_EU-Foederhinweis_RGB_vertikal.png 1418w\" sizes=\"auto, (max-width: 512px) 100vw, 512px\" \/><\/figure>\n","protected":false},"excerpt":{"rendered":"<p>Zustandserfassung von Infrastrukturbauwerken aus Stahl mittels multivariater Inspektionssysteme und Drohnen Ziel dieses Projektes ist die Methodenentwicklung und Erprobung eines automatisierten multivariaten Inspektionssystems f\u00fcr Infrastrukturbauwerke aus Stahl, wobei UAS als Tr\u00e4gersysteme [&hellip;]<\/p>\n","protected":false},"author":145,"featured_media":0,"parent":707,"menu_order":0,"comment_status":"closed","ping_status":"closed","template":"","meta":{"footnotes":""},"categories":[4],"tags":[],"class_list":["post-1503","page","type-page","status-publish","hentry","category-forschung"],"_links":{"self":[{"href":"https:\/\/www.hsu-hh.de\/forschung\/wp-json\/wp\/v2\/pages\/1503","targetHints":{"allow":["GET"]}}],"collection":[{"href":"https:\/\/www.hsu-hh.de\/forschung\/wp-json\/wp\/v2\/pages"}],"about":[{"href":"https:\/\/www.hsu-hh.de\/forschung\/wp-json\/wp\/v2\/types\/page"}],"author":[{"embeddable":true,"href":"https:\/\/www.hsu-hh.de\/forschung\/wp-json\/wp\/v2\/users\/145"}],"replies":[{"embeddable":true,"href":"https:\/\/www.hsu-hh.de\/forschung\/wp-json\/wp\/v2\/comments?post=1503"}],"version-history":[{"count":2,"href":"https:\/\/www.hsu-hh.de\/forschung\/wp-json\/wp\/v2\/pages\/1503\/revisions"}],"predecessor-version":[{"id":2407,"href":"https:\/\/www.hsu-hh.de\/forschung\/wp-json\/wp\/v2\/pages\/1503\/revisions\/2407"}],"up":[{"embeddable":true,"href":"https:\/\/www.hsu-hh.de\/forschung\/wp-json\/wp\/v2\/pages\/707"}],"wp:attachment":[{"href":"https:\/\/www.hsu-hh.de\/forschung\/wp-json\/wp\/v2\/media?parent=1503"}],"wp:term":[{"taxonomy":"category","embeddable":true,"href":"https:\/\/www.hsu-hh.de\/forschung\/wp-json\/wp\/v2\/categories?post=1503"},{"taxonomy":"post_tag","embeddable":true,"href":"https:\/\/www.hsu-hh.de\/forschung\/wp-json\/wp\/v2\/tags?post=1503"}],"curies":[{"name":"wp","href":"https:\/\/api.w.org\/{rel}","templated":true}]}}