{"id":1500,"date":"2021-02-24T12:23:03","date_gmt":"2021-02-24T11:23:03","guid":{"rendered":"https:\/\/www.hsu-hh.de\/forschung\/?page_id=1500"},"modified":"2023-02-24T09:48:45","modified_gmt":"2023-02-24T08:48:45","slug":"ki-inspektionsdrohne","status":"publish","type":"page","link":"https:\/\/www.hsu-hh.de\/forschung\/fakultaeten-uebergreifend\/uas-at-hsu\/ki-inspektionsdrohne","title":{"rendered":"KI-Inspektionsdrohne"},"content":{"rendered":"\n<p style=\"font-size:30px\">Automatisierte Durchf\u00fchrung von Inspektionsaufgaben mittels Flugdrohnen und KI-gest\u00fctzter&nbsp;Datenauswertung<\/p>\n\n\n\n<figure class=\"wp-block-image size-large\"><img loading=\"lazy\" decoding=\"async\" width=\"1024\" height=\"576\" src=\"https:\/\/www.hsu-hh.de\/forschung\/wp-content\/uploads\/sites\/783\/2021\/01\/Projekt_KIInspekt_Kachel-1024x576.png\" data-credit=\"Lufthansa Technik AG\" alt=\"Flugzeug mit UAS\" class=\"wp-image-1351\" srcset=\"https:\/\/www.hsu-hh.de\/forschung\/wp-content\/uploads\/sites\/783\/2021\/01\/Projekt_KIInspekt_Kachel-1024x576.png 1024w, https:\/\/www.hsu-hh.de\/forschung\/wp-content\/uploads\/sites\/783\/2021\/01\/Projekt_KIInspekt_Kachel-300x169.png 300w, https:\/\/www.hsu-hh.de\/forschung\/wp-content\/uploads\/sites\/783\/2021\/01\/Projekt_KIInspekt_Kachel-768x432.png 768w, https:\/\/www.hsu-hh.de\/forschung\/wp-content\/uploads\/sites\/783\/2021\/01\/Projekt_KIInspekt_Kachel-1536x864.png 1536w, https:\/\/www.hsu-hh.de\/forschung\/wp-content\/uploads\/sites\/783\/2021\/01\/Projekt_KIInspekt_Kachel-1100x619.png 1100w, https:\/\/www.hsu-hh.de\/forschung\/wp-content\/uploads\/sites\/783\/2021\/01\/Projekt_KIInspekt_Kachel.png 2000w\" sizes=\"auto, (max-width: 1024px) 100vw, 1024px\" \/><\/figure>\n\n\n\n<p>Mit dem&nbsp;Verbundvorhaben KI-Inspektionsdrohne&nbsp;wird das&nbsp;Ziel&nbsp;verfolgt,&nbsp;ein&nbsp;gesamtheitliches&nbsp;System&nbsp;einer Flugdrohne zur Schadensdetektion und -bewertung von \u00e4u\u00dferen Strukturen&nbsp;zu entwerfen. Der technische Entwurf soll ausgehend von aktuellen Instandhaltungsanforderungen<s>,<\/s>&nbsp;\u00fcber das Gesamtsystemdesign bis zu einer ersten prototypischen Umsetzung erfolgen. Das Gesamtsystem soll bef\u00e4higt sein, vorausschauend den eigenen Flug zu planen, die Inspektionsdaten KI-gest\u00fctzt auszuwerten und&nbsp;automatisiert&nbsp;Schlussfolgerungen zu ziehen. <\/p>\n\n\n\n<p>Im Rahmen des Vorhabens sollen weitere Anwendungsf\u00e4lle, wie <abbr title=\"zum Beispiel\">z.B.<\/abbr> die Inspektion von Luftfahrzeugen, gepr\u00fcft und umgesetzt werden. Hier liegt der Fokus im ersten Schritt auf dem \u201eBlitzschlag\u201c. Dieses Schadensbild kommt in der Praxis h\u00e4ufig vor. Die Inspektion soll hier zun\u00e4chst im Halleninnenbereich stattfinden. Dadurch sind Umwelteinfl\u00fcsse sowie rechtliche Rahmenbedingungen, speziell im Flughafenbereich, kalkulierbarer. Zudem soll die Erweiterung auf den Au\u00dfenbereich gepr\u00fcft werden.&nbsp;<\/p>\n\n\n\n<p>Das Projekt wird durch das Bundesministerium f\u00fcr Wirtschaft und Energie (BMWi) gef\u00f6rtert und l\u00e4uft seit dem 01.01.2018. Das Projekt endet am 31.12.2021.<\/p>\n\n\n\n<p>Die Leitung des Projekts hat die <a href=\"https:\/\/www.lufthansa-technik.com\/\" rel='nofollow'>Lufthansa Technik AG<\/a>.<\/p>\n\n\n\n<p>Das Projekt ist ausgelaufen. F\u00fcr R\u00fcckfragen stehen wir aber gern weiter zur Verf\u00fcgung.<\/p>\n\n\n\n<hr class=\"wp-block-separator has-css-opacity\" \/>\n\n\n\n<p><strong>Beteiligte Professuren im Hause<\/strong><\/p>\n\n\n\n<p><a href=\"https:\/\/www.hsu-hh.de\/rt\/\">Professur f\u00fcr Regelungstechnik<\/a> mit den Mitarbeitern<\/p>\n\n\n\n<hr class=\"wp-block-separator has-css-opacity\" \/>\n\n\n\n<p><strong>Externe Projektpartner<\/strong><\/p>\n\n\n\n<p>Lufthansa Technik AG (Projektleitung)<\/p>\n\n\n\n<p>Technische Universit\u00e4t M\u00fcnchen<\/p>\n\n\n\n<p>Hochschule f\u00fcr angewandte Wissenschaften W\u00fcrzburg-Schweinfurt<\/p>\n","protected":false},"excerpt":{"rendered":"<p>Automatisierte Durchf\u00fchrung von Inspektionsaufgaben mittels Flugdrohnen und KI-gest\u00fctzter&nbsp;Datenauswertung Mit dem&nbsp;Verbundvorhaben KI-Inspektionsdrohne&nbsp;wird das&nbsp;Ziel&nbsp;verfolgt,&nbsp;ein&nbsp;gesamtheitliches&nbsp;System&nbsp;einer Flugdrohne zur Schadensdetektion und -bewertung von \u00e4u\u00dferen Strukturen&nbsp;zu entwerfen. Der technische Entwurf soll ausgehend von aktuellen Instandhaltungsanforderungen,&nbsp;\u00fcber das [&hellip;]<\/p>\n","protected":false},"author":145,"featured_media":0,"parent":707,"menu_order":0,"comment_status":"closed","ping_status":"closed","template":"","meta":{"footnotes":""},"categories":[4],"tags":[],"class_list":["post-1500","page","type-page","status-publish","hentry","category-forschung"],"_links":{"self":[{"href":"https:\/\/www.hsu-hh.de\/forschung\/wp-json\/wp\/v2\/pages\/1500","targetHints":{"allow":["GET"]}}],"collection":[{"href":"https:\/\/www.hsu-hh.de\/forschung\/wp-json\/wp\/v2\/pages"}],"about":[{"href":"https:\/\/www.hsu-hh.de\/forschung\/wp-json\/wp\/v2\/types\/page"}],"author":[{"embeddable":true,"href":"https:\/\/www.hsu-hh.de\/forschung\/wp-json\/wp\/v2\/users\/145"}],"replies":[{"embeddable":true,"href":"https:\/\/www.hsu-hh.de\/forschung\/wp-json\/wp\/v2\/comments?post=1500"}],"version-history":[{"count":3,"href":"https:\/\/www.hsu-hh.de\/forschung\/wp-json\/wp\/v2\/pages\/1500\/revisions"}],"predecessor-version":[{"id":2394,"href":"https:\/\/www.hsu-hh.de\/forschung\/wp-json\/wp\/v2\/pages\/1500\/revisions\/2394"}],"up":[{"embeddable":true,"href":"https:\/\/www.hsu-hh.de\/forschung\/wp-json\/wp\/v2\/pages\/707"}],"wp:attachment":[{"href":"https:\/\/www.hsu-hh.de\/forschung\/wp-json\/wp\/v2\/media?parent=1500"}],"wp:term":[{"taxonomy":"category","embeddable":true,"href":"https:\/\/www.hsu-hh.de\/forschung\/wp-json\/wp\/v2\/categories?post=1500"},{"taxonomy":"post_tag","embeddable":true,"href":"https:\/\/www.hsu-hh.de\/forschung\/wp-json\/wp\/v2\/tags?post=1500"}],"curies":[{"name":"wp","href":"https:\/\/api.w.org\/{rel}","templated":true}]}}