{"id":1497,"date":"2021-02-24T12:20:43","date_gmt":"2021-02-24T11:20:43","guid":{"rendered":"https:\/\/www.hsu-hh.de\/forschung\/?page_id=1497"},"modified":"2021-11-08T10:53:28","modified_gmt":"2021-11-08T09:53:28","slug":"i-lum","status":"publish","type":"page","link":"https:\/\/www.hsu-hh.de\/forschung\/fakultaeten-uebergreifend\/uas-at-hsu\/i-lum","title":{"rendered":"i-LUM"},"content":{"rendered":"\n<p style=\"font-size:28px\">Innovative luftgest\u00fctzte urbane Mobilit\u00e4t<\/p>\n\n\n\n<div class=\"wp-block-image\"><figure class=\"aligncenter size-large\"><img loading=\"lazy\" decoding=\"async\" width=\"1024\" height=\"576\" src=\"https:\/\/www.hsu-hh.de\/forschung\/wp-content\/uploads\/sites\/783\/2021\/01\/Projekt_ILUM_Kachel-1024x576.png\" data-credit=\"iStock.com\/Marharyta Marko | Google (Map data: Image Landsat \/ Copernicus, Data SIO, NOAA, U.S. Navy, NGA, GEBCO)\" alt=\"UAS \u00fcber Hamburg\" class=\"wp-image-1350\" srcset=\"https:\/\/www.hsu-hh.de\/forschung\/wp-content\/uploads\/sites\/783\/2021\/01\/Projekt_ILUM_Kachel-1024x576.png 1024w, https:\/\/www.hsu-hh.de\/forschung\/wp-content\/uploads\/sites\/783\/2021\/01\/Projekt_ILUM_Kachel-300x169.png 300w, https:\/\/www.hsu-hh.de\/forschung\/wp-content\/uploads\/sites\/783\/2021\/01\/Projekt_ILUM_Kachel-768x432.png 768w, https:\/\/www.hsu-hh.de\/forschung\/wp-content\/uploads\/sites\/783\/2021\/01\/Projekt_ILUM_Kachel-1536x864.png 1536w, https:\/\/www.hsu-hh.de\/forschung\/wp-content\/uploads\/sites\/783\/2021\/01\/Projekt_ILUM_Kachel-1100x619.png 1100w, https:\/\/www.hsu-hh.de\/forschung\/wp-content\/uploads\/sites\/783\/2021\/01\/Projekt_ILUM_Kachel.png 2000w\" sizes=\"auto, (max-width: 1024px) 100vw, 1024px\" \/><\/figure><\/div>\n\n\n\n<p>Die \u00fcbergeordnete Zielsetzung des i-LUM Verbundvorhabens ist die Erarbeitung und Bewertung der Umsetzbarkeit von innovativen Konzepten und Technologien zur luftgest\u00fctzten urbanen Mobilit\u00e4t f\u00fcr die Metropolregion Hamburg in zuk\u00fcnftigen Szenarien (2040\/2050). Es ist das Ziel des Verbundes, durch eine integrierende Betrachtungsweise von Vehikeln, den bord- und bodenseitigen F\u00fchrungs- und Informationssystemen, den Betriebsinfrastrukturen, sowie Nachfrage- und Gesch\u00e4ftsmodellen eine wissenschaftliche Exzellenz auf der Gesamtsystemebene \u201eUrbane Mobilit\u00e4t und Transport<s>&#8211;<\/s>forschung\u201c aufzubauen. Zudem werden im Vorhaben Fragen des Arbeitsmarktes (Ver\u00e4nderungen, Qualifikationen) und der gesellschaftlichen Akzeptanz mittels der Sozialforschung eruiert, juristische Aspekte der Umsetzbarkeit hinterfragt sowie die Skalierbarkeit der Konzepte beleuchtet.&nbsp;<\/p>\n\n\n\n<p>Das Projekt wird durch die Beh\u00f6rde f\u00fcr Wissenschaft, Forschung, Gleichstellung und Bezirke (BWFGB) der Freien und Hansestadt Hamburg&nbsp;gef\u00f6rdert und l\u00e4uft vom 01.01.2021 bis zum 31.12.2023.<\/p>\n\n\n\n<p>Die Projektleitung liegt bei der Technischen Universit\u00e4t Hamburg. Stellvertretender Sprecher des Verbundprojekts ist <a href=\"https:\/\/www.hsu-hh.de\/aut\/team\">Univ.-Prof.&nbsp;Dr.-Ing. Alexander Fay<\/a>.<\/p>\n\n\n\n<hr class=\"wp-block-separator\" \/>\n\n\n\n<p class=\"has-medium-font-size\"><strong>Beteiligte Professuren im Hause<\/strong><\/p>\n\n\n\n<p><a href=\"https:\/\/www.hsu-hh.de\/epu\/de\/\">Professur f\u00fcr Allgemeine und Biologische Psychologie<\/a><\/p>\n\n\n\n<p><a href=\"https:\/\/www.hsu-hh.de\/aut\/\">Professur f\u00fcr Automatisierungstechnik<\/a> <\/p>\n\n\n\n<p><a href=\"https:\/\/www.hsu-hh.de\/ees\/\">Professur f\u00fcr Elektrische Energiesysteme<\/a><\/p>\n\n\n\n<p><a href=\"https:\/\/www.hsu-hh.de\/verwaltungsrecht\/\">Professur f\u00fcr \u00d6ffentliches Recht, insbesondere \u00f6ffentliches Wirtschafts- und&nbsp;Umweltrecht<\/a> mit der Mitarbeiterin <a href=\"https:\/\/www.hsu-hh.de\/verwaltungsrecht\/dr-katharina-goldberg\">Katharina Goldberg<\/a><\/p>\n\n\n\n<p><a href=\"https:\/\/www.hsu-hh.de\/ipa\/\">Institut f\u00fcr Personal und Arbeit<\/a><\/p>\n\n\n\n<hr class=\"wp-block-separator\" \/>\n\n\n\n<p class=\"has-medium-font-size\"><strong>Externe Projektpartner<\/strong><\/p>\n\n\n\n<p>Technische Universit\u00e4t Hamburg<\/p>\n\n\n\n<p>Hochschule f\u00fcr angewandte Wissenschaften Hamburg<\/p>\n\n\n\n<p>HafenCitiy&nbsp;Universit\u00e4t Hamburg<\/p>\n\n\n\n<p>Deutsches Zentrum f\u00fcr Luft- und Raumfahrt<\/p>\n","protected":false},"excerpt":{"rendered":"<p>Innovative luftgest\u00fctzte urbane Mobilit\u00e4t Die \u00fcbergeordnete Zielsetzung des i-LUM Verbundvorhabens ist die Erarbeitung und Bewertung der Umsetzbarkeit von innovativen Konzepten und Technologien zur luftgest\u00fctzten urbanen Mobilit\u00e4t f\u00fcr die Metropolregion Hamburg [&hellip;]<\/p>\n","protected":false},"author":145,"featured_media":0,"parent":707,"menu_order":0,"comment_status":"closed","ping_status":"closed","template":"","meta":{"footnotes":""},"categories":[4],"tags":[],"class_list":["post-1497","page","type-page","status-publish","hentry","category-forschung"],"_links":{"self":[{"href":"https:\/\/www.hsu-hh.de\/forschung\/wp-json\/wp\/v2\/pages\/1497","targetHints":{"allow":["GET"]}}],"collection":[{"href":"https:\/\/www.hsu-hh.de\/forschung\/wp-json\/wp\/v2\/pages"}],"about":[{"href":"https:\/\/www.hsu-hh.de\/forschung\/wp-json\/wp\/v2\/types\/page"}],"author":[{"embeddable":true,"href":"https:\/\/www.hsu-hh.de\/forschung\/wp-json\/wp\/v2\/users\/145"}],"replies":[{"embeddable":true,"href":"https:\/\/www.hsu-hh.de\/forschung\/wp-json\/wp\/v2\/comments?post=1497"}],"version-history":[{"count":2,"href":"https:\/\/www.hsu-hh.de\/forschung\/wp-json\/wp\/v2\/pages\/1497\/revisions"}],"predecessor-version":[{"id":1776,"href":"https:\/\/www.hsu-hh.de\/forschung\/wp-json\/wp\/v2\/pages\/1497\/revisions\/1776"}],"up":[{"embeddable":true,"href":"https:\/\/www.hsu-hh.de\/forschung\/wp-json\/wp\/v2\/pages\/707"}],"wp:attachment":[{"href":"https:\/\/www.hsu-hh.de\/forschung\/wp-json\/wp\/v2\/media?parent=1497"}],"wp:term":[{"taxonomy":"category","embeddable":true,"href":"https:\/\/www.hsu-hh.de\/forschung\/wp-json\/wp\/v2\/categories?post=1497"},{"taxonomy":"post_tag","embeddable":true,"href":"https:\/\/www.hsu-hh.de\/forschung\/wp-json\/wp\/v2\/tags?post=1497"}],"curies":[{"name":"wp","href":"https:\/\/api.w.org\/{rel}","templated":true}]}}